{"id":6908,"date":"2020-05-08T15:26:53","date_gmt":"2020-05-08T13:26:53","guid":{"rendered":"https:\/\/digitalcoingifts.com\/?post_type=product&#038;p=6908"},"modified":"2026-02-14T18:18:38","modified_gmt":"2026-02-14T17:18:38","slug":"carte-cadeau-ikea","status":"publish","type":"product","link":"https:\/\/digitalcoingifts.com\/pt\/carte-cadeau-shopping\/carte-cadeau-ikea\/","title":{"rendered":"Carte Cadeau IKEA avec Bitcoin | Maison &amp; D\u00e9co en Crypto | Imm\u00e9diat"},"content":{"rendered":"<p style=\"text-align: left\"><span style=\"color: #111111;font-family: Inter;font-size: 42px;font-weight: 600;letter-spacing: -1.1px\">Cart\u00e3o de oferta IKEA - Comprar com criptomoedas<\/span><\/p>\n<div class=\"container\">\n<p style=\"text-align: left\">Est\u00e1 a pensar em remodelar a sua casa ou dar um toque escandinavo \u00e0 sua decora\u00e7\u00e3o? Com o <strong>Cart\u00e3o de oferta IKEA<\/strong>Agora pode comprar uma vasta gama de mobili\u00e1rio e acess\u00f3rios para a casa utilizando o seu dinheiro. <strong>moedas criptogr\u00e1ficas<\/strong> preferido. Quer seja um f\u00e3 de Bitcoin, Ethereum, USDT, USDC, Solana, Polygon, Dogecoin ou outras criptomoedas, este cart\u00e3o oferece-lhe uma flexibilidade inigual\u00e1vel. Ofere\u00e7a a si mesmo ou surpreenda um ente querido com um voucher v\u00e1lido imediatamente em <a href=\"https:\/\/www.ikea.com\/\" target=\"_blank\" rel=\"noopener\">IKEA.com<\/a>. \u00c9 simples, seguro e instant\u00e2neo! Assim que o seu pagamento for confirmado, receba o seu c\u00f3digo por correio eletr\u00f3nico e comece imediatamente a fazer compras.<\/p>\n<h2 style=\"text-align: left\">Porqu\u00ea escolher um Cart\u00e3o Presente IKEA?<\/h2>\n<p style=\"text-align: left\">La <a href=\"https:\/\/digitalcoingifts.com\/pt\/cartao-de-oferta-de-compras\/cartao-de-oferta-nike\/\" data-wpil-monitor-id=\"12\">Cart\u00e3o de oferta<\/a> A IKEA permite-lhe pagar as suas compras no <strong>IKEA<\/strong> sem utilizar um cart\u00e3o banc\u00e1rio. \u00c9 ideal para os entusiastas da decora\u00e7\u00e3o que pretendem comprar com as suas criptomoedas.<\/p>\n<ul style=\"text-align: left\">\n<li>Dispon\u00edvel nos valores de \u20ac50, \u20ac100, \u20ac150 e \u20ac250.<\/li>\n<li>Pagamento seguro em Bitcoin (BTC), Ethereum (ETH), USDT, USDC, Solana (SOL), Polygon (MATIC), Dogecoin (DOGE), Litecoin (LTC), DAI e muito mais.<\/li>\n<li>Rece\u00e7\u00e3o imediata do seu c\u00f3digo por correio eletr\u00f3nico ap\u00f3s o pagamento.<\/li>\n<li>\ud83d\udecd\ufe0f Pode ser utilizado diretamente sobre <a href=\"https:\/\/www.ikea.com\/\" target=\"_blank\" rel=\"noopener\">IKEA.com<\/a>.<\/li>\n<\/ul>\n<h2 style=\"text-align: left\">Como \u00e9 que utilizo o meu cart\u00e3o de oferta IKEA?<\/h2>\n<ol style=\"text-align: left\">\n<li>Ir para <a href=\"https:\/\/www.ikea.com\/\" target=\"_blank\" rel=\"noopener\">IKEA.com<\/a> e adicione os seus artigos ao seu cesto.<\/li>\n<li>No momento do pagamento, selecione \"C\u00f3digo promocional e cart\u00e3o de oferta\".<\/li>\n<li>Introduza o seu c\u00f3digo e clique em \"OK\".<\/li>\n<li>O montante ser\u00e1 automaticamente deduzido da sua encomenda.<\/li>\n<\/ol>\n<h2 style=\"text-align: left\">Porqu\u00ea pagar com as suas criptomoedas?<\/h2>\n<p style=\"text-align: left\">Usar as suas criptomoedas para comprar um cart\u00e3o presente IKEA oferece v\u00e1rias vantagens:<\/p>\n<ul style=\"text-align: left\">\n<li>\u2705 <strong>Transac\u00e7\u00f5es r\u00e1pidas e seguras<\/strong> N\u00e3o \u00e9 necess\u00e1rio cart\u00e3o de cr\u00e9dito.<\/li>\n<li>\u2705 <strong>Prote\u00e7\u00e3o da privacidade<\/strong> Pagamento sem divulga\u00e7\u00e3o de dados pessoais.<\/li>\n<li>\u2705 <strong>Grande variedade de criptomoedas<\/strong> Bitcoin, Ethereum, USDT, USDC e muito mais.<\/li>\n<li>\u2705 <strong>Acesso imediato<\/strong> : Receba o seu c\u00f3digo assim que o seu pagamento for confirmado.<\/li>\n<\/ul>\n<h2 style=\"text-align: left\">Receber o seu cart\u00e3o imediatamente<\/h2>\n<p style=\"text-align: left\">Assim que o seu pagamento for validado, o seu <strong>Cart\u00e3o de oferta IKEA<\/strong> \u00e9 enviado imediatamente por correio eletr\u00f3nico com todas as instru\u00e7\u00f5es necess\u00e1rias.<\/p>\n<\/div>\n<p>\u00a0<\/p>\n<div class=\"container\">\n<h2 style=\"text-align: left\">Outros cart\u00f5es-presente dispon\u00edveis<\/h2>\n<ul>\n<li style=\"text-align: left\"><a href=\"https:\/\/digitalcoingifts.com\/pt\/loja\/carte-cadeau-shopping-en-ligne\/cartao-oferta-amazon\/\">Cart\u00e3o-presente da Amazon<\/a><\/li>\n<li style=\"text-align: left\"><a href=\"https:\/\/digitalcoingifts.com\/pt\/loja\/carte-cadeau-shopping-en-ligne\/cartao-presente-ebay\/\">Cart\u00e3o de oferta eBay<\/a><\/li>\n<li style=\"text-align: left\"><a href=\"https:\/\/digitalcoingifts.com\/pt\/loja\/carte-cadeau-shopping-en-ligne\/carte-cadeau-hm\/\">Cart\u00e3o de oferta H&amp;M<\/a><\/li>\n<\/ul>\n<\/div>\n<p>\n<!-- \u2705 Conteneur principal --><\/p>\n<div id=\"trust-section\" style=\"max-width: 100%;padding: 20px;text-align: center;background: #f9f9f9;border-radius: 10px\">\n<p>    <!-- \u2705 Badge Trustpilot centr\u00e9 --><\/p>\n<div style=\"margin-bottom: 15px;justify-content: center;align-items: center\">\n        <img decoding=\"async\" src=\"https:\/\/digitalcoingifts.com\/wp-content\/uploads\/2024\/12\/trustpilot_1600x.webp\" alt=\"Coment\u00e1rios da Trustpilot\" width=\"140\" style=\"max-width: 100%\" title=\"\">\n    <\/div>\n<p style=\"font-size: 14px;color: #333;font-weight: bold;margin-top: 5px\">\n        Desfrute de um pagamento seguro e protegido com criptomoedas\n    <\/p>\n<p>    <!-- \u2705 Compteur de ventes dynamique (modifi\u00e9 pour \"semaine\") --><\/p>\n<div id=\"sales-counter\" style=\"text-align: center;font-size: 18px;font-weight: bold;color: #27ae60;margin-top: 10px;padding: 10px\">\n        \ud83d\udd25 <span id=\"sales-text\">Esta semana<\/span> <span id=\"sales-number\">35<\/span><br \/>\n        <span id=\"sales-product\">cart\u00f5es de oferta<\/span> <span id=\"sales-sold\">vendido<\/span> !\n    <\/div>\n<p>    <!-- \u2705 Bouton d'Appel \u00e0 l'Action --><br \/>\n    <button id=\"back-to-top\" style=\"margin-top: 15px;padding: 12px 25px;font-size: 16px;font-weight: bold;background: #FFA500;color: white;border: none;border-radius: 5px;cursor: pointer\"><br \/>\n        \ud83d\uded2 Proceder \u00e0 compra<br \/>\n    <\/button><\/p>\n<p>    <!-- \u2705 Code Promo en bleu modernis\u00e9 --><\/p>\n<div id=\"promo-banner\" style=\"background: #007BFF;color: white;padding: 12px;font-size: 18px;font-weight: bold;margin-top: 15px;border-radius: 5px\">\n        \ud83c\udf81 **Beneficie de -10%** na sua primeira encomenda com o c\u00f3digo **Promo10** !\n    <\/div>\n<p>    <!-- \u2705 Bloc FAQ l\u00e9g\u00e8rement reformul\u00e9 --><\/p>\n<div id=\"faq-wrapper\" style=\"margin-top: 20px;padding: 15px;background: #E9F5E9;border-radius: 10px;text-align: center\">\n<h3 style=\"color: #228B22;font-size: 20px;font-weight: bold\">\u2753 Perguntas frequentes<\/h3>\n<div class=\"faq-item\">\n            <button class=\"faq-question\">Como \u00e9 que compro um cart\u00e3o presente com BTC ou ETH?<\/button><\/p>\n<div class=\"faq-answer\">\n                Selecione o montante que pretende, pague a sua encomenda em Bitcoin, Ethereum ou USDT e receba imediatamente o cart\u00e3o na sua caixa de correio.\n            <\/div>\n<\/p>\n<\/div>\n<div class=\"faq-item\">\n            <button class=\"faq-question\">As transac\u00e7\u00f5es com criptomoedas s\u00e3o seguras?<\/button><\/p>\n<div class=\"faq-answer\">\n                Sem d\u00favida. Ao confiar na tecnologia blockchain, beneficia de uma prote\u00e7\u00e3o avan\u00e7ada contra a fraude e de um elevado n\u00edvel de seguran\u00e7a.\n            <\/div>\n<\/p>\n<\/div>\n<div class=\"faq-item\">\n            <button class=\"faq-question\">Quanto tempo falta para receber o meu cart\u00e3o?<\/button><\/p>\n<div class=\"faq-answer\">\n                O seu cart\u00e3o oferta \u00e9 entregue <strong>instantaneamente<\/strong> ap\u00f3s a valida\u00e7\u00e3o do pagamento. Verifique o seu correio eletr\u00f3nico para o utilizar de imediato.\n            <\/div>\n<\/p>\n<\/div>\n<div class=\"faq-item\">\n            <button class=\"faq-question\">Em que pa\u00edses \u00e9 que o meu cart\u00e3o de oferta \u00e9 v\u00e1lido?<\/button><\/p>\n<div class=\"faq-answer\">\n                Os nossos cart\u00f5es s\u00e3o utilizados <strong>\u00e0 escala internacional<\/strong> \ud83c\udf0d !<br \/>\n                D\u00e8s que votre paiement est confirm\u00e9, vous obtenez une carte utilisable dans votre pays.\n            <\/div>\n<\/p>\n<\/div>\n<\/div>\n<\/div>\n<p><!-- \u2705 JavaScript pour le compteur et les interactions --><\/p>\n<p>    function getLang() {<br \/>\n        return document.documentElement.lang || navigator.language.split(&lsquo;-&lsquo;)[0] || &lsquo;fr&rsquo;;<br \/>\n    }<\/p>\n<p>    function updateSalesText() {<br \/>\n        let lang = getLang();<br \/>\n        let salesText = document.getElementById(&lsquo;sales-text&rsquo;);<br \/>\n        let salesProduct = document.getElementById(&lsquo;sales-product&rsquo;);<br \/>\n        let salesSold = document.getElementById(&lsquo;sales-sold&rsquo;);<\/p>\n<p>        let translations = {<br \/>\n            fr: { text: \u00ab\u00a0Cette semaine\u00a0\u00bb, product: \u00ab\u00a0cartes-cadeaux\u00a0\u00bb, sold: \u00ab\u00a0vendues\u00a0\u00bb },<br \/>\n            en: { text: \u00ab\u00a0This week\u00a0\u00bb, product: \u00ab\u00a0gift cards\u00a0\u00bb, sold: \u00ab\u00a0sold\u00a0\u00bb },<br \/>\n            es: { text: \u00ab\u00a0Esta semana\u00a0\u00bb, product: \u00ab\u00a0tarjetas de regalo\u00a0\u00bb, sold: \u00ab\u00a0vendidas\u00a0\u00bb },<br \/>\n            de: { text: \u00ab\u00a0Diese Woche\u00a0\u00bb, product: \u00ab\u00a0Geschenkkarten\u00a0\u00bb, sold: \u00ab\u00a0verkauft\u00a0\u00bb }<br \/>\n        };<\/p>\n<p>        if (translations[lang]) {<br \/>\n            salesText.textContent = translations[lang].text;<br \/>\n            salesProduct.textContent = translations[lang].product;<br \/>\n            salesSold.textContent = translations[lang].sold;<br \/>\n        }<br \/>\n    }<\/p>\n<p>    let baseSales = Math.floor(Math.random() * (48 &#8211; 23 + 1)) + 23; \/\/ D\u00e9part al\u00e9atoire entre 23 et 48<br \/>\n    document.getElementById(\u00ab\u00a0sales-number\u00a0\u00bb).textContent = baseSales;<\/p>\n<p>    function updateSales() {<br \/>\n        let salesNumber = document.getElementById(\u00ab\u00a0sales-number\u00a0\u00bb);<br \/>\n        let currentSales = parseInt(salesNumber.textContent);<br \/>\n        let increase = Math.floor(Math.random() * 3) + 1; \/\/ Incr\u00e9mente de 1 \u00e0 3<\/p>\n<p>        let newSales = currentSales + increase;<br \/>\n        if (newSales &gt; 48) {<br \/>\n            newSales = 48; \/\/ Ne d\u00e9passe jamais 48<br \/>\n        }<\/p>\n<p>        salesNumber.textContent = newSales;<br \/>\n    }<\/p>\n<p>    updateSalesText();<br \/>\n    setInterval(updateSales, Math.floor(Math.random() * 20000) + 10000); \/\/ Mise \u00e0 jour toutes les 10 \u00e0 20 sec<\/p>\n<p>    document.querySelectorAll(\u00ab\u00a0.faq-question\u00a0\u00bb).forEach(button =&gt; {<br \/>\n        button.addEventListener(\u00ab\u00a0click\u00a0\u00bb, function() {<br \/>\n            let answer = this.nextElementSibling;<br \/>\n            answer.style.display = (answer.style.display === \u00ab\u00a0block\u00a0\u00bb) ? \u00ab\u00a0none\u00a0\u00bb : \u00ab\u00a0block\u00a0\u00bb;<br \/>\n        });<br \/>\n    });<\/p>\n<p>    document.getElementById(\u00ab\u00a0back-to-top\u00a0\u00bb).addEventListener(\u00ab\u00a0click\u00a0\u00bb, function() {<br \/>\n        window.scrollTo({ top: 0, behavior: \u00ab\u00a0smooth\u00a0\u00bb });<br \/>\n    });\n<\/p>\n<p><!-- \u2705 Styles CSS --><\/p>\n<\/p>\n<p>    .faq-question:hover {<br \/>\n        background: #1D7A1D;<br \/>\n    }<\/p>\n<\/p>\n<p>    #back-to-top:hover {<br \/>\n        background: #E69500;<br \/>\n    }<\/p>\n<\/p>\n<p>\n}<\/p>\n<h3>\ud83d\udd0d Vous aimerez aussi :<\/h3>\n<ul>\n<li><a href=\"https:\/\/digitalcoingifts.com\/pt\/cartao-de-oferta-de-compras\/cartao-oferta-amazon\/\">Acheter Carte Amazon Avec Bitcoin &amp;Amp; Crypto | Livraison Instantan\u00e9e 60S<\/a><\/li>\n<li><a href=\"https:\/\/digitalcoingifts.com\/pt\/cartao-de-oferta-de-compras\/cartao-presente-ebay\/\">Cart\u00e3o de oferta Ebay<\/a><\/li>\n<li><a href=\"https:\/\/digitalcoingifts.com\/pt\/cartao-de-oferta-de-compras\/cartao-oferta-zalando\/\">Acheter Carte Zalando Avec Bitcoin | Mode &amp;Amp; Luxe En Crypto | 24\/7<\/a><\/li>\n<\/ul>","protected":false},"excerpt":{"rendered":"<p>Carte Cadeau Ikea payable en Bitcoin, USDT et plus de 20 cryptos. Livraison rapide du code par email et paiement s\u00e9curis\u00e9.<\/p>","protected":false},"featured_media":6913,"comment_status":"open","ping_status":"closed","template":"","meta":{"iawp_total_views":1},"product_brand":[],"product_cat":[803],"product_tag":[1048,304,1047,1051,1050,1052,1058,1055,1056,1053,1054,1057,1049],"class_list":{"0":"post-6908","1":"product","2":"type-product","3":"status-publish","4":"has-post-thumbnail","6":"product_cat-carte-cadeau-shopping","7":"product_tag-acheter-carte-cadeau-ikea","8":"product_tag-carte-cadeau","9":"product_tag-carte-cadeau-ikea","10":"product_tag-carte-cadeau-ikea-achat","11":"product_tag-carte-cadeau-ikea-en-ligne","12":"product_tag-carte-cadeau-ikea-internet","13":"product_tag-carte-cadeau-ikea-magasin","14":"product_tag-carte-cadeau-ikea-offre","15":"product_tag-carte-cadeau-ikea-pas-cher","16":"product_tag-carte-cadeau-ikea-prix","17":"product_tag-carte-cadeau-ikea-utilisation","18":"product_tag-carte-cadeau-ikea-valable","19":"product_tag-offrir-carte-cadeau-ikea","21":"first","22":"instock","23":"shipping-taxable","24":"purchasable","25":"product-type-variable"},"_links":{"self":[{"href":"https:\/\/digitalcoingifts.com\/pt\/wp-json\/wp\/v2\/product\/6908","targetHints":{"allow":["GET"]}}],"collection":[{"href":"https:\/\/digitalcoingifts.com\/pt\/wp-json\/wp\/v2\/product"}],"about":[{"href":"https:\/\/digitalcoingifts.com\/pt\/wp-json\/wp\/v2\/types\/product"}],"replies":[{"embeddable":true,"href":"https:\/\/digitalcoingifts.com\/pt\/wp-json\/wp\/v2\/comments?post=6908"}],"wp:featuredmedia":[{"embeddable":true,"href":"https:\/\/digitalcoingifts.com\/pt\/wp-json\/wp\/v2\/media\/6913"}],"wp:attachment":[{"href":"https:\/\/digitalcoingifts.com\/pt\/wp-json\/wp\/v2\/media?parent=6908"}],"wp:term":[{"taxonomy":"product_brand","embeddable":true,"href":"https:\/\/digitalcoingifts.com\/pt\/wp-json\/wp\/v2\/product_brand?post=6908"},{"taxonomy":"product_cat","embeddable":true,"href":"https:\/\/digitalcoingifts.com\/pt\/wp-json\/wp\/v2\/product_cat?post=6908"},{"taxonomy":"product_tag","embeddable":true,"href":"https:\/\/digitalcoingifts.com\/pt\/wp-json\/wp\/v2\/product_tag?post=6908"}],"curies":[{"name":"wp","href":"https:\/\/api.w.org\/{rel}","templated":true}]}}