{"id":6896,"date":"2020-05-08T01:52:02","date_gmt":"2020-05-07T23:52:02","guid":{"rendered":"https:\/\/digitalcoingifts.com\/?post_type=product&#038;p=6896"},"modified":"2026-02-14T18:18:47","modified_gmt":"2026-02-14T17:18:47","slug":"carte-cadeau-decathlon","status":"publish","type":"product","link":"https:\/\/digitalcoingifts.com\/pt\/carte-cadeau-shopping\/carte-cadeau-decathlon\/","title":{"rendered":"Carte Cadeau Decathlon Bitcoin | Sport &amp; \u00c9quipement en Crypto"},"content":{"rendered":"<p><\/p>\n<h2 class=\"wp-block-heading\">Cart\u00e3o de oferta Decathlon: o seu passaporte para o desporto<\/h2>\n<p><\/p>\n<p><\/p>\n<h3 class=\"wp-block-heading\">Porqu\u00ea escolher o cart\u00e3o presente da Decathlon?<\/h3>\n<p><\/p>\n<p>Ideal para os entusiastas do desporto, o <strong>Cart\u00e3o de oferta Decathlon<\/strong> oferece total liberdade para equipar amadores e profissionais. Descubra as vantagens:<\/p>\n<p><\/p>\n<h3 class=\"wp-block-heading\">Principais vantagens<\/h3>\n<p><\/p>\n<p><\/p>\n<ul class=\"wp-block-list\"><\/p>\n<li>\ud83d\uded2 <strong>Universalidade<\/strong> Pode ser utilizado em mais de <strong>5.500 produtos desportivos<\/strong>online e na loja.<\/li>\n<p><\/p>\n<p><\/p>\n<li>\u23f1\ufe0f <strong>Instant\u00e2neo<\/strong> Receber o seu c\u00f3digo at\u00e9 <strong>e-mail em apenas 2 minutos<\/strong> ap\u00f3s a sua compra.<\/li>\n<p><\/p>\n<p><\/p>\n<li>\ud83c\udf81 <strong>Flexibilidade<\/strong> Quantidade personaliz\u00e1vel de <strong>10\u20ac \u00e0 500\u20ac<\/strong>de acordo com as suas necessidades.<\/li>\n<p><\/p>\n<p><\/p>\n<li>\ud83d\udd12 <strong>Seguran\u00e7a<\/strong> A <strong>c\u00f3digo \u00fanico<\/strong> protegidos contra fraudes, para que possa pagar com toda a tranquilidade.<\/li>\n<p><\/ul>\n<p><\/p>\n<p><\/p>\n<h3 class=\"wp-block-heading\">\u2696\ufe0f Cart\u00e3o de oferta da Decathlon vs Physique Gift: O jogo<\/h3>\n<p><\/p>\n<p><\/p>\n<figure class=\"wp-block-table\">\n<table class=\"has-fixed-layout\">\n<thead>\n<tr>\n<th><strong>Crit\u00e9rios<\/strong><\/th>\n<th><strong>Cart\u00e3o Decathlon<\/strong><\/th>\n<th><strong>Prenda cl\u00e1ssica<\/strong><\/th>\n<\/tr>\n<\/thead>\n<tbody>\n<tr>\n<td>\ud83c\udfaf <strong>Escolha do benefici\u00e1rio<\/strong><\/td>\n<td>\u2714\ufe0f Ilimitado<\/td>\n<td>\u274c Restrito<\/td>\n<\/tr>\n<tr>\n<td>\ud83d\ude80 <strong>Entrega<\/strong><\/td>\n<td>\u26a1 Instant\u00e2neo<\/td>\n<td>Dentro de 3 a 5 dias<\/td>\n<\/tr>\n<tr>\n<td>\ud83d\udd04 <strong>Troca<\/strong><\/td>\n<td>Facilidade de utiliza\u00e7\u00e3o<\/td>\n<td>\u26a0\ufe0f Complex<\/td>\n<\/tr>\n<\/tbody>\n<\/table>\n<\/figure>\n<p><\/p>\n<p><\/p>\n<h3 class=\"wp-block-heading\">Como \u00e9 que utiliza o seu cart\u00e3o de oferta da Decathlon?<\/h3>\n<p><\/p>\n<p>\ud83d\udcf2 <strong>3 passos simples<\/strong> :<\/p>\n<p><\/p>\n<ol class=\"wp-block-list\"><\/p>\n<li><strong>Comprar o cart\u00e3o<\/strong> no nosso <strong>plataforma segura<\/strong>.<\/li>\n<p><\/p>\n<p><\/p>\n<li><strong>Enviar o c\u00f3digo<\/strong> por correio eletr\u00f3nico, SMS ou impresso.<\/li>\n<p><\/p>\n<p><\/p>\n<li><strong>F\u00e1cil de utilizar<\/strong> em linha ou na loja, consoante o que o cliente pretende.<\/li>\n<p><\/ol>\n<p><\/p>\n<p><\/p>\n<h3 class=\"wp-block-heading\">Cart\u00e3o de oferta da Decathlon FAQ<\/h3>\n<p><\/p>\n<p><\/p>\n<h4 class=\"wp-block-heading\">Posso combinar v\u00e1rios cart\u00f5es?<\/h4>\n<p><\/p>\n<p>\u2714\ufe0f Sim! Pode utilizar <strong>at\u00e9 5 cart\u00f5es por encomenda<\/strong> online.<\/p>\n<p><\/p>\n<h4 class=\"wp-block-heading\">Qual \u00e9 o per\u00edodo de validade?<\/h4>\n<p><\/p>\n<p>\ud83d\udd5b <strong>12 meses<\/strong> para uma flexibilidade total e <strong>sem press\u00e3o de funcionamento<\/strong>.<\/p>\n<p><\/p>\n<h4 class=\"wp-block-heading\">Como \u00e9 que verifico o saldo do meu cart\u00e3o?<\/h4>\n<p><\/p>\n<p>\ud83d\udda5\ufe0f Verifique o seu saldo em <strong>alguns segundos<\/strong> atrav\u00e9s do nosso <strong>ferramenta em linha espec\u00edfica<\/strong>.<\/p>\n<p><\/p>\n<h3 class=\"wp-block-heading\">\ud83d\ude80 Ofere\u00e7a j\u00e1 o presente da emo\u00e7\u00e3o desportiva!<\/h3>\n<p><\/p>\n<p>Desfrute de um <strong>Cart\u00e3o de oferta Decathlon<\/strong> para agradar a todos os adeptos do desporto. Uma solu\u00e7\u00e3o r\u00e1pida, flex\u00edvel e segura para uma liberdade m\u00e1xima!<\/p>\n<p>\n<!-- \u2705 Conteneur principal --><\/p>\n<div id=\"trust-section\" style=\"max-width: 100%;padding: 20px;text-align: center;background: #f9f9f9;border-radius: 10px\">\n<p>    <!-- \u2705 Badge Trustpilot centr\u00e9 --><\/p>\n<div style=\"margin-bottom: 15px;justify-content: center;align-items: center\">\n        <img decoding=\"async\" src=\"https:\/\/digitalcoingifts.com\/wp-content\/uploads\/2024\/12\/trustpilot_1600x.webp\" alt=\"Coment\u00e1rios da Trustpilot\" width=\"140\" style=\"max-width: 100%\" title=\"\">\n    <\/div>\n<p style=\"font-size: 14px;color: #333;font-weight: bold;margin-top: 5px\">\n        Fa\u00e7a as suas compras com facilidade gra\u00e7as \u00e0 fiabilidade da cadeia de blocos\n    <\/p>\n<p>    <!-- \u2705 Compteur de ventes dynamique (ax\u00e9 sur \u201csemaine\u201d) --><\/p>\n<div id=\"sales-counter\" style=\"text-align: center;font-size: 18px;font-weight: bold;color: #27ae60;margin-top: 10px;padding: 10px\">\n        \ud83d\udd25 <span id=\"sales-text\">Esta semana<\/span> <span id=\"sales-number\">35<\/span><br \/>\n        <span id=\"sales-product\">cart\u00f5es de oferta<\/span> <span id=\"sales-sold\">vendido<\/span> !\n    <\/div>\n<p>    <!-- \u2705 Bouton d'Appel \u00e0 l'Action --><br \/>\n    <button id=\"back-to-top\" style=\"margin-top: 15px;padding: 12px 25px;font-size: 16px;font-weight: bold;background: #FFA500;color: white;border: none;border-radius: 5px;cursor: pointer\"><br \/>\n        \ud83d\uded2 Concluir a minha compra<br \/>\n    <\/button><\/p>\n<p>    <!-- \u2705 Code Promo en bleu modernis\u00e9 --><\/p>\n<div id=\"promo-banner\" style=\"background: #007BFF;color: white;padding: 12px;font-size: 18px;font-weight: bold;margin-top: 15px;border-radius: 5px\">\n        \ud83c\udf81 **Ganhe 10% de desconto** na sua primeira encomenda com o c\u00f3digo **Promo10**!\n    <\/div>\n<p>    <!-- \u2705 Bloc FAQ remis \u00e0 jour --><\/p>\n<div id=\"faq-wrapper\" style=\"margin-top: 20px;padding: 15px;background: #E9F5E9;border-radius: 10px;text-align: center\">\n<h3 style=\"color: #228B22;font-size: 20px;font-weight: bold\">Quest\u00f5es recorrentes<\/h3>\n<div class=\"faq-item\">\n            <button class=\"faq-question\">Como adquirir um <a href=\"https:\/\/digitalcoingifts.com\/pt\/perguntas-frequentes\/\" data-wpil-monitor-id=\"19\">cart\u00e3o-presente criptogr\u00e1fico<\/a> ?<\/button><\/p>\n<div class=\"faq-answer\">\n                Escolha o valor do cart\u00e3o, efectue o pagamento em Bitcoin, Ethereum ou USDT e receba-o imediatamente por e-mail.\n            <\/div>\n<\/p>\n<\/div>\n<div class=\"faq-item\">\n            <button class=\"faq-question\">As transac\u00e7\u00f5es com criptomoedas s\u00e3o seguras?<\/button><\/p>\n<div class=\"faq-answer\">\n                Sim, gra\u00e7as \u00e0 cadeia de blocos, cada pagamento \u00e9 validado de forma transparente, limitando o risco de fraude.\n            <\/div>\n<\/p>\n<\/div>\n<div class=\"faq-item\">\n            <button class=\"faq-question\">Em quanto tempo \u00e9 que o cart\u00e3o \u00e9 enviado?<\/button><\/p>\n<div class=\"faq-answer\">\n                O seu cart\u00e3o oferta \u00e9 gerado <strong>instantaneamente<\/strong> ap\u00f3s a rece\u00e7\u00e3o do pagamento. Chegar\u00e1 \u00e0 sua caixa de correio, pronto a ser utilizado.\n            <\/div>\n<\/p>\n<\/div>\n<div class=\"faq-item\">\n            <button class=\"faq-question\">Pode ser utilizado no meu pa\u00eds?<\/button><\/p>\n<div class=\"faq-answer\">\n                Os nossos cart\u00f5es funcionam <strong>em todo o mundo<\/strong> \ud83c\udf0d !<br \/>\n                Apr\u00e8s confirmation de votre achat, vous recevrez une carte adapt\u00e9e \u00e0 votre pays de r\u00e9sidence.\n            <\/div>\n<\/p>\n<\/div>\n<\/div>\n<\/div>\n<p><!-- \u2705 JavaScript pour le compteur et les interactions --><\/p>\n<p>    function getLang() {<br \/>\n        return document.documentElement.lang || navigator.language.split(&lsquo;-&lsquo;)[0] || &lsquo;fr&rsquo;;<br \/>\n    }<\/p>\n<p>    function updateSalesText() {<br \/>\n        let lang = getLang();<br \/>\n        let salesText = document.getElementById(&lsquo;sales-text&rsquo;);<br \/>\n        let salesProduct = document.getElementById(&lsquo;sales-product&rsquo;);<br \/>\n        let salesSold = document.getElementById(&lsquo;sales-sold&rsquo;);<\/p>\n<p>        let translations = {<br \/>\n            fr: { text: \u00ab\u00a0Cette semaine\u00a0\u00bb, product: \u00ab\u00a0cartes-cadeaux\u00a0\u00bb, sold: \u00ab\u00a0vendues\u00a0\u00bb },<br \/>\n            en: { text: \u00ab\u00a0This week\u00a0\u00bb, product: \u00ab\u00a0gift cards\u00a0\u00bb, sold: \u00ab\u00a0sold\u00a0\u00bb },<br \/>\n            es: { text: \u00ab\u00a0Esta semana\u00a0\u00bb, product: \u00ab\u00a0tarjetas de regalo\u00a0\u00bb, sold: \u00ab\u00a0vendidas\u00a0\u00bb },<br \/>\n            de: { text: \u00ab\u00a0Diese Woche\u00a0\u00bb, product: \u00ab\u00a0Geschenkkarten\u00a0\u00bb, sold: \u00ab\u00a0verkauft\u00a0\u00bb }<br \/>\n        };<\/p>\n<p>        if (translations[lang]) {<br \/>\n            salesText.textContent = translations[lang].text;<br \/>\n            salesProduct.textContent = translations[lang].product;<br \/>\n            salesSold.textContent = translations[lang].sold;<br \/>\n        }<br \/>\n    }<\/p>\n<p>    let baseSales = Math.floor(Math.random() * (48 &#8211; 23 + 1)) + 23; \/\/ D\u00e9part al\u00e9atoire entre 23 et 48<br \/>\n    document.getElementById(\u00ab\u00a0sales-number\u00a0\u00bb).textContent = baseSales;<\/p>\n<p>    function updateSales() {<br \/>\n        let salesNumber = document.getElementById(\u00ab\u00a0sales-number\u00a0\u00bb);<br \/>\n        let currentSales = parseInt(salesNumber.textContent);<br \/>\n        let increase = Math.floor(Math.random() * 3) + 1; \/\/ Incr\u00e9mente de 1 \u00e0 3<\/p>\n<p>        let newSales = currentSales + increase;<br \/>\n        if (newSales &gt; 48) {<br \/>\n            newSales = 48; \/\/ Ne d\u00e9passe jamais 48<br \/>\n        }<\/p>\n<p>        salesNumber.textContent = newSales;<br \/>\n    }<\/p>\n<p>    updateSalesText();<br \/>\n    setInterval(updateSales, Math.floor(Math.random() * 20000) + 10000); \/\/ Mise \u00e0 jour al\u00e9atoire entre 10 et 20 sec<\/p>\n<p>    document.querySelectorAll(\u00ab\u00a0.faq-question\u00a0\u00bb).forEach(button =&gt; {<br \/>\n        button.addEventListener(\u00ab\u00a0click\u00a0\u00bb, function() {<br \/>\n            let answer = this.nextElementSibling;<br \/>\n            answer.style.display = (answer.style.display === \u00ab\u00a0block\u00a0\u00bb) ? \u00ab\u00a0none\u00a0\u00bb : \u00ab\u00a0block\u00a0\u00bb;<br \/>\n        });<br \/>\n    });<\/p>\n<p>    document.getElementById(\u00ab\u00a0back-to-top\u00a0\u00bb).addEventListener(\u00ab\u00a0click\u00a0\u00bb, function() {<br \/>\n        window.scrollTo({ top: 0, behavior: \u00ab\u00a0smooth\u00a0\u00bb });<br \/>\n    });\n<\/p>\n<p><!-- \u2705 Styles CSS --><\/p>\n<\/p>\n<p>    .faq-question:hover {<br \/>\n        background: #1D7A1D;<br \/>\n    }<\/p>\n<\/p>\n<p>    #back-to-top:hover {<br \/>\n        background: #E69500;<br \/>\n    }<\/p>\n<\/p>\n<p>\n}<\/p>\n\n<h3>\ud83d\udd0d Vous aimerez aussi :<\/h3>\n<ul><li><a href=\"https:\/\/digitalcoingifts.com\/pt\/cartao-de-oferta-de-compras\/cartao-oferta-amazon\/\">Acheter Carte Amazon Avec Bitcoin &amp;Amp; Crypto | Livraison Instantan\u00e9e 60S<\/a><\/li><li><a href=\"https:\/\/digitalcoingifts.com\/pt\/cartao-de-oferta-de-compras\/cartao-presente-ebay\/\">Cart\u00e3o de oferta Ebay<\/a><\/li><li><a href=\"https:\/\/digitalcoingifts.com\/pt\/cartao-de-oferta-de-compras\/cartao-de-oferta-ikea\/\">Carte Cadeau Ikea Avec Bitcoin | Maison &amp;Amp; D\u00e9co En Crypto | Imm\u00e9diat<\/a><\/li><\/ul>","protected":false},"excerpt":{"rendered":"<p>Oferecer a liberdade do desporto com <strong>Cart\u00e3o de oferta Decathlon<\/strong>. Montante personaliz\u00e1vel, v\u00e1lido durante todo o ano em 1000 produtos desportivos. Ideal para os entusiastas, adequado para todas as ocasi\u00f5es. Descubra a op\u00e7\u00e3o pr\u00e1tica para dar prazer sem cometer um erro.<\/p>","protected":false},"featured_media":6901,"comment_status":"open","ping_status":"closed","template":"","meta":{"iawp_total_views":1},"product_brand":[],"product_cat":[803],"product_tag":[1066,304,1065,1064,1068,1067],"class_list":{"0":"post-6896","1":"product","2":"type-product","3":"status-publish","4":"has-post-thumbnail","6":"product_cat-carte-cadeau-shopping","7":"product_tag-acheter-carte-cadeau-decathlon-en-bitcoin","8":"product_tag-carte-cadeau","9":"product_tag-carte-cadeau-decathlon","10":"product_tag-carte-cadeau-decathlon-bitcoin","11":"product_tag-carte-cadeau-decathlon-paiement-crypto","12":"product_tag-carte-decathlon-crypto","14":"first","15":"instock","16":"shipping-taxable","17":"purchasable","18":"product-type-variable"},"_links":{"self":[{"href":"https:\/\/digitalcoingifts.com\/pt\/wp-json\/wp\/v2\/product\/6896","targetHints":{"allow":["GET"]}}],"collection":[{"href":"https:\/\/digitalcoingifts.com\/pt\/wp-json\/wp\/v2\/product"}],"about":[{"href":"https:\/\/digitalcoingifts.com\/pt\/wp-json\/wp\/v2\/types\/product"}],"replies":[{"embeddable":true,"href":"https:\/\/digitalcoingifts.com\/pt\/wp-json\/wp\/v2\/comments?post=6896"}],"wp:featuredmedia":[{"embeddable":true,"href":"https:\/\/digitalcoingifts.com\/pt\/wp-json\/wp\/v2\/media\/6901"}],"wp:attachment":[{"href":"https:\/\/digitalcoingifts.com\/pt\/wp-json\/wp\/v2\/media?parent=6896"}],"wp:term":[{"taxonomy":"product_brand","embeddable":true,"href":"https:\/\/digitalcoingifts.com\/pt\/wp-json\/wp\/v2\/product_brand?post=6896"},{"taxonomy":"product_cat","embeddable":true,"href":"https:\/\/digitalcoingifts.com\/pt\/wp-json\/wp\/v2\/product_cat?post=6896"},{"taxonomy":"product_tag","embeddable":true,"href":"https:\/\/digitalcoingifts.com\/pt\/wp-json\/wp\/v2\/product_tag?post=6896"}],"curies":[{"name":"wp","href":"https:\/\/api.w.org\/{rel}","templated":true}]}}