{"id":6883,"date":"2020-05-08T00:32:01","date_gmt":"2020-05-07T22:32:01","guid":{"rendered":"https:\/\/digitalcoingifts.com\/?post_type=product&#038;p=6883"},"modified":"2026-02-14T12:13:19","modified_gmt":"2026-02-14T11:13:19","slug":"carte-cadeau-bol-com","status":"publish","type":"product","link":"https:\/\/digitalcoingifts.com\/pt\/carte-cadeau-shopping\/carte-cadeau-bol-com\/","title":{"rendered":"Cart\u00e3o de oferta Bol.com"},"content":{"rendered":"<h2>Bol.com Gift Card - Compra com as tuas criptomoedas<\/h2>\n<h3>Queres fazer compras na Bol.com com as tuas criptomoedas?<\/h3>\n<p>Gra\u00e7as ao <strong>Cart\u00e3o de oferta Bol.com<\/strong>pagar as suas encomendas com criptomoedas como <strong>Bitcoin, Ethereum, USDT, USDC, Solana, Polygon<\/strong>e muito mais. Receber o seu c\u00f3digo <strong>imediatamente ap\u00f3s o pagamento<\/strong> e utiliz\u00e1-lo em <strong><a href=\"https:\/\/www.bol.com\/\" target=\"_blank\" rel=\"noopener\">Bol.com<\/a><\/strong> para comprar os seus produtos preferidos.<\/p>\n<h3>\ud83c\udfaf Vantagens do cart\u00e3o de oferta Bol.com<\/h3>\n<p>La <strong>Cart\u00e3o de oferta Bol.com<\/strong> ofertas <strong>flexibilidade \u00f3ptima<\/strong> para as suas compras em linha :<\/p>\n<ul>\n<li>\ud83c\udf81 <strong>Montantes dispon\u00edveis<\/strong> 50, 100, 150 e 250 euros.<\/li>\n<li>\ud83d\udcb3 <strong>Pagamento seguro<\/strong> com v\u00e1rios <strong>moedas criptogr\u00e1ficas<\/strong>incluindo <strong>Bitcoin, Ethereum, USDT, USDC, Solana, Polygon, Dogecoin, Litecoin, DAI, e mais<\/strong>.<\/li>\n<li>\ud83d\udce9 <strong>Rece\u00e7\u00e3o imediata<\/strong> do c\u00f3digo <strong>por correio eletr\u00f3nico<\/strong> ap\u00f3s a valida\u00e7\u00e3o do pagamento.<\/li>\n<li>\ud83d\udecd\ufe0f <strong>Pode ser utilizado diretamente<\/strong> sobre <strong><a href=\"https:\/\/www.bol.com\/\" target=\"_blank\" rel=\"noopener\">Bol.com<\/a><\/strong> para uma vasta gama de produtos.<\/li>\n<\/ul>\n<h3>\ud83d\udd27 Instru\u00e7\u00f5es para utilizar o seu cart\u00e3o de oferta Bol.com<\/h3>\n<ol>\n<li><strong>Ir para<\/strong> <a href=\"https:\/\/www.bol.com\/\" target=\"_blank\" rel=\"noopener\">Bol.com<\/a> e selecionar os artigos que pretende comprar.<\/li>\n<li>No momento do pagamento, selecionar a op\u00e7\u00e3o <strong>\"Vales de oferta<\/strong>.<\/li>\n<li><strong>Introduzir o c\u00f3digo que recebeu<\/strong> por correio eletr\u00f3nico e clicar em <strong>\"Adicionar\"<\/strong>.<\/li>\n<li>O montante ser\u00e1 de <strong>deduzido automaticamente<\/strong> da sua encomenda.<\/li>\n<\/ol>\n<h3>Porqu\u00ea optar por um Cart\u00e3o Presente Bol.com pago em Cripto-moedas?<\/h3>\n<p>Utilize o seu <strong>moedas criptogr\u00e1ficas<\/strong> para adquirir um <strong><a href=\"https:\/\/digitalcoingifts.com\/pt\/perguntas-frequentes\/\" data-wpil-monitor-id=\"22\">Cart\u00e3o de oferta<\/a> Bol.com<\/strong> tem uma s\u00e9rie de vantagens:<\/p>\n<ul>\n<li>\u2705 <strong>Transac\u00e7\u00f5es r\u00e1pidas e seguras<\/strong>N\u00e3o \u00e9 necess\u00e1rio cart\u00e3o de cr\u00e9dito.<\/li>\n<li>\u2705 <strong>Prote\u00e7\u00e3o da privacidade<\/strong>Evitar a partilha de dados pessoais.<\/li>\n<li>\u2705 <strong>Grande variedade de criptomoedas aceites<\/strong> Bitcoin, Ethereum, USDT e muitos outros.<\/li>\n<li>\u2705 <strong>Rece\u00e7\u00e3o imediata<\/strong> do c\u00f3digo ap\u00f3s a confirma\u00e7\u00e3o do pagamento.<\/li>\n<\/ul>\n<h3>Receber o seu cart\u00e3o de oferta Bol.com instantaneamente<\/h3>\n<p>Quando o seu pagamento <strong>confirmado<\/strong>seu <strong>Cart\u00e3o de oferta Bol.com<\/strong> \u00e9 enviado <strong>imediatamente por correio eletr\u00f3nico<\/strong> com todas as instru\u00e7\u00f5es necess\u00e1rias para o utilizar.<\/p>\n<h3>\ud83c\udf81 Descubra os nossos outros cart\u00f5es de oferta dispon\u00edveis<\/h3>\n<p>Para al\u00e9m do <strong>Cart\u00e3o de oferta Bol.com<\/strong>explorar a nossa sele\u00e7\u00e3o de <strong>cart\u00f5es de oferta compat\u00edveis com Bitcoin e pagamentos criptogr\u00e1ficos<\/strong> para toda uma s\u00e9rie de marcas!<\/p>\n<ul>\n<li><a href=\"https:\/\/digitalcoingifts.com\/pt\/loja\/carte-cadeau-shopping-en-ligne\/cartao-oferta-amazon\/\">Cart\u00e3o-presente da Amazon<\/a><\/li>\n<li><a href=\"https:\/\/digitalcoingifts.com\/pt\/loja\/carte-cadeau-shopping-en-ligne\/cartao-presente-ebay\/\">Cart\u00e3o de oferta eBay<\/a><\/li>\n<li><a href=\"https:\/\/digitalcoingifts.com\/pt\/loja\/carte-cadeau-shopping-en-ligne\/cartao-de-oferta-ikea\/\">Cart\u00e3o de oferta Ikea<\/a><\/li>\n<\/ul>\n<p>\n<!-- \u2705 Conteneur principal --><\/p>\n<div id=\"trust-section\" style=\"max-width: 100%;padding: 20px;text-align: center;background: #f9f9f9;border-radius: 10px\">\n<p>    <!-- \u2705 Badge Trustpilot centr\u00e9 --><\/p>\n<div style=\"margin-bottom: 15px;justify-content: center;align-items: center\">\n        <img decoding=\"async\" src=\"https:\/\/digitalcoingifts.com\/wp-content\/uploads\/2024\/12\/trustpilot_1600x.webp\" alt=\"Coment\u00e1rios da Trustpilot\" width=\"140\" style=\"max-width: 100%\" title=\"\">\n    <\/div>\n<p style=\"font-size: 14px;color: #333;font-weight: bold;margin-top: 5px\">\n        Comprar com tranquilidade gra\u00e7as \u00e0 seguran\u00e7a proporcionada pela cadeia de blocos\n    <\/p>\n<p>    <!-- \u2705 Compteur de ventes dynamique (bas\u00e9 sur \u201csemaine\u201d) --><\/p>\n<div id=\"sales-counter\" style=\"text-align: center;font-size: 18px;font-weight: bold;color: #27ae60;margin-top: 10px;padding: 10px\">\n        \ud83d\udd25 <span id=\"sales-text\">Esta semana<\/span> <span id=\"sales-number\">35<\/span><br \/>\n        <span id=\"sales-product\">cart\u00f5es de oferta<\/span> <span id=\"sales-sold\">vendido<\/span> !\n    <\/div>\n<p>    <!-- \u2705 Bouton d'Appel \u00e0 l'Action --><br \/>\n    <button id=\"back-to-top\" style=\"margin-top: 15px;padding: 12px 25px;font-size: 16px;font-weight: bold;background: #FFA500;color: white;border: none;border-radius: 5px;cursor: pointer\"><br \/>\n        \ud83d\uded2 Concluir a minha compra<br \/>\n    <\/button><\/p>\n<p>    <!-- \u2705 Code Promo en bleu modernis\u00e9 --><\/p>\n<div id=\"promo-banner\" style=\"background: #007BFF;color: white;padding: 12px;font-size: 18px;font-weight: bold;margin-top: 15px;border-radius: 5px\">\n        \ud83c\udf81 **Ganhe -10%** na sua primeira encomenda com o c\u00f3digo **Promo10**!\n    <\/div>\n<p>    <!-- \u2705 Bloc FAQ reformul\u00e9 --><\/p>\n<div id=\"faq-wrapper\" style=\"margin-top: 20px;padding: 15px;background: #E9F5E9;border-radius: 10px;text-align: center\">\n<h3 style=\"color: #228B22;font-size: 20px;font-weight: bold\">Perguntas frequentes<\/h3>\n<div class=\"faq-item\">\n            <button class=\"faq-question\">Como posso comprar um cart\u00e3o presente com criptomoedas?<\/button><\/p>\n<div class=\"faq-answer\">\n                Tudo o que tem de fazer \u00e9 escolher um montante, pagar em Bitcoin, Ethereum ou USDT, e o cart\u00e3o ser-lhe-\u00e1 enviado imediatamente por e-mail.\n            <\/div>\n<\/p>\n<\/div>\n<div class=\"faq-item\">\n            <button class=\"faq-question\">As transac\u00e7\u00f5es com criptografia s\u00e3o seguras?<\/button><\/p>\n<div class=\"faq-answer\">\n                Sem d\u00favida. A cadeia de blocos proporciona uma maior rastreabilidade e fiabilidade, reduzindo consideravelmente o risco de fraude.\n            <\/div>\n<\/p>\n<\/div>\n<div class=\"faq-item\">\n            <button class=\"faq-question\">Quando \u00e9 que vou receber o meu cart\u00e3o de oferta?<\/button><\/p>\n<div class=\"faq-answer\">\n                O seu cart\u00e3o \u00e9 <strong>gerado instantaneamente<\/strong> ser-lhe-\u00e1 enviado diretamente por correio eletr\u00f3nico.\n            <\/div>\n<\/p>\n<\/div>\n<div class=\"faq-item\">\n            <button class=\"faq-question\">Onde posso utilizar este cart\u00e3o-oferta?<\/button><\/p>\n<div class=\"faq-answer\">\n                Os nossos cart\u00f5es s\u00e3o v\u00e1lidos <strong>a n\u00edvel internacional<\/strong> \ud83c\udf0d !<br \/>\n                D\u00e8s que votre achat est valid\u00e9, vous obtenez une carte compatible avec votre pays.\n            <\/div>\n<\/p>\n<\/div>\n<\/div>\n<\/div>\n<p><!-- \u2705 JavaScript pour le compteur et les interactions --><\/p>\n<p>    function getLang() {<br \/>\n        return document.documentElement.lang || navigator.language.split(&lsquo;-&lsquo;)[0] || &lsquo;fr&rsquo;;<br \/>\n    }<\/p>\n<p>    function updateSalesText() {<br \/>\n        let lang = getLang();<br \/>\n        let salesText = document.getElementById(&lsquo;sales-text&rsquo;);<br \/>\n        let salesProduct = document.getElementById(&lsquo;sales-product&rsquo;);<br \/>\n        let salesSold = document.getElementById(&lsquo;sales-sold&rsquo;);<\/p>\n<p>        let translations = {<br \/>\n            fr: { text: \u00ab\u00a0Cette semaine\u00a0\u00bb, product: \u00ab\u00a0cartes-cadeaux\u00a0\u00bb, sold: \u00ab\u00a0vendues\u00a0\u00bb },<br \/>\n            en: { text: \u00ab\u00a0This week\u00a0\u00bb, product: \u00ab\u00a0gift cards\u00a0\u00bb, sold: \u00ab\u00a0sold\u00a0\u00bb },<br \/>\n            es: { text: \u00ab\u00a0Esta semana\u00a0\u00bb, product: \u00ab\u00a0tarjetas de regalo\u00a0\u00bb, sold: \u00ab\u00a0vendidas\u00a0\u00bb },<br \/>\n            de: { text: \u00ab\u00a0Diese Woche\u00a0\u00bb, product: \u00ab\u00a0Geschenkkarten\u00a0\u00bb, sold: \u00ab\u00a0verkauft\u00a0\u00bb }<br \/>\n        };<\/p>\n<p>        if (translations[lang]) {<br \/>\n            salesText.textContent = translations[lang].text;<br \/>\n            salesProduct.textContent = translations[lang].product;<br \/>\n            salesSold.textContent = translations[lang].sold;<br \/>\n        }<br \/>\n    }<\/p>\n<p>    let baseSales = Math.floor(Math.random() * (48 &#8211; 23 + 1)) + 23; \/\/ D\u00e9part al\u00e9atoire entre 23 et 48<br \/>\n    document.getElementById(\u00ab\u00a0sales-number\u00a0\u00bb).textContent = baseSales;<\/p>\n<p>    function updateSales() {<br \/>\n        let salesNumber = document.getElementById(\u00ab\u00a0sales-number\u00a0\u00bb);<br \/>\n        let currentSales = parseInt(salesNumber.textContent);<br \/>\n        let increase = Math.floor(Math.random() * 3) + 1; \/\/ Ajout de 1 \u00e0 3 ventes<\/p>\n<p>        let newSales = currentSales + increase;<br \/>\n        if (newSales &gt; 48) {<br \/>\n            newSales = 48; \/\/ Limiter \u00e0 48<br \/>\n        }<\/p>\n<p>        salesNumber.textContent = newSales;<br \/>\n    }<\/p>\n<p>    updateSalesText();<br \/>\n    setInterval(updateSales, Math.floor(Math.random() * 20000) + 10000); \/\/ Mise \u00e0 jour al\u00e9atoire entre 10 et 20 sec<\/p>\n<p>    document.querySelectorAll(\u00ab\u00a0.faq-question\u00a0\u00bb).forEach(button =&gt; {<br \/>\n        button.addEventListener(\u00ab\u00a0click\u00a0\u00bb, function() {<br \/>\n            let answer = this.nextElementSibling;<br \/>\n            answer.style.display = (answer.style.display === \u00ab\u00a0block\u00a0\u00bb) ? \u00ab\u00a0none\u00a0\u00bb : \u00ab\u00a0block\u00a0\u00bb;<br \/>\n        });<br \/>\n    });<\/p>\n<p>    document.getElementById(\u00ab\u00a0back-to-top\u00a0\u00bb).addEventListener(\u00ab\u00a0click\u00a0\u00bb, function() {<br \/>\n        window.scrollTo({ top: 0, behavior: \u00ab\u00a0smooth\u00a0\u00bb });<br \/>\n    });\n<\/p>\n<p><!-- \u2705 Styles CSS --><\/p>\n<\/p>\n<p>    .faq-question:hover {<br \/>\n        background: #1D7A1D;<br \/>\n    }<\/p>\n<\/p>\n<p>    #back-to-top:hover {<br \/>\n        background: #E69500;<br \/>\n    }<\/p>\n<\/p>\n<p>\n}<\/p>","protected":false},"excerpt":{"rendered":"<p>Carte Cadeau Bol.com payable en Bitcoin, USDT et plus de 20 cryptos. Livraison rapide du code par email et paiement s\u00e9curis\u00e9.<\/p>","protected":false},"featured_media":6884,"comment_status":"open","ping_status":"closed","template":"","meta":{"iawp_total_views":0},"product_brand":[],"product_cat":[803],"product_tag":[1077,304,1075,1074,1076,1078],"class_list":{"0":"post-6883","1":"product","2":"type-product","3":"status-publish","4":"has-post-thumbnail","6":"product_cat-carte-cadeau-shopping","7":"product_tag-acheter-carte-cadeau-bol-com-en-bitcoin","8":"product_tag-carte-cadeau","9":"product_tag-carte-cadeau-bol-com","10":"product_tag-carte-cadeau-bol-com-bitcoin","11":"product_tag-carte-cadeau-bol-com-crypto","12":"product_tag-carte-cadeau-bol-com-paiement-crypto","14":"first","15":"instock","16":"shipping-taxable","17":"purchasable","18":"product-type-variable"},"_links":{"self":[{"href":"https:\/\/digitalcoingifts.com\/pt\/wp-json\/wp\/v2\/product\/6883","targetHints":{"allow":["GET"]}}],"collection":[{"href":"https:\/\/digitalcoingifts.com\/pt\/wp-json\/wp\/v2\/product"}],"about":[{"href":"https:\/\/digitalcoingifts.com\/pt\/wp-json\/wp\/v2\/types\/product"}],"replies":[{"embeddable":true,"href":"https:\/\/digitalcoingifts.com\/pt\/wp-json\/wp\/v2\/comments?post=6883"}],"wp:featuredmedia":[{"embeddable":true,"href":"https:\/\/digitalcoingifts.com\/pt\/wp-json\/wp\/v2\/media\/6884"}],"wp:attachment":[{"href":"https:\/\/digitalcoingifts.com\/pt\/wp-json\/wp\/v2\/media?parent=6883"}],"wp:term":[{"taxonomy":"product_brand","embeddable":true,"href":"https:\/\/digitalcoingifts.com\/pt\/wp-json\/wp\/v2\/product_brand?post=6883"},{"taxonomy":"product_cat","embeddable":true,"href":"https:\/\/digitalcoingifts.com\/pt\/wp-json\/wp\/v2\/product_cat?post=6883"},{"taxonomy":"product_tag","embeddable":true,"href":"https:\/\/digitalcoingifts.com\/pt\/wp-json\/wp\/v2\/product_tag?post=6883"}],"curies":[{"name":"wp","href":"https:\/\/api.w.org\/{rel}","templated":true}]}}