{"id":6846,"date":"2020-05-03T13:02:27","date_gmt":"2020-05-03T11:02:27","guid":{"rendered":"https:\/\/digitalcoingifts.com\/?post_type=product&#038;p=6846"},"modified":"2026-02-14T18:19:02","modified_gmt":"2026-02-14T17:19:02","slug":"carte-cadeau-battle-net","status":"publish","type":"product","link":"https:\/\/digitalcoingifts.com\/pt\/carte-cadeau-gaming\/carte-cadeau-battle-net\/","title":{"rendered":"Cart\u00e3o de oferta Battle.net"},"content":{"rendered":"<h2>Compra o teu Cart\u00e3o Presente Battle.net em Bitcoin e Altcoins!<\/h2>\n<h3>Aceder a todo o mundo da Blizzard com um Cart\u00e3o de Oferta Battle.net<\/h3>\n<p>La <strong>Cart\u00e3o de oferta Battle.net<\/strong> \u00e9 a forma ideal de comprar conte\u00fados exclusivos no <strong><a href=\"https:\/\/shop.battle.net\/\" target=\"_blank\" rel=\"noopener\">Loja Oficial da Blizzard<\/a><\/strong>. Seja para <strong>Hearthstone, World of Warcraft, Diablo, Overwatch<\/strong> ou mesmo <strong>Heroes of the Storm<\/strong>Com este cart\u00e3o, podes comprar facilmente pacotes, skins, expans\u00f5es e subscri\u00e7\u00f5es.<\/p>\n<p>\u2705 <strong>Adicionar cr\u00e9dito \u00e0 tua carteira Battle.net<\/strong> sem um cart\u00e3o banc\u00e1rio.<br \/>\u2705 <strong>Utiliza\u00e7\u00e3o imediata<\/strong> depois de introduzir o c\u00f3digo.<br \/>\u2705 <strong>Compat\u00edvel com todos os jogos e conte\u00fados digitais da Blizzard.<\/strong><\/p>\n<h3>Receber o teu Cart\u00e3o de Oferta Battle.net imediatamente por e-mail<\/h3>\n<p>Compre o seu <strong><a href=\"https:\/\/digitalcoingifts.com\/pt\/perguntas-frequentes\/\" data-wpil-monitor-id=\"23\">Cart\u00e3o de oferta<\/a> Battle.net<\/strong> em <strong>moedas criptogr\u00e1ficas<\/strong> e receber o seu <strong>c\u00f3digo de ativa\u00e7\u00e3o instantaneamente por correio eletr\u00f3nico<\/strong> ap\u00f3s o pagamento.<\/p>\n<ul>\n<li><strong>Entrega imediata<\/strong>N\u00e3o h\u00e1 mais espera para jogar.<\/li>\n<li><strong>Pagamento seguro<\/strong> em Bitcoin e outras criptomoedas.<\/li>\n<li><strong>Compat\u00edvel com todos os servi\u00e7os Battle.net.<\/strong><\/li>\n<\/ul>\n<h3>Como \u00e9 que utilizo o meu cart\u00e3o de oferta Battle.net?<\/h3>\n<ol>\n<li><strong>Aceder a<\/strong> para a sua conta Blizzard em <a href=\"https:\/\/shop.battle.net\/\" target=\"_blank\" rel=\"noopener\">Battle.net<\/a>.<\/li>\n<li><strong>Aceder ao teu saldo Battle.net<\/strong> e clicar em <strong>\"Adicionar cr\u00e9dito<\/strong>.<\/li>\n<li><strong>Introduzir o c\u00f3digo que recebeu<\/strong> por correio eletr\u00f3nico e confirmar.<\/li>\n<li><strong>O montante \u00e9 creditado instantaneamente<\/strong> e pronto a utilizar.<\/li>\n<\/ol>\n<h3>Que quantidades est\u00e3o dispon\u00edveis?<\/h3>\n<p>O <strong>Cart\u00f5es de oferta Battle.net<\/strong> est\u00e3o dispon\u00edveis numa gama de valores:<\/p>\n<ul>\n<li><strong>50\u20ac<\/strong><\/li>\n<li><strong>100\u20ac<\/strong><\/li>\n<\/ul>\n<h3>\ud83d\udcb3 Pagar em criptografia: r\u00e1pido e seguro!<\/h3>\n<p>Compre o seu <strong>Cart\u00e3o de oferta Battle.net<\/strong> com o seu <strong>Bitcoin, Ethereum, Dash, Bitcoin Cash, Dogecoin, Litecoin<\/strong>e muito mais.<\/p>\n<ul>\n<li>\u2705 <strong>Entrega imediata<\/strong> por correio eletr\u00f3nico.<\/li>\n<li>\u2705 <strong>N\u00e3o \u00e9 necess\u00e1ria uma conta<\/strong> para encomendar.<\/li>\n<li>\u2705 <strong>Transac\u00e7\u00f5es r\u00e1pidas e seguras<\/strong>.<\/li>\n<\/ul>\n<h3>\ud83c\udf81 Descubra os nossos outros cart\u00f5es de oferta dispon\u00edveis<\/h3>\n<p>Recomendamos tamb\u00e9m o <strong><a href=\"https:\/\/digitalcoingifts.com\/pt\/cartao-oferta-apex-legends\/\">Cart\u00e3o de oferta Apex Legends<\/a>a <a href=\"https:\/\/digitalcoingifts.com\/pt\/cartao-oferta-world-of-warcraft\/\">Cart\u00e3o de oferta do World of Warcraft<\/a> e o <a href=\"https:\/\/digitalcoingifts.com\/pt\/carte-cadeau-league-of-legends\/\">Cart\u00e3o de oferta de League of Legends<\/a><\/strong> para ainda mais op\u00e7\u00f5es de jogo!<\/p>\n<p>\n<!-- \u2705 Conteneur principal --><\/p>\n<div id=\"trust-section\" style=\"max-width: 100%;padding: 20px;text-align: center;background: #f9f9f9;border-radius: 10px\">\n<p>    <!-- \u2705 Badge Trustpilot centr\u00e9 --><\/p>\n<div style=\"margin-bottom: 15px;justify-content: center;align-items: center\">\n        <img decoding=\"async\" src=\"https:\/\/digitalcoingifts.com\/wp-content\/uploads\/2024\/12\/trustpilot_1600x.webp\" alt=\"Coment\u00e1rios da Trustpilot\" width=\"140\" style=\"max-width: 100%\" title=\"\">\n    <\/div>\n<p style=\"font-size: 14px;color: #333;font-weight: bold;margin-top: 5px\">\n        Fa\u00e7a as suas compras com total tranquilidade gra\u00e7as \u00e0 seguran\u00e7a da cadeia de blocos\n    <\/p>\n<p>    <!-- \u2705 Compteur de ventes dynamique (bas\u00e9 sur \u201csemaine\u201d) --><\/p>\n<div id=\"sales-counter\" style=\"text-align: center;font-size: 18px;font-weight: bold;color: #27ae60;margin-top: 10px;padding: 10px\">\n        \ud83d\udd25 <span id=\"sales-text\">Esta semana<\/span> <span id=\"sales-number\">35<\/span><br \/>\n        <span id=\"sales-product\">cart\u00f5es de oferta<\/span> <span id=\"sales-sold\">vendido<\/span> !\n    <\/div>\n<p>    <!-- \u2705 Bouton d'Appel \u00e0 l'Action --><br \/>\n    <button id=\"back-to-top\" style=\"margin-top: 15px;padding: 12px 25px;font-size: 16px;font-weight: bold;background: #FFA500;color: white;border: none;border-radius: 5px;cursor: pointer\"><br \/>\n        Obtenha o seu cart\u00e3o de oferta agora<br \/>\n    <\/button><\/p>\n<p>    <!-- \u2705 Code Promo en bleu modernis\u00e9 --><\/p>\n<div id=\"promo-banner\" style=\"background: #007BFF;color: white;padding: 12px;font-size: 18px;font-weight: bold;margin-top: 15px;border-radius: 5px\">\n        \ud83c\udf81 **Beneficie de -10%** na sua primeira encomenda utilizando o c\u00f3digo **Promo10**!\n    <\/div>\n<p>    <!-- \u2705 Bloc FAQ avec r\u00e9ponses l\u00e9g\u00e8rement plus longues --><\/p>\n<div id=\"faq-wrapper\" style=\"margin-top: 20px;padding: 15px;background: #E9F5E9;border-radius: 10px;text-align: center\">\n<h3 style=\"color: #228B22;font-size: 20px;font-weight: bold\">Perguntas frequentes<\/h3>\n<div class=\"faq-item\">\n            <button class=\"faq-question\">Como \u00e9 que obtenho um cart\u00e3o de oferta de criptomoedas?<\/button><\/p>\n<div class=\"faq-answer\">\n                Basta selecionar um montante e proceder ao pagamento em Bitcoin, Ethereum ou USDT. Assim que a transa\u00e7\u00e3o for aprovada, o seu cart\u00e3o presente ser\u00e1 emitido e enviado por e-mail em poucos minutos. Este m\u00e9todo de pagamento r\u00e1pido e seguro n\u00e3o requer uma conta banc\u00e1ria tradicional.\n            <\/div>\n<\/p>\n<\/div>\n<div class=\"faq-item\">\n            <button class=\"faq-question\">Os pagamentos em criptomoeda s\u00e3o fi\u00e1veis?<\/button><\/p>\n<div class=\"faq-answer\">\n                Sim, a cadeia de blocos oferece um elevado n\u00edvel de seguran\u00e7a ao validar cada transa\u00e7\u00e3o atrav\u00e9s de uma rede descentralizada. Isto reduz consideravelmente o risco de erro e de fraude, ao mesmo tempo que proporciona uma transpar\u00eancia total no acompanhamento das transac\u00e7\u00f5es. Gra\u00e7as a este sistema, os seus pagamentos permanecem protegidos.\n            <\/div>\n<\/p>\n<\/div>\n<div class=\"faq-item\">\n            <button class=\"faq-question\">Quando \u00e9 que o cart\u00e3o oferta ser\u00e1 enviado?<\/button><\/p>\n<div class=\"faq-answer\">\n                O envio \u00e9 <strong>quase imediato<\/strong> ap\u00f3s a confirma\u00e7\u00e3o do pagamento, para que possa utilizar o cart\u00e3o de imediato. Receber\u00e1 um e-mail com todas as informa\u00e7\u00f5es necess\u00e1rias para o utilizar de imediato. Normalmente, todo o processo demora apenas alguns instantes.\n            <\/div>\n<\/p>\n<\/div>\n<div class=\"faq-item\">\n            <button class=\"faq-question\">Este cart\u00e3o pode ser utilizado em qualquer lugar?<\/button><\/p>\n<div class=\"faq-answer\">\n                Os nossos cart\u00f5es de oferta s\u00e3o v\u00e1lidos <strong>em todo o mundo<\/strong> \ud83c\udf0d, porque oferecemos solu\u00e7\u00f5es adaptadas \u00e0 maioria dos pa\u00edses. Uma vez validada a sua encomenda, receber\u00e1 um cart\u00e3o que pode ser utilizado em numerosos comerciantes e plataformas, tanto online como na loja.\n            <\/div>\n<\/p>\n<\/div>\n<\/div>\n<\/div>\n<p><!-- \u2705 JavaScript pour le compteur et les interactions --><\/p>\n<p>    function getLang() {<br \/>\n        return document.documentElement.lang || navigator.language.split(&lsquo;-&lsquo;)[0] || &lsquo;fr&rsquo;;<br \/>\n    }<\/p>\n<p>    function updateSalesText() {<br \/>\n        let lang = getLang();<br \/>\n        let salesText = document.getElementById(&lsquo;sales-text&rsquo;);<br \/>\n        let salesProduct = document.getElementById(&lsquo;sales-product&rsquo;);<br \/>\n        let salesSold = document.getElementById(&lsquo;sales-sold&rsquo;);<\/p>\n<p>        let translations = {<br \/>\n            fr: { text: \u00ab\u00a0Cette semaine\u00a0\u00bb, product: \u00ab\u00a0cartes-cadeaux\u00a0\u00bb, sold: \u00ab\u00a0vendues\u00a0\u00bb },<br \/>\n            en: { text: \u00ab\u00a0This week\u00a0\u00bb, product: \u00ab\u00a0gift cards\u00a0\u00bb, sold: \u00ab\u00a0sold\u00a0\u00bb },<br \/>\n            es: { text: \u00ab\u00a0Esta semana\u00a0\u00bb, product: \u00ab\u00a0tarjetas de regalo\u00a0\u00bb, sold: \u00ab\u00a0vendidas\u00a0\u00bb },<br \/>\n            de: { text: \u00ab\u00a0Diese Woche\u00a0\u00bb, product: \u00ab\u00a0Geschenkkarten\u00a0\u00bb, sold: \u00ab\u00a0verkauft\u00a0\u00bb }<br \/>\n        };<\/p>\n<p>        if (translations[lang]) {<br \/>\n            salesText.textContent = translations[lang].text;<br \/>\n            salesProduct.textContent = translations[lang].product;<br \/>\n            salesSold.textContent = translations[lang].sold;<br \/>\n        }<br \/>\n    }<\/p>\n<p>    let baseSales = Math.floor(Math.random() * (48 &#8211; 23 + 1)) + 23; \/\/ Choix al\u00e9atoire entre 23 et 48<br \/>\n    document.getElementById(\u00ab\u00a0sales-number\u00a0\u00bb).textContent = baseSales;<\/p>\n<p>    function updateSales() {<br \/>\n        let salesNumber = document.getElementById(\u00ab\u00a0sales-number\u00a0\u00bb);<br \/>\n        let currentSales = parseInt(salesNumber.textContent);<br \/>\n        let increase = Math.floor(Math.random() * 3) + 1; \/\/ Ajout de 1 \u00e0 3 ventes<\/p>\n<p>        let newSales = currentSales + increase;<br \/>\n        if (newSales &gt; 48) {<br \/>\n            newSales = 48; \/\/ On limite le maximum \u00e0 48<br \/>\n        }<\/p>\n<p>        salesNumber.textContent = newSales;<br \/>\n    }<\/p>\n<p>    updateSalesText();<br \/>\n    setInterval(updateSales, Math.floor(Math.random() * 20000) + 10000); \/\/ Mise \u00e0 jour al\u00e9atoire (entre 10 et 20s)<\/p>\n<p>    document.querySelectorAll(\u00ab\u00a0.faq-question\u00a0\u00bb).forEach(button =&gt; {<br \/>\n        button.addEventListener(\u00ab\u00a0click\u00a0\u00bb, function() {<br \/>\n            let answer = this.nextElementSibling;<br \/>\n            answer.style.display = (answer.style.display === \u00ab\u00a0block\u00a0\u00bb) ? \u00ab\u00a0none\u00a0\u00bb : \u00ab\u00a0block\u00a0\u00bb;<br \/>\n        });<br \/>\n    });<\/p>\n<p>    document.getElementById(\u00ab\u00a0back-to-top\u00a0\u00bb).addEventListener(\u00ab\u00a0click\u00a0\u00bb, function() {<br \/>\n        window.scrollTo({ top: 0, behavior: \u00ab\u00a0smooth\u00a0\u00bb });<br \/>\n    });\n<\/p>\n<p><!-- \u2705 Styles CSS --><\/p>\n<\/p>\n<p>    .faq-question:hover {<br \/>\n        background: #1D7A1D;<br \/>\n    }<\/p>\n<\/p>\n<p>    #back-to-top:hover {<br \/>\n        background: #E69500;<br \/>\n    }<\/p>\n<\/p>\n<p>\n}<\/p>\n<h3>\ud83d\udd0d Vous aimerez aussi :<\/h3>\n<ul>\n<li><a href=\"https:\/\/digitalcoingifts.com\/pt\/cartao-de-oferta-para-jogos\/cartao-presente-steam\/\">Carte Cadeau Steam Avec Bitcoin | Jeux Pc &amp;Amp; Gaming En Crypto<\/a><\/li>\n<li><a href=\"https:\/\/digitalcoingifts.com\/pt\/cartao-de-oferta-para-jogos\/cartao-de-oferta-xbox\/\">Carte Cadeau Xbox Live &amp;Amp; Game Pass Bitcoin | Code Digital 60S<\/a><\/li>\n<li><a href=\"https:\/\/digitalcoingifts.com\/pt\/cartao-de-oferta-para-jogos\/cartao-de-oferta-playstation-plus\/\">Carte Psn Playstation Store Bitcoin | Gaming &amp;Amp; Abonnements<\/a><\/li>\n<\/ul>","protected":false},"excerpt":{"rendered":"<p>Carte Cadeau Battle.net payable en Bitcoin, USDT et plus de 20 cryptos. Livraison rapide du code par email et paiement s\u00e9curis\u00e9.<\/p>","protected":false},"featured_media":6849,"comment_status":"open","ping_status":"closed","template":"","meta":{"iawp_total_views":1},"product_brand":[],"product_cat":[396],"product_tag":[1111,304,1109,1110,1112,1113],"class_list":{"0":"post-6846","1":"product","2":"type-product","3":"status-publish","4":"has-post-thumbnail","6":"product_cat-carte-cadeau-gaming","7":"product_tag-acheter-carte-cadeau-battle-net-en-crypto","8":"product_tag-carte-cadeau","9":"product_tag-carte-cadeau-battle-net","10":"product_tag-carte-cadeau-battle-net-bitcoin","11":"product_tag-carte-cadeau-battle-net-paiement-crypto","12":"product_tag-code-battle-net","14":"first","15":"instock","16":"shipping-taxable","17":"purchasable","18":"product-type-variable"},"_links":{"self":[{"href":"https:\/\/digitalcoingifts.com\/pt\/wp-json\/wp\/v2\/product\/6846","targetHints":{"allow":["GET"]}}],"collection":[{"href":"https:\/\/digitalcoingifts.com\/pt\/wp-json\/wp\/v2\/product"}],"about":[{"href":"https:\/\/digitalcoingifts.com\/pt\/wp-json\/wp\/v2\/types\/product"}],"replies":[{"embeddable":true,"href":"https:\/\/digitalcoingifts.com\/pt\/wp-json\/wp\/v2\/comments?post=6846"}],"wp:featuredmedia":[{"embeddable":true,"href":"https:\/\/digitalcoingifts.com\/pt\/wp-json\/wp\/v2\/media\/6849"}],"wp:attachment":[{"href":"https:\/\/digitalcoingifts.com\/pt\/wp-json\/wp\/v2\/media?parent=6846"}],"wp:term":[{"taxonomy":"product_brand","embeddable":true,"href":"https:\/\/digitalcoingifts.com\/pt\/wp-json\/wp\/v2\/product_brand?post=6846"},{"taxonomy":"product_cat","embeddable":true,"href":"https:\/\/digitalcoingifts.com\/pt\/wp-json\/wp\/v2\/product_cat?post=6846"},{"taxonomy":"product_tag","embeddable":true,"href":"https:\/\/digitalcoingifts.com\/pt\/wp-json\/wp\/v2\/product_tag?post=6846"}],"curies":[{"name":"wp","href":"https:\/\/api.w.org\/{rel}","templated":true}]}}