{"id":6829,"date":"2020-05-03T09:28:58","date_gmt":"2020-05-03T07:28:58","guid":{"rendered":"https:\/\/digitalcoingifts.com\/?post_type=product&#038;p=6829"},"modified":"2026-02-14T18:19:23","modified_gmt":"2026-02-14T17:19:23","slug":"carte-cadeau-world-of-warcraft","status":"publish","type":"product","link":"https:\/\/digitalcoingifts.com\/pt\/carte-cadeau-gaming\/carte-cadeau-world-of-warcraft\/","title":{"rendered":"Abonnement WoW (World of Warcraft) \u2013 Achetez avec Bitcoin &amp; Cryptos"},"content":{"rendered":"<h2>Carte Cadeau World of Warcraft \u2013 Prolongez votre abonnement en Crypto<\/h2>\n<p>D\u00e9fendez Azeroth sans attendre ! Avec la <strong>carte cadeau World of Warcraft<\/strong>, renouvelez votre abonnement WoW et acc\u00e9dez \u00e0 tout l&rsquo;univers de Battle.net en payant exclusivement en Bitcoin, Ethereum ou USDT.<\/p>\n<h2>Les avantages de l&rsquo;abonnement WoW via DigitalCoinGifts<\/h2>\n<ul>\n<li>\u26a1 <strong>Activation Imm\u00e9diate<\/strong> : Recevez votre code 60-secondes apr\u00e8s votre paiement.<\/li>\n<li>\ud83d\udee1\ufe0f <strong>Anonymat et S\u00e9curit\u00e9<\/strong> : Gardez vos informations bancaires priv\u00e9es, payez par la blockchain.<\/li>\n<li>\ud83d\udcdc <strong>Tout WoW inclus<\/strong> : Acc\u00e9dez \u00e0 Dragonflight et aux serveurs Classic instantan\u00e9ment.<\/li>\n<li>\ud83d\udcb0 <strong>Meilleurs Taux<\/strong> : Profitez d&rsquo;une tarification transparente en cryptomonnaies.<\/li>\n<\/ul>\n<h2>Comment activer votre code WoW ?<\/h2>\n<ol>\n<li>Achetez votre carte cadeau sur notre site.<\/li>\n<li>Une fois le code re\u00e7u par e-mail, rendez-vous sur votre compte <strong>Battle.net<\/strong>.<\/li>\n<li>Saisissez le code dans la section \u00ab\u00a0Utiliser un code\u00a0\u00bb.<\/li>\n<li>Votre temps de jeu est ajout\u00e9 imm\u00e9diatement !<\/li>\n<\/ol>\n<h3>\ud83d\udd0d Vous aimerez aussi :<\/h3>\n<ul>\n<li><a href=\"https:\/\/digitalcoingifts.com\/pt\/cartao-de-oferta-para-jogos\/cartao-presente-steam\/\">Carte Cadeau Steam Avec Bitcoin | Jeux Pc &amp;Amp; Gaming En Crypto<\/a><\/li>\n<li><a href=\"https:\/\/digitalcoingifts.com\/pt\/cartao-de-oferta-para-jogos\/cartao-de-oferta-xbox\/\">Carte Cadeau Xbox Live &amp;Amp; Game Pass Bitcoin | Code Digital 60S<\/a><\/li>\n<li><a href=\"https:\/\/digitalcoingifts.com\/pt\/cartao-de-oferta-para-jogos\/cartao-de-oferta-playstation-plus\/\">Carte Psn Playstation Store Bitcoin | Gaming &amp;Amp; Abonnements<\/a><\/li>\n<\/ul>","protected":false},"excerpt":{"rendered":"<p>Carte Cadeau World of Warcraft payable en Bitcoin, USDT et plus de 20 cryptos. Livraison rapide du code par email et paiement s\u00e9curis\u00e9.<\/p>","protected":false},"featured_media":6832,"comment_status":"open","ping_status":"closed","template":"","meta":{"iawp_total_views":0},"product_brand":[],"product_cat":[396],"product_tag":[1125,304,1123,1124,1126,1127],"class_list":{"0":"post-6829","1":"product","2":"type-product","3":"status-publish","4":"has-post-thumbnail","6":"product_cat-carte-cadeau-gaming","7":"product_tag-acheter-carte-cadeau-wow-en-crypto","8":"product_tag-carte-cadeau","9":"product_tag-carte-cadeau-world-of-warcraft","10":"product_tag-carte-cadeau-wow-bitcoin","11":"product_tag-carte-cadeau-wow-paiement-crypto","12":"product_tag-code-wow-en-bitcoin","14":"first","15":"instock","16":"shipping-taxable","17":"purchasable","18":"product-type-variable"},"_links":{"self":[{"href":"https:\/\/digitalcoingifts.com\/pt\/wp-json\/wp\/v2\/product\/6829","targetHints":{"allow":["GET"]}}],"collection":[{"href":"https:\/\/digitalcoingifts.com\/pt\/wp-json\/wp\/v2\/product"}],"about":[{"href":"https:\/\/digitalcoingifts.com\/pt\/wp-json\/wp\/v2\/types\/product"}],"replies":[{"embeddable":true,"href":"https:\/\/digitalcoingifts.com\/pt\/wp-json\/wp\/v2\/comments?post=6829"}],"wp:featuredmedia":[{"embeddable":true,"href":"https:\/\/digitalcoingifts.com\/pt\/wp-json\/wp\/v2\/media\/6832"}],"wp:attachment":[{"href":"https:\/\/digitalcoingifts.com\/pt\/wp-json\/wp\/v2\/media?parent=6829"}],"wp:term":[{"taxonomy":"product_brand","embeddable":true,"href":"https:\/\/digitalcoingifts.com\/pt\/wp-json\/wp\/v2\/product_brand?post=6829"},{"taxonomy":"product_cat","embeddable":true,"href":"https:\/\/digitalcoingifts.com\/pt\/wp-json\/wp\/v2\/product_cat?post=6829"},{"taxonomy":"product_tag","embeddable":true,"href":"https:\/\/digitalcoingifts.com\/pt\/wp-json\/wp\/v2\/product_tag?post=6829"}],"curies":[{"name":"wp","href":"https:\/\/api.w.org\/{rel}","templated":true}]}}