{"id":6825,"date":"2020-05-03T08:37:11","date_gmt":"2020-05-03T06:37:11","guid":{"rendered":"https:\/\/digitalcoingifts.com\/?post_type=product&#038;p=6825"},"modified":"2026-02-14T18:19:27","modified_gmt":"2026-02-14T17:19:27","slug":"carte-cadeau-xbox-live-gold","status":"publish","type":"product","link":"https:\/\/digitalcoingifts.com\/pt\/carte-cadeau-gaming\/carte-cadeau-xbox-live-gold\/","title":{"rendered":"Carte Cadeau Xbox Live &amp; Game Pass Bitcoin | Code Digital 60s"},"content":{"rendered":"<h2>Compra o teu Xbox Live Gold Gift Card em Bitcoin e criptomoeda!<\/h2>\n<h3>\ud83c\udfae <strong>Desfruta de uma subscri\u00e7\u00e3o Xbox Live Gold com um cart\u00e3o de oferta<\/strong><\/h3>\n<p>La <strong>Cart\u00e3o de oferta Xbox Live Gold<\/strong> d\u00e1-lhe acesso a todas as funcionalidades premium do servi\u00e7o <strong>Xbox Live Gold<\/strong>incluindo <strong>modo multijogador em linha<\/strong>jogos gratuitos todos os meses e <strong>descontos exclusivos<\/strong> na Microsoft Store. Compat\u00edvel com <strong>Xbox 360, Xbox One e Xbox Series X\/S<\/strong>Este cart\u00e3o \u00e9 ideal para prolongar a sua assinatura sem um cart\u00e3o banc\u00e1rio.<\/p>\n<p>\ud83d\udd39 <strong>Joga com os teus amigos na rede multijogador mais avan\u00e7ada<\/strong>.<br \/>\ud83d\udd39 <strong>Desfruta de jogos gratuitos todos os meses com o programa Xbox Live Gold<\/strong>.<br \/>\ud83d\udd39 <strong>Beneficie de descontos exclusivos de at\u00e9 -50% em centenas de jogos<\/strong>.<br \/>\ud83d\udd39 <strong>Cart\u00e3o dispon\u00edvel nas vers\u00f5es de 12 ou 24 meses<\/strong>.<\/p>\n<hr \/>\n<h3>\ud83d\udce9 <strong>Recebe o teu Xbox Live Gold Card imediatamente por correio eletr\u00f3nico<\/strong><\/h3>\n<p>Compre o seu <strong>Cart\u00e3o de oferta Xbox Live Gold<\/strong> em Bitcoin ou outras criptomoedas e receber o seu <strong>C\u00f3digo Xbox<\/strong> instantaneamente por <strong>correio eletr\u00f3nico<\/strong> ap\u00f3s a valida\u00e7\u00e3o do pagamento.<\/p>\n<p>\u2705 <strong>Para utiliza\u00e7\u00e3o imediata<\/strong>sem tempo de espera.<br \/>\u2705 <strong>Evitar subscri\u00e7\u00f5es recorrentes<\/strong>Pague uma vez e jogue com toda a tranquilidade.<br \/>\u2705 <strong>Compat\u00edvel com todas as consolas Xbox modernas<\/strong>.<\/p>\n<hr \/>\n<h3>\ud83d\udd27 <strong>Como \u00e9 que utilizo o meu Xbox Live Gold Gift Card?<\/strong><\/h3>\n<ol>\n<li><strong>Visite o s\u00edtio Web oficial da Microsoft<\/strong> e inicia sess\u00e3o na tua conta Xbox.<\/li>\n<li><strong>Clique em \"Op\u00e7\u00f5es de pagamento<\/strong> no \u00e2mbito do <strong>Fatura\u00e7\u00e3o<\/strong>.<\/li>\n<li><strong>Selecione \"Conta Microsoft<\/strong>depois clique em <strong>\"Trocar um c\u00f3digo<\/strong>.<\/li>\n<li><strong>Introduzir o c\u00f3digo Xbox Live Gold<\/strong> recebido por correio eletr\u00f3nico e clicar em <strong>\"Continuar<\/strong>.<\/li>\n<li><strong>A sua subscri\u00e7\u00e3o \u00e9 automaticamente activada ou prolongada<\/strong>.<\/li>\n<\/ol>\n<p>\ud83d\udd25 <strong>Joga sem interrup\u00e7\u00f5es e desfruta imediatamente de todas as vantagens do Xbox Live Gold!<\/strong><\/p>\n<hr \/>\n<h3>\ud83d\udcb0 <strong>Que montantes est\u00e3o dispon\u00edveis?<\/strong><\/h3>\n<p>O <strong>Cart\u00f5es de oferta Xbox Live Gold<\/strong> est\u00e3o dispon\u00edveis em v\u00e1rios tamanhos:<\/p>\n<ul>\n<li><strong>50\u20ac<\/strong><\/li>\n<li><strong>100\u20ac<\/strong><\/li>\n<\/ul>\n<hr \/>\n<h3>\ud83d\udcb3 <strong>Compra o teu Xbox Live Gold Card em criptomoedas<\/strong><\/h3>\n<p>Tirar partido do pagamento <strong>r\u00e1pido, seguro e an\u00f3nimo<\/strong> com as suas criptos favoritas :<\/p>\n<ul>\n<li><strong>Bitcoin (BTC)<\/strong><\/li>\n<li><strong>Ethereum (ETH)<\/strong><\/li>\n<li><strong>Dash (DASH)<\/strong><\/li>\n<li><strong>Bitcoin Cash (BCH)<\/strong><\/li>\n<li><strong>Dogecoin (DOGE)<\/strong><\/li>\n<li><strong>Litecoin (LTC)<\/strong><\/li>\n<\/ul>\n<p>\u2705 <strong>Transac\u00e7\u00f5es seguras atrav\u00e9s de cadeia de blocos<\/strong>.<br \/>\u2705 <strong>Entrega imediata<\/strong> ap\u00f3s o pagamento.<br \/>\u2705 <strong>N\u00e3o \u00e9 necess\u00e1ria uma conta banc\u00e1ria<\/strong>.<\/p>\n<hr \/>\n<h3>\ud83c\udf81 <strong>Outros cart\u00f5es de oferta de jogos dispon\u00edveis<\/strong><\/h3>\n<p>Recomendamos tamb\u00e9m :<\/p>\n<ul>\n<li>\ud83c\udfae <strong><a href=\"https:\/\/digitalcoingifts.com\/pt\/cartao-de-oferta-da-playstation-store\/\">Cart\u00e3o de oferta da PlayStation Store<\/a><\/strong><\/li>\n<li>\ud83c\udfae <strong><a href=\"https:\/\/digitalcoingifts.com\/pt\/cartao-de-oferta-da-nintendo\/\">Cart\u00e3o de oferta Nintendo<\/a><\/strong><\/li>\n<li>\ud83c\udfae <strong><a href=\"https:\/\/digitalcoingifts.com\/pt\/cartao-presente-steam\/\">Cart\u00e3o de oferta Steam<\/a><\/strong><\/li>\n<\/ul>\n<h3>\ud83d\udd17 <strong>Liga\u00e7\u00e3o oficial Xbox Live Gold<\/strong><\/h3>\n<p>Para saberes mais sobre as vantagens e os jogos Xbox Live Gold mais recentes, visita a p\u00e1gina <strong><a href=\"https:\/\/www.xbox.com\/fr-FR\/live\/gold\" target=\"_blank\" rel=\"noopener\">P\u00e1gina oficial da Xbox<\/a><\/strong>.<\/p>\n<hr \/>\n<p>\ud83d\udd25 <strong>Prolonga a tua subscri\u00e7\u00e3o Xbox Live Gold agora e desfruta de multijogadores, jogos gratuitos e descontos exclusivos!<\/strong><\/p>\n<p>\n<!-- \u2705 Conteneur principal --><\/p>\n<div id=\"trust-section\" style=\"max-width: 100%;padding: 20px;text-align: center;background: #f9f9f9;border-radius: 10px\">\n<p>    <!-- \u2705 Badge Trustpilot centr\u00e9 --><\/p>\n<div style=\"margin-bottom: 15px;justify-content: center;align-items: center\">\n        <img decoding=\"async\" src=\"https:\/\/digitalcoingifts.com\/wp-content\/uploads\/2024\/12\/trustpilot_1600x.webp\" alt=\"Coment\u00e1rios da Trustpilot\" width=\"140\" style=\"max-width: 100%\" title=\"\">\n    <\/div>\n<p style=\"font-size: 14px;color: #333;font-weight: bold;margin-top: 5px\">\n        \u2705 Fa\u00e7a a sua compra com total tranquilidade, a cadeia de blocos garante uma prote\u00e7\u00e3o \u00f3ptima\n    <\/p>\n<p>    <!-- \u2705 Compteur de ventes dynamique (bas\u00e9 sur \u201csemaine\u201d) --><\/p>\n<div id=\"sales-counter\" style=\"text-align: center;font-size: 18px;font-weight: bold;color: #27ae60;margin-top: 10px;padding: 10px\">\n        \ud83d\udd25 <span id=\"sales-text\">Esta semana<\/span> <span id=\"sales-number\">35<\/span><br \/>\n        <span id=\"sales-product\">cart\u00f5es de oferta<\/span> <span id=\"sales-sold\">vendido<\/span> !\n    <\/div>\n<p>    <!-- \u2705 Bouton d'Appel \u00e0 l'Action --><br \/>\n    <button id=\"back-to-top\" style=\"margin-top: 15px;padding: 12px 25px;font-size: 16px;font-weight: bold;background: #FFA500;color: white;border: none;border-radius: 5px;cursor: pointer\"><br \/>\n        Obtenha o seu cart\u00e3o de oferta agora<br \/>\n    <\/button><\/p>\n<p>    <!-- \u2705 Code Promo en bleu modernis\u00e9 --><\/p>\n<div id=\"promo-banner\" style=\"background: #007BFF;color: white;padding: 12px;font-size: 18px;font-weight: bold;margin-top: 15px;border-radius: 5px\">\n        \ud83c\udf81 **Beneficie de -10%** na sua primeira encomenda utilizando o c\u00f3digo **Promo10**!\n    <\/div>\n<p>    <!-- \u2705 Bloc FAQ avec des r\u00e9ponses reformul\u00e9es --><\/p>\n<div id=\"faq-wrapper\" style=\"margin-top: 20px;padding: 15px;background: #E9F5E9;border-radius: 10px;text-align: center\">\n<h3 style=\"color: #228B22;font-size: 20px;font-weight: bold\">Perguntas frequentes<\/h3>\n<div class=\"faq-item\">\n            <button class=\"faq-question\">Como \u00e9 que posso adquirir um cart\u00e3o presente de criptomoedas?<\/button><\/p>\n<div class=\"faq-answer\">\n                Defina o montante que pretende e pague em Bitcoin, Ethereum ou USDT. Assim que a transa\u00e7\u00e3o for validada, o cart\u00e3o \u00e9-lhe enviado por e-mail, sem formalidades banc\u00e1rias adicionais.\n            <\/div>\n<\/p>\n<\/div>\n<div class=\"faq-item\">\n            <button class=\"faq-question\">As liquida\u00e7\u00f5es de criptomoedas s\u00e3o seguras?<\/button><\/p>\n<div class=\"faq-answer\">\n                Sim, a cadeia de blocos descentraliza cada transa\u00e7\u00e3o, limitando consideravelmente o risco de fraude. Os dados s\u00e3o imut\u00e1veis e verificados por uma grande rede, garantindo um elevado n\u00edvel de seguran\u00e7a.\n            <\/div>\n<\/p>\n<\/div>\n<div class=\"faq-item\">\n            <button class=\"faq-question\">Quanto tempo falta para receber o meu cart\u00e3o oferta?<\/button><\/p>\n<div class=\"faq-answer\">\n                O seu cart\u00e3o \u00e9 gerado imediatamente ap\u00f3s a valida\u00e7\u00e3o do pagamento, pelo que o receber\u00e1 muito rapidamente. Um e-mail com todas as informa\u00e7\u00f5es ser-lhe-\u00e1 enviado dentro de alguns minutos.\n            <\/div>\n<\/p>\n<\/div>\n<div class=\"faq-item\">\n            <button class=\"faq-question\">\u00c9 v\u00e1lido em todo o mundo?<\/button><\/p>\n<div class=\"faq-answer\">\n                Os nossos cart\u00f5es-presente s\u00e3o geralmente utiliz\u00e1veis a n\u00edvel internacional e s\u00e3o adequados para a maioria das regi\u00f5es. Pode efetuar compras online ou em lojas, dependendo dos estabelecimentos que os aceitam.\n            <\/div>\n<\/p>\n<\/div>\n<\/div>\n<\/div>\n<p><!-- \u2705 JavaScript pour le compteur et les interactions -->\n<\/p>\n<p><!-- \u2705 Styles CSS --><\/p>\n<\/p>\n<p>    .faq-question:hover {<br \/>\n        background: #1D7A1D;<br \/>\n    }<\/p>\n<\/p>\n<p>    #back-to-top:hover {<br \/>\n        background: #E69500;<br \/>\n    }<\/p>\n<h3>\ud83d\udd0d Vous aimerez aussi :<\/h3>\n<ul>\n<li><a href=\"https:\/\/digitalcoingifts.com\/pt\/cartao-de-oferta-para-jogos\/cartao-presente-steam\/\">Carte Cadeau Steam Avec Bitcoin | Jeux Pc &amp;Amp; Gaming En Crypto<\/a><\/li>\n<li><a href=\"https:\/\/digitalcoingifts.com\/pt\/cartao-de-oferta-para-jogos\/cartao-de-oferta-playstation-plus\/\">Carte Psn Playstation Store Bitcoin | Gaming &amp;Amp; Abonnements<\/a><\/li>\n<li><a href=\"https:\/\/digitalcoingifts.com\/pt\/cartao-de-oferta-para-jogos\/cartao-de-oferta-da-nintendo\/\">Carte Cadeau Nintendo Eshop Bitcoin | Switch &amp;Amp; Jeux En Crypto<\/a><\/li>\n<\/ul>","protected":false},"excerpt":{"rendered":"<p>Carte Cadeau Xbox Live Gold payable en Bitcoin, USDT et plus de 20 cryptos. Livraison rapide du code par email et paiement s\u00e9curis\u00e9.<\/p>","protected":false},"featured_media":6826,"comment_status":"open","ping_status":"closed","template":"","meta":{"iawp_total_views":1},"product_brand":[],"product_cat":[396],"product_tag":[304],"class_list":{"0":"post-6825","1":"product","2":"type-product","3":"status-publish","4":"has-post-thumbnail","6":"product_cat-carte-cadeau-gaming","7":"product_tag-carte-cadeau","9":"first","10":"instock","11":"shipping-taxable","12":"purchasable","13":"product-type-variable"},"_links":{"self":[{"href":"https:\/\/digitalcoingifts.com\/pt\/wp-json\/wp\/v2\/product\/6825","targetHints":{"allow":["GET"]}}],"collection":[{"href":"https:\/\/digitalcoingifts.com\/pt\/wp-json\/wp\/v2\/product"}],"about":[{"href":"https:\/\/digitalcoingifts.com\/pt\/wp-json\/wp\/v2\/types\/product"}],"replies":[{"embeddable":true,"href":"https:\/\/digitalcoingifts.com\/pt\/wp-json\/wp\/v2\/comments?post=6825"}],"wp:featuredmedia":[{"embeddable":true,"href":"https:\/\/digitalcoingifts.com\/pt\/wp-json\/wp\/v2\/media\/6826"}],"wp:attachment":[{"href":"https:\/\/digitalcoingifts.com\/pt\/wp-json\/wp\/v2\/media?parent=6825"}],"wp:term":[{"taxonomy":"product_brand","embeddable":true,"href":"https:\/\/digitalcoingifts.com\/pt\/wp-json\/wp\/v2\/product_brand?post=6825"},{"taxonomy":"product_cat","embeddable":true,"href":"https:\/\/digitalcoingifts.com\/pt\/wp-json\/wp\/v2\/product_cat?post=6825"},{"taxonomy":"product_tag","embeddable":true,"href":"https:\/\/digitalcoingifts.com\/pt\/wp-json\/wp\/v2\/product_tag?post=6825"}],"curies":[{"name":"wp","href":"https:\/\/api.w.org\/{rel}","templated":true}]}}