{"id":6810,"date":"2020-05-03T07:17:03","date_gmt":"2020-05-03T05:17:03","guid":{"rendered":"https:\/\/digitalcoingifts.com\/?post_type=product&#038;p=6810"},"modified":"2026-02-14T18:19:42","modified_gmt":"2026-02-14T17:19:42","slug":"carte-cadeau-xbox","status":"publish","type":"product","link":"https:\/\/digitalcoingifts.com\/pt\/carte-cadeau-gaming\/carte-cadeau-xbox\/","title":{"rendered":"Carte Cadeau Xbox Live &amp; Game Pass Bitcoin | Code Digital 60s"},"content":{"rendered":"<h2 style=\"text-align: center\"><strong>Compra o teu cart\u00e3o de oferta Xbox com Bitcoin!<\/strong><\/h2>\n<p style=\"text-align: center\">Converte as tuas criptomoedas num cart\u00e3o Xbox e acede aos conte\u00fados dos nossos parceiros! Permite-te testar e descobrir jogos de primeira gera\u00e7\u00e3o.<\/p>\n<p style=\"text-align: center\">La\u00a0<a href=\"https:\/\/digitalcoingifts.com\/pt\/categoria-produto\/carte-cadeau-shopping-en-ligne\/\"><strong>Cart\u00e3o de oferta Xbox<\/strong><\/a> \u00e9 muito pr\u00e1tico se quiser comprar artigos em bitcoin no <a class=\"external-link\" href=\"https:\/\/marketplace.xbox.com\/\" target=\"_blank\" rel=\"noopener noreferrer\">Mercado de jogos Xbox<\/a>. Aqui encontrar\u00e1s uma vasta gama de DLC para os teus jogos favoritos, acess\u00f3rios e at\u00e9 filmes e m\u00fasica. Com o\u00a0<strong>Cart\u00e3o pr\u00e9-pago Xbox<\/strong>Pode adicionar cr\u00e9ditos \u00e0 sua carteira virtual. Desta forma, pode comprar facilmente produtos na loja.<\/p>\n<p style=\"text-align: center\">Podes creditar o saldo da tua conta em qualquer altura, escolher o cart\u00e3o Xbox para o montante que pretendes e utiliz\u00e1-lo de imediato. Com apenas alguns cliques, podes transferir os teus jogos favoritos do Xbox Game Marketplace.<\/p>\n<p style=\"text-align: center\">Depois de ter carregado a sua conta, pode come\u00e7ar imediatamente a fazer compras nas lojas online da sua escolha! Tal como com o <a class=\"LinkSuggestion__Link-sc-1mdih4x-2 jZPuuT\" href=\"https:\/\/digitalcoingifts.com\/pt\/loja\/recarga-de-cartao-pre-pago\/recarga-neosurf\/\" rel=\"noopener noreferrer\">Recarga Neosurf<\/a> a <a href=\"https:\/\/digitalcoingifts.com\/pt\/loja\/cartao-de-oferta-para-jogos\/cartao-presente-steam\/\"><strong>Cart\u00e3o de oferta Steam<\/strong><\/a><a class=\"internal-link\" title=\"Recarga PCS\" href=\"https:\/\/digitalcoingifts.com\/pt\/loja\/recarga-de-cartao-pre-pago\/recarga-mastercard-pcs\/\">\u00a0<\/a>ou o <strong><a href=\"https:\/\/digitalcoingifts.com\/pt\/loja\/cartao-de-oferta-para-jogos\/cartao-de-oferta-playstation-plus\/\">Cart\u00e3o de oferta Playstation Plus<\/a>.<\/strong><\/p>\n<h3 style=\"text-align: center\">Receber o seu vale de oferta <strong>por correio eletr\u00f3nico!<\/strong><\/h3>\n<p style=\"text-align: center\">Oferecemos cart\u00f5es Xbox em v\u00e1rias denomina\u00e7\u00f5es na digitalcoingifts.<strong><em>\u00a0<\/em><\/strong>para satisfazer todas as necessidades. Se apenas quiseres alterar algum aspeto do teu avatar, opta por um cart\u00e3o de oferta. Mas se quiseres comprar um novo jogo Xbox, escolhe um cart\u00e3o Xbox de valor mais elevado. Depois de fazeres a tua escolha e seleccionares o valor do teu cart\u00e3o, podes proceder ao pagamento.<\/p>\n<p style=\"text-align: center\">Quando a sua transa\u00e7\u00e3o estiver conclu\u00edda, o c\u00f3digo do seu cart\u00e3o ser\u00e1 apresentado na \u00faltima fase do seu pagamento. Este c\u00f3digo ser\u00e1 igualmente enviado para o seu endere\u00e7o eletr\u00f3nico juntamente com a sua fatura, para que n\u00e3o o perca. Visitar\u00a0<strong>C\u00f3digo Xbox<\/strong>\u00a0pode ser utilizado imediatamente. Por isso, n\u00e3o tens de esperar que o teu c\u00f3digo Xbox seja ativado. Desfruta dos teus jogos diretamente na tua consola Xbox ou Xbox One.<\/p>\n<h4 style=\"text-align: center\"><strong>Oferecer um cart\u00e3o de oferta Xbox<\/strong><\/h4>\n<p style=\"text-align: center\">Tens amigos que compram frequentemente produtos do Xbox Games Marketplace? D\u00e1-lhes um Cart\u00e3o de Oferta Xbox! Com este cart\u00e3o, eles podem comprar tudo o que quiserem na Loja Xbox. Personaliza o teu presente adicionando informa\u00e7\u00f5es pessoais e escolhe uma impress\u00e3o de fundo adequada \u00e0 ocasi\u00e3o. N\u00e3o \u00e9 necess\u00e1rio ir \u00e0 loja, o teu presente chegar\u00e1 a casa instantaneamente e o teu ente querido ir\u00e1 certamente receb\u00ea-lo.<\/p>\n<h5 style=\"text-align: center\"><strong>Que montantes est\u00e3o dispon\u00edveis?<\/strong><\/h5>\n<p style=\"text-align: center\">Cart\u00f5es Xbox dispon\u00edveis: 50 \u20ac, 100 \u20ac.<\/p>\n<p class=\"l-h1gvhq--4 eqn5xv82\" style=\"text-align: center\"><strong><em>Utiliza a tua Bitcoin ou Altcoins para recarregar o teu Xbox Gift Card<\/em><\/strong><strong><em>. Pague com o seu Bitcoin, Dash, Bitcoin Cash, Dogecoin, Litecoin ou Ethereum. Entrega instant\u00e2nea por e-mail. N\u00e3o \u00e9 necess\u00e1ria uma conta. Comece a viver de criptomoedas facilmente com a digitalcoingifts!<\/em><\/strong><\/p>\n<p>\n<!-- \u2705 Conteneur principal --><\/p>\n<div id=\"trust-section\" style=\"max-width: 100%;padding: 20px;text-align: center;background: #f9f9f9;border-radius: 10px\">\n<p>    <!-- \u2705 Badge Trustpilot centr\u00e9 --><\/p>\n<div style=\"margin-bottom: 15px;justify-content: center;align-items: center\">\n        <img decoding=\"async\" src=\"https:\/\/digitalcoingifts.com\/wp-content\/uploads\/2024\/12\/trustpilot_1600x.webp\" alt=\"Coment\u00e1rios da Trustpilot\" width=\"140\" style=\"max-width: 100%\" title=\"\">\n    <\/div>\n<p style=\"font-size: 14px;color: #333;font-weight: bold;margin-top: 5px\">\n        Comprar com total seguran\u00e7a gra\u00e7as \u00e0 cadeia de blocos, que garante uma fiabilidade \u00f3ptima\n    <\/p>\n<p>    <!-- \u2705 Compteur de ventes dynamique (centr\u00e9 sur \u201csemaine\u201d) --><\/p>\n<div id=\"sales-counter\" style=\"text-align: center;font-size: 18px;font-weight: bold;color: #27ae60;margin-top: 10px;padding: 10px\">\n        \ud83d\udd25 <span id=\"sales-text\">Esta semana<\/span> <span id=\"sales-number\">35<\/span><br \/>\n        <span id=\"sales-product\">cart\u00f5es de oferta<\/span> <span id=\"sales-sold\">vendido<\/span> !\n    <\/div>\n<p>    <!-- \u2705 Bouton d'Appel \u00e0 l'Action --><br \/>\n    <button id=\"back-to-top\" style=\"margin-top: 15px;padding: 12px 25px;font-size: 16px;font-weight: bold;background: #FFA500;color: white;border: none;border-radius: 5px;cursor: pointer\"><br \/>\n        Obtenha o seu cart\u00e3o de oferta agora<br \/>\n    <\/button><\/p>\n<p>    <!-- \u2705 Code Promo en bleu modernis\u00e9 --><\/p>\n<div id=\"promo-banner\" style=\"background: #007BFF;color: white;padding: 12px;font-size: 18px;font-weight: bold;margin-top: 15px;border-radius: 5px\">\n        \ud83c\udf81 **Desfrute de 10% de desconto** na sua primeira compra usando o c\u00f3digo **Promo10**!\n    <\/div>\n<p>    <!-- \u2705 Bloc FAQ l\u00e9g\u00e8rement reformul\u00e9 --><\/p>\n<div id=\"faq-wrapper\" style=\"margin-top: 20px;padding: 15px;background: #E9F5E9;border-radius: 10px;text-align: center\">\n<h3 style=\"color: #228B22;font-size: 20px;font-weight: bold\">Perguntas frequentes<\/h3>\n<div class=\"faq-item\">\n            <button class=\"faq-question\">Como posso comprar um cart\u00e3o de oferta de criptomoedas?<\/button><\/p>\n<div class=\"faq-answer\">\n                Selecione o montante pretendido, pague em Bitcoin, Ethereum ou USDT, e o cart\u00e3o ser-lhe-\u00e1 enviado imediatamente por e-mail.\n            <\/div>\n<\/p>\n<\/div>\n<div class=\"faq-item\">\n            <button class=\"faq-question\">Os pagamentos com criptomoeda s\u00e3o seguros?<\/button><\/p>\n<div class=\"faq-answer\">\n                Sem d\u00favida. A cadeia de blocos oferece um elevado n\u00edvel de transpar\u00eancia e uma maior prote\u00e7\u00e3o contra a fraude.\n            <\/div>\n<\/p>\n<\/div>\n<div class=\"faq-item\">\n            <button class=\"faq-question\">Quando \u00e9 que o meu cart\u00e3o de oferta estar\u00e1 dispon\u00edvel?<\/button><\/p>\n<div class=\"faq-answer\">\n                \u00c9 enviado <strong>instantaneamente<\/strong> assim que o seu pagamento for confirmado. Receber\u00e1 a encomenda diretamente na sua caixa de correio.\n            <\/div>\n<\/p>\n<\/div>\n<div class=\"faq-item\">\n            <button class=\"faq-question\">Posso utiliz\u00e1-lo fora do meu pa\u00eds?<\/button><\/p>\n<div class=\"faq-answer\">\n                Oferecemos cart\u00f5es <strong>pode ser utilizado em qualquer parte do mundo<\/strong> \ud83c\udf0d !<br \/>\n                Une fois la transaction valid\u00e9e, vous recevrez une carte adapt\u00e9e \u00e0 votre r\u00e9gion.\n            <\/div>\n<\/p>\n<\/div>\n<\/div>\n<\/div>\n<p><!-- \u2705 JavaScript pour le compteur et les interactions -->\n<\/p>\n<p><!-- \u2705 Styles CSS --><\/p>\n<\/p>\n<p>    .faq-question:hover {<br \/>\n        background: #1D7A1D;<br \/>\n    }<\/p>\n<\/p>\n<p>    #back-to-top:hover {<br \/>\n        background: #E69500;<br \/>\n    }<\/p>\n<h3>\ud83d\udd0d Vous aimerez aussi :<\/h3>\n<ul>\n<li><a href=\"https:\/\/digitalcoingifts.com\/pt\/cartao-de-oferta-para-jogos\/cartao-presente-steam\/\">Carte Cadeau Steam Avec Bitcoin | Jeux Pc &amp;Amp; Gaming En Crypto<\/a><\/li>\n<li><a href=\"https:\/\/digitalcoingifts.com\/pt\/cartao-de-oferta-para-jogos\/cartao-de-oferta-playstation-plus\/\">Carte Psn Playstation Store Bitcoin | Gaming &amp;Amp; Abonnements<\/a><\/li>\n<li><a href=\"https:\/\/digitalcoingifts.com\/pt\/cartao-de-oferta-para-jogos\/cartao-de-oferta-da-nintendo\/\">Carte Cadeau Nintendo Eshop Bitcoin | Switch &amp;Amp; Jeux En Crypto<\/a><\/li>\n<\/ul>","protected":false},"excerpt":{"rendered":"<p>Carte cadeau Xbox payable en Bitcoin, USDT et plus de 20 cryptos. Livraison rapide du code par email et paiement s\u00e9curis\u00e9.<\/p>","protected":false},"featured_media":6812,"comment_status":"open","ping_status":"closed","template":"","meta":{"iawp_total_views":0},"product_brand":[],"product_cat":[396],"product_tag":[1138,304,1140,1141,1139,1142],"class_list":{"0":"post-6810","1":"product","2":"type-product","3":"status-publish","4":"has-post-thumbnail","6":"product_cat-carte-cadeau-gaming","7":"product_tag-acheter-carte-xbox-en-crypto","8":"product_tag-carte-cadeau","9":"product_tag-carte-cadeau-xbox","10":"product_tag-carte-prepayee-xbox-paiement-crypto","11":"product_tag-code-xbox-live-bitcoin","12":"product_tag-recharger-compte-xbox-avec-bitcoin","14":"first","15":"instock","16":"shipping-taxable","17":"purchasable","18":"product-type-variable"},"_links":{"self":[{"href":"https:\/\/digitalcoingifts.com\/pt\/wp-json\/wp\/v2\/product\/6810","targetHints":{"allow":["GET"]}}],"collection":[{"href":"https:\/\/digitalcoingifts.com\/pt\/wp-json\/wp\/v2\/product"}],"about":[{"href":"https:\/\/digitalcoingifts.com\/pt\/wp-json\/wp\/v2\/types\/product"}],"replies":[{"embeddable":true,"href":"https:\/\/digitalcoingifts.com\/pt\/wp-json\/wp\/v2\/comments?post=6810"}],"wp:featuredmedia":[{"embeddable":true,"href":"https:\/\/digitalcoingifts.com\/pt\/wp-json\/wp\/v2\/media\/6812"}],"wp:attachment":[{"href":"https:\/\/digitalcoingifts.com\/pt\/wp-json\/wp\/v2\/media?parent=6810"}],"wp:term":[{"taxonomy":"product_brand","embeddable":true,"href":"https:\/\/digitalcoingifts.com\/pt\/wp-json\/wp\/v2\/product_brand?post=6810"},{"taxonomy":"product_cat","embeddable":true,"href":"https:\/\/digitalcoingifts.com\/pt\/wp-json\/wp\/v2\/product_cat?post=6810"},{"taxonomy":"product_tag","embeddable":true,"href":"https:\/\/digitalcoingifts.com\/pt\/wp-json\/wp\/v2\/product_tag?post=6810"}],"curies":[{"name":"wp","href":"https:\/\/api.w.org\/{rel}","templated":true}]}}