{"id":6791,"date":"2025-01-23T08:27:00","date_gmt":"2025-01-23T07:27:00","guid":{"rendered":"https:\/\/digitalcoingifts.com\/?post_type=product&#038;p=6791"},"modified":"2026-02-14T18:18:18","modified_gmt":"2026-02-14T17:18:18","slug":"recharge-flexepin","status":"publish","type":"product","link":"https:\/\/digitalcoingifts.com\/pt\/recharge-carte-prepayee\/recharge-flexepin\/","title":{"rendered":"Recharge Flexepin Bitcoin sans V\u00e9rification | No KYC | Code Imm\u00e9diat"},"content":{"rendered":"<h2>Compre o seu Flexepin Reload com o seu Bitcoin!<\/h2>\n<h3>\ud83d\udcb3 <strong>Flexepin: uma solu\u00e7\u00e3o segura de pagamento pr\u00e9-pago!<\/strong><\/h3>\n<p>La <strong>Recarga Flexepin<\/strong> \u00e9 uma alternativa ideal ao pagamento com cart\u00e3o de cr\u00e9dito. Com este cup\u00e3o pr\u00e9-pago, pode pagar as suas compras com <strong>de forma r\u00e1pida e segura<\/strong> em muitos s\u00edtios que aceitam o Flexepin. Quer pretenda manter o anonimato ou evitar a utiliza\u00e7\u00e3o de um cart\u00e3o de cr\u00e9dito, <strong>Flexepin \u00e9 a solu\u00e7\u00e3o de que necessita!<\/strong><\/p>\n<p>\u2705 <strong>Compras r\u00e1pidas e seguras sem uma conta banc\u00e1ria<\/strong><br \/>\u2705 <strong>Pode ser utilizado imediatamente ap\u00f3s a compra<\/strong><br \/>\u2705 <strong>Compat\u00edvel com milhares de s\u00edtios de parceiros<\/strong><br \/>\u2705 <strong>Entrega imediata por correio eletr\u00f3nico ap\u00f3s o pagamento<\/strong><\/p>\n<hr \/>\n<h3>\ud83d\udce9 <strong>Receba a sua recarga Flexepin imediatamente por correio eletr\u00f3nico<\/strong><\/h3>\n<p>Assim que o seu pagamento em <strong>Bitcoin ou Altcoins<\/strong> for confirmado, receber\u00e1 o seu <strong>C\u00f3digo de 16 d\u00edgitos<\/strong> diretamente por correio eletr\u00f3nico.<\/p>\n<p>\ud83d\udd25 <strong>Utilize o seu cup\u00e3o Flexepin em sites de comerciantes que aceitem este m\u00e9todo de pagamento!<\/strong><\/p>\n<p>\ud83d\udd52 <strong>Nota: cada cup\u00e3o \u00e9 v\u00e1lido por 12 meses.<\/strong> Ap\u00f3s este per\u00edodo, podem ser aplicadas taxas mensais. Para verificar o seu saldo, visite <strong><a href=\"https:\/\/www.flexepin.com\/\" target=\"_blank\" rel=\"noopener\">s\u00edtio Web oficial da Flexepin<\/a><\/strong>.<\/p>\n<hr \/>\n<h3>\ud83d\udd27 <strong>Como \u00e9 que utilizo a minha recarga Flexepin?<\/strong><\/h3>\n<ol>\n<li><strong>Adiciona o Flexepin Reload ao teu cesto e efectua o pagamento em criptomoedas.<\/strong><\/li>\n<li><strong>Receba o seu c\u00f3digo instantaneamente por correio eletr\u00f3nico.<\/strong><\/li>\n<li><strong>Aceda a um s\u00edtio que aceite o Flexepin e selecione este m\u00e9todo de pagamento.<\/strong><\/li>\n<li><strong>Introduza o seu c\u00f3digo Flexepin de 16 d\u00edgitos e confirme a sua compra.<\/strong><\/li>\n<li><strong>O montante do seu cup\u00e3o ser\u00e1 utilizado diretamente para o seu pagamento!<\/strong><\/li>\n<\/ol>\n<p>\ud83d\udd25 <strong>Desfrute de um m\u00e9todo de pagamento flex\u00edvel, an\u00f3nimo e sem complica\u00e7\u00f5es!<\/strong><\/p>\n<hr \/>\n<h3>\ud83c\udf81 <strong>Ofere\u00e7a uma recarga Flexepin: um presente pr\u00e1tico!<\/strong><\/h3>\n<p>Gostaria de oferecer um meio de pagamento universal e seguro? Visitar <strong>Recarga Flexepin<\/strong> \u00e9 <strong>a prenda perfeita<\/strong> !<\/p>\n<p>\ud83c\udf81 <strong>Ideal para compras online sem cart\u00e3o banc\u00e1rio<\/strong><br \/>\ud83c\udf81 <strong>\u00datil para jogadores e compradores internacionais<\/strong><br \/>\ud83c\udf81 <strong>A forma perfeita de comprar criptomoedas facilmente<\/strong><\/p>\n<p>Tamb\u00e9m pode optar por um <strong><a href=\"https:\/\/digitalcoingifts.com\/pt\/recarga-skrill\/\">Recarregamento Skrill<\/a><\/strong> ou um <strong><a href=\"https:\/\/digitalcoingifts.com\/pt\/recarga-de-cartao-cashu\/\">Recarga do cart\u00e3o CASHU<\/a><\/strong> para mais op\u00e7\u00f5es!<\/p>\n<hr \/>\n<h3>\ud83d\udcb0 <strong>Que montantes est\u00e3o dispon\u00edveis?<\/strong><\/h3>\n<p>O <strong>Cup\u00f5es Flexepin<\/strong> est\u00e3o dispon\u00edveis em v\u00e1rios tamanhos:<\/p>\n<ul>\n<li><strong>50\u20ac<\/strong><\/li>\n<li><strong>100\u20ac<\/strong><\/li>\n<li><strong>150\u20ac<\/strong><\/li>\n<li><strong>250\u20ac<\/strong><\/li>\n<\/ul>\n<hr \/>\n<h3>\ud83d\udcb3 <strong>Comprar a sua recarga Flexepin em criptomoedas<\/strong><\/h3>\n<p>Efetuar o pagamento <strong>de forma r\u00e1pida e segura<\/strong> com :<\/p>\n<ul>\n<li><strong>Bitcoin (BTC)<\/strong><\/li>\n<li><strong>Ethereum (ETH)<\/strong><\/li>\n<li><strong>Dash (DASH)<\/strong><\/li>\n<li><strong>Bitcoin Cash (BCH)<\/strong><\/li>\n<li><strong>Dogecoin (DOGE)<\/strong><\/li>\n<li><strong>Litecoin (LTC)<\/strong><\/li>\n<\/ul>\n<p>\u2705 <strong>Pagamento seguro atrav\u00e9s de blockchain.<\/strong><br \/>\u2705 <strong>Entrega imediata ap\u00f3s valida\u00e7\u00e3o.<\/strong><br \/>\u2705 <strong>N\u00e3o \u00e9 necess\u00e1rio cart\u00e3o de cr\u00e9dito.<\/strong><\/p>\n<hr \/>\n<h3>\ud83d\udca1 <strong>Outras recargas pr\u00e9-pagas dispon\u00edveis<\/strong><\/h3>\n<p>Recomendamos tamb\u00e9m :<\/p>\n<ul>\n<li>\ud83d\udcb3 <strong><a href=\"https:\/\/digitalcoingifts.com\/pt\/recarga-neosurf\/\">Recarga Neosurf<\/a><\/strong><\/li>\n<li>\ud83d\udcb3 <strong><a href=\"https:\/\/digitalcoingifts.com\/pt\/cartao-presente-paypal\/\">Cart\u00e3o de oferta PayPal<\/a><\/strong><\/li>\n<li>\ud83d\udcb3 <strong><a href=\"https:\/\/digitalcoingifts.com\/pt\/recarga-de-bilhete-premio\/\">Complemento do pr\u00e9mio de emiss\u00e3o de bilhetes<\/a><\/strong><\/li>\n<\/ul>\n<h3>\ud83d\udd17 <strong>Liga\u00e7\u00e3o oficial do Flexepin<\/strong><\/h3>\n<p>Para mais informa\u00e7\u00f5es sobre a utiliza\u00e7\u00e3o deste servi\u00e7o e dos seus parceiros, visite o s\u00edtio <strong><a href=\"https:\/\/www.flexepin.com\/\" target=\"_blank\" rel=\"noopener\">p\u00e1gina oficial do Flexepin<\/a><\/strong>.<\/p>\n<hr \/>\n<p>\ud83d\udd25 <strong>Compre j\u00e1 a sua recarga Flexepin e pague facilmente em linha!<\/strong><\/p>\n<p>\n<!-- \u2705 Conteneur principal --><\/p>\n<div id=\"trust-section\" style=\"max-width: 100%;padding: 20px;text-align: center;background: #f9f9f9;border-radius: 10px\">\n<p>    <!-- \u2705 Badge Trustpilot centr\u00e9 --><\/p>\n<div style=\"margin-bottom: 15px;justify-content: center;align-items: center\">\n        <img decoding=\"async\" src=\"https:\/\/digitalcoingifts.com\/wp-content\/uploads\/2024\/12\/trustpilot_1600x.webp\" alt=\"Coment\u00e1rios da Trustpilot\" width=\"140\" style=\"max-width: 100%\" title=\"\">\n    <\/div>\n<p style=\"font-size: 14px;color: #333;font-weight: bold;margin-top: 5px\">\n        Fa\u00e7a as suas compras com facilidade gra\u00e7as \u00e0 fiabilidade da cadeia de blocos\n    <\/p>\n<p>    <!-- \u2705 Compteur de ventes dynamique (ax\u00e9 sur \u201csemaine\u201d) --><\/p>\n<div id=\"sales-counter\" style=\"text-align: center;font-size: 18px;font-weight: bold;color: #27ae60;margin-top: 10px;padding: 10px\">\n        \ud83d\udd25 <span id=\"sales-text\">Esta semana<\/span> <span id=\"sales-number\">35<\/span><br \/>\n        <span id=\"sales-product\">cart\u00f5es de oferta<\/span> <span id=\"sales-sold\">vendido<\/span> !\n    <\/div>\n<p>    <!-- \u2705 Bouton d'Appel \u00e0 l'Action --><br \/>\n    <button id=\"back-to-top\" style=\"margin-top: 15px;padding: 12px 25px;font-size: 16px;font-weight: bold;background: #FFA500;color: white;border: none;border-radius: 5px;cursor: pointer\"><br \/>\n        \ud83d\uded2 Concluir a minha compra<br \/>\n    <\/button><\/p>\n<p>    <!-- \u2705 Code Promo en bleu modernis\u00e9 --><\/p>\n<div id=\"promo-banner\" style=\"background: #007BFF;color: white;padding: 12px;font-size: 18px;font-weight: bold;margin-top: 15px;border-radius: 5px\">\n        \ud83c\udf81 **Ganhe 10% de desconto** na sua primeira encomenda com o c\u00f3digo **Promo10**!\n    <\/div>\n<p>    <!-- \u2705 Bloc FAQ remis \u00e0 jour --><\/p>\n<div id=\"faq-wrapper\" style=\"margin-top: 20px;padding: 15px;background: #E9F5E9;border-radius: 10px;text-align: center\">\n<h3 style=\"color: #228B22;font-size: 20px;font-weight: bold\">Quest\u00f5es recorrentes<\/h3>\n<div class=\"faq-item\">\n            <button class=\"faq-question\">Como \u00e9 que posso adquirir um cart\u00e3o presente de criptomoedas?<\/button><\/p>\n<div class=\"faq-answer\">\n                Escolha o valor do cart\u00e3o, efectue o pagamento em Bitcoin, Ethereum ou USDT e receba-o imediatamente por e-mail.\n            <\/div>\n<\/p>\n<\/div>\n<div class=\"faq-item\">\n            <button class=\"faq-question\">As transac\u00e7\u00f5es com criptomoedas s\u00e3o seguras?<\/button><\/p>\n<div class=\"faq-answer\">\n                Sim, gra\u00e7as \u00e0 cadeia de blocos, cada pagamento \u00e9 validado de forma transparente, limitando o risco de fraude.\n            <\/div>\n<\/p>\n<\/div>\n<div class=\"faq-item\">\n            <button class=\"faq-question\">Em quanto tempo \u00e9 que o cart\u00e3o \u00e9 enviado?<\/button><\/p>\n<div class=\"faq-answer\">\n                O seu cart\u00e3o oferta \u00e9 gerado <strong>instantaneamente<\/strong> ap\u00f3s a rece\u00e7\u00e3o do pagamento. Chegar\u00e1 \u00e0 sua caixa de correio, pronto a ser utilizado.\n            <\/div>\n<\/p>\n<\/div>\n<div class=\"faq-item\">\n            <button class=\"faq-question\">Pode ser utilizado no meu pa\u00eds?<\/button><\/p>\n<div class=\"faq-answer\">\n                Os nossos cart\u00f5es funcionam <strong>em todo o mundo<\/strong> \ud83c\udf0d !<br \/>\n                Apr\u00e8s confirmation de votre achat, vous recevrez une carte adapt\u00e9e \u00e0 votre pays de r\u00e9sidence.\n            <\/div>\n<\/p>\n<\/div>\n<\/div>\n<\/div>\n<p><!-- \u2705 JavaScript pour le compteur et les interactions --><\/p>\n<p>    function getLang() {<br \/>\n        return document.documentElement.lang || navigator.language.split(&lsquo;-&lsquo;)[0] || &lsquo;fr&rsquo;;<br \/>\n    }<\/p>\n<p>    function updateSalesText() {<br \/>\n        let lang = getLang();<br \/>\n        let salesText = document.getElementById(&lsquo;sales-text&rsquo;);<br \/>\n        let salesProduct = document.getElementById(&lsquo;sales-product&rsquo;);<br \/>\n        let salesSold = document.getElementById(&lsquo;sales-sold&rsquo;);<\/p>\n<p>        let translations = {<br \/>\n            fr: { text: \u00ab\u00a0Cette semaine\u00a0\u00bb, product: \u00ab\u00a0cartes-cadeaux\u00a0\u00bb, sold: \u00ab\u00a0vendues\u00a0\u00bb },<br \/>\n            en: { text: \u00ab\u00a0This week\u00a0\u00bb, product: \u00ab\u00a0gift cards\u00a0\u00bb, sold: \u00ab\u00a0sold\u00a0\u00bb },<br \/>\n            es: { text: \u00ab\u00a0Esta semana\u00a0\u00bb, product: \u00ab\u00a0tarjetas de regalo\u00a0\u00bb, sold: \u00ab\u00a0vendidas\u00a0\u00bb },<br \/>\n            de: { text: \u00ab\u00a0Diese Woche\u00a0\u00bb, product: \u00ab\u00a0Geschenkkarten\u00a0\u00bb, sold: \u00ab\u00a0verkauft\u00a0\u00bb }<br \/>\n        };<\/p>\n<p>        if (translations[lang]) {<br \/>\n            salesText.textContent = translations[lang].text;<br \/>\n            salesProduct.textContent = translations[lang].product;<br \/>\n            salesSold.textContent = translations[lang].sold;<br \/>\n        }<br \/>\n    }<\/p>\n<p>    let baseSales = Math.floor(Math.random() * (48 &#8211; 23 + 1)) + 23; \/\/ D\u00e9part al\u00e9atoire entre 23 et 48<br \/>\n    document.getElementById(\u00ab\u00a0sales-number\u00a0\u00bb).textContent = baseSales;<\/p>\n<p>    function updateSales() {<br \/>\n        let salesNumber = document.getElementById(\u00ab\u00a0sales-number\u00a0\u00bb);<br \/>\n        let currentSales = parseInt(salesNumber.textContent);<br \/>\n        let increase = Math.floor(Math.random() * 3) + 1; \/\/ Incr\u00e9mente de 1 \u00e0 3<\/p>\n<p>        let newSales = currentSales + increase;<br \/>\n        if (newSales &gt; 48) {<br \/>\n            newSales = 48; \/\/ Ne d\u00e9passe jamais 48<br \/>\n        }<\/p>\n<p>        salesNumber.textContent = newSales;<br \/>\n    }<\/p>\n<p>    updateSalesText();<br \/>\n    setInterval(updateSales, Math.floor(Math.random() * 20000) + 10000); \/\/ Mise \u00e0 jour al\u00e9atoire entre 10 et 20 sec<\/p>\n<p>    document.querySelectorAll(\u00ab\u00a0.faq-question\u00a0\u00bb).forEach(button =&gt; {<br \/>\n        button.addEventListener(\u00ab\u00a0click\u00a0\u00bb, function() {<br \/>\n            let answer = this.nextElementSibling;<br \/>\n            answer.style.display = (answer.style.display === \u00ab\u00a0block\u00a0\u00bb) ? \u00ab\u00a0none\u00a0\u00bb : \u00ab\u00a0block\u00a0\u00bb;<br \/>\n        });<br \/>\n    });<\/p>\n<p>    document.getElementById(\u00ab\u00a0back-to-top\u00a0\u00bb).addEventListener(\u00ab\u00a0click\u00a0\u00bb, function() {<br \/>\n        window.scrollTo({ top: 0, behavior: \u00ab\u00a0smooth\u00a0\u00bb });<br \/>\n    });\n<\/p>\n<p><!-- \u2705 Styles CSS --><\/p>\n<\/p>\n<p>    .faq-question:hover {<br \/>\n        background: #1D7A1D;<br \/>\n    }<\/p>\n<\/p>\n<p>    #back-to-top:hover {<br \/>\n        background: #E69500;<br \/>\n    }<\/p>\n<\/p>\n<p>\n}<\/p>\n<h3>\ud83d\udd0d Vous aimerez aussi :<\/h3>\n<ul>\n<li><a href=\"https:\/\/digitalcoingifts.com\/pt\/recarga-de-cartao-pre-pago\/recarga-mastercard-pcs\/\">Recarregar Pcs Mastercard<\/a><\/li>\n<li><a href=\"https:\/\/digitalcoingifts.com\/pt\/recarga-de-cartao-pre-pago\/recarga-neosurf\/\">Recarga Neosurf<\/a><\/li>\n<li><a href=\"https:\/\/digitalcoingifts.com\/pt\/recarga-de-cartao-pre-pago\/recarga-transcash\/\">Recharge Transcash Bitcoin | Code Imm\u00e9diat | Sans Compte Bancaire<\/a><\/li>\n<\/ul>","protected":false},"excerpt":{"rendered":"<p>Recharge Flexepin payable en Bitcoin, USDT et plus de 20 cryptos. Livraison rapide du code par email et paiement s\u00e9curis\u00e9.<\/p>","protected":false},"featured_media":6797,"comment_status":"open","ping_status":"closed","template":"","meta":{"iawp_total_views":0},"product_brand":[],"product_cat":[138],"product_tag":[1154,244,1156,1155,1157,1153],"class_list":{"0":"post-6791","1":"product","2":"type-product","3":"status-publish","4":"has-post-thumbnail","6":"product_cat-recharge-carte-prepayee","7":"product_tag-acheter-flexepin-en-crypto","8":"product_tag-carte-prepayee","9":"product_tag-carte-prepayee-flexepin","10":"product_tag-code-flexepin-bitcoin","11":"product_tag-paiement-anonyme-en-cryptomonnaie","12":"product_tag-recharge-flexepin","14":"first","15":"instock","16":"shipping-taxable","17":"purchasable","18":"product-type-variable"},"_links":{"self":[{"href":"https:\/\/digitalcoingifts.com\/pt\/wp-json\/wp\/v2\/product\/6791","targetHints":{"allow":["GET"]}}],"collection":[{"href":"https:\/\/digitalcoingifts.com\/pt\/wp-json\/wp\/v2\/product"}],"about":[{"href":"https:\/\/digitalcoingifts.com\/pt\/wp-json\/wp\/v2\/types\/product"}],"replies":[{"embeddable":true,"href":"https:\/\/digitalcoingifts.com\/pt\/wp-json\/wp\/v2\/comments?post=6791"}],"wp:featuredmedia":[{"embeddable":true,"href":"https:\/\/digitalcoingifts.com\/pt\/wp-json\/wp\/v2\/media\/6797"}],"wp:attachment":[{"href":"https:\/\/digitalcoingifts.com\/pt\/wp-json\/wp\/v2\/media?parent=6791"}],"wp:term":[{"taxonomy":"product_brand","embeddable":true,"href":"https:\/\/digitalcoingifts.com\/pt\/wp-json\/wp\/v2\/product_brand?post=6791"},{"taxonomy":"product_cat","embeddable":true,"href":"https:\/\/digitalcoingifts.com\/pt\/wp-json\/wp\/v2\/product_cat?post=6791"},{"taxonomy":"product_tag","embeddable":true,"href":"https:\/\/digitalcoingifts.com\/pt\/wp-json\/wp\/v2\/product_tag?post=6791"}],"curies":[{"name":"wp","href":"https:\/\/api.w.org\/{rel}","templated":true}]}}