{"id":6785,"date":"2020-05-02T07:46:38","date_gmt":"2020-05-02T05:46:38","guid":{"rendered":"https:\/\/digitalcoingifts.com\/?post_type=product&#038;p=6785"},"modified":"2026-02-14T18:19:57","modified_gmt":"2026-02-14T17:19:57","slug":"recharge-cashu-card","status":"publish","type":"product","link":"https:\/\/digitalcoingifts.com\/pt\/recharge-carte-prepayee\/recharge-cashu-card\/","title":{"rendered":"Recarga do cart\u00e3o CASHU"},"content":{"rendered":"<h2>Compre sua recarga de cart\u00e3o CASHU com seu Bitcoin e Altcoins!<\/h2>\n<h3>\ud83d\udcb3 <strong>Recarregue o seu cart\u00e3o CASHU em apenas alguns segundos!<\/strong><\/h3>\n<p>Onde quer que esteja, compre o seu <strong>Recarga do cart\u00e3o CASHU<\/strong> em <strong>Bitcoin ou Altcoins<\/strong> e <strong>receber imediatamente o seu c\u00f3digo de recarga por correio eletr\u00f3nico<\/strong>. Ligue o seu <strong>Carteira CASHU<\/strong> com facilidade e desfrutar de compras em linha seguras, jogos e chamadas VoIP <strong>sem cart\u00e3o de cr\u00e9dito<\/strong>.<\/p>\n<p>\u2705 <strong>Recarga instant\u00e2nea e segura.<\/strong><br \/>\u2705 <strong>Utiliza\u00e7\u00e3o an\u00f3nima, sem necessidade de uma conta banc\u00e1ria.<\/strong><br \/>\u2705 <strong>Compat\u00edvel com milhares de s\u00edtios de comerciantes e servi\u00e7os em linha.<\/strong><br \/>\u2705 <strong>Ideal para pagamentos online no Norte de \u00c1frica e no M\u00e9dio Oriente.<\/strong><\/p>\n<hr \/>\n<h3>\ud83d\udce9 <strong>Receba o seu carregamento CASHU imediatamente por e-mail<\/strong><\/h3>\n<p>Assim que o seu pagamento em <strong>Bitcoin ou Altcoins<\/strong> \u00e9 validado, <strong>O seu c\u00f3digo CASHU \u00e9-lhe enviado instantaneamente<\/strong> por correio eletr\u00f3nico. Recarregar o seu <strong>carteira digital<\/strong> e utiliz\u00e1-lo imediatamente em milhares de plataformas que aceitam este m\u00e9todo de pagamento.<\/p>\n<p>\ud83d\udd25 <strong>Uma solu\u00e7\u00e3o de pagamento simples, r\u00e1pida e totalmente segura!<\/strong><\/p>\n<hr \/>\n<h3>\u2753 <strong>O que \u00e9 a CASHU?<\/strong><\/h3>\n<p>La <strong>Recarga do cart\u00e3o CASHU<\/strong> permite a milh\u00f5es de utilizadores na regi\u00e3o MENA (<strong>M\u00e9dio Oriente e Norte de \u00c1frica<\/strong>) para pagar em linha <strong>sem cart\u00e3o de cr\u00e9dito<\/strong>. Este servi\u00e7o oferece uma alternativa <strong>seguro e an\u00f3nimo<\/strong>protegendo a privacidade dos utilizadores e permitindo-lhes efetuar pagamentos em linha sem riscos.<\/p>\n<p>\u2705 <strong>Compat\u00edvel com mais de 7.000 s\u00edtios de com\u00e9rcio eletr\u00f3nico.<\/strong><br \/>\u2705 <strong>Solu\u00e7\u00e3o antifraude avan\u00e7ada para garantir transac\u00e7\u00f5es seguras.<\/strong><br \/>\u2705 <strong>Acesso a jogos, compras e servi\u00e7os de chamadas VoIP.<\/strong><\/p>\n<p>\ud83d\udca1 <strong>Precisa de mais carregamentos pr\u00e9-pagos?<\/strong> Ver tamb\u00e9m:<\/p>\n<ul>\n<li>\ud83d\udcb3 <strong><a href=\"https:\/\/digitalcoingifts.com\/pt\/cartao-presente-paypal\/\">Cart\u00e3o de oferta PayPal<\/a><\/strong><\/li>\n<li>\ud83d\udcb3 <strong><a href=\"https:\/\/digitalcoingifts.com\/pt\/recarga-paysafecard\/\">Carregamento do Paysafecard<\/a><\/strong><\/li>\n<li>\ud83d\udcb3 <strong><a href=\"https:\/\/digitalcoingifts.com\/pt\/recarga-mastercard-pcs\/\">Recarga do cart\u00e3o PCS Mastercard<\/a><\/strong><\/li>\n<\/ul>\n<hr \/>\n<h3>\ud83d\uded2 <strong>Onde pode utilizar a recarga CASHU?<\/strong><\/h3>\n<p>Assim que a sua carteira CASHU tiver sido recarregada, pode us\u00e1-la para <strong>efetuar pagamentos em milhares de s\u00edtios em linha<\/strong>. Os servi\u00e7os compat\u00edveis incluem :<\/p>\n<ul>\n<li>\ud83d\udecd\ufe0f <strong>Lojas de com\u00e9rcio eletr\u00f3nico<\/strong><\/li>\n<li>\ud83c\udfae <strong>Jogos online e compras no jogo<\/strong><\/li>\n<li>\ud83d\udcde <strong>Chamadas VoIP e servi\u00e7os de comunica\u00e7\u00e3o<\/strong><\/li>\n<li>\ud83c\udf0d <strong>Plataformas que aceitam CASHU como meio de pagamento<\/strong><\/li>\n<\/ul>\n<p>\ud83d\udca1 <strong>A lista de retalhistas compat\u00edveis est\u00e1 a aumentar de dia para dia<\/strong> !<\/p>\n<hr \/>\n<h3>\ud83d\udcb3 <strong>CASHU e o cart\u00e3o pr\u00e9-pago Mastercard<\/strong><\/h3>\n<p>Alguns utilizadores da CASHU nos seguintes pa\u00edses podem obter uma <strong>Cart\u00e3o pr\u00e9-pago Mastercard<\/strong> ligado \u00e0 sua conta CASHU:<\/p>\n<p>\ud83c\uddf0\ud83c\uddfc \ud83c\udde7\ud83c\udded \ud83c\udde6\ud83c\uddea \ud83c\uddf4\ud83c\uddf2 \ud83c\uddf8\ud83c\udde6 \ud83c\uddfe\ud83c\uddea \ud83c\uddee\ud83c\uddf6 \ud83c\uddef\ud83c\uddf4 \ud83c\uddf1\ud83c\udde7 \ud83c\uddf5\ud83c\uddf8 \ud83c\uddf9\ud83c\uddf7 \ud83c\uddea\ud83c\uddec \ud83c\uddf1\ud83c\uddfe \ud83c\uddf9\ud83c\uddf3 \ud83c\udde9\ud83c\uddff \ud83c\uddf2\ud83c\udde6 \ud83c\udde8\ud83c\uddf3 \ud83c\udded\ud83c\uddf0<\/p>\n<p>Se \u00e9 residente num destes pa\u00edses, pode solicitar o seu cart\u00e3o diretamente no site oficial da CASHU. <strong>Se vive fora destas zonas<\/strong>pode optar por um <strong><a href=\"https:\/\/digitalcoingifts.com\/pt\/cartao-visa-pre-pago\/\">Cart\u00e3o pr\u00e9-pago Visa<\/a><\/strong> ou um <strong><a href=\"https:\/\/digitalcoingifts.com\/pt\/cartao-pre-pago-mastercard\/\">Cart\u00e3o pr\u00e9-pago Mastercard<\/a><\/strong>.<\/p>\n<hr \/>\n<h3>\ud83d\udcb0 <strong>Que montantes est\u00e3o dispon\u00edveis?<\/strong><\/h3>\n<p>O <strong>Recargas de cart\u00f5es CASHU<\/strong> est\u00e3o dispon\u00edveis em v\u00e1rios tamanhos:<\/p>\n<ul>\n<li><strong>50\u20ac<\/strong><\/li>\n<li><strong>100\u20ac<\/strong><\/li>\n<li><strong>150\u20ac<\/strong><\/li>\n<li><strong>250\u20ac<\/strong><\/li>\n<\/ul>\n<hr \/>\n<h3>\ud83d\udcb3 <strong>Comprar a recarga do seu cart\u00e3o CASHU em criptomoedas<\/strong><\/h3>\n<p>Efetuar o pagamento <strong>de forma r\u00e1pida e segura<\/strong> com :<\/p>\n<ul>\n<li><strong>Bitcoin (BTC)<\/strong><\/li>\n<li><strong>Ethereum (ETH)<\/strong><\/li>\n<li><strong>Dash (DASH)<\/strong><\/li>\n<li><strong>Bitcoin Cash (BCH)<\/strong><\/li>\n<li><strong>Dogecoin (DOGE)<\/strong><\/li>\n<li><strong>Litecoin (LTC)<\/strong><\/li>\n<\/ul>\n<p>\u2705 <strong>Pagamento seguro atrav\u00e9s de blockchain.<\/strong><br \/>\u2705 <strong>Entrega imediata ap\u00f3s valida\u00e7\u00e3o.<\/strong><br \/>\u2705 <strong>N\u00e3o \u00e9 necess\u00e1rio cart\u00e3o de cr\u00e9dito.<\/strong><\/p>\n<hr \/>\n<h3>\ud83d\udd17 <strong>Liga\u00e7\u00e3o oficial da CASHU<\/strong><\/h3>\n<p>Para mais informa\u00e7\u00f5es sobre como utilizar o s\u00edtio e os servi\u00e7os dispon\u00edveis, visite o s\u00edtio <strong><a href=\"https:\/\/www.cashu.com\/\" target=\"_blank\" rel=\"noopener\">P\u00e1gina oficial da CASHU<\/a><\/strong>.<\/p>\n<hr \/>\n<p>\ud83d\udd25 <strong>Compre agora o carregamento do seu cart\u00e3o CASHU e tire partido de um m\u00e9todo de pagamento flex\u00edvel e seguro!<\/strong><\/p>\n<p>\n<!-- \u2705 Conteneur principal --><\/p>\n<div id=\"trust-section\" style=\"max-width: 100%;padding: 20px;text-align: center;background: #f9f9f9;border-radius: 10px\">\n<p>    <!-- \u2705 Badge Trustpilot centr\u00e9 --><\/p>\n<div style=\"margin-bottom: 15px;justify-content: center;align-items: center\">\n        <img decoding=\"async\" src=\"https:\/\/digitalcoingifts.com\/wp-content\/uploads\/2024\/12\/trustpilot_1600x.webp\" alt=\"Coment\u00e1rios da Trustpilot\" width=\"140\" style=\"max-width: 100%\" title=\"\">\n    <\/div>\n<p style=\"font-size: 14px;color: #333;font-weight: bold;margin-top: 5px\">\n        Comprar com tranquilidade gra\u00e7as \u00e0 seguran\u00e7a infal\u00edvel da cadeia de blocos\n    <\/p>\n<p>    <!-- \u2705 Compteur de ventes dynamique (centr\u00e9 sur \u201csemaine\u201d) --><\/p>\n<div id=\"sales-counter\" style=\"text-align: center;font-size: 18px;font-weight: bold;color: #27ae60;margin-top: 10px;padding: 10px\">\n        \ud83d\udd25 <span id=\"sales-text\">Esta semana<\/span> <span id=\"sales-number\">35<\/span><br \/>\n        <span id=\"sales-product\">cart\u00f5es de oferta<\/span> <span id=\"sales-sold\">vendido<\/span> !\n    <\/div>\n<p>    <!-- \u2705 Bouton d'Appel \u00e0 l'Action (texte modifi\u00e9) --><br \/>\n    <button id=\"back-to-top\" style=\"margin-top: 15px;padding: 12px 25px;font-size: 16px;font-weight: bold;background: #FFA500;color: white;border: none;border-radius: 5px;cursor: pointer\"><br \/>\n        Obtenha o seu cart\u00e3o de oferta agora<br \/>\n    <\/button><\/p>\n<p>    <!-- \u2705 Code Promo en bleu modernis\u00e9 --><\/p>\n<div id=\"promo-banner\" style=\"background: #007BFF;color: white;padding: 12px;font-size: 18px;font-weight: bold;margin-top: 15px;border-radius: 5px\">\n        \ud83c\udf81 **-10% na sua primeira encomenda** com o c\u00f3digo **Promo10** !\n    <\/div>\n<p>    <!-- \u2705 Bloc FAQ re-r\u00e9dig\u00e9 --><\/p>\n<div id=\"faq-wrapper\" style=\"margin-top: 20px;padding: 15px;background: #E9F5E9;border-radius: 10px;text-align: center\">\n<h3 style=\"color: #228B22;font-size: 20px;font-weight: bold\">Perguntas frequentes<\/h3>\n<div class=\"faq-item\">\n            <button class=\"faq-question\">Como \u00e9 que se adquire um cart\u00e3o presente atrav\u00e9s de criptomoeda?<\/button><\/p>\n<div class=\"faq-answer\">\n                Escolha um montante, pague em Bitcoin, Ethereum ou USDT e receba o seu cart\u00e3o instantaneamente por correio eletr\u00f3nico.\n            <\/div>\n<\/p>\n<\/div>\n<div class=\"faq-item\">\n            <button class=\"faq-question\">Os pagamentos com criptomoedas est\u00e3o protegidos?<\/button><\/p>\n<div class=\"faq-answer\">\n                Sim, a cadeia de blocos aumenta a transpar\u00eancia e a seguran\u00e7a de cada transa\u00e7\u00e3o, reduzindo consideravelmente o risco de fraude.\n            <\/div>\n<\/p>\n<\/div>\n<div class=\"faq-item\">\n            <button class=\"faq-question\">Quanto tempo falta para receber o meu cart\u00e3o oferta?<\/button><\/p>\n<div class=\"faq-answer\">\n                \u00c9 emitido <strong>sem demora<\/strong> assim que o pagamento for confirmado. Encontr\u00e1-lo-\u00e1 imediatamente na sua caixa de correio eletr\u00f3nico.\n            <\/div>\n<\/p>\n<\/div>\n<div class=\"faq-item\">\n            <button class=\"faq-question\">Pode ser utilizado em qualquer lugar?<\/button><\/p>\n<div class=\"faq-answer\">\n                Os nossos cart\u00f5es s\u00e3o aceites <strong>em todo o mundo<\/strong> \ud83c\udf0d !<br \/>\n                Une fois votre r\u00e8glement confirm\u00e9, vous recevez une carte adapt\u00e9e \u00e0 votre pays de r\u00e9sidence.\n            <\/div>\n<\/p>\n<\/div>\n<\/div>\n<\/div>\n<p><!-- \u2705 JavaScript pour le compteur et les interactions -->\n<\/p>\n<p><!-- \u2705 Styles CSS --><\/p>\n<\/p>\n<p>    .faq-question:hover {<br \/>\n        background: #1D7A1D;<br \/>\n    }<\/p>\n<\/p>\n<p>    #back-to-top:hover {<br \/>\n        background: #E69500;<br \/>\n    }<\/p>\n<h3>\ud83d\udd0d Vous aimerez aussi :<\/h3>\n<ul>\n<li><a href=\"https:\/\/digitalcoingifts.com\/pt\/recarga-de-cartao-pre-pago\/recarga-mastercard-pcs\/\">Recarregar Pcs Mastercard<\/a><\/li>\n<li><a href=\"https:\/\/digitalcoingifts.com\/pt\/recarga-de-cartao-pre-pago\/recarga-neosurf\/\">Recarga Neosurf<\/a><\/li>\n<li><a href=\"https:\/\/digitalcoingifts.com\/pt\/recarga-de-cartao-pre-pago\/recarga-transcash\/\">Recharge Transcash Bitcoin | Code Imm\u00e9diat | Sans Compte Bancaire<\/a><\/li>\n<\/ul>","protected":false},"excerpt":{"rendered":"<p>Recharge CASHU Card payable en Bitcoin, USDT et plus de 20 cryptos. Livraison rapide du code par email et paiement s\u00e9curis\u00e9.<\/p>","protected":false},"featured_media":6786,"comment_status":"open","ping_status":"closed","template":"","meta":{"iawp_total_views":3},"product_brand":[],"product_cat":[138],"product_tag":[1159,244,1161,1160,1157,1158],"class_list":{"0":"post-6785","1":"product","2":"type-product","3":"status-publish","4":"has-post-thumbnail","6":"product_cat-recharge-carte-prepayee","7":"product_tag-acheter-cashu-en-crypto","8":"product_tag-carte-prepayee","9":"product_tag-carte-prepayee-cashu","10":"product_tag-code-cashu-bitcoin","11":"product_tag-paiement-anonyme-en-cryptomonnaie","12":"product_tag-recharge-cashu","14":"first","15":"instock","16":"shipping-taxable","17":"purchasable","18":"product-type-variable"},"_links":{"self":[{"href":"https:\/\/digitalcoingifts.com\/pt\/wp-json\/wp\/v2\/product\/6785","targetHints":{"allow":["GET"]}}],"collection":[{"href":"https:\/\/digitalcoingifts.com\/pt\/wp-json\/wp\/v2\/product"}],"about":[{"href":"https:\/\/digitalcoingifts.com\/pt\/wp-json\/wp\/v2\/types\/product"}],"replies":[{"embeddable":true,"href":"https:\/\/digitalcoingifts.com\/pt\/wp-json\/wp\/v2\/comments?post=6785"}],"wp:featuredmedia":[{"embeddable":true,"href":"https:\/\/digitalcoingifts.com\/pt\/wp-json\/wp\/v2\/media\/6786"}],"wp:attachment":[{"href":"https:\/\/digitalcoingifts.com\/pt\/wp-json\/wp\/v2\/media?parent=6785"}],"wp:term":[{"taxonomy":"product_brand","embeddable":true,"href":"https:\/\/digitalcoingifts.com\/pt\/wp-json\/wp\/v2\/product_brand?post=6785"},{"taxonomy":"product_cat","embeddable":true,"href":"https:\/\/digitalcoingifts.com\/pt\/wp-json\/wp\/v2\/product_cat?post=6785"},{"taxonomy":"product_tag","embeddable":true,"href":"https:\/\/digitalcoingifts.com\/pt\/wp-json\/wp\/v2\/product_tag?post=6785"}],"curies":[{"name":"wp","href":"https:\/\/api.w.org\/{rel}","templated":true}]}}