{"id":6779,"date":"2020-05-01T12:47:36","date_gmt":"2020-05-01T10:47:36","guid":{"rendered":"https:\/\/digitalcoingifts.com\/?post_type=product&#038;p=6779"},"modified":"2026-02-14T12:14:41","modified_gmt":"2026-02-14T11:14:41","slug":"carte-prepayee-mastercard-virtuelle","status":"publish","type":"product","link":"https:\/\/digitalcoingifts.com\/pt\/recharge-carte-prepayee\/carte-prepayee-mastercard-virtuelle\/","title":{"rendered":"Cart\u00e3o pr\u00e9-pago virtual Mastercard"},"content":{"rendered":"<h2 data-pm-slice=\"1 1 []\">Cart\u00e3o Virtual Mastercard Pr\u00e9-pago em Bitcoins e Cripto-moedas<\/h2>\n<h3>\ud83d\ude80 <strong>Compre o seu cart\u00e3o pr\u00e9-pago Virtual Mastercard em apenas alguns minutos!<\/strong><\/h3>\n<p>Necessita de um <strong>Cart\u00e3o pr\u00e9-pago virtual Mastercard<\/strong> para compras em linha ou um presente de \u00faltima hora? Compre um cart\u00e3o diretamente em <strong>Bitcoin ou outras criptomoedas<\/strong> e receb\u00ea-lo <strong>instantaneamente<\/strong> na sua caixa de correio eletr\u00f3nico.<\/p>\n<p>\u2705 <strong>Pagamento an\u00f3nimo e seguro com criptos<\/strong><br \/>\u2705 <strong>Entrega imediata por correio eletr\u00f3nico<\/strong><br \/>\u2705 <strong>Compat\u00edvel com todos os s\u00edtios que aceitam Mastercard<\/strong><br \/>\u2705 <strong>N\u00e3o \u00e9 necess\u00e1ria uma conta banc\u00e1ria<\/strong><\/p>\n<div>\n<hr \/>\n<\/div>\n<h3>\ud83c\udf81 <strong>Porqu\u00ea escolher um cart\u00e3o pr\u00e9-pago Virtual Mastercard?<\/strong><\/h3>\n<p>Assim que o seu c\u00f3digo for ativado, um <strong>cart\u00e3o pr\u00e9-pago virtual Mastercard<\/strong> ser\u00e1 gerado imediatamente. Este m\u00e9todo de pagamento \u00e9 <strong>v\u00e1lido por 12 meses na Europa e 6 meses nos Estados Unidos<\/strong>.<\/p>\n<p>\ud83d\udca1 <strong>Ideal para pagamentos seguros e sem compromisso!<\/strong><\/p>\n<p>\ud83d\udccc <strong>As vantagens deste cart\u00e3o :<\/strong><\/p>\n<ul data-spread=\"false\">\n<li>\n<p><strong>R\u00e1pido de utilizar, sem custos ocultos.<\/strong><\/p>\n<\/li>\n<li>\n<p><strong>N\u00e3o \u00e9 necess\u00e1ria qualquer verifica\u00e7\u00e3o banc\u00e1ria.<\/strong><\/p>\n<\/li>\n<li>\n<p><strong>Perfeito para pagamentos em linha seguros e an\u00f3nimos.<\/strong><\/p>\n<\/li>\n<li>\n<p><strong>Recarreg\u00e1vel em cripto-moedas.<\/strong><\/p>\n<\/li>\n<\/ul>\n<p>\ud83d\udca1 <strong>Procura outras op\u00e7\u00f5es de pagamento pr\u00e9-pago?<\/strong> Ver tamb\u00e9m:<\/p>\n<ul data-spread=\"false\">\n<li>\n<p>\ud83d\udcb3 <a><strong>Cart\u00e3o de oferta PayPal<\/strong><\/a><\/p>\n<\/li>\n<li>\n<p>\ud83d\udcb3 <a><strong>Cart\u00e3o PCS<\/strong><\/a><\/p>\n<\/li>\n<li>\n<p>\ud83d\udcb3 <a><strong>Cart\u00e3o Virtual Visa Pr\u00e9-pago<\/strong><\/a><\/p>\n<\/li>\n<\/ul>\n<div>\n<hr \/>\n<\/div>\n<h3>\ud83d\udd27 <strong>Como \u00e9 que utilizo o meu cart\u00e3o pr\u00e9-pago Virtual Mastercard?<\/strong><\/h3>\n<ol start=\"1\" data-spread=\"false\">\n<li>\n<p><strong>Compre o seu cart\u00e3o em Bitcoin ou outras criptomoedas.<\/strong><\/p>\n<\/li>\n<li>\n<p><strong>Receba o seu c\u00f3digo imediatamente por correio eletr\u00f3nico.<\/strong><\/p>\n<\/li>\n<li>\n<p><strong>Ir para <\/strong><a href=\"https:\/\/www.prepaiddigitalsolutions.com\/\" target=\"_blank\" rel=\"noopener\"><strong>Solu\u00e7\u00f5es digitais pr\u00e9-pagas<\/strong><\/a><strong>.<\/strong><\/p>\n<\/li>\n<li>\n<p><strong>Introduza o seu c\u00f3digo recebido atrav\u00e9s de digitalcoingifts.com e clique em \"Continuar\".<\/strong><\/p>\n<\/li>\n<li>\n<p><strong>Adicione os seus dados pessoais (nome, e-mail, endere\u00e7o) para concluir a ativa\u00e7\u00e3o.<\/strong><\/p>\n<\/li>\n<li>\n<p><strong>O seu cart\u00e3o est\u00e1 agora pronto a ser utilizado em todos os s\u00edtios que aceitem Mastercard!<\/strong><\/p>\n<\/li>\n<\/ol>\n<p>\ud83d\udca1 <strong>Dica: Verifique o seu saldo e o hist\u00f3rico de compras a partir da sua carteira online!<\/strong><\/p>\n<div>\n<hr \/>\n<\/div>\n<h3>\ud83d\udcb0 <strong>Que montantes est\u00e3o dispon\u00edveis?<\/strong><\/h3>\n<p>O <strong>Cart\u00f5es pr\u00e9-pagos virtuais Mastercard<\/strong> est\u00e3o dispon\u00edveis em v\u00e1rios tamanhos:<\/p>\n<ul data-spread=\"false\">\n<li>\n<p><strong>50\u20ac<\/strong><\/p>\n<\/li>\n<li>\n<p><strong>100\u20ac<\/strong><\/p>\n<\/li>\n<li>\n<p><strong>150\u20ac<\/strong><\/p>\n<\/li>\n<li>\n<p><strong>250\u20ac<\/strong><\/p>\n<\/li>\n<\/ul>\n<div>\n<hr \/>\n<\/div>\n<h3>\ud83d\udcb3 <strong>Compra o teu cart\u00e3o pr\u00e9-pago Virtual Mastercard em criptomoedas<\/strong><\/h3>\n<p>Efetuar o pagamento <strong>de forma f\u00e1cil e segura<\/strong> com :<\/p>\n<ul data-spread=\"false\">\n<li>\n<p><strong>Bitcoin (BTC)<\/strong><\/p>\n<\/li>\n<li>\n<p><strong>Ethereum (ETH)<\/strong><\/p>\n<\/li>\n<li>\n<p><strong>Dash (DASH)<\/strong><\/p>\n<\/li>\n<li>\n<p><strong>Bitcoin Cash (BCH)<\/strong><\/p>\n<\/li>\n<li>\n<p><strong>Dogecoin (DOGE)<\/strong><\/p>\n<\/li>\n<li>\n<p><strong>Litecoin (LTC)<\/strong><\/p>\n<\/li>\n<\/ul>\n<p>\u2705 <strong>Pagamento seguro 100% atrav\u00e9s de blockchain.<\/strong><br \/>\u2705 <strong>Entrega imediata ap\u00f3s valida\u00e7\u00e3o.<\/strong><br \/>\u2705 <strong>N\u00e3o \u00e9 necess\u00e1rio cart\u00e3o de cr\u00e9dito.<\/strong><\/p>\n<div>\n<hr \/>\n<\/div>\n<h3>\ud83d\udd17 <strong>Liga\u00e7\u00e3o oficial da Mastercard<\/strong><\/h3>\n<p>Para mais informa\u00e7\u00f5es sobre a utiliza\u00e7\u00e3o de cart\u00f5es pr\u00e9-pagos, visite a <a href=\"https:\/\/www.mastercard.com\/\" target=\"_blank\" rel=\"noopener\"><strong>P\u00e1gina oficial da Mastercard<\/strong><\/a>.<\/p>\n<p>\n<!-- \u2705 Conteneur principal --><\/p>\n<div id=\"trust-section\" style=\"max-width: 100%;padding: 20px;text-align: center;background: #f9f9f9;border-radius: 10px\">\n<p>    <!-- \u2705 Badge Trustpilot centr\u00e9 --><\/p>\n<div style=\"margin-bottom: 15px;justify-content: center;align-items: center\">\n        <img decoding=\"async\" src=\"https:\/\/digitalcoingifts.com\/wp-content\/uploads\/2024\/12\/trustpilot_1600x.webp\" alt=\"Coment\u00e1rios da Trustpilot\" width=\"140\" style=\"max-width: 100%\" title=\"\">\n    <\/div>\n<p style=\"font-size: 14px;color: #333;font-weight: bold;margin-top: 5px\">\n        Comprar com tranquilidade gra\u00e7as \u00e0 seguran\u00e7a refor\u00e7ada da cadeia de blocos\n    <\/p>\n<p>    <!-- \u2705 Compteur de ventes dynamique (fond\u00e9 sur \u201csemaine\u201d) --><\/p>\n<div id=\"sales-counter\" style=\"text-align: center;font-size: 18px;font-weight: bold;color: #27ae60;margin-top: 10px;padding: 10px\">\n        \ud83d\udd25 <span id=\"sales-text\">Esta semana<\/span> <span id=\"sales-number\">35<\/span><br \/>\n        <span id=\"sales-product\">cart\u00f5es de oferta<\/span> <span id=\"sales-sold\">vendido<\/span> !\n    <\/div>\n<p>    <!-- \u2705 Bouton d'Appel \u00e0 l'Action --><br \/>\n    <button id=\"back-to-top\" style=\"margin-top: 15px;padding: 12px 25px;font-size: 16px;font-weight: bold;background: #FFA500;color: white;border: none;border-radius: 5px;cursor: pointer\"><br \/>\n        Obtenha o seu cart\u00e3o de oferta agora<br \/>\n    <\/button><\/p>\n<p>    <!-- \u2705 Code Promo en bleu modernis\u00e9 --><\/p>\n<div id=\"promo-banner\" style=\"background: #007BFF;color: white;padding: 12px;font-size: 18px;font-weight: bold;margin-top: 15px;border-radius: 5px\">\n        \ud83c\udf81 **Beneficie de -10%** na sua primeira encomenda utilizando o c\u00f3digo **Promo10**!\n    <\/div>\n<p>    <!-- \u2705 Bloc FAQ avec des r\u00e9ponses reformul\u00e9es --><\/p>\n<div id=\"faq-wrapper\" style=\"margin-top: 20px;padding: 15px;background: #E9F5E9;border-radius: 10px;text-align: center\">\n<h3 style=\"color: #228B22;font-size: 20px;font-weight: bold\">Perguntas frequentes<\/h3>\n<div class=\"faq-item\">\n            <button class=\"faq-question\">Como posso comprar um cart\u00e3o presente de criptomoeda?<\/button><\/p>\n<div class=\"faq-answer\">\n                Vous s\u00e9lectionnez d\u2019abord le montant de la carte puis effectuez votre r\u00e8glement en Bitcoin, Ethereum ou USDT.<br \/>\n                Lorsque votre transaction est confirm\u00e9e, la carte vous est envoy\u00e9e par e-mail, sans d\u00e9lai.\n            <\/div>\n<\/p>\n<\/div>\n<div class=\"faq-item\">\n            <button class=\"faq-question\">\ud83d\udd12 As transac\u00e7\u00f5es com criptomoedas s\u00e3o realmente seguras?<\/button><\/p>\n<div class=\"faq-answer\">\n                Gr\u00e2ce \u00e0 la blockchain, chaque op\u00e9ration est v\u00e9rifi\u00e9e par un grand nombre de n\u0153uds d\u00e9centralis\u00e9s, emp\u00eachant ainsi toute falsification.<br \/>\n                Les informations de paiement sont crypt\u00e9es, garantissant une s\u00e9curit\u00e9 de haut niveau.\n            <\/div>\n<\/p>\n<\/div>\n<div class=\"faq-item\">\n            <button class=\"faq-question\">Quanto tempo demora a receber o cart\u00e3o?<\/button><\/p>\n<div class=\"faq-answer\">\n                O tratamento \u00e9 <strong>quase instant\u00e2neo<\/strong> une fois que votre paiement est valid\u00e9 sur la blockchain.<br \/>\n                Vous recevrez un e-mail contenant la carte-cadeau, pr\u00eate \u00e0 \u00eatre utilis\u00e9e imm\u00e9diatement.\n            <\/div>\n<\/p>\n<\/div>\n<div class=\"faq-item\">\n            <button class=\"faq-question\">Pode ser utilizado em diferentes pa\u00edses?<\/button><\/p>\n<div class=\"faq-answer\">\n                Os nossos cart\u00f5es de oferta funcionam <strong>a n\u00edvel internacional<\/strong> \ud83c\udf0d et sont reconnues dans la majorit\u00e9 des r\u00e9gions.<br \/>\n                Vous pouvez ainsi faire vos achats o\u00f9 que vous soyez, chez des commer\u00e7ants physiques ou en ligne.\n            <\/div>\n<\/p>\n<\/div>\n<\/div>\n<\/div>\n<p><!-- \u2705 JavaScript pour le compteur et les interactions -->\n<\/p>\n<p><!-- \u2705 Styles CSS --><\/p>\n<\/p>\n<p>    .faq-question:hover {<br \/>\n        background: #1D7A1D;<br \/>\n    }<\/p>\n<\/p>\n<p>    #back-to-top:hover {<br \/>\n        background: #E69500;<br \/>\n    }<\/p>","protected":false},"excerpt":{"rendered":"<p>Carte Pr\u00e9pay\u00e9e Mastercard Virtuelle payable en Bitcoin, USDT et plus de 20 cryptos. Livraison rapide du code par email et paiement s\u00e9curis\u00e9.<\/p>","protected":false},"featured_media":6780,"comment_status":"open","ping_status":"closed","template":"","meta":{"iawp_total_views":41},"product_brand":[],"product_cat":[138],"product_tag":[1165,1162,244,1166,1164,1163],"class_list":{"0":"post-6779","1":"product","2":"type-product","3":"status-publish","4":"has-post-thumbnail","6":"product_cat-recharge-carte-prepayee","7":"product_tag-acheter-carte-mastercard-virtuelle","8":"product_tag-carte-mastercard-crypto","9":"product_tag-carte-prepayee","10":"product_tag-carte-prepayee-anonyme","11":"product_tag-carte-prepayee-mastercard","12":"product_tag-carte-rechargeable-en-bitcoin","14":"first","15":"instock","16":"shipping-taxable","17":"purchasable","18":"product-type-variable"},"_links":{"self":[{"href":"https:\/\/digitalcoingifts.com\/pt\/wp-json\/wp\/v2\/product\/6779","targetHints":{"allow":["GET"]}}],"collection":[{"href":"https:\/\/digitalcoingifts.com\/pt\/wp-json\/wp\/v2\/product"}],"about":[{"href":"https:\/\/digitalcoingifts.com\/pt\/wp-json\/wp\/v2\/types\/product"}],"replies":[{"embeddable":true,"href":"https:\/\/digitalcoingifts.com\/pt\/wp-json\/wp\/v2\/comments?post=6779"}],"wp:featuredmedia":[{"embeddable":true,"href":"https:\/\/digitalcoingifts.com\/pt\/wp-json\/wp\/v2\/media\/6780"}],"wp:attachment":[{"href":"https:\/\/digitalcoingifts.com\/pt\/wp-json\/wp\/v2\/media?parent=6779"}],"wp:term":[{"taxonomy":"product_brand","embeddable":true,"href":"https:\/\/digitalcoingifts.com\/pt\/wp-json\/wp\/v2\/product_brand?post=6779"},{"taxonomy":"product_cat","embeddable":true,"href":"https:\/\/digitalcoingifts.com\/pt\/wp-json\/wp\/v2\/product_cat?post=6779"},{"taxonomy":"product_tag","embeddable":true,"href":"https:\/\/digitalcoingifts.com\/pt\/wp-json\/wp\/v2\/product_tag?post=6779"}],"curies":[{"name":"wp","href":"https:\/\/api.w.org\/{rel}","templated":true}]}}