{"id":6758,"date":"2020-05-01T06:44:21","date_gmt":"2020-05-01T04:44:21","guid":{"rendered":"https:\/\/digitalcoingifts.com\/?post_type=product&#038;p=6758"},"modified":"2026-02-14T18:20:04","modified_gmt":"2026-02-14T17:20:04","slug":"recharge-cashlib","status":"publish","type":"product","link":"https:\/\/digitalcoingifts.com\/pt\/recharge-carte-prepayee\/recharge-cashlib\/","title":{"rendered":"Recharge Cashlib avec Bitcoin | Paiement en ligne Ultra-S\u00e9curis\u00e9"},"content":{"rendered":"<h2 data-pm-slice=\"1 1 []\">Use seu Bitcoin e criptomoedas para comprar sua recarga Cashlib!<\/h2>\n<h3>\ud83d\ude80 <strong>Compre a sua recarga CASHlib em Bitcoin e pague de forma segura!<\/strong><\/h3>\n<p>Necessita de um <strong>pagamento em linha an\u00f3nimo e seguro<\/strong> ? Visitar <strong>Recarregar CASHlib em Bitcoin<\/strong> \u00e9 a solu\u00e7\u00e3o ideal! N\u00e3o precisa de cart\u00e3o banc\u00e1rio: compre um <strong>Cup\u00e3o CASHlib<\/strong> com as suas criptos e utilize-as imediatamente em milhares de sites parceiros.<\/p>\n<p>\u2705 <strong>Pagamento r\u00e1pido e seguro<\/strong><br \/>\u2705 <strong>Entrega imediata por correio eletr\u00f3nico<\/strong><br \/>\u2705 <strong>N\u00e3o \u00e9 necess\u00e1rio cart\u00e3o de cr\u00e9dito<\/strong><br \/>\u2705 <strong>Utiliza\u00e7\u00e3o flex\u00edvel em v\u00e1rios locais<\/strong><br \/>\u2705 <strong>Recarga dispon\u00edvel 24\/7<\/strong><\/p>\n<div>\n<hr \/>\n<\/div>\n<h3>\ud83d\udd39 <strong>Porqu\u00ea utilizar um carregamento CASHlib?<\/strong><\/h3>\n<p>CASHlib \u00e9 um <strong>cart\u00e3o de pagamento pr\u00e9-pago<\/strong> que lhe permite :<\/p>\n<p>\ud83d\udcb0 <strong>Pagar em linha sem uma conta banc\u00e1ria.<\/strong><br \/>\ud83d\udd10 <strong>Mantenha as suas transac\u00e7\u00f5es an\u00f3nimas e seguras.<\/strong><br \/>\ud83c\udfae <strong>Comprar jogos, servi\u00e7os digitais e conte\u00fados multim\u00e9dia.<\/strong><br \/>\ud83d\udcb3 <strong>Utilize at\u00e9 1.000 euros em carregamentos acumulados.<\/strong><\/p>\n<p>\ud83d\udca1 <strong>Procura outras solu\u00e7\u00f5es de pagamento pr\u00e9-pago?<\/strong> Ver tamb\u00e9m :<\/p>\n<ul data-spread=\"false\">\n<li>\n<p>\ud83d\udcb3 <a><strong>Carregamento do Paysafecard<\/strong><\/a><\/p>\n<\/li>\n<li>\n<p>\ud83d\udcb3 <a><strong>Recarga do cart\u00e3o PCS Mastercard<\/strong><\/a><\/p>\n<\/li>\n<li>\n<p>\ud83d\udcb3 <a href=\"https:\/\/digitalcoingifts.com\/pt\/cartao-presente-paypal\/\"><strong>Cart\u00e3o de oferta PayPal<\/strong><\/a><\/p>\n<\/li>\n<\/ul>\n<div>\n<hr \/>\n<\/div>\n<h3>\ud83d\udd27 <strong>Como \u00e9 que utilizo um cup\u00e3o CASHlib?<\/strong><\/h3>\n<ol start=\"1\" data-spread=\"false\">\n<li>\n<p><strong>Compre a sua recarga CASHlib com Bitcoin ou Altcoins.<\/strong><\/p>\n<\/li>\n<li>\n<p><strong>Receba um c\u00f3digo CASHlib instantaneamente por correio eletr\u00f3nico.<\/strong><\/p>\n<\/li>\n<li>\n<p><strong>Utilizar o c\u00f3digo como meio de pagamento num s\u00edtio de um parceiro.<\/strong><\/p>\n<\/li>\n<li>\n<p><strong>Verifique o seu saldo CASHlib em linha a qualquer momento.<\/strong><\/p>\n<\/li>\n<\/ol>\n<p>\ud83d\udca1 <strong>Os cup\u00f5es CASHlib s\u00e3o v\u00e1lidos durante 12 meses ap\u00f3s a sua emiss\u00e3o.<\/strong><\/p>\n<div>\n<hr \/>\n<\/div>\n<h3>\ud83c\udf81 <strong>Dar um carregamento CASHlib: o presente perfeito!<\/strong><\/h3>\n<p>Est\u00e1 \u00e0 procura de um presente simples e pr\u00e1tico? <strong>O cart\u00e3o CASHlib \u00e9 ideal<\/strong> para quem pretende uma solu\u00e7\u00e3o de pagamento <strong>flex\u00edvel e seguro<\/strong>.<\/p>\n<p>\ud83c\udfaf <strong>Perfeito para os f\u00e3s de jogos em linha, compras digitais e pagamentos an\u00f3nimos.<\/strong><\/p>\n<div>\n<hr \/>\n<\/div>\n<h3>\ud83d\udcb0 <strong>Que montantes est\u00e3o dispon\u00edveis?<\/strong><\/h3>\n<p>O <strong>Recargas CASHlib<\/strong> est\u00e3o dispon\u00edveis em v\u00e1rios tamanhos:<\/p>\n<ul data-spread=\"false\">\n<li>\n<p><strong>50\u20ac<\/strong><\/p>\n<\/li>\n<li>\n<p><strong>100\u20ac<\/strong><\/p>\n<\/li>\n<li>\n<p><strong>150\u20ac<\/strong><\/p>\n<\/li>\n<li>\n<p><strong>250\u20ac<\/strong><\/p>\n<\/li>\n<\/ul>\n<div>\n<hr \/>\n<\/div>\n<h3>\ud83d\udcb3 <strong>Comprar a sua recarga CASHlib em criptomoedas<\/strong><\/h3>\n<p>Efetuar o pagamento <strong>de forma f\u00e1cil e segura<\/strong> com :<\/p>\n<ul data-spread=\"false\">\n<li>\n<p><strong>Bitcoin (BTC)<\/strong><\/p>\n<\/li>\n<li>\n<p><strong>Ethereum (ETH)<\/strong><\/p>\n<\/li>\n<li>\n<p><strong>Litecoin (LTC)<\/strong><\/p>\n<\/li>\n<li>\n<p><strong>Dash (DASH)<\/strong><\/p>\n<\/li>\n<li>\n<p><strong>Dogecoin (DOGE)<\/strong><\/p>\n<\/li>\n<li>\n<p><strong>Bitcoin Cash (BCH)<\/strong><\/p>\n<\/li>\n<\/ul>\n<p>\u2705 <strong>Pagamento seguro atrav\u00e9s de blockchain.<\/strong><br \/>\u2705 <strong>Entrega imediata ap\u00f3s valida\u00e7\u00e3o.<\/strong><br \/>\u2705 <strong>Ideal para utiliza\u00e7\u00e3o an\u00f3nima e sem cart\u00e3o banc\u00e1rio.<\/strong><\/p>\n<div>\n<hr \/>\n<\/div>\n<h3>\ud83d\udd17 <strong>Liga\u00e7\u00e3o oficial da CASHlib<\/strong><\/h3>\n<p>Para mais informa\u00e7\u00f5es sobre como utilizar a CASHlib e os s\u00edtios que a aceitam, visite a p\u00e1gina <a href=\"https:\/\/www.cashlib.com\/\" target=\"_blank\" rel=\"noopener\"><strong>P\u00e1gina oficial da CASHlib<\/strong><\/a>.<\/p>\n<p>\n<!-- \u2705 Conteneur principal --><\/p>\n<div id=\"trust-section\" style=\"max-width: 100%;padding: 20px;text-align: center;background: #f9f9f9;border-radius: 10px\">\n<p>    <!-- \u2705 Badge Trustpilot centr\u00e9 --><\/p>\n<div style=\"margin-bottom: 15px;justify-content: center;align-items: center\">\n        <img decoding=\"async\" src=\"https:\/\/digitalcoingifts.com\/wp-content\/uploads\/2024\/12\/trustpilot_1600x.webp\" alt=\"Coment\u00e1rios da Trustpilot\" width=\"140\" style=\"max-width: 100%\" title=\"\">\n    <\/div>\n<p style=\"font-size: 14px;color: #333;font-weight: bold;margin-top: 5px\">\n        Pagar com tranquilidade gra\u00e7as \u00e0 fiabilidade da cadeia de blocos\n    <\/p>\n<p>    <!-- \u2705 Compteur de ventes dynamique (ax\u00e9 sur \u201csemaine\u201d) --><\/p>\n<div id=\"sales-counter\" style=\"text-align: center;font-size: 18px;font-weight: bold;color: #27ae60;margin-top: 10px;padding: 10px\">\n        \ud83d\udd25 <span id=\"sales-text\">Esta semana<\/span> <span id=\"sales-number\">35<\/span><br \/>\n        <span id=\"sales-product\">cart\u00f5es de oferta<\/span> <span id=\"sales-sold\">vendido<\/span> !\n    <\/div>\n<p>    <!-- \u2705 Bouton d'Appel \u00e0 l'Action --><br \/>\n    <button id=\"back-to-top\" style=\"margin-top: 15px;padding: 12px 25px;font-size: 16px;font-weight: bold;background: #FFA500;color: white;border: none;border-radius: 5px;cursor: pointer\"><br \/>\n        Obtenha o seu cart\u00e3o de oferta agora<br \/>\n    <\/button><\/p>\n<p>    <!-- \u2705 Code Promo en bleu modernis\u00e9 --><\/p>\n<div id=\"promo-banner\" style=\"background: #007BFF;color: white;padding: 12px;font-size: 18px;font-weight: bold;margin-top: 15px;border-radius: 5px\">\n        \ud83c\udf81 **Beneficie de -10%** na sua primeira encomenda utilizando o c\u00f3digo **Promo10**!\n    <\/div>\n<p>    <!-- \u2705 Bloc FAQ avec des r\u00e9ponses reformul\u00e9es --><\/p>\n<div id=\"faq-wrapper\" style=\"margin-top: 20px;padding: 15px;background: #E9F5E9;border-radius: 10px;text-align: center\">\n<h3 style=\"color: #228B22;font-size: 20px;font-weight: bold\">Perguntas frequentes<\/h3>\n<div class=\"faq-item\">\n            <button class=\"faq-question\">Como \u00e9 que obtenho um cart\u00e3o de oferta de criptomoedas?<\/button><\/p>\n<div class=\"faq-answer\">\n                Commencez par d\u00e9finir la valeur que vous souhaitez offrir, puis r\u00e9glez la commande en Bitcoin, Ethereum ou USDT.<br \/>\n                Sit\u00f4t la transaction valid\u00e9e, la carte est produite et vous parvient via e-mail.<br \/>\n                Vous profitez ainsi d\u2019une solution rapide et s\u00e9curis\u00e9e, sans formalit\u00e9s suppl\u00e9mentaires.\n            <\/div>\n<\/p>\n<\/div>\n<div class=\"faq-item\">\n            <button class=\"faq-question\">As transac\u00e7\u00f5es com criptomoedas s\u00e3o fi\u00e1veis?<\/button><\/p>\n<div class=\"faq-answer\">\n                Oui, la blockchain agit comme un grand livre de comptes inviolable et distribu\u00e9, qui enregistre chaque op\u00e9ration de fa\u00e7on d\u00e9finitive.<br \/>\n                Ce m\u00e9canisme d\u00e9centralis\u00e9 emp\u00eache efficacement les fraudes ou les duplications.<br \/>\n                En outre, les paiements sont crypt\u00e9s, offrant un niveau de s\u00e9curit\u00e9 tr\u00e8s \u00e9lev\u00e9.\n            <\/div>\n<\/p>\n<\/div>\n<div class=\"faq-item\">\n            <button class=\"faq-question\">Quando \u00e9 que vou receber o meu cart\u00e3o de oferta?<\/button><\/p>\n<div class=\"faq-answer\">\n                O envio \u00e9 <strong>quase instant\u00e2neo<\/strong> d\u00e8s que la blockchain confirme votre paiement.<br \/>\n                Vous recevez un e-mail d\u00e9taillant comment l\u2019utiliser, g\u00e9n\u00e9ralement en quelques minutes seulement.<br \/>\n                Ainsi, vous pouvez l\u2019utiliser ou l\u2019offrir imm\u00e9diatement.\n            <\/div>\n<\/p>\n<\/div>\n<div class=\"faq-item\">\n            <button class=\"faq-question\">Este cart\u00e3o \u00e9 v\u00e1lido em todo o mundo?<\/button><\/p>\n<div class=\"faq-answer\">\n                Os nossos cart\u00f5es de oferta foram concebidos para funcionar <strong>a n\u00edvel internacional<\/strong> \ud83c\udf0d, couvrant la majorit\u00e9 des zones g\u00e9ographiques.<br \/>\n                Vous pouvez les employer aussi bien pour des achats en ligne que chez des commer\u00e7ants physiques, selon leurs conditions.<br \/>\n                C\u2019est une solution flexible, que vous soyez r\u00e9sident ou en voyage.\n            <\/div>\n<\/p>\n<\/div>\n<\/div>\n<\/div>\n<p><!-- \u2705 JavaScript pour le compteur et les interactions -->\n<\/p>\n<p><!-- \u2705 Styles CSS --><\/p>\n<\/p>\n<p>    .faq-question:hover {<br \/>\n        background: #1D7A1D;<br \/>\n    }<\/p>\n<\/p>\n<p>    #back-to-top:hover {<br \/>\n        background: #E69500;<br \/>\n    }<\/p>\n<h3>\ud83d\udd0d Vous aimerez aussi :<\/h3>\n<ul>\n<li><a href=\"https:\/\/digitalcoingifts.com\/pt\/recarga-de-cartao-pre-pago\/recarga-mastercard-pcs\/\">Recarregar Pcs Mastercard<\/a><\/li>\n<li><a href=\"https:\/\/digitalcoingifts.com\/pt\/recarga-de-cartao-pre-pago\/recarga-neosurf\/\">Recarga Neosurf<\/a><\/li>\n<li><a href=\"https:\/\/digitalcoingifts.com\/pt\/recarga-de-cartao-pre-pago\/recarga-transcash\/\">Recharge Transcash Bitcoin | Code Imm\u00e9diat | Sans Compte Bancaire<\/a><\/li>\n<\/ul>","protected":false},"excerpt":{"rendered":"<p>Recharge Cashlib payable en Bitcoin, USDT et plus de 20 cryptos. Livraison rapide du code par email et paiement s\u00e9curis\u00e9.<\/p>","protected":false},"featured_media":6759,"comment_status":"open","ping_status":"closed","template":"","meta":{"iawp_total_views":6},"product_brand":[],"product_cat":[138],"product_tag":[1177,304,244,1179,1178,1157,1176],"class_list":{"0":"post-6758","1":"product","2":"type-product","3":"status-publish","4":"has-post-thumbnail","6":"product_cat-recharge-carte-prepayee","7":"product_tag-acheter-cashlib-en-bitcoin","8":"product_tag-carte-cadeau","9":"product_tag-carte-prepayee","10":"product_tag-carte-prepayee-cashlib","11":"product_tag-code-cashlib-crypto","12":"product_tag-paiement-anonyme-en-cryptomonnaie","13":"product_tag-recharge-cashlib","15":"first","16":"instock","17":"shipping-taxable","18":"purchasable","19":"product-type-variable"},"_links":{"self":[{"href":"https:\/\/digitalcoingifts.com\/pt\/wp-json\/wp\/v2\/product\/6758","targetHints":{"allow":["GET"]}}],"collection":[{"href":"https:\/\/digitalcoingifts.com\/pt\/wp-json\/wp\/v2\/product"}],"about":[{"href":"https:\/\/digitalcoingifts.com\/pt\/wp-json\/wp\/v2\/types\/product"}],"replies":[{"embeddable":true,"href":"https:\/\/digitalcoingifts.com\/pt\/wp-json\/wp\/v2\/comments?post=6758"}],"wp:featuredmedia":[{"embeddable":true,"href":"https:\/\/digitalcoingifts.com\/pt\/wp-json\/wp\/v2\/media\/6759"}],"wp:attachment":[{"href":"https:\/\/digitalcoingifts.com\/pt\/wp-json\/wp\/v2\/media?parent=6758"}],"wp:term":[{"taxonomy":"product_brand","embeddable":true,"href":"https:\/\/digitalcoingifts.com\/pt\/wp-json\/wp\/v2\/product_brand?post=6758"},{"taxonomy":"product_cat","embeddable":true,"href":"https:\/\/digitalcoingifts.com\/pt\/wp-json\/wp\/v2\/product_cat?post=6758"},{"taxonomy":"product_tag","embeddable":true,"href":"https:\/\/digitalcoingifts.com\/pt\/wp-json\/wp\/v2\/product_tag?post=6758"}],"curies":[{"name":"wp","href":"https:\/\/api.w.org\/{rel}","templated":true}]}}