{"id":6723,"date":"2020-04-22T22:00:46","date_gmt":"2020-04-22T20:00:46","guid":{"rendered":"https:\/\/digitalcoingifts.com\/?post_type=product&#038;p=6723"},"modified":"2026-02-14T18:20:17","modified_gmt":"2026-02-14T17:20:17","slug":"recharge-ticket-premium","status":"publish","type":"product","link":"https:\/\/digitalcoingifts.com\/pt\/recharge-carte-prepayee\/recharge-ticket-premium\/","title":{"rendered":"Complemento do pr\u00e9mio de emiss\u00e3o de bilhetes"},"content":{"rendered":"<h2 data-pm-slice=\"1 1 []\">\ud83d\udcb3 Compre a recarga do seu Ticket Premium com Bitcoin e criptomoedas<\/h2>\n<h3>\ud83d\ude80 <strong>Pagamentos em linha seguros e an\u00f3nimos, sem cart\u00e3o banc\u00e1rio!<\/strong><\/h3>\n<p>Precisa de uma forma r\u00e1pida e fi\u00e1vel de pagar as suas compras online? <strong>Optar por um carregamento do Ticket Premium em Bitcoin e outras criptomoedas<\/strong> e desfrute de uma solu\u00e7\u00e3o ideal para jogos e apostas em linha e muito mais.<\/p>\n<p>\u2705 <strong>Carregamento instant\u00e2neo ap\u00f3s valida\u00e7\u00e3o do pagamento<\/strong><br \/>\u2705 <strong>Ideal para jogos, apostas desportivas e compras online<\/strong><br \/>\u2705 <strong>N\u00e3o \u00e9 necess\u00e1rio cart\u00e3o banc\u00e1rio, anonimato garantido<\/strong><br \/>\u2705 <strong>Pode ser utilizado em mais de 400 s\u00edtios de parceiros<\/strong><br \/>\u2705 <strong>Dispon\u00edvel 24\/7<\/strong><\/p>\n<div>\n<hr \/>\n<\/div>\n<h3>\ud83c\udfaf <strong>Porqu\u00ea escolher uma recarga do Ticket Premium?<\/strong><\/h3>\n<p>O Ticket Premium \u00e9 uma solu\u00e7\u00e3o popular de pagamento pr\u00e9-pago que lhe permite <strong>pagar em linha de forma segura sem revelar os seus dados banc\u00e1rios<\/strong>. Eis algumas das suas vantagens:<\/p>\n<p>\ud83c\udfae <strong>Acesso seguro a plataformas de jogos, apostas desportivas e casinos electr\u00f3nicos.<\/strong><br \/>\ud83d\udecd\ufe0f <strong>Ideal para comprar produtos digitais e conte\u00fados multim\u00e9dia.<\/strong><br \/>\ud83c\udf0d <strong>Utilizado em todo o mundo em milhares de s\u00edtios de parceiros.<\/strong><br \/>\ud83c\udf81 <strong>Perfeito para oferecer um presente flex\u00edvel e seguro.<\/strong><\/p>\n<p>\ud83d\udccc <strong>Uma solu\u00e7\u00e3o flex\u00edvel para todos os seus pagamentos em linha<\/strong> Gra\u00e7as \u00e0 sua grande aceita\u00e7\u00e3o, <strong>Pr\u00e9mio do bilhete<\/strong> \u00e9 um m\u00e9todo de pagamento vers\u00e1til que pode ser adaptado a todas as suas necessidades. Quer pretenda fazer compras discretas, oferecer um presente original ou financiar as suas actividades em linha, este cart\u00e3o \u00e9 ideal.<\/p>\n<p>\ud83d\udd0e <strong>Descubra outras solu\u00e7\u00f5es pr\u00e9-pagas:<\/strong><\/p>\n<ul data-spread=\"false\">\n<li>\n<p>\ud83d\udcb3 <a href=\"https:\/\/digitalcoingifts.com\/pt\/recarga-neosurf\/\"><strong>Recarga Neosurf<\/strong><\/a><\/p>\n<\/li>\n<li>\n<p>\ud83d\udcb3 <a href=\"https:\/\/digitalcoingifts.com\/pt\/pecas-de-recarga\/\"><strong>Recarga PCS<\/strong><\/a><\/p>\n<\/li>\n<li>\n<p>\ud83d\udcb3 <a href=\"https:\/\/digitalcoingifts.com\/pt\/cartao-visa-pre-pago\/\"><strong>Cart\u00e3o pr\u00e9-pago Visa<\/strong><\/a><\/p>\n<\/li>\n<\/ul>\n<div>\n<hr \/>\n<\/div>\n<h3>\ud83d\udcb3 <strong>Como utilizar o carregamento do Ticket Premium?<\/strong><\/h3>\n<p>1\ufe0f\u20e3 <strong>Compre o seu c\u00f3digo de carregamento com Bitcoin, Ethereum ou outras criptomoedas.<\/strong><br \/>2\ufe0f\u20e3 <strong>Receba o seu c\u00f3digo Ticket Premium imediatamente por e-mail.<\/strong><br \/>3\ufe0f\u20e3 <strong>Utilize-o num site que aceite o Ticket Premium como meio de pagamento.<\/strong><br \/>4\ufe0f\u20e3 <strong>As suas compras s\u00e3o debitadas diretamente do saldo dispon\u00edvel.<\/strong><\/p>\n<p>\ud83d\udca1 <strong>Sugest\u00e3o:<\/strong> Pode utilizar parte do seu c\u00f3digo e guardar o saldo restante para uma compra futura!<\/p>\n<p>\ud83d\udcac <strong>Apoio ao cliente dispon\u00edvel para o ajudar<\/strong> Se precisar de ajuda, a nossa equipa de apoio ao cliente est\u00e1 dispon\u00edvel para o orientar e responder a quaisquer perguntas que possa ter sobre a ativa\u00e7\u00e3o e utiliza\u00e7\u00e3o do seu carregamento do Ticket Premium.<\/p>\n<div>\n<hr \/>\n<\/div>\n<h3>\ud83c\udf81 <strong>Ofere\u00e7a uma recarga do Ticket Premium!<\/strong><\/h3>\n<p>\ud83c\udfaf <strong>Uma solu\u00e7\u00e3o perfeita para controlar as suas despesas sem um cart\u00e3o banc\u00e1rio.<\/strong><\/p>\n<p>Quer seja para um anivers\u00e1rio, um anivers\u00e1rio ou simplesmente para presentear algu\u00e9m, um carregamento de Ticket Premium \u00e9 a forma perfeita de deixar uma impress\u00e3o duradoura. <strong>um presente ideal<\/strong>. Personalize o seu cart\u00e3o adicionando um fundo adequado \u00e0 ocasi\u00e3o e uma mensagem personalizada.<\/p>\n<p>\ud83d\udd39 <strong>Um presente digital instant\u00e2neo<\/strong><br \/>\ud83d\udd39 <strong>N\u00e3o \u00e9 necess\u00e1rio registo ou conta banc\u00e1ria<\/strong><br \/>\ud83d\udd39 <strong>Dispon\u00edvel imediatamente ap\u00f3s a compra<\/strong><\/p>\n<div>\n<hr \/>\n<\/div>\n<h3>\ud83d\udcc6 <strong>Verifique o seu saldo em apenas alguns segundos<\/strong><\/h3>\n<p>Gostaria de saber quanto resta no seu cart\u00e3o? Ir para <a href=\"https:\/\/www.myemoneypurse.com\/\" target=\"_blank\" rel=\"noopener\"><strong>myemoneypurse.com<\/strong><\/a> e introduza o c\u00f3digo que recebeu por correio eletr\u00f3nico. O seu saldo ser\u00e1 apresentado instantaneamente.<\/p>\n<div>\n<hr \/>\n<\/div>\n<h3>\ud83d\udcb0 <strong>Que montantes est\u00e3o dispon\u00edveis?<\/strong><\/h3>\n<p>O <strong>Recargas Ticket Premium<\/strong> est\u00e3o dispon\u00edveis numa gama de valores:<\/p>\n<ul data-spread=\"false\">\n<li>\n<p><strong>50\u20ac<\/strong><\/p>\n<\/li>\n<li>\n<p><strong>100\u20ac<\/strong><\/p>\n<\/li>\n<li>\n<p><strong>150\u20ac<\/strong><\/p>\n<\/li>\n<li>\n<p><strong>250\u20ac<\/strong><\/p>\n<\/li>\n<\/ul>\n<p>\ud83d\udccc <strong>Sugest\u00e3o:<\/strong> Pode combinar v\u00e1rias recargas para atingir um montante mais elevado de acordo com as suas necessidades!<\/p>\n<div>\n<hr \/>\n<\/div>\n<h3>\ud83d\udcb5 <strong>Compre o seu carregamento do Ticket Premium com criptos<\/strong><\/h3>\n<p>Optar pelo pagamento <strong>100% seguro, r\u00e1pido e an\u00f3nimo<\/strong> via :<\/p>\n<ul data-spread=\"false\">\n<li>\n<p><strong>Bitcoin (BTC)<\/strong><\/p>\n<\/li>\n<li>\n<p><strong>Ethereum (ETH)<\/strong><\/p>\n<\/li>\n<li>\n<p><strong>Litecoin (LTC)<\/strong><\/p>\n<\/li>\n<li>\n<p><strong>Dash (DASH)<\/strong><\/p>\n<\/li>\n<li>\n<p><strong>Dogecoin (DOGE)<\/strong><\/p>\n<\/li>\n<li>\n<p><strong>Bitcoin Cash (BCH)<\/strong><\/p>\n<\/li>\n<\/ul>\n<p>\u2705 <strong>N\u00e3o \u00e9 necess\u00e1rio cart\u00e3o de cr\u00e9dito<\/strong><br \/>\u2705 <strong>Transac\u00e7\u00f5es r\u00e1pidas e seguras atrav\u00e9s da cadeia de blocos<\/strong><br \/>\u2705 <strong>Entrega imediata ap\u00f3s confirma\u00e7\u00e3o do pagamento<\/strong><\/p>\n<p>\u00a0<\/p>\n<p>\u00a0<\/p>\n<p>\n<!-- \u2705 Conteneur principal --><\/p>\n<div id=\"trust-section\" style=\"max-width: 100%;padding: 20px;text-align: center;background: #f9f9f9;border-radius: 10px\">\n<p>    <!-- \u2705 Badge Trustpilot centr\u00e9 --><\/p>\n<div style=\"margin-bottom: 15px;justify-content: center;align-items: center\">\n        <img decoding=\"async\" src=\"https:\/\/digitalcoingifts.com\/wp-content\/uploads\/2024\/12\/trustpilot_1600x.webp\" alt=\"Coment\u00e1rios da Trustpilot\" width=\"140\" style=\"max-width: 100%\" title=\"\">\n    <\/div>\n<p style=\"font-size: 14px;color: #333;font-weight: bold;margin-top: 5px\">\n        Fa\u00e7a as suas compras de forma segura gra\u00e7as \u00e0 cadeia de blocos\n    <\/p>\n<p>    <!-- \u2705 Compteur de ventes dynamique (ax\u00e9 sur \u201csemaine\u201d) --><\/p>\n<div id=\"sales-counter\" style=\"text-align: center;font-size: 18px;font-weight: bold;color: #27ae60;margin-top: 10px;padding: 10px\">\n        \ud83d\udd25 <span id=\"sales-text\">Esta semana<\/span> <span id=\"sales-number\">35<\/span><br \/>\n        <span id=\"sales-product\">cart\u00f5es de oferta<\/span> <span id=\"sales-sold\">vendido<\/span> !\n    <\/div>\n<p>    <!-- \u2705 Bouton d'Appel \u00e0 l'Action --><br \/>\n    <button id=\"back-to-top\" style=\"margin-top: 15px;padding: 12px 25px;font-size: 16px;font-weight: bold;background: #FFA500;color: white;border: none;border-radius: 5px;cursor: pointer\"><br \/>\n        Obtenha o seu cart\u00e3o de oferta agora<br \/>\n    <\/button><\/p>\n<p>    <!-- \u2705 Code Promo en bleu modernis\u00e9 --><\/p>\n<div id=\"promo-banner\" style=\"background: #007BFF;color: white;padding: 12px;font-size: 18px;font-weight: bold;margin-top: 15px;border-radius: 5px\">\n        \ud83c\udf81 **Beneficie de -10%** na sua primeira encomenda utilizando o c\u00f3digo **Promo10**!\n    <\/div>\n<p>    <!-- \u2705 Bloc FAQ avec des r\u00e9ponses reformul\u00e9es --><\/p>\n<div id=\"faq-wrapper\" style=\"margin-top: 20px;padding: 15px;background: #E9F5E9;border-radius: 10px;text-align: center\">\n<h3 style=\"color: #228B22;font-size: 20px;font-weight: bold\">Perguntas frequentes<\/h3>\n<div class=\"faq-item\">\n            <button class=\"faq-question\">Como \u00e9 que posso adquirir um cart\u00e3o presente de criptomoedas?<\/button><\/p>\n<div class=\"faq-answer\">\n                S\u00e9lectionnez la valeur souhait\u00e9e, puis payez en Bitcoin, Ethereum ou USDT.<br \/>\n                D\u00e8s que la transaction est confirm\u00e9e, la carte-cadeau vous est envoy\u00e9e rapidement par e-mail.<br \/>\n                Vous n&rsquo;avez pas besoin de compte bancaire traditionnel, ce qui simplifie la proc\u00e9dure.\n            <\/div>\n<\/p>\n<\/div>\n<div class=\"faq-item\">\n            <button class=\"faq-question\">As transac\u00e7\u00f5es com criptomoedas s\u00e3o realmente seguras?<\/button><\/p>\n<div class=\"faq-answer\">\n                Oui, chaque paiement est enregistr\u00e9 dans la blockchain, un registre d\u00e9centralis\u00e9 qui emp\u00eache toute falsification.<br \/>\n                Cette architecture limite les risques de fraude ou de double-paiement.<br \/>\n                Vos informations financi\u00e8res demeurent \u00e9galement confidentielles.\n            <\/div>\n<\/p>\n<\/div>\n<div class=\"faq-item\">\n            <button class=\"faq-question\">Quanto tempo demora a receber o cart\u00e3o oferta?<\/button><\/p>\n<div class=\"faq-answer\">\n                O envio \u00e9 <strong>quase instant\u00e2neo<\/strong> apr\u00e8s validation du paiement, vous recevez donc la carte par e-mail en quelques minutes.<br \/>\n                Un message vous guidera pour l\u2019activer et l&rsquo;utiliser aussit\u00f4t.<br \/>\n                Cette rapidit\u00e9 d\u2019ex\u00e9cution vous permet de profiter rapidement du solde.\n            <\/div>\n<\/p>\n<\/div>\n<div class=\"faq-item\">\n            <button class=\"faq-question\">Pode ser utilizado em qualquer parte do mundo?<\/button><\/p>\n<div class=\"faq-answer\">\n                Os nossos cart\u00f5es de oferta s\u00e3o reconhecidos <strong>a n\u00edvel internacional<\/strong> \ud83c\udf0d et sont accept\u00e9es dans de nombreux pays.<br \/>\n                Elles peuvent servir pour des achats en ligne ou en magasin, selon le r\u00e9seau du commer\u00e7ant.<br \/>\n                C\u2019est un choix pratique pour ceux qui voyagent ou souhaitent offrir un cadeau universel.\n            <\/div>\n<\/p>\n<\/div>\n<\/div>\n<\/div>\n<p><!-- \u2705 JavaScript pour le compteur et les interactions -->\n<\/p>\n<p><!-- \u2705 Styles CSS --><\/p>\n<\/p>\n<p>    .faq-question:hover {<br \/>\n        background: #1D7A1D;<br \/>\n    }<\/p>\n<\/p>\n<p>    #back-to-top:hover {<br \/>\n        background: #E69500;<br \/>\n    }<\/p>\n<h3>\ud83d\udd0d Vous aimerez aussi :<\/h3>\n<ul>\n<li><a href=\"https:\/\/digitalcoingifts.com\/pt\/recarga-de-cartao-pre-pago\/recarga-mastercard-pcs\/\">Recarregar Pcs Mastercard<\/a><\/li>\n<li><a href=\"https:\/\/digitalcoingifts.com\/pt\/recarga-de-cartao-pre-pago\/recarga-neosurf\/\">Recarga Neosurf<\/a><\/li>\n<li><a href=\"https:\/\/digitalcoingifts.com\/pt\/recarga-de-cartao-pre-pago\/recarga-transcash\/\">Recharge Transcash Bitcoin | Code Imm\u00e9diat | Sans Compte Bancaire<\/a><\/li>\n<\/ul>","protected":false},"excerpt":{"rendered":"<p>Recharge Ticket Premium payable en Bitcoin, USDT et plus de 20 cryptos. Livraison rapide du code par email et paiement s\u00e9curis\u00e9.<\/p>","protected":false},"featured_media":6724,"comment_status":"open","ping_status":"closed","template":"","meta":{"iawp_total_views":3},"product_brand":[],"product_cat":[138],"product_tag":[1208,1204,304,244,1206,1207,1202,1205,1203],"class_list":{"0":"post-6723","1":"product","2":"type-product","3":"status-publish","4":"has-post-thumbnail","6":"product_cat-recharge-carte-prepayee","7":"product_tag-acheter-ticket-premium-avec-bitcoin","8":"product_tag-acheter-ticket-premium-en-crypto","9":"product_tag-carte-cadeau","10":"product_tag-carte-prepayee","11":"product_tag-carte-ticket-premium-bitcoin","12":"product_tag-paiement-anonyme-en-ligne","13":"product_tag-paiement-securise-en-ligne","14":"product_tag-recharge-prepayee-anonyme","15":"product_tag-recharge-ticket-premium","17":"first","18":"instock","19":"shipping-taxable","20":"purchasable","21":"product-type-variable"},"_links":{"self":[{"href":"https:\/\/digitalcoingifts.com\/pt\/wp-json\/wp\/v2\/product\/6723","targetHints":{"allow":["GET"]}}],"collection":[{"href":"https:\/\/digitalcoingifts.com\/pt\/wp-json\/wp\/v2\/product"}],"about":[{"href":"https:\/\/digitalcoingifts.com\/pt\/wp-json\/wp\/v2\/types\/product"}],"replies":[{"embeddable":true,"href":"https:\/\/digitalcoingifts.com\/pt\/wp-json\/wp\/v2\/comments?post=6723"}],"wp:featuredmedia":[{"embeddable":true,"href":"https:\/\/digitalcoingifts.com\/pt\/wp-json\/wp\/v2\/media\/6724"}],"wp:attachment":[{"href":"https:\/\/digitalcoingifts.com\/pt\/wp-json\/wp\/v2\/media?parent=6723"}],"wp:term":[{"taxonomy":"product_brand","embeddable":true,"href":"https:\/\/digitalcoingifts.com\/pt\/wp-json\/wp\/v2\/product_brand?post=6723"},{"taxonomy":"product_cat","embeddable":true,"href":"https:\/\/digitalcoingifts.com\/pt\/wp-json\/wp\/v2\/product_cat?post=6723"},{"taxonomy":"product_tag","embeddable":true,"href":"https:\/\/digitalcoingifts.com\/pt\/wp-json\/wp\/v2\/product_tag?post=6723"}],"curies":[{"name":"wp","href":"https:\/\/api.w.org\/{rel}","templated":true}]}}