{"id":6716,"date":"2020-04-22T19:32:04","date_gmt":"2020-04-22T17:32:04","guid":{"rendered":"https:\/\/digitalcoingifts.com\/?post_type=product&#038;p=6716"},"modified":"2026-02-14T18:20:20","modified_gmt":"2026-02-14T17:20:20","slug":"recharge-neosurf","status":"publish","type":"product","link":"https:\/\/digitalcoingifts.com\/pt\/recharge-carte-prepayee\/recharge-neosurf\/","title":{"rendered":"Recharge Neosurf avec Bitcoin | Paiement Anonyme Sans Carte"},"content":{"rendered":"<h2 data-pm-slice=\"1 1 []\">\ud83d\udcb3 Comprar a sua recarga Neosurf com Bitcoin e criptomoedas<\/h2>\n<h3>\ud83d\ude80 <strong>Pague online sem cart\u00e3o banc\u00e1rio ou conta banc\u00e1ria!<\/strong><\/h3>\n<p>Est\u00e1 \u00e0 procura de uma forma segura, simples e r\u00e1pida de pagar as suas compras online? <strong>O carregamento Neosurf \u00e9 uma solu\u00e7\u00e3o ideal para pagar de forma segura sem partilhar as suas informa\u00e7\u00f5es pessoais.<\/strong><\/p>\n<p>\u2705 <strong>N\u00e3o \u00e9 necess\u00e1rio cart\u00e3o banc\u00e1rio, anonimato garantido<\/strong><br \/>\u2705 <strong>Carregamento instant\u00e2neo ap\u00f3s valida\u00e7\u00e3o do pagamento<\/strong><br \/>\u2705 <strong>Pode ser utilizado em milhares de s\u00edtios em linha<\/strong><br \/>\u2705 <strong>Dispon\u00edvel 24\/7<\/strong><br \/>\u2705 <strong>Compat\u00edvel com plataformas de jogos, apostas desportivas e servi\u00e7os digitais<\/strong><\/p>\n<div>\n<hr \/>\n<\/div>\n<h3>\ud83c\udfaf <strong>Porqu\u00ea escolher uma recarga Neosurf?<\/strong><\/h3>\n<p>O Neosurf \u00e9 uma alternativa aos cart\u00f5es banc\u00e1rios que lhe permite <strong>pagar de forma segura sem revelar os seus dados banc\u00e1rios.<\/strong> Oferece uma flexibilidade total para as suas compras em linha.<\/p>\n<p>\ud83d\udcb3 <strong>Controlo total sobre as suas despesas, sem risco de gastos excessivos.<\/strong><br \/>\ud83c\udfae <strong>Ideal para comprar jogos, conte\u00fados multim\u00e9dia e assinaturas.<\/strong><br \/>\ud83c\udf0d <strong>Pode ser utilizado em mais de 20.000 s\u00edtios de parceiros em todo o mundo.<\/strong><br \/>\ud83d\udecd\ufe0f <strong>Ideal para quem prefere um pagamento discreto e seguro.<\/strong><\/p>\n<p>\ud83d\udd0e <strong>Descubra outras solu\u00e7\u00f5es pr\u00e9-pagas:<\/strong><\/p>\n<ul data-spread=\"false\">\n<li>\n<p>\ud83d\udcb3 <a href=\"https:\/\/digitalcoingifts.com\/pt\/pecas-de-recarga\/\"><strong>Recarga PCS<\/strong><\/a><\/p>\n<\/li>\n<li>\n<p>\ud83d\udcb3 <a href=\"https:\/\/digitalcoingifts.com\/pt\/recarga-de-cashlib\/\"><strong>Carregamento CASHlib<\/strong><\/a><\/p>\n<\/li>\n<li>\n<p>\ud83d\udcb3 <a href=\"https:\/\/digitalcoingifts.com\/pt\/cartao-visa-pre-pago\/\"><strong>Cart\u00e3o pr\u00e9-pago Visa<\/strong><\/a><\/p>\n<\/li>\n<\/ul>\n<div>\n<hr \/>\n<\/div>\n<h3>\ud83d\udcb3 <strong>Como funciona a recarga Neosurf?<\/strong><\/h3>\n<p>1\ufe0f\u20e3 <strong>Compre a sua recarga Neosurf com Bitcoin, Ethereum ou outras criptomoedas.<\/strong><br \/>2\ufe0f\u20e3 <strong>Receba o seu c\u00f3digo Neosurf instantaneamente por e-mail.<\/strong><br \/>3\ufe0f\u20e3 <strong>Utilize-o num s\u00edtio que aceite o Neosurf como m\u00e9todo de pagamento.<\/strong><br \/>4\ufe0f\u20e3 <strong>As suas compras s\u00e3o debitadas diretamente do saldo dispon\u00edvel.<\/strong><\/p>\n<p>\ud83d\udca1 <strong>Sugest\u00e3o:<\/strong> Pode utilizar parte do seu c\u00f3digo e guardar o saldo restante para uma compra futura!<\/p>\n<div>\n<hr \/>\n<\/div>\n<h3>\ud83d\udcca <strong>Verificar o saldo do seu cup\u00e3o Neosurf<\/strong><\/h3>\n<p>Se quiser saber o saldo restante do seu cart\u00e3o oferta Neosurf, v\u00e1 a <a href=\"https:\/\/www.neosurf.com\" target=\"_blank\" rel=\"noopener\"><strong>neosurf.com<\/strong><\/a> e introduza o seu c\u00f3digo de recarregamento. Ter\u00e1 acesso ao seu saldo e hist\u00f3rico de transac\u00e7\u00f5es em apenas alguns segundos.<\/p>\n<div>\n<hr \/>\n<\/div>\n<h3>\ud83c\udf81 <strong>Oferecer uma recarga Neosurf<\/strong><\/h3>\n<p>\ud83c\udfaf <strong>O presente perfeito para manter o seu or\u00e7amento sob controlo e pagar online com facilidade.<\/strong><\/p>\n<p>Quer seja para um ente querido ou para uso pessoal, <strong>A Neosurf \u00e9 uma excelente alternativa aos pagamentos tradicionais<\/strong>. Basta enviar o c\u00f3digo por correio eletr\u00f3nico para a pessoa escolhida e esta pode utiliz\u00e1-lo de imediato.<\/p>\n<p>\ud83d\udd39 <strong>Ideal para os f\u00e3s de jogos, apostas em linha e compras digitais.<\/strong><br \/>\ud83d\udd39 <strong>N\u00e3o \u00e9 necess\u00e1rio registo ou cart\u00e3o de cr\u00e9dito.<\/strong><br \/>\ud83d\udd39 <strong>Dispon\u00edvel imediatamente ap\u00f3s a compra.<\/strong><\/p>\n<div>\n<hr \/>\n<\/div>\n<h3>\ud83d\udcb0 <strong>Que montantes est\u00e3o dispon\u00edveis?<\/strong><\/h3>\n<p>O <strong>Recargas Neosurf<\/strong> est\u00e3o dispon\u00edveis numa gama de valores:<\/p>\n<ul data-spread=\"false\">\n<li>\n<p><strong>50\u20ac<\/strong><\/p>\n<\/li>\n<li>\n<p><strong>100\u20ac<\/strong><\/p>\n<\/li>\n<li>\n<p><strong>150\u20ac<\/strong><\/p>\n<\/li>\n<li>\n<p><strong>250\u20ac<\/strong><\/p>\n<\/li>\n<\/ul>\n<p>\ud83d\udccc <strong>Sugest\u00e3o:<\/strong> Pode acumular v\u00e1rias recargas para atingir um montante mais elevado de acordo com as suas necessidades!<\/p>\n<div>\n<hr \/>\n<\/div>\n<h3>\ud83d\udcb5 <strong>Comprar a sua recarga Neosurf com criptos<\/strong><\/h3>\n<p>Optar pelo pagamento <strong>100% seguro, r\u00e1pido e an\u00f3nimo<\/strong> via :<\/p>\n<ul data-spread=\"false\">\n<li>\n<p><strong>Bitcoin (BTC)<\/strong><\/p>\n<\/li>\n<li>\n<p><strong>Ethereum (ETH)<\/strong><\/p>\n<\/li>\n<li>\n<p><strong>Litecoin (LTC)<\/strong><\/p>\n<\/li>\n<li>\n<p><strong>Dash (DASH)<\/strong><\/p>\n<\/li>\n<li>\n<p><strong>Dogecoin (DOGE)<\/strong><\/p>\n<\/li>\n<li>\n<p><strong>Bitcoin Cash (BCH)<\/strong><\/p>\n<\/li>\n<\/ul>\n<p>\u2705 <strong>N\u00e3o \u00e9 necess\u00e1rio cart\u00e3o de cr\u00e9dito<\/strong><br \/>\u2705 <strong>Transac\u00e7\u00f5es r\u00e1pidas e seguras atrav\u00e9s da cadeia de blocos<\/strong><br \/>\u2705 <strong>Entrega imediata ap\u00f3s confirma\u00e7\u00e3o do pagamento<\/strong><\/p>\n<p>\n<!-- \u2705 Conteneur principal --><\/p>\n<div id=\"trust-section\" style=\"max-width: 100%;padding: 20px;text-align: center;background: #f9f9f9;border-radius: 10px\">\n<p>    <!-- \u2705 Badge Trustpilot centr\u00e9 --><\/p>\n<div style=\"margin-bottom: 15px;justify-content: center;align-items: center\">\n        <img decoding=\"async\" src=\"https:\/\/digitalcoingifts.com\/wp-content\/uploads\/2024\/12\/trustpilot_1600x.webp\" alt=\"Coment\u00e1rios da Trustpilot\" width=\"140\" style=\"max-width: 100%\" title=\"\">\n    <\/div>\n<p style=\"font-size: 14px;color: #333;font-weight: bold;margin-top: 5px\">\n        Efectue as suas encomendas com toda a tranquilidade gra\u00e7as \u00e0 robustez da cadeia de blocos\n    <\/p>\n<p>    <!-- \u2705 Compteur de ventes dynamique (focus sur la \u201csemaine\u201d) --><\/p>\n<div id=\"sales-counter\" style=\"text-align: center;font-size: 18px;font-weight: bold;color: #27ae60;margin-top: 10px;padding: 10px\">\n        \ud83d\udd25 <span id=\"sales-text\">Esta semana<\/span> <span id=\"sales-number\">35<\/span><br \/>\n        <span id=\"sales-product\">cart\u00f5es de oferta<\/span> <span id=\"sales-sold\">vendido<\/span> !\n    <\/div>\n<p>    <!-- \u2705 Bouton d'Appel \u00e0 l'Action --><br \/>\n    <button id=\"back-to-top\" style=\"margin-top: 15px;padding: 12px 25px;font-size: 16px;font-weight: bold;background: #FFA500;color: white;border: none;border-radius: 5px;cursor: pointer\"><br \/>\n        Obtenha o seu cart\u00e3o de oferta agora<br \/>\n    <\/button><\/p>\n<p>    <!-- \u2705 Code Promo en bleu modernis\u00e9 --><\/p>\n<div id=\"promo-banner\" style=\"background: #007BFF;color: white;padding: 12px;font-size: 18px;font-weight: bold;margin-top: 15px;border-radius: 5px\">\n        \ud83c\udf81 **Beneficie de -10%** na sua primeira encomenda utilizando o c\u00f3digo **Promo10**!\n    <\/div>\n<p>    <!-- \u2705 Bloc FAQ avec des r\u00e9ponses reformul\u00e9es --><\/p>\n<div id=\"faq-wrapper\" style=\"margin-top: 20px;padding: 15px;background: #E9F5E9;border-radius: 10px;text-align: center\">\n<h3 style=\"color: #228B22;font-size: 20px;font-weight: bold\">Perguntas frequentes<\/h3>\n<div class=\"faq-item\">\n            <button class=\"faq-question\">Como posso comprar um cart\u00e3o de oferta de criptomoedas?<\/button><\/p>\n<div class=\"faq-answer\">\n                Pour d\u00e9buter, s\u00e9lectionnez le montant d\u00e9sir\u00e9, puis proc\u00e9dez au paiement en Bitcoin, Ethereum ou USDT.<br \/>\n                D\u00e8s que la blockchain confirme la transaction, nous \u00e9mettons la carte-cadeau et vous l\u2019envoyons par e-mail.<br \/>\n                Le tout se fait sans formalit\u00e9s bancaires, ce qui rend l\u2019op\u00e9ration plus rapide.\n            <\/div>\n<\/p>\n<\/div>\n<div class=\"faq-item\">\n            <button class=\"faq-question\">As liquida\u00e7\u00f5es de criptomoedas s\u00e3o realmente seguras?<\/button><\/p>\n<div class=\"faq-answer\">\n                Oui, chaque op\u00e9ration est valid\u00e9e par un r\u00e9seau d\u00e9centralis\u00e9, r\u00e9duisant consid\u00e9rablement les risques de fraude.<br \/>\n                La blockchain assure une tra\u00e7abilit\u00e9 compl\u00e8te, et les informations restent confidentielles.<br \/>\n                Les probl\u00e8mes de double-paiement ou de manipulation sont quasi inexistants.\n            <\/div>\n<\/p>\n<\/div>\n<div class=\"faq-item\">\n            <button class=\"faq-question\">Quanto tempo demora a receber o meu cart\u00e3o-oferta?<\/button><\/p>\n<div class=\"faq-answer\">\n                O envio \u00e9 <strong>quase imediato<\/strong> apr\u00e8s la confirmation du paiement, vous recevez donc la carte en quelques instants par e-mail.<br \/>\n                Un message explicatif vous guide pour l\u2019utiliser ou l\u2019offrir sans attendre.<br \/>\n                En g\u00e9n\u00e9ral, la proc\u00e9dure ne prend que quelques minutes.\n            <\/div>\n<\/p>\n<\/div>\n<div class=\"faq-item\">\n            <button class=\"faq-question\">Pode ser utilizado em qualquer parte do mundo?<\/button><\/p>\n<div class=\"faq-answer\">\n                Os nossos cart\u00f5es de oferta s\u00e3o reconhecidos <strong>a n\u00edvel internacional<\/strong> \ud83c\udf0d et couvrent un grand nombre de r\u00e9gions.<br \/>\n                Vous pouvez en profiter lors de vos achats en ligne ou en boutique, selon la compatibilit\u00e9 des enseignes.<br \/>\n                C\u2019est id\u00e9al si vous voyagez ou souhaitez l\u2019offrir \u00e0 quelqu\u2019un hors de votre pays.\n            <\/div>\n<\/p>\n<\/div>\n<\/div>\n<\/div>\n<p><!-- \u2705 JavaScript pour le compteur et les interactions -->\n<\/p>\n<p><!-- \u2705 Styles CSS --><\/p>\n<\/p>\n<p>    .faq-question:hover {<br \/>\n        background: #1D7A1D;<br \/>\n    }<\/p>\n<\/p>\n<p>    #back-to-top:hover {<br \/>\n        background: #E69500;<br \/>\n    }<\/p>\n<h3>\ud83d\udd0d Vous aimerez aussi :<\/h3>\n<ul>\n<li><a href=\"https:\/\/digitalcoingifts.com\/pt\/recarga-de-cartao-pre-pago\/recarga-mastercard-pcs\/\">Recarregar Pcs Mastercard<\/a><\/li>\n<li><a href=\"https:\/\/digitalcoingifts.com\/pt\/recarga-de-cartao-pre-pago\/recarga-transcash\/\">Recharge Transcash Bitcoin | Code Imm\u00e9diat | Sans Compte Bancaire<\/a><\/li>\n<li><a href=\"https:\/\/digitalcoingifts.com\/pt\/recarga-de-cartao-pre-pago\/recarga-de-cashlib\/\">Recharge Cashlib Avec Bitcoin | Paiement En Ligne Ultra-S\u00e9curis\u00e9<\/a><\/li>\n<\/ul>","protected":false},"excerpt":{"rendered":"<p>Recharge Neosurf payable en Bitcoin, USDT et plus de 20 cryptos. Livraison rapide du code par email et paiement s\u00e9curis\u00e9.<\/p>","protected":false},"featured_media":6717,"comment_status":"open","ping_status":"closed","template":"","meta":{"iawp_total_views":55},"product_brand":[],"product_cat":[138],"product_tag":[1210,304,244,1211,1212,1202,1209],"class_list":{"0":"post-6716","1":"product","2":"type-product","3":"status-publish","4":"has-post-thumbnail","6":"product_cat-recharge-carte-prepayee","7":"product_tag-acheter-neosurf-en-crypto","8":"product_tag-carte-cadeau","9":"product_tag-carte-prepayee","10":"product_tag-carte-prepayee-neosurf","11":"product_tag-neosurf-bitcoin","12":"product_tag-paiement-securise-en-ligne","13":"product_tag-recharge-neosurf","15":"first","16":"instock","17":"shipping-taxable","18":"purchasable","19":"product-type-variable"},"_links":{"self":[{"href":"https:\/\/digitalcoingifts.com\/pt\/wp-json\/wp\/v2\/product\/6716","targetHints":{"allow":["GET"]}}],"collection":[{"href":"https:\/\/digitalcoingifts.com\/pt\/wp-json\/wp\/v2\/product"}],"about":[{"href":"https:\/\/digitalcoingifts.com\/pt\/wp-json\/wp\/v2\/types\/product"}],"replies":[{"embeddable":true,"href":"https:\/\/digitalcoingifts.com\/pt\/wp-json\/wp\/v2\/comments?post=6716"}],"wp:featuredmedia":[{"embeddable":true,"href":"https:\/\/digitalcoingifts.com\/pt\/wp-json\/wp\/v2\/media\/6717"}],"wp:attachment":[{"href":"https:\/\/digitalcoingifts.com\/pt\/wp-json\/wp\/v2\/media?parent=6716"}],"wp:term":[{"taxonomy":"product_brand","embeddable":true,"href":"https:\/\/digitalcoingifts.com\/pt\/wp-json\/wp\/v2\/product_brand?post=6716"},{"taxonomy":"product_cat","embeddable":true,"href":"https:\/\/digitalcoingifts.com\/pt\/wp-json\/wp\/v2\/product_cat?post=6716"},{"taxonomy":"product_tag","embeddable":true,"href":"https:\/\/digitalcoingifts.com\/pt\/wp-json\/wp\/v2\/product_tag?post=6716"}],"curies":[{"name":"wp","href":"https:\/\/api.w.org\/{rel}","templated":true}]}}