{"id":6688,"date":"2020-04-21T18:06:54","date_gmt":"2020-04-21T16:06:54","guid":{"rendered":"https:\/\/digitalcoingifts.com\/?post_type=product&#038;p=6688"},"modified":"2026-02-14T18:18:21","modified_gmt":"2026-02-14T17:18:21","slug":"carte-cadeau-spotify","status":"publish","type":"product","link":"https:\/\/digitalcoingifts.com\/pt\/carte-cadeau-divertissement\/carte-cadeau-spotify\/","title":{"rendered":"Abonnement Spotify avec Bitcoin | Musique Illimit\u00e9e en Crypto"},"content":{"rendered":"<div data-v-02c27e66=\"\">\n<h2 data-pm-slice=\"1 1 []\">Compra o teu cart\u00e3o de oferta Spotify com Bitcoin e cripto-moedas<\/h2>\n<h3>\ud83c\udfb6 <strong>Obter o Spotify Premium sem cart\u00e3o de cr\u00e9dito!<\/strong><\/h3>\n<p>Quer tirar partido de <strong>Spotify Premium<\/strong> com toda a simplicidade? <strong>Opta por um cart\u00e3o-presente Spotify pago em criptomoedas<\/strong> e ou\u00e7a as suas faixas favoritas sem an\u00fancios e em alta qualidade. Com uma subscri\u00e7\u00e3o <strong>1 m\u00eas, 3 meses ou 6 meses<\/strong>a sua m\u00fasica segue-o para todo o lado, mesmo offline!<\/p>\n<p>\u2705 <strong>M\u00fasica ininterrupta e sem an\u00fancios<\/strong><br \/>\u2705 <strong>Qualidade de \u00e1udio superior e descarregamento offline<\/strong><br \/>\u2705 <strong>N\u00e3o \u00e9 necess\u00e1ria conta banc\u00e1ria, pagamento an\u00f3nimo<\/strong><br \/>\u2705 <strong>Compat\u00edvel com todos os dispositivos: telem\u00f3vel, tablet, PC e TV<\/strong><br \/>\u2705 <strong>Entrega imediata por correio eletr\u00f3nico<\/strong><\/p>\n<div>\n<hr \/>\n<\/div>\n<h3>\ud83c\udfaf <strong>Porqu\u00ea escolher um cart\u00e3o de oferta Spotify?<\/strong><\/h3>\n<p>\ud83d\udd39 <strong>Desfrute do Spotify Premium imediatamente ap\u00f3s a ativa\u00e7\u00e3o.<\/strong><br \/>\ud83d\udd39 <strong>Ideal para oferecer uma subscri\u00e7\u00e3o de m\u00fasica sem compromisso.<\/strong><br \/>\ud83d\udd39 <strong>Pode ser utilizado sem cart\u00e3o banc\u00e1rio, para um pagamento seguro e discreto.<\/strong><br \/>\ud83d\udd39 <strong>Perfeito para evitar subscri\u00e7\u00f5es recorrentes.<\/strong><\/p>\n<p>\ud83d\udca1 <strong>Veja tamb\u00e9m estes populares cart\u00f5es pr\u00e9-pagos:<\/strong><\/p>\n<ul data-spread=\"false\">\n<li>\n<p>\ud83c\udfac <a><strong>Cart\u00e3o-presente Netflix<\/strong><\/a><\/p>\n<\/li>\n<li>\n<p>\ud83c\udfae <a><strong>Cart\u00e3o de oferta Battle.net<\/strong><\/a><\/p>\n<\/li>\n<li>\n<p>\ud83d\udcb3 <a href=\"https:\/\/digitalcoingifts.com\/pt\/cartao-presente-paypal\/\"><strong>Cart\u00e3o de oferta PayPal<\/strong><\/a><\/p>\n<\/li>\n<\/ul>\n<div>\n<hr \/>\n<\/div>\n<h3>\ud83c\udfb5 <strong>Como \u00e9 que utilizo o meu cart\u00e3o-oferta Spotify?<\/strong><\/h3>\n<p>1\ufe0f\u20e3 <strong>Compre o seu cart\u00e3o Spotify com Bitcoin, Ethereum ou outras criptomoedas.<\/strong><br \/>2\ufe0f\u20e3 <strong>Receba o seu c\u00f3digo Spotify instantaneamente por correio eletr\u00f3nico.<\/strong><br \/>3\ufe0f\u20e3 <strong>Mude-o para a sua conta Spotify Premium.<\/strong><br \/>4\ufe0f\u20e3 <strong>Desfrute de acesso ilimitado \u00e0 m\u00fasica durante o per\u00edodo que escolher.<\/strong><\/p>\n<p>\ud83d\udccc <strong>Instru\u00e7\u00f5es pormenorizadas :<\/strong><\/p>\n<ul data-spread=\"false\">\n<li>\n<p><strong>Aceder a<\/strong> ou criar uma conta em <strong>Spotify.com<\/strong>.<\/p>\n<\/li>\n<li>\n<p><strong>Ir para a p\u00e1gina de troca<\/strong> e introduza o seu c\u00f3digo.<\/p>\n<\/li>\n<li>\n<p><strong>Aceitar as condi\u00e7\u00f5es de utiliza\u00e7\u00e3o<\/strong> e confirmar.<\/p>\n<\/li>\n<li>\n<p><strong>A sua subscri\u00e7\u00e3o Premium \u00e9 activada imediatamente!<\/strong><\/p>\n<\/li>\n<\/ul>\n<p>\ud83d\udca1 <strong>Sugest\u00e3o:<\/strong> Pode combinar v\u00e1rios cart\u00f5es para alargar a sua subscri\u00e7\u00e3o de acordo com as suas necessidades!<\/p>\n<div>\n<hr \/>\n<\/div>\n<h3>\ud83c\udf81 <strong>Ofere\u00e7a um cart\u00e3o presente Spotify e fa\u00e7a os amantes da m\u00fasica felizes!<\/strong><\/h3>\n<p>\ud83c\udfaf <strong>O presente perfeito para todos os f\u00e3s de m\u00fasica!<\/strong><\/p>\n<p>Quer seja para um anivers\u00e1rio, um anivers\u00e1rio ou simplesmente para fazer algu\u00e9m feliz, um cart\u00e3o de oferta Spotify \u00e9 a forma perfeita de oferecer um presente. <strong>uma excelente ideia de presente<\/strong>. Personalize-o com uma mensagem e envie-o instantaneamente por correio eletr\u00f3nico.<\/p>\n<p>\ud83d\udd39 <strong>Uma prenda desmaterializada instant\u00e2nea<\/strong><br \/>\ud83d\udd39 <strong>N\u00e3o \u00e9 necess\u00e1rio qualquer compromisso ou cart\u00e3o banc\u00e1rio<\/strong><br \/>\ud83d\udd39 <strong>Entrega imediata 24\/7<\/strong><\/p>\n<div>\n<hr \/>\n<\/div>\n<h3>\ud83d\udcc6 <strong>Que montantes est\u00e3o dispon\u00edveis?<\/strong><\/h3>\n<p>O <strong>Cart\u00f5es de oferta Spotify<\/strong> est\u00e3o dispon\u00edveis numa gama de valores:<\/p>\n<ul data-spread=\"false\">\n<li>\n<p><strong>50\u20ac<\/strong><\/p>\n<\/li>\n<li>\n<p><strong>100\u20ac<\/strong><\/p>\n<\/li>\n<\/ul>\n<p>\ud83d\udccc <strong>Sugest\u00e3o:<\/strong> Pode combinar v\u00e1rios cart\u00f5es para prolongar a sua assinatura sem utilizar um cart\u00e3o banc\u00e1rio.<\/p>\n<div>\n<hr \/>\n<\/div>\n<h3>\ud83d\udcb3 <strong>Compre o seu cart\u00e3o de oferta Spotify com Bitcoin e outras criptomoedas<\/strong><\/h3>\n<p>Optar por um <strong>pagamento 100% seguro, r\u00e1pido e an\u00f3nimo<\/strong> via :<\/p>\n<ul data-spread=\"false\">\n<li>\n<p><strong>Bitcoin (BTC)<\/strong><\/p>\n<\/li>\n<li>\n<p><strong>Ethereum (ETH)<\/strong><\/p>\n<\/li>\n<li>\n<p><strong>Litecoin (LTC)<\/strong><\/p>\n<\/li>\n<li>\n<p><strong>Dash (DASH)<\/strong><\/p>\n<\/li>\n<li>\n<p><strong>Dogecoin (DOGE)<\/strong><\/p>\n<\/li>\n<li>\n<p><strong>Bitcoin Cash (BCH)<\/strong><\/p>\n<\/li>\n<\/ul>\n<p>\u2705 <strong>N\u00e3o \u00e9 necess\u00e1rio cart\u00e3o de cr\u00e9dito<\/strong><br \/>\u2705 <strong>Transac\u00e7\u00f5es r\u00e1pidas e seguras atrav\u00e9s da cadeia de blocos<\/strong><br \/>\u2705 <strong>Entrega imediata ap\u00f3s confirma\u00e7\u00e3o do pagamento<\/strong><\/p>\n<\/div>\n<p>\n<!-- \u2705 Conteneur principal --><\/p>\n<div id=\"trust-section\" style=\"max-width: 100%;padding: 20px;text-align: center;background: #f9f9f9;border-radius: 10px\">\n<p>    <!-- \u2705 Badge Trustpilot centr\u00e9 --><\/p>\n<div style=\"margin-bottom: 15px;justify-content: center;align-items: center\">\n        <img decoding=\"async\" src=\"https:\/\/digitalcoingifts.com\/wp-content\/uploads\/2024\/12\/trustpilot_1600x.webp\" alt=\"Coment\u00e1rios da Trustpilot\" width=\"140\" style=\"max-width: 100%\" title=\"\">\n    <\/div>\n<p style=\"font-size: 14px;color: #333;font-weight: bold;margin-top: 5px\">\n        Encomendar com tranquilidade gra\u00e7as \u00e0 seguran\u00e7a da cadeia de blocos\n    <\/p>\n<p>    <!-- \u2705 Compteur de ventes dynamique (ax\u00e9 sur \u201csemaine\u201d) --><\/p>\n<div id=\"sales-counter\" style=\"text-align: center;font-size: 18px;font-weight: bold;color: #27ae60;margin-top: 10px;padding: 10px\">\n        \ud83d\udd25 <span id=\"sales-text\">Esta semana<\/span> <span id=\"sales-number\">35<\/span><br \/>\n        <span id=\"sales-product\">cart\u00f5es de oferta<\/span> <span id=\"sales-sold\">vendido<\/span> !\n    <\/div>\n<p>    <!-- \u2705 Bouton d'Appel \u00e0 l'Action --><br \/>\n    <button id=\"back-to-top\" style=\"margin-top: 15px;padding: 12px 25px;font-size: 16px;font-weight: bold;background: #FFA500;color: white;border: none;border-radius: 5px;cursor: pointer\"><br \/>\n        Obtenha o seu cart\u00e3o de oferta agora<br \/>\n    <\/button><\/p>\n<p>    <!-- \u2705 Code Promo en bleu modernis\u00e9 --><\/p>\n<div id=\"promo-banner\" style=\"background: #007BFF;color: white;padding: 12px;font-size: 18px;font-weight: bold;margin-top: 15px;border-radius: 5px\">\n        \ud83c\udf81 **Beneficie de -10%** na sua primeira encomenda utilizando o c\u00f3digo **Promo10**!\n    <\/div>\n<p>    <!-- \u2705 Bloc FAQ avec des r\u00e9ponses reformul\u00e9es --><\/p>\n<div id=\"faq-wrapper\" style=\"margin-top: 20px;padding: 15px;background: #E9F5E9;border-radius: 10px;text-align: center\">\n<h3 style=\"color: #228B22;font-size: 20px;font-weight: bold\">Perguntas frequentes<\/h3>\n<div class=\"faq-item\">\n            <button class=\"faq-question\">Como \u00e9 que se obt\u00e9m um cart\u00e3o presente atrav\u00e9s de criptomoeda?<\/button><\/p>\n<div class=\"faq-answer\">\n                S\u00e9lectionnez le montant \u00e0 cr\u00e9diter, puis finalisez votre r\u00e8glement en Bitcoin, Ethereum ou USDT.<br \/>\n                D\u00e8s que la transaction est valid\u00e9e, votre carte-cadeau vous est exp\u00e9di\u00e9e par e-mail.<br \/>\n                Ce proc\u00e9d\u00e9 \u00e9vite toute formalit\u00e9 bancaire, ce qui le rend plus rapide.\n            <\/div>\n<\/p>\n<\/div>\n<div class=\"faq-item\">\n            <button class=\"faq-question\">Os pagamentos com criptomoedas s\u00e3o totalmente seguros?<\/button><\/p>\n<div class=\"faq-answer\">\n                La blockchain enregistre et certifie chaque op\u00e9ration, emp\u00eachant les fraudes ou les falsifications.<br \/>\n                Chaque transaction est valid\u00e9e par un r\u00e9seau d\u00e9centralis\u00e9, garantissant une tr\u00e8s haute fiabilit\u00e9.<br \/>\n                Vos informations restent \u00e9galement confidentielles, car aucun interm\u00e9diaire financier classique n\u2019intervient.\n            <\/div>\n<\/p>\n<\/div>\n<div class=\"faq-item\">\n            <button class=\"faq-question\">Quanto tempo demora a receber o cart\u00e3o oferta?<\/button><\/p>\n<div class=\"faq-answer\">\n                Assim que o seu pagamento \u00e9 confirmado na cadeia de blocos, o cart\u00e3o \u00e9 gerado. <strong>quase instantaneamente<\/strong>.<br \/>\n                Vous recevez un e-mail comprenant toutes les informations n\u00e9cessaires pour l\u2019utiliser.<br \/>\n                De cette mani\u00e8re, vous pouvez en profiter ou l\u2019offrir en quelques minutes \u00e0 peine.\n            <\/div>\n<\/p>\n<\/div>\n<div class=\"faq-item\">\n            <button class=\"faq-question\">Posso utiliz\u00e1-lo em qualquer parte do mundo?<\/button><\/p>\n<div class=\"faq-answer\">\n                Os nossos cart\u00f5es de oferta s\u00e3o v\u00e1lidos <strong>a n\u00edvel internacional<\/strong> \ud83c\udf0d, couvrant la plupart des zones g\u00e9ographiques.<br \/>\n                Elles peuvent \u00eatre utilis\u00e9es pour des achats en ligne comme en magasin, selon la compatibilit\u00e9 du commer\u00e7ant.<br \/>\n                C\u2019est une excellente option pour ceux qui voyagent ou souhaitent envoyer un cadeau \u00e0 l\u2019\u00e9tranger.\n            <\/div>\n<\/p>\n<\/div>\n<\/div>\n<\/div>\n<p><!-- \u2705 JavaScript pour le compteur et les interactions -->\n<\/p>\n<p><!-- \u2705 Styles CSS --><\/p>\n<\/p>\n<p>    .faq-question:hover {<br \/>\n        background: #1D7A1D;<br \/>\n    }<\/p>\n<\/p>\n<p>    #back-to-top:hover {<br \/>\n        background: #E69500;<br \/>\n    }<\/p>","protected":false},"excerpt":{"rendered":"<p>Carte Cadeau Spotify payable en Bitcoin, USDT et plus de 20 cryptos. Livraison rapide du code par email et paiement s\u00e9curis\u00e9.<\/p>","protected":false},"featured_media":6696,"comment_status":"open","ping_status":"closed","template":"","meta":{"iawp_total_views":18},"product_brand":[],"product_cat":[606],"product_tag":[1216,304,1215,1214,1213],"class_list":{"0":"post-6688","1":"product","2":"type-product","3":"status-publish","4":"has-post-thumbnail","6":"product_cat-carte-cadeau-divertissement","7":"product_tag-acheter-abonnement-spotify-en-crypto","8":"product_tag-carte-cadeau","9":"product_tag-carte-cadeau-spotify","10":"product_tag-carte-prepayee-spotify","11":"product_tag-payer-spotify-avec-bitcoin","13":"first","14":"instock","15":"shipping-taxable","16":"purchasable","17":"product-type-variable"},"_links":{"self":[{"href":"https:\/\/digitalcoingifts.com\/pt\/wp-json\/wp\/v2\/product\/6688","targetHints":{"allow":["GET"]}}],"collection":[{"href":"https:\/\/digitalcoingifts.com\/pt\/wp-json\/wp\/v2\/product"}],"about":[{"href":"https:\/\/digitalcoingifts.com\/pt\/wp-json\/wp\/v2\/types\/product"}],"replies":[{"embeddable":true,"href":"https:\/\/digitalcoingifts.com\/pt\/wp-json\/wp\/v2\/comments?post=6688"}],"wp:featuredmedia":[{"embeddable":true,"href":"https:\/\/digitalcoingifts.com\/pt\/wp-json\/wp\/v2\/media\/6696"}],"wp:attachment":[{"href":"https:\/\/digitalcoingifts.com\/pt\/wp-json\/wp\/v2\/media?parent=6688"}],"wp:term":[{"taxonomy":"product_brand","embeddable":true,"href":"https:\/\/digitalcoingifts.com\/pt\/wp-json\/wp\/v2\/product_brand?post=6688"},{"taxonomy":"product_cat","embeddable":true,"href":"https:\/\/digitalcoingifts.com\/pt\/wp-json\/wp\/v2\/product_cat?post=6688"},{"taxonomy":"product_tag","embeddable":true,"href":"https:\/\/digitalcoingifts.com\/pt\/wp-json\/wp\/v2\/product_tag?post=6688"}],"curies":[{"name":"wp","href":"https:\/\/api.w.org\/{rel}","templated":true}]}}