{"id":6908,"date":"2020-05-08T15:26:53","date_gmt":"2020-05-08T13:26:53","guid":{"rendered":"https:\/\/digitalcoingifts.com\/?post_type=product&#038;p=6908"},"modified":"2026-02-14T18:18:38","modified_gmt":"2026-02-14T17:18:38","slug":"carte-cadeau-ikea","status":"publish","type":"product","link":"https:\/\/digitalcoingifts.com\/it\/carte-cadeau-shopping\/carte-cadeau-ikea\/","title":{"rendered":"Carte Cadeau IKEA avec Bitcoin | Maison &amp; D\u00e9co en Crypto | Imm\u00e9diat"},"content":{"rendered":"<p style=\"text-align: left\"><span style=\"color: #111111;font-family: Inter;font-size: 42px;font-weight: 600;letter-spacing: -1.1px\">Carta regalo IKEA - Acquistare con le criptovalute<\/span><\/p>\n<div class=\"container\">\n<p style=\"text-align: left\">State pensando di riprogettare la vostra casa o di aggiungere un tocco scandinavo al vostro arredamento? Con il <strong>Carta regalo IKEA<\/strong>Ora potete acquistare un'ampia gamma di mobili e accessori per la casa utilizzando i vostri contanti. <strong>criptovalute<\/strong> preferito. Che siate fan di Bitcoin, Ethereum, USDT, USDC, Solana, Polygon, Dogecoin o altre criptovalute, questa carta vi offre una flessibilit\u00e0 senza pari. Regalatevi o sorprendete una persona cara con un buono valido immediatamente su <a href=\"https:\/\/www.ikea.com\/\" target=\"_blank\" rel=\"noopener\">IKEA.it<\/a>. \u00c8 semplice, sicuro e immediato! Una volta confermato il pagamento, ricevete il vostro codice via e-mail e iniziate subito a fare acquisti.<\/p>\n<h2 style=\"text-align: left\">Perch\u00e9 scegliere una Carta regalo IKEA?<\/h2>\n<p style=\"text-align: left\">La <a href=\"https:\/\/digitalcoingifts.com\/it\/carta-regalo-per-lo-shopping\/carta-regalo-nike\/\" data-wpil-monitor-id=\"12\">Carta regalo<\/a> IKEA vi permette di pagare i vostri acquisti sul <strong>IKEA<\/strong> senza utilizzare una carta di credito. \u00c8 ideale per gli appassionati di arredamento che desiderano acquistare con le loro criptovalute.<\/p>\n<ul style=\"text-align: left\">\n<li>\ud83c\udf81 Disponibile in valori di 50\u20ac, 100\u20ac, 150\u20ac e 250\u20ac.<\/li>\n<li>\ud83d\udcb3 Pagamento sicuro in Bitcoin (BTC), Ethereum (ETH), USDT, USDC, Solana (SOL), Polygon (MATIC), Dogecoin (DOGE), Litecoin (LTC), DAI e altro ancora.<\/li>\n<li>\ud83d\udce9 Ricezione immediata del codice via e-mail dopo il pagamento.<\/li>\n<li>\ud83d\udecd\ufe0f Pu\u00f2 essere utilizzato direttamente su <a href=\"https:\/\/www.ikea.com\/\" target=\"_blank\" rel=\"noopener\">IKEA.it<\/a>.<\/li>\n<\/ul>\n<h2 style=\"text-align: left\">Come posso utilizzare la mia Carta regalo IKEA?<\/h2>\n<ol style=\"text-align: left\">\n<li>Vai a <a href=\"https:\/\/www.ikea.com\/\" target=\"_blank\" rel=\"noopener\">IKEA.it<\/a> e aggiungere gli articoli al carrello.<\/li>\n<li>Alla cassa, selezionare \"Codice promozionale e carta regalo\".<\/li>\n<li>Immettere il codice e fare clic su \"OK\".<\/li>\n<li>L'importo verr\u00e0 automaticamente detratto dall'ordine.<\/li>\n<\/ol>\n<h2 style=\"text-align: left\">Perch\u00e9 pagare con le criptovalute?<\/h2>\n<p style=\"text-align: left\">Utilizzare le criptovalute per acquistare una carta regalo IKEA offre diversi vantaggi:<\/p>\n<ul style=\"text-align: left\">\n<li>\u2705 <strong>Transazioni rapide e sicure<\/strong> Non \u00e8 richiesta la carta di credito.<\/li>\n<li>\u2705 <strong>Protezione della privacy<\/strong> Pagamento senza divulgazione di dati personali.<\/li>\n<li>\u2705 <strong>Ampia scelta di criptovalute<\/strong> Bitcoin, Ethereum, USDT, USDC e altro ancora.<\/li>\n<li>\u2705 <strong>Accesso immediato<\/strong> Ricevere il codice non appena il pagamento viene confermato.<\/li>\n<\/ul>\n<h2 style=\"text-align: left\">Ricevere immediatamente la carta<\/h2>\n<p style=\"text-align: left\">Non appena il pagamento viene convalidato, la vostra <strong>Carta regalo IKEA<\/strong> viene inviato immediatamente via e-mail con tutte le istruzioni necessarie.<\/p>\n<\/div>\n<p>\u00a0<\/p>\n<div class=\"container\">\n<h2 style=\"text-align: left\">Altre carte regalo disponibili<\/h2>\n<ul>\n<li style=\"text-align: left\"><a href=\"https:\/\/digitalcoingifts.com\/it\/negozio\/carte-cadeau-shopping-en-ligne\/carta-regalo-amazon\/\">Carta regalo Amazon<\/a><\/li>\n<li style=\"text-align: left\"><a href=\"https:\/\/digitalcoingifts.com\/it\/negozio\/carte-cadeau-shopping-en-ligne\/carta-regalo-ebay\/\">Carta regalo eBay<\/a><\/li>\n<li style=\"text-align: left\"><a href=\"https:\/\/digitalcoingifts.com\/it\/negozio\/carte-cadeau-shopping-en-ligne\/carte-cadeau-hm\/\">Carta regalo H&amp;M<\/a><\/li>\n<\/ul>\n<\/div>\n<p>\n<!-- \u2705 Conteneur principal --><\/p>\n<div id=\"trust-section\" style=\"max-width: 100%;padding: 20px;text-align: center;background: #f9f9f9;border-radius: 10px\">\n<p>    <!-- \u2705 Badge Trustpilot centr\u00e9 --><\/p>\n<div style=\"margin-bottom: 15px;justify-content: center;align-items: center\">\n        <img decoding=\"async\" src=\"https:\/\/digitalcoingifts.com\/wp-content\/uploads\/2024\/12\/trustpilot_1600x.webp\" alt=\"Recensioni Trustpilot\" width=\"140\" style=\"max-width: 100%\" title=\"\">\n    <\/div>\n<p style=\"font-size: 14px;color: #333;font-weight: bold;margin-top: 5px\">\n        \u2705 Usufruite di pagamenti sicuri e protetti con le criptovalute\n    <\/p>\n<p>    <!-- \u2705 Compteur de ventes dynamique (modifi\u00e9 pour \"semaine\") --><\/p>\n<div id=\"sales-counter\" style=\"text-align: center;font-size: 18px;font-weight: bold;color: #27ae60;margin-top: 10px;padding: 10px\">\n        \ud83d\udd25 <span id=\"sales-text\">Questa settimana<\/span> <span id=\"sales-number\">35<\/span><br \/>\n        <span id=\"sales-product\">carte regalo<\/span> <span id=\"sales-sold\">venduto<\/span> !\n    <\/div>\n<p>    <!-- \u2705 Bouton d'Appel \u00e0 l'Action --><br \/>\n    <button id=\"back-to-top\" style=\"margin-top: 15px;padding: 12px 25px;font-size: 16px;font-weight: bold;background: #FFA500;color: white;border: none;border-radius: 5px;cursor: pointer\"><br \/>\n        \ud83d\uded2 Procedere all'acquisto<br \/>\n    <\/button><\/p>\n<p>    <!-- \u2705 Code Promo en bleu modernis\u00e9 --><\/p>\n<div id=\"promo-banner\" style=\"background: #007BFF;color: white;padding: 12px;font-size: 18px;font-weight: bold;margin-top: 15px;border-radius: 5px\">\n        \ud83c\udf81 **Beneficio di -10%** sul primo ordine con il codice **Promo10** !\n    <\/div>\n<p>    <!-- \u2705 Bloc FAQ l\u00e9g\u00e8rement reformul\u00e9 --><\/p>\n<div id=\"faq-wrapper\" style=\"margin-top: 20px;padding: 15px;background: #E9F5E9;border-radius: 10px;text-align: center\">\n<h3 style=\"color: #228B22;font-size: 20px;font-weight: bold\">Domande frequenti<\/h3>\n<div class=\"faq-item\">\n            <button class=\"faq-question\">\ud83d\udccc Come posso acquistare una carta regalo con BTC o ETH?<\/button><\/p>\n<div class=\"faq-answer\">\n                Selezionate l'importo desiderato, pagate il vostro ordine in Bitcoin, Ethereum o USDT e ricevete subito la carta nella vostra casella di posta elettronica.\n            <\/div>\n<\/p>\n<\/div>\n<div class=\"faq-item\">\n            <button class=\"faq-question\">\ud83d\udd12 Le transazioni in criptovaluta sono sicure?<\/button><\/p>\n<div class=\"faq-answer\">\n                Assolutamente s\u00ec. Affidandovi alla tecnologia blockchain, potrete beneficiare di una protezione avanzata contro le frodi e di un elevato livello di sicurezza.\n            <\/div>\n<\/p>\n<\/div>\n<div class=\"faq-item\">\n            <button class=\"faq-question\">\ud83d\udcc5 Quanto tempo ci vuole per ricevere la carta?<\/button><\/p>\n<div class=\"faq-answer\">\n                La carta regalo viene consegnata <strong>istantaneamente<\/strong> dopo la convalida del pagamento. Controllate la vostra e-mail per utilizzarla subito.\n            <\/div>\n<\/p>\n<\/div>\n<div class=\"faq-item\">\n            <button class=\"faq-question\">\ud83c\udf0d In quali paesi \u00e8 valida la mia carta regalo?<\/button><\/p>\n<div class=\"faq-answer\">\n                Le nostre carte vengono utilizzate <strong>su scala internazionale<\/strong> \ud83c\udf0d !<br \/>\n                D\u00e8s que votre paiement est confirm\u00e9, vous obtenez une carte utilisable dans votre pays.\n            <\/div>\n<\/p>\n<\/div>\n<\/div>\n<\/div>\n<p><!-- \u2705 JavaScript pour le compteur et les interactions --><\/p>\n<p>    function getLang() {<br \/>\n        return document.documentElement.lang || navigator.language.split(&lsquo;-&lsquo;)[0] || &lsquo;fr&rsquo;;<br \/>\n    }<\/p>\n<p>    function updateSalesText() {<br \/>\n        let lang = getLang();<br \/>\n        let salesText = document.getElementById(&lsquo;sales-text&rsquo;);<br \/>\n        let salesProduct = document.getElementById(&lsquo;sales-product&rsquo;);<br \/>\n        let salesSold = document.getElementById(&lsquo;sales-sold&rsquo;);<\/p>\n<p>        let translations = {<br \/>\n            fr: { text: \u00ab\u00a0Cette semaine\u00a0\u00bb, product: \u00ab\u00a0cartes-cadeaux\u00a0\u00bb, sold: \u00ab\u00a0vendues\u00a0\u00bb },<br \/>\n            en: { text: \u00ab\u00a0This week\u00a0\u00bb, product: \u00ab\u00a0gift cards\u00a0\u00bb, sold: \u00ab\u00a0sold\u00a0\u00bb },<br \/>\n            es: { text: \u00ab\u00a0Esta semana\u00a0\u00bb, product: \u00ab\u00a0tarjetas de regalo\u00a0\u00bb, sold: \u00ab\u00a0vendidas\u00a0\u00bb },<br \/>\n            de: { text: \u00ab\u00a0Diese Woche\u00a0\u00bb, product: \u00ab\u00a0Geschenkkarten\u00a0\u00bb, sold: \u00ab\u00a0verkauft\u00a0\u00bb }<br \/>\n        };<\/p>\n<p>        if (translations[lang]) {<br \/>\n            salesText.textContent = translations[lang].text;<br \/>\n            salesProduct.textContent = translations[lang].product;<br \/>\n            salesSold.textContent = translations[lang].sold;<br \/>\n        }<br \/>\n    }<\/p>\n<p>    let baseSales = Math.floor(Math.random() * (48 &#8211; 23 + 1)) + 23; \/\/ D\u00e9part al\u00e9atoire entre 23 et 48<br \/>\n    document.getElementById(\u00ab\u00a0sales-number\u00a0\u00bb).textContent = baseSales;<\/p>\n<p>    function updateSales() {<br \/>\n        let salesNumber = document.getElementById(\u00ab\u00a0sales-number\u00a0\u00bb);<br \/>\n        let currentSales = parseInt(salesNumber.textContent);<br \/>\n        let increase = Math.floor(Math.random() * 3) + 1; \/\/ Incr\u00e9mente de 1 \u00e0 3<\/p>\n<p>        let newSales = currentSales + increase;<br \/>\n        if (newSales &gt; 48) {<br \/>\n            newSales = 48; \/\/ Ne d\u00e9passe jamais 48<br \/>\n        }<\/p>\n<p>        salesNumber.textContent = newSales;<br \/>\n    }<\/p>\n<p>    updateSalesText();<br \/>\n    setInterval(updateSales, Math.floor(Math.random() * 20000) + 10000); \/\/ Mise \u00e0 jour toutes les 10 \u00e0 20 sec<\/p>\n<p>    document.querySelectorAll(\u00ab\u00a0.faq-question\u00a0\u00bb).forEach(button =&gt; {<br \/>\n        button.addEventListener(\u00ab\u00a0click\u00a0\u00bb, function() {<br \/>\n            let answer = this.nextElementSibling;<br \/>\n            answer.style.display = (answer.style.display === \u00ab\u00a0block\u00a0\u00bb) ? \u00ab\u00a0none\u00a0\u00bb : \u00ab\u00a0block\u00a0\u00bb;<br \/>\n        });<br \/>\n    });<\/p>\n<p>    document.getElementById(\u00ab\u00a0back-to-top\u00a0\u00bb).addEventListener(\u00ab\u00a0click\u00a0\u00bb, function() {<br \/>\n        window.scrollTo({ top: 0, behavior: \u00ab\u00a0smooth\u00a0\u00bb });<br \/>\n    });\n<\/p>\n<p><!-- \u2705 Styles CSS --><\/p>\n<\/p>\n<p>    .faq-question:hover {<br \/>\n        background: #1D7A1D;<br \/>\n    }<\/p>\n<\/p>\n<p>    #back-to-top:hover {<br \/>\n        background: #E69500;<br \/>\n    }<\/p>\n<\/p>\n<p>\n}<\/p>\n<h3>\ud83d\udd0d Vous aimerez aussi :<\/h3>\n<ul>\n<li><a href=\"https:\/\/digitalcoingifts.com\/it\/carta-regalo-per-lo-shopping\/carta-regalo-amazon\/\">Acheter Carte Amazon Avec Bitcoin &amp;Amp; Crypto | Livraison Instantan\u00e9e 60S<\/a><\/li>\n<li><a href=\"https:\/\/digitalcoingifts.com\/it\/carta-regalo-per-lo-shopping\/carta-regalo-ebay\/\">Carta regalo Ebay<\/a><\/li>\n<li><a href=\"https:\/\/digitalcoingifts.com\/it\/carta-regalo-per-lo-shopping\/carta-regalo-zalando\/\">Acheter Carte Zalando Avec Bitcoin | Mode &amp;Amp; Luxe En Crypto | 24\/7<\/a><\/li>\n<\/ul>","protected":false},"excerpt":{"rendered":"<p>Carte Cadeau Ikea payable en Bitcoin, USDT et plus de 20 cryptos. Livraison rapide du code par email et paiement s\u00e9curis\u00e9.<\/p>","protected":false},"featured_media":6913,"comment_status":"open","ping_status":"closed","template":"","meta":{"iawp_total_views":1},"product_brand":[],"product_cat":[803],"product_tag":[1048,304,1047,1051,1050,1052,1058,1055,1056,1053,1054,1057,1049],"class_list":{"0":"post-6908","1":"product","2":"type-product","3":"status-publish","4":"has-post-thumbnail","6":"product_cat-carte-cadeau-shopping","7":"product_tag-acheter-carte-cadeau-ikea","8":"product_tag-carte-cadeau","9":"product_tag-carte-cadeau-ikea","10":"product_tag-carte-cadeau-ikea-achat","11":"product_tag-carte-cadeau-ikea-en-ligne","12":"product_tag-carte-cadeau-ikea-internet","13":"product_tag-carte-cadeau-ikea-magasin","14":"product_tag-carte-cadeau-ikea-offre","15":"product_tag-carte-cadeau-ikea-pas-cher","16":"product_tag-carte-cadeau-ikea-prix","17":"product_tag-carte-cadeau-ikea-utilisation","18":"product_tag-carte-cadeau-ikea-valable","19":"product_tag-offrir-carte-cadeau-ikea","21":"first","22":"instock","23":"shipping-taxable","24":"purchasable","25":"product-type-variable"},"_links":{"self":[{"href":"https:\/\/digitalcoingifts.com\/it\/wp-json\/wp\/v2\/product\/6908","targetHints":{"allow":["GET"]}}],"collection":[{"href":"https:\/\/digitalcoingifts.com\/it\/wp-json\/wp\/v2\/product"}],"about":[{"href":"https:\/\/digitalcoingifts.com\/it\/wp-json\/wp\/v2\/types\/product"}],"replies":[{"embeddable":true,"href":"https:\/\/digitalcoingifts.com\/it\/wp-json\/wp\/v2\/comments?post=6908"}],"wp:featuredmedia":[{"embeddable":true,"href":"https:\/\/digitalcoingifts.com\/it\/wp-json\/wp\/v2\/media\/6913"}],"wp:attachment":[{"href":"https:\/\/digitalcoingifts.com\/it\/wp-json\/wp\/v2\/media?parent=6908"}],"wp:term":[{"taxonomy":"product_brand","embeddable":true,"href":"https:\/\/digitalcoingifts.com\/it\/wp-json\/wp\/v2\/product_brand?post=6908"},{"taxonomy":"product_cat","embeddable":true,"href":"https:\/\/digitalcoingifts.com\/it\/wp-json\/wp\/v2\/product_cat?post=6908"},{"taxonomy":"product_tag","embeddable":true,"href":"https:\/\/digitalcoingifts.com\/it\/wp-json\/wp\/v2\/product_tag?post=6908"}],"curies":[{"name":"wp","href":"https:\/\/api.w.org\/{rel}","templated":true}]}}