{"id":6896,"date":"2020-05-08T01:52:02","date_gmt":"2020-05-07T23:52:02","guid":{"rendered":"https:\/\/digitalcoingifts.com\/?post_type=product&#038;p=6896"},"modified":"2026-02-14T18:18:47","modified_gmt":"2026-02-14T17:18:47","slug":"carte-cadeau-decathlon","status":"publish","type":"product","link":"https:\/\/digitalcoingifts.com\/it\/carte-cadeau-shopping\/carte-cadeau-decathlon\/","title":{"rendered":"Carte Cadeau Decathlon Bitcoin | Sport &amp; \u00c9quipement en Crypto"},"content":{"rendered":"<p><\/p>\n<h2 class=\"wp-block-heading\">Carta regalo Decathlon: il vostro passaporto per lo sport<\/h2>\n<p><\/p>\n<p><\/p>\n<h3 class=\"wp-block-heading\">\ud83c\udfaf Perch\u00e9 scegliere la carta regalo Decathlon?<\/h3>\n<p><\/p>\n<p>Ideale per gli amanti dello sport, il <strong>Carta regalo Decathlon<\/strong> offre una libert\u00e0 totale per equipaggiare sia i dilettanti che i professionisti. Scoprite i vantaggi:<\/p>\n<p><\/p>\n<h3 class=\"wp-block-heading\">Vantaggi principali<\/h3>\n<p><\/p>\n<p><\/p>\n<ul class=\"wp-block-list\"><\/p>\n<li>\ud83d\uded2 <strong>Universalit\u00e0<\/strong> Pu\u00f2 essere utilizzato su pi\u00f9 di <strong>5.500 prodotti sportivi<\/strong>online e in negozio.<\/li>\n<p><\/p>\n<p><\/p>\n<li>\u23f1\ufe0f <strong>Immediato<\/strong> Ricevere il codice entro <strong>e-mail in soli 2 minuti<\/strong> dopo l'acquisto.<\/li>\n<p><\/p>\n<p><\/p>\n<li>\ud83c\udf81 <strong>Flessibilit\u00e0<\/strong> Quantit\u00e0 personalizzabile di <strong>10\u20ac \u00e0 500\u20ac<\/strong>in base alle vostre esigenze.<\/li>\n<p><\/p>\n<p><\/p>\n<li>\ud83d\udd12 <strong>Sicurezza<\/strong> A <strong>codice unico<\/strong> protetto dalle frodi, in modo da poter pagare in tutta tranquillit\u00e0.<\/li>\n<p><\/ul>\n<p><\/p>\n<p><\/p>\n<h3 class=\"wp-block-heading\">\u2696\ufe0f Carta regalo Decathlon vs regalo Physique: la partita<\/h3>\n<p><\/p>\n<p><\/p>\n<figure class=\"wp-block-table\">\n<table class=\"has-fixed-layout\">\n<thead>\n<tr>\n<th><strong>Criteri<\/strong><\/th>\n<th><strong>Carta Decathlon<\/strong><\/th>\n<th><strong>Regalo classico<\/strong><\/th>\n<\/tr>\n<\/thead>\n<tbody>\n<tr>\n<td>\ud83c\udfaf <strong>Scelta del beneficiario<\/strong><\/td>\n<td>\u2714\ufe0f Illimitato<\/td>\n<td>\u274c Limitato<\/td>\n<\/tr>\n<tr>\n<td>\ud83d\ude80 <strong>Consegna<\/strong><\/td>\n<td>\u26a1 Immediato<\/td>\n<td>\ud83d\udcc5 Entro 3-5 giorni<\/td>\n<\/tr>\n<tr>\n<td>\ud83d\udd04 <strong>Scambio<\/strong><\/td>\n<td>\u2705 Facilit\u00e0 d'uso<\/td>\n<td>Complesso \u26a0\ufe0f<\/td>\n<\/tr>\n<\/tbody>\n<\/table>\n<\/figure>\n<p><\/p>\n<p><\/p>\n<h3 class=\"wp-block-heading\">\ud83d\udd27 Come si usa la carta regalo Decathlon?<\/h3>\n<p><\/p>\n<p>\ud83d\udcf2 <strong>3 semplici passi<\/strong> :<\/p>\n<p><\/p>\n<ol class=\"wp-block-list\"><\/p>\n<li><strong>Acquista la carta<\/strong> sul nostro <strong>piattaforma sicura<\/strong>.<\/li>\n<p><\/p>\n<p><\/p>\n<li><strong>Inviare il codice<\/strong> per e-mail, SMS o stampa.<\/li>\n<p><\/p>\n<p><\/p>\n<li><strong>Facile da usare<\/strong> online o in negozio, a seconda di ci\u00f2 che il cliente desidera.<\/li>\n<p><\/ol>\n<p><\/p>\n<p><\/p>\n<h3 class=\"wp-block-heading\">Carta regalo Decathlon \u2753 FAQ<\/h3>\n<p><\/p>\n<p><\/p>\n<h4 class=\"wp-block-heading\">\ud83d\udcb3 Posso combinare pi\u00f9 carte?<\/h4>\n<p><\/p>\n<p>\u2714\ufe0f S\u00ec, \u00e8 possibile utilizzare <strong>fino a 5 carte per ordine<\/strong> online.<\/p>\n<p><\/p>\n<h4 class=\"wp-block-heading\">Quanto dura il periodo di validit\u00e0?<\/h4>\n<p><\/p>\n<p>\ud83d\udd5b <strong>12 mesi<\/strong> per una flessibilit\u00e0 totale e <strong>nessuna pressione di esercizio<\/strong>.<\/p>\n<p><\/p>\n<h4 class=\"wp-block-heading\">\ud83d\udcf1 Come posso controllare il saldo della mia carta?<\/h4>\n<p><\/p>\n<p>\ud83d\udda5\ufe0f Controlla il tuo saldo in <strong>pochi secondi<\/strong> tramite il nostro <strong>strumento online dedicato<\/strong>.<\/p>\n<p><\/p>\n<h3 class=\"wp-block-heading\">\ud83d\ude80 Regalate subito un'emozione sportiva!<\/h3>\n<p><\/p>\n<p>Godetevi un <strong>Carta regalo Decathlon<\/strong> per soddisfare tutti gli appassionati di sport. Una soluzione veloce, flessibile e sicura per la massima libert\u00e0!<\/p>\n<p>\n<!-- \u2705 Conteneur principal --><\/p>\n<div id=\"trust-section\" style=\"max-width: 100%;padding: 20px;text-align: center;background: #f9f9f9;border-radius: 10px\">\n<p>    <!-- \u2705 Badge Trustpilot centr\u00e9 --><\/p>\n<div style=\"margin-bottom: 15px;justify-content: center;align-items: center\">\n        <img decoding=\"async\" src=\"https:\/\/digitalcoingifts.com\/wp-content\/uploads\/2024\/12\/trustpilot_1600x.webp\" alt=\"Recensioni Trustpilot\" width=\"140\" style=\"max-width: 100%\" title=\"\">\n    <\/div>\n<p style=\"font-size: 14px;color: #333;font-weight: bold;margin-top: 5px\">\n        \u2705 Effettuate i vostri acquisti con facilit\u00e0 grazie all'affidabilit\u00e0 della blockchain\n    <\/p>\n<p>    <!-- \u2705 Compteur de ventes dynamique (ax\u00e9 sur \u201csemaine\u201d) --><\/p>\n<div id=\"sales-counter\" style=\"text-align: center;font-size: 18px;font-weight: bold;color: #27ae60;margin-top: 10px;padding: 10px\">\n        \ud83d\udd25 <span id=\"sales-text\">Questa settimana<\/span> <span id=\"sales-number\">35<\/span><br \/>\n        <span id=\"sales-product\">carte regalo<\/span> <span id=\"sales-sold\">venduto<\/span> !\n    <\/div>\n<p>    <!-- \u2705 Bouton d'Appel \u00e0 l'Action --><br \/>\n    <button id=\"back-to-top\" style=\"margin-top: 15px;padding: 12px 25px;font-size: 16px;font-weight: bold;background: #FFA500;color: white;border: none;border-radius: 5px;cursor: pointer\"><br \/>\n        \ud83d\uded2 Completare il mio acquisto<br \/>\n    <\/button><\/p>\n<p>    <!-- \u2705 Code Promo en bleu modernis\u00e9 --><\/p>\n<div id=\"promo-banner\" style=\"background: #007BFF;color: white;padding: 12px;font-size: 18px;font-weight: bold;margin-top: 15px;border-radius: 5px\">\n        \ud83c\udf81 **Ricevi 10% di sconto** sul tuo primo ordine con il codice **Promo10**!\n    <\/div>\n<p>    <!-- \u2705 Bloc FAQ remis \u00e0 jour --><\/p>\n<div id=\"faq-wrapper\" style=\"margin-top: 20px;padding: 15px;background: #E9F5E9;border-radius: 10px;text-align: center\">\n<h3 style=\"color: #228B22;font-size: 20px;font-weight: bold\">\u2753 Domande ricorrenti<\/h3>\n<div class=\"faq-item\">\n            <button class=\"faq-question\">\ud83d\udccc Come acquisire un <a href=\"https:\/\/digitalcoingifts.com\/it\/domande-frequenti\/\" data-wpil-monitor-id=\"19\">carta regalo cripto<\/a> ?<\/button><\/p>\n<div class=\"faq-answer\">\n                Scegliete il valore della carta, effettuate il pagamento in Bitcoin, Ethereum o USDT e ricevetelo immediatamente via e-mail.\n            <\/div>\n<\/p>\n<\/div>\n<div class=\"faq-item\">\n            <button class=\"faq-question\">\ud83d\udd12 Le transazioni in criptovaluta sono sicure?<\/button><\/p>\n<div class=\"faq-answer\">\n                S\u00ec, grazie alla blockchain, ogni pagamento viene convalidato in modo trasparente, limitando il rischio di frode.\n            <\/div>\n<\/p>\n<\/div>\n<div class=\"faq-item\">\n            <button class=\"faq-question\">\ud83d\udcc5 In quanto tempo verr\u00e0 spedita la carta?<\/button><\/p>\n<div class=\"faq-answer\">\n                La carta regalo viene generata <strong>istantaneamente<\/strong> al ricevimento del pagamento. Arriver\u00e0 nella vostra casella di posta elettronica, pronto per l'uso.\n            <\/div>\n<\/p>\n<\/div>\n<div class=\"faq-item\">\n            <button class=\"faq-question\">\ud83c\udf0d Pu\u00f2 essere utilizzato nel mio paese?<\/button><\/p>\n<div class=\"faq-answer\">\n                Le nostre carte funzionano <strong>in tutto il mondo<\/strong> \ud83c\udf0d !<br \/>\n                Apr\u00e8s confirmation de votre achat, vous recevrez une carte adapt\u00e9e \u00e0 votre pays de r\u00e9sidence.\n            <\/div>\n<\/p>\n<\/div>\n<\/div>\n<\/div>\n<p><!-- \u2705 JavaScript pour le compteur et les interactions --><\/p>\n<p>    function getLang() {<br \/>\n        return document.documentElement.lang || navigator.language.split(&lsquo;-&lsquo;)[0] || &lsquo;fr&rsquo;;<br \/>\n    }<\/p>\n<p>    function updateSalesText() {<br \/>\n        let lang = getLang();<br \/>\n        let salesText = document.getElementById(&lsquo;sales-text&rsquo;);<br \/>\n        let salesProduct = document.getElementById(&lsquo;sales-product&rsquo;);<br \/>\n        let salesSold = document.getElementById(&lsquo;sales-sold&rsquo;);<\/p>\n<p>        let translations = {<br \/>\n            fr: { text: \u00ab\u00a0Cette semaine\u00a0\u00bb, product: \u00ab\u00a0cartes-cadeaux\u00a0\u00bb, sold: \u00ab\u00a0vendues\u00a0\u00bb },<br \/>\n            en: { text: \u00ab\u00a0This week\u00a0\u00bb, product: \u00ab\u00a0gift cards\u00a0\u00bb, sold: \u00ab\u00a0sold\u00a0\u00bb },<br \/>\n            es: { text: \u00ab\u00a0Esta semana\u00a0\u00bb, product: \u00ab\u00a0tarjetas de regalo\u00a0\u00bb, sold: \u00ab\u00a0vendidas\u00a0\u00bb },<br \/>\n            de: { text: \u00ab\u00a0Diese Woche\u00a0\u00bb, product: \u00ab\u00a0Geschenkkarten\u00a0\u00bb, sold: \u00ab\u00a0verkauft\u00a0\u00bb }<br \/>\n        };<\/p>\n<p>        if (translations[lang]) {<br \/>\n            salesText.textContent = translations[lang].text;<br \/>\n            salesProduct.textContent = translations[lang].product;<br \/>\n            salesSold.textContent = translations[lang].sold;<br \/>\n        }<br \/>\n    }<\/p>\n<p>    let baseSales = Math.floor(Math.random() * (48 &#8211; 23 + 1)) + 23; \/\/ D\u00e9part al\u00e9atoire entre 23 et 48<br \/>\n    document.getElementById(\u00ab\u00a0sales-number\u00a0\u00bb).textContent = baseSales;<\/p>\n<p>    function updateSales() {<br \/>\n        let salesNumber = document.getElementById(\u00ab\u00a0sales-number\u00a0\u00bb);<br \/>\n        let currentSales = parseInt(salesNumber.textContent);<br \/>\n        let increase = Math.floor(Math.random() * 3) + 1; \/\/ Incr\u00e9mente de 1 \u00e0 3<\/p>\n<p>        let newSales = currentSales + increase;<br \/>\n        if (newSales &gt; 48) {<br \/>\n            newSales = 48; \/\/ Ne d\u00e9passe jamais 48<br \/>\n        }<\/p>\n<p>        salesNumber.textContent = newSales;<br \/>\n    }<\/p>\n<p>    updateSalesText();<br \/>\n    setInterval(updateSales, Math.floor(Math.random() * 20000) + 10000); \/\/ Mise \u00e0 jour al\u00e9atoire entre 10 et 20 sec<\/p>\n<p>    document.querySelectorAll(\u00ab\u00a0.faq-question\u00a0\u00bb).forEach(button =&gt; {<br \/>\n        button.addEventListener(\u00ab\u00a0click\u00a0\u00bb, function() {<br \/>\n            let answer = this.nextElementSibling;<br \/>\n            answer.style.display = (answer.style.display === \u00ab\u00a0block\u00a0\u00bb) ? \u00ab\u00a0none\u00a0\u00bb : \u00ab\u00a0block\u00a0\u00bb;<br \/>\n        });<br \/>\n    });<\/p>\n<p>    document.getElementById(\u00ab\u00a0back-to-top\u00a0\u00bb).addEventListener(\u00ab\u00a0click\u00a0\u00bb, function() {<br \/>\n        window.scrollTo({ top: 0, behavior: \u00ab\u00a0smooth\u00a0\u00bb });<br \/>\n    });\n<\/p>\n<p><!-- \u2705 Styles CSS --><\/p>\n<\/p>\n<p>    .faq-question:hover {<br \/>\n        background: #1D7A1D;<br \/>\n    }<\/p>\n<\/p>\n<p>    #back-to-top:hover {<br \/>\n        background: #E69500;<br \/>\n    }<\/p>\n<\/p>\n<p>\n}<\/p>\n\n<h3>\ud83d\udd0d Vous aimerez aussi :<\/h3>\n<ul><li><a href=\"https:\/\/digitalcoingifts.com\/it\/carta-regalo-per-lo-shopping\/carta-regalo-amazon\/\">Acheter Carte Amazon Avec Bitcoin &amp;Amp; Crypto | Livraison Instantan\u00e9e 60S<\/a><\/li><li><a href=\"https:\/\/digitalcoingifts.com\/it\/carta-regalo-per-lo-shopping\/carta-regalo-ebay\/\">Carta regalo Ebay<\/a><\/li><li><a href=\"https:\/\/digitalcoingifts.com\/it\/carta-regalo-per-lo-shopping\/carta-regalo-ikea\/\">Carte Cadeau Ikea Avec Bitcoin | Maison &amp;Amp; D\u00e9co En Crypto | Imm\u00e9diat<\/a><\/li><\/ul>","protected":false},"excerpt":{"rendered":"<p>Offrire la libert\u00e0 dello sport con <strong>Carta regalo Decathlon<\/strong>. Importo personalizzabile, valido tutto l'anno su 1000 prodotti sportivi. Ideale per gli appassionati, adatto ad ogni occasione. Scoprite l'opzione pratica per regalare piacere senza sbagliare.<\/p>","protected":false},"featured_media":6901,"comment_status":"open","ping_status":"closed","template":"","meta":{"iawp_total_views":1},"product_brand":[],"product_cat":[803],"product_tag":[1066,304,1065,1064,1068,1067],"class_list":{"0":"post-6896","1":"product","2":"type-product","3":"status-publish","4":"has-post-thumbnail","6":"product_cat-carte-cadeau-shopping","7":"product_tag-acheter-carte-cadeau-decathlon-en-bitcoin","8":"product_tag-carte-cadeau","9":"product_tag-carte-cadeau-decathlon","10":"product_tag-carte-cadeau-decathlon-bitcoin","11":"product_tag-carte-cadeau-decathlon-paiement-crypto","12":"product_tag-carte-decathlon-crypto","14":"first","15":"instock","16":"shipping-taxable","17":"purchasable","18":"product-type-variable"},"_links":{"self":[{"href":"https:\/\/digitalcoingifts.com\/it\/wp-json\/wp\/v2\/product\/6896","targetHints":{"allow":["GET"]}}],"collection":[{"href":"https:\/\/digitalcoingifts.com\/it\/wp-json\/wp\/v2\/product"}],"about":[{"href":"https:\/\/digitalcoingifts.com\/it\/wp-json\/wp\/v2\/types\/product"}],"replies":[{"embeddable":true,"href":"https:\/\/digitalcoingifts.com\/it\/wp-json\/wp\/v2\/comments?post=6896"}],"wp:featuredmedia":[{"embeddable":true,"href":"https:\/\/digitalcoingifts.com\/it\/wp-json\/wp\/v2\/media\/6901"}],"wp:attachment":[{"href":"https:\/\/digitalcoingifts.com\/it\/wp-json\/wp\/v2\/media?parent=6896"}],"wp:term":[{"taxonomy":"product_brand","embeddable":true,"href":"https:\/\/digitalcoingifts.com\/it\/wp-json\/wp\/v2\/product_brand?post=6896"},{"taxonomy":"product_cat","embeddable":true,"href":"https:\/\/digitalcoingifts.com\/it\/wp-json\/wp\/v2\/product_cat?post=6896"},{"taxonomy":"product_tag","embeddable":true,"href":"https:\/\/digitalcoingifts.com\/it\/wp-json\/wp\/v2\/product_tag?post=6896"}],"curies":[{"name":"wp","href":"https:\/\/api.w.org\/{rel}","templated":true}]}}