{"id":6883,"date":"2020-05-08T00:32:01","date_gmt":"2020-05-07T22:32:01","guid":{"rendered":"https:\/\/digitalcoingifts.com\/?post_type=product&#038;p=6883"},"modified":"2026-02-14T12:13:19","modified_gmt":"2026-02-14T11:13:19","slug":"carte-cadeau-bol-com","status":"publish","type":"product","link":"https:\/\/digitalcoingifts.com\/it\/carte-cadeau-shopping\/carte-cadeau-bol-com\/","title":{"rendered":"Carta regalo Bol.com"},"content":{"rendered":"<h2>Carta regalo Bol.com - Acquistate con le vostre criptovalute<\/h2>\n<h3>Volete fare acquisti su Bol.com utilizzando le vostre criptovalute?<\/h3>\n<p>Grazie al <strong>Carta regalo Bol.com<\/strong>pagare i vostri ordini con criptovalute quali <strong>Bitcoin, Ethereum, USDT, USDC, Solana, Polygon<\/strong>e molti altri. Ricevi il tuo codice <strong>subito dopo il pagamento<\/strong> e usarlo su <strong><a href=\"https:\/\/www.bol.com\/\" target=\"_blank\" rel=\"noopener\">Bol.com<\/a><\/strong> per acquistare i vostri prodotti preferiti.<\/p>\n<h3>\ud83c\udfaf Vantaggi della Carta regalo Bol.com<\/h3>\n<p>La <strong>Carta regalo Bol.com<\/strong> offerte <strong>flessibilit\u00e0 ottimale<\/strong> per i vostri acquisti online:<\/p>\n<ul>\n<li>\ud83c\udf81 <strong>Importi disponibili<\/strong> 50, 100, 150 e 250 euro.<\/li>\n<li>\ud83d\udcb3 <strong>Pagamento sicuro<\/strong> con vari <strong>criptovalute<\/strong>compreso <strong>Bitcoin, Ethereum, USDT, USDC, Solana, Polygon, Dogecoin, Litecoin, DAI e altro ancora<\/strong>.<\/li>\n<li>\ud83d\udce9 <strong>Ricezione immediata<\/strong> del codice <strong>via e-mail<\/strong> dopo la convalida del pagamento.<\/li>\n<li>\ud83d\udecd\ufe0f <strong>Pu\u00f2 essere utilizzato direttamente<\/strong> su <strong><a href=\"https:\/\/www.bol.com\/\" target=\"_blank\" rel=\"noopener\">Bol.com<\/a><\/strong> per un'ampia gamma di prodotti.<\/li>\n<\/ul>\n<h3>\ud83d\udd27 Istruzioni per l'utilizzo della Carta regalo Bol.com<\/h3>\n<ol>\n<li><strong>Vai a<\/strong> <a href=\"https:\/\/www.bol.com\/\" target=\"_blank\" rel=\"noopener\">Bol.com<\/a> e selezionare gli articoli che si desidera acquistare.<\/li>\n<li>Al momento del pagamento, scegliere l'opzione <strong>\"Buoni regalo<\/strong>.<\/li>\n<li><strong>Inserire il codice ricevuto<\/strong> per e-mail e cliccare su <strong>\"Aggiungi\"<\/strong>.<\/li>\n<li>L'importo sar\u00e0 <strong>dedotto automaticamente<\/strong> del vostro ordine.<\/li>\n<\/ol>\n<h3>\u2753 Perch\u00e9 scegliere una Carta regalo Bol.com pagata in criptovalute?<\/h3>\n<p>Utilizzate il vostro <strong>criptovalute<\/strong> per acquisire un <strong><a href=\"https:\/\/digitalcoingifts.com\/it\/domande-frequenti\/\" data-wpil-monitor-id=\"22\">Carta regalo<\/a> Bol.com<\/strong> ha una serie di vantaggi:<\/p>\n<ul>\n<li>\u2705 <strong>Transazioni rapide e sicure<\/strong>Non \u00e8 richiesta alcuna carta di credito.<\/li>\n<li>\u2705 <strong>Protezione della privacy<\/strong>Evitare di condividere i dati personali.<\/li>\n<li>\u2705 <strong>Ampia gamma di criptovalute accettate<\/strong> Bitcoin, Ethereum, USDT e molti altri.<\/li>\n<li>\u2705 <strong>Accoglienza immediata<\/strong> del codice dopo la conferma del pagamento.<\/li>\n<\/ul>\n<h3>\ud83d\ude80 Ricevete immediatamente la vostra Gift Card Bol.com<\/h3>\n<p>Una volta che il pagamento <strong>confermato<\/strong>il tuo <strong>Carta regalo Bol.com<\/strong> viene inviato <strong>immediatamente via e-mail<\/strong> con tutte le istruzioni necessarie per l'utilizzo.<\/p>\n<h3>\ud83c\udf81 Scopri le altre carte regalo disponibili<\/h3>\n<p>Oltre al <strong>Carta regalo Bol.com<\/strong>esplorate la nostra selezione di <strong>carte regalo compatibili con i pagamenti in Bitcoin e criptovalute<\/strong> per una serie di marchi!<\/p>\n<ul>\n<li><a href=\"https:\/\/digitalcoingifts.com\/it\/negozio\/carte-cadeau-shopping-en-ligne\/carta-regalo-amazon\/\">Carta regalo Amazon<\/a><\/li>\n<li><a href=\"https:\/\/digitalcoingifts.com\/it\/negozio\/carte-cadeau-shopping-en-ligne\/carta-regalo-ebay\/\">Carta regalo eBay<\/a><\/li>\n<li><a href=\"https:\/\/digitalcoingifts.com\/it\/negozio\/carte-cadeau-shopping-en-ligne\/carta-regalo-ikea\/\">Carta regalo Ikea<\/a><\/li>\n<\/ul>\n<p>\n<!-- \u2705 Conteneur principal --><\/p>\n<div id=\"trust-section\" style=\"max-width: 100%;padding: 20px;text-align: center;background: #f9f9f9;border-radius: 10px\">\n<p>    <!-- \u2705 Badge Trustpilot centr\u00e9 --><\/p>\n<div style=\"margin-bottom: 15px;justify-content: center;align-items: center\">\n        <img decoding=\"async\" src=\"https:\/\/digitalcoingifts.com\/wp-content\/uploads\/2024\/12\/trustpilot_1600x.webp\" alt=\"Recensioni Trustpilot\" width=\"140\" style=\"max-width: 100%\" title=\"\">\n    <\/div>\n<p style=\"font-size: 14px;color: #333;font-weight: bold;margin-top: 5px\">\n        \u2705 Acquistate in tutta tranquillit\u00e0 grazie alla sicurezza garantita dalla blockchain\n    <\/p>\n<p>    <!-- \u2705 Compteur de ventes dynamique (bas\u00e9 sur \u201csemaine\u201d) --><\/p>\n<div id=\"sales-counter\" style=\"text-align: center;font-size: 18px;font-weight: bold;color: #27ae60;margin-top: 10px;padding: 10px\">\n        \ud83d\udd25 <span id=\"sales-text\">Questa settimana<\/span> <span id=\"sales-number\">35<\/span><br \/>\n        <span id=\"sales-product\">carte regalo<\/span> <span id=\"sales-sold\">venduto<\/span> !\n    <\/div>\n<p>    <!-- \u2705 Bouton d'Appel \u00e0 l'Action --><br \/>\n    <button id=\"back-to-top\" style=\"margin-top: 15px;padding: 12px 25px;font-size: 16px;font-weight: bold;background: #FFA500;color: white;border: none;border-radius: 5px;cursor: pointer\"><br \/>\n        \ud83d\uded2 Completare il mio acquisto<br \/>\n    <\/button><\/p>\n<p>    <!-- \u2705 Code Promo en bleu modernis\u00e9 --><\/p>\n<div id=\"promo-banner\" style=\"background: #007BFF;color: white;padding: 12px;font-size: 18px;font-weight: bold;margin-top: 15px;border-radius: 5px\">\n        \ud83c\udf81 **Ottieni -10%** sul tuo primo ordine con il codice **Promo10**!\n    <\/div>\n<p>    <!-- \u2705 Bloc FAQ reformul\u00e9 --><\/p>\n<div id=\"faq-wrapper\" style=\"margin-top: 20px;padding: 15px;background: #E9F5E9;border-radius: 10px;text-align: center\">\n<h3 style=\"color: #228B22;font-size: 20px;font-weight: bold\">\u2753 Domande frequenti<\/h3>\n<div class=\"faq-item\">\n            <button class=\"faq-question\">\ud83d\udccc Come si acquista una carta regalo con le criptovalute?<\/button><\/p>\n<div class=\"faq-answer\">\n                Basta scegliere un importo, pagare in Bitcoin, Ethereum o USDT e la carta vi verr\u00e0 inviata subito via e-mail.\n            <\/div>\n<\/p>\n<\/div>\n<div class=\"faq-item\">\n            <button class=\"faq-question\">\ud83d\udd12 Le transazioni in criptovaluta sono sicure?<\/button><\/p>\n<div class=\"faq-answer\">\n                Assolutamente s\u00ec. La blockchain offre una maggiore tracciabilit\u00e0 e affidabilit\u00e0, riducendo notevolmente il rischio di frode.\n            <\/div>\n<\/p>\n<\/div>\n<div class=\"faq-item\">\n            <button class=\"faq-question\">\ud83d\udcc5 Quando ricever\u00f2 la mia carta regalo?<\/button><\/p>\n<div class=\"faq-answer\">\n                La carta \u00e8 <strong>generato istantaneamente<\/strong> vi sar\u00e0 inviata direttamente via e-mail.\n            <\/div>\n<\/p>\n<\/div>\n<div class=\"faq-item\">\n            <button class=\"faq-question\">\ud83c\udf0d Dove posso utilizzare questa carta regalo?<\/button><\/p>\n<div class=\"faq-answer\">\n                Le nostre carte sono valide <strong>a livello internazionale<\/strong> \ud83c\udf0d !<br \/>\n                D\u00e8s que votre achat est valid\u00e9, vous obtenez une carte compatible avec votre pays.\n            <\/div>\n<\/p>\n<\/div>\n<\/div>\n<\/div>\n<p><!-- \u2705 JavaScript pour le compteur et les interactions --><\/p>\n<p>    function getLang() {<br \/>\n        return document.documentElement.lang || navigator.language.split(&lsquo;-&lsquo;)[0] || &lsquo;fr&rsquo;;<br \/>\n    }<\/p>\n<p>    function updateSalesText() {<br \/>\n        let lang = getLang();<br \/>\n        let salesText = document.getElementById(&lsquo;sales-text&rsquo;);<br \/>\n        let salesProduct = document.getElementById(&lsquo;sales-product&rsquo;);<br \/>\n        let salesSold = document.getElementById(&lsquo;sales-sold&rsquo;);<\/p>\n<p>        let translations = {<br \/>\n            fr: { text: \u00ab\u00a0Cette semaine\u00a0\u00bb, product: \u00ab\u00a0cartes-cadeaux\u00a0\u00bb, sold: \u00ab\u00a0vendues\u00a0\u00bb },<br \/>\n            en: { text: \u00ab\u00a0This week\u00a0\u00bb, product: \u00ab\u00a0gift cards\u00a0\u00bb, sold: \u00ab\u00a0sold\u00a0\u00bb },<br \/>\n            es: { text: \u00ab\u00a0Esta semana\u00a0\u00bb, product: \u00ab\u00a0tarjetas de regalo\u00a0\u00bb, sold: \u00ab\u00a0vendidas\u00a0\u00bb },<br \/>\n            de: { text: \u00ab\u00a0Diese Woche\u00a0\u00bb, product: \u00ab\u00a0Geschenkkarten\u00a0\u00bb, sold: \u00ab\u00a0verkauft\u00a0\u00bb }<br \/>\n        };<\/p>\n<p>        if (translations[lang]) {<br \/>\n            salesText.textContent = translations[lang].text;<br \/>\n            salesProduct.textContent = translations[lang].product;<br \/>\n            salesSold.textContent = translations[lang].sold;<br \/>\n        }<br \/>\n    }<\/p>\n<p>    let baseSales = Math.floor(Math.random() * (48 &#8211; 23 + 1)) + 23; \/\/ D\u00e9part al\u00e9atoire entre 23 et 48<br \/>\n    document.getElementById(\u00ab\u00a0sales-number\u00a0\u00bb).textContent = baseSales;<\/p>\n<p>    function updateSales() {<br \/>\n        let salesNumber = document.getElementById(\u00ab\u00a0sales-number\u00a0\u00bb);<br \/>\n        let currentSales = parseInt(salesNumber.textContent);<br \/>\n        let increase = Math.floor(Math.random() * 3) + 1; \/\/ Ajout de 1 \u00e0 3 ventes<\/p>\n<p>        let newSales = currentSales + increase;<br \/>\n        if (newSales &gt; 48) {<br \/>\n            newSales = 48; \/\/ Limiter \u00e0 48<br \/>\n        }<\/p>\n<p>        salesNumber.textContent = newSales;<br \/>\n    }<\/p>\n<p>    updateSalesText();<br \/>\n    setInterval(updateSales, Math.floor(Math.random() * 20000) + 10000); \/\/ Mise \u00e0 jour al\u00e9atoire entre 10 et 20 sec<\/p>\n<p>    document.querySelectorAll(\u00ab\u00a0.faq-question\u00a0\u00bb).forEach(button =&gt; {<br \/>\n        button.addEventListener(\u00ab\u00a0click\u00a0\u00bb, function() {<br \/>\n            let answer = this.nextElementSibling;<br \/>\n            answer.style.display = (answer.style.display === \u00ab\u00a0block\u00a0\u00bb) ? \u00ab\u00a0none\u00a0\u00bb : \u00ab\u00a0block\u00a0\u00bb;<br \/>\n        });<br \/>\n    });<\/p>\n<p>    document.getElementById(\u00ab\u00a0back-to-top\u00a0\u00bb).addEventListener(\u00ab\u00a0click\u00a0\u00bb, function() {<br \/>\n        window.scrollTo({ top: 0, behavior: \u00ab\u00a0smooth\u00a0\u00bb });<br \/>\n    });\n<\/p>\n<p><!-- \u2705 Styles CSS --><\/p>\n<\/p>\n<p>    .faq-question:hover {<br \/>\n        background: #1D7A1D;<br \/>\n    }<\/p>\n<\/p>\n<p>    #back-to-top:hover {<br \/>\n        background: #E69500;<br \/>\n    }<\/p>\n<\/p>\n<p>\n}<\/p>","protected":false},"excerpt":{"rendered":"<p>Carte Cadeau Bol.com payable en Bitcoin, USDT et plus de 20 cryptos. Livraison rapide du code par email et paiement s\u00e9curis\u00e9.<\/p>","protected":false},"featured_media":6884,"comment_status":"open","ping_status":"closed","template":"","meta":{"iawp_total_views":0},"product_brand":[],"product_cat":[803],"product_tag":[1077,304,1075,1074,1076,1078],"class_list":{"0":"post-6883","1":"product","2":"type-product","3":"status-publish","4":"has-post-thumbnail","6":"product_cat-carte-cadeau-shopping","7":"product_tag-acheter-carte-cadeau-bol-com-en-bitcoin","8":"product_tag-carte-cadeau","9":"product_tag-carte-cadeau-bol-com","10":"product_tag-carte-cadeau-bol-com-bitcoin","11":"product_tag-carte-cadeau-bol-com-crypto","12":"product_tag-carte-cadeau-bol-com-paiement-crypto","14":"first","15":"instock","16":"shipping-taxable","17":"purchasable","18":"product-type-variable"},"_links":{"self":[{"href":"https:\/\/digitalcoingifts.com\/it\/wp-json\/wp\/v2\/product\/6883","targetHints":{"allow":["GET"]}}],"collection":[{"href":"https:\/\/digitalcoingifts.com\/it\/wp-json\/wp\/v2\/product"}],"about":[{"href":"https:\/\/digitalcoingifts.com\/it\/wp-json\/wp\/v2\/types\/product"}],"replies":[{"embeddable":true,"href":"https:\/\/digitalcoingifts.com\/it\/wp-json\/wp\/v2\/comments?post=6883"}],"wp:featuredmedia":[{"embeddable":true,"href":"https:\/\/digitalcoingifts.com\/it\/wp-json\/wp\/v2\/media\/6884"}],"wp:attachment":[{"href":"https:\/\/digitalcoingifts.com\/it\/wp-json\/wp\/v2\/media?parent=6883"}],"wp:term":[{"taxonomy":"product_brand","embeddable":true,"href":"https:\/\/digitalcoingifts.com\/it\/wp-json\/wp\/v2\/product_brand?post=6883"},{"taxonomy":"product_cat","embeddable":true,"href":"https:\/\/digitalcoingifts.com\/it\/wp-json\/wp\/v2\/product_cat?post=6883"},{"taxonomy":"product_tag","embeddable":true,"href":"https:\/\/digitalcoingifts.com\/it\/wp-json\/wp\/v2\/product_tag?post=6883"}],"curies":[{"name":"wp","href":"https:\/\/api.w.org\/{rel}","templated":true}]}}