{"id":6872,"date":"2020-05-07T15:58:48","date_gmt":"2020-05-07T13:58:48","guid":{"rendered":"https:\/\/digitalcoingifts.com\/?post_type=product&#038;p=6872"},"modified":"2026-02-14T12:13:25","modified_gmt":"2026-02-14T11:13:25","slug":"carte-cadeau-blablacar","status":"publish","type":"product","link":"https:\/\/digitalcoingifts.com\/it\/carte-cadeau-divertissement\/carte-cadeau-blablacar\/","title":{"rendered":"Carta regalo BlaBlaCar"},"content":{"rendered":"<h2>Acquista la tua carta regalo BlaBlaCar in criptovalute!<\/h2>\n<h3>\ud83d\ude8d Viaggiate in tutta comodit\u00e0 a un prezzo conveniente con la Carta regalo BlaBlaCar<\/h3>\n<p>Volete viaggiare in tutta Europa a tariffe vantaggiose? Grazie alla <strong>Carta regalo BlaBlaCar<\/strong>Approfittate dei viaggi in pullman da <strong>5 \u20ac<\/strong> con un <strong>comfort premium<\/strong>. Utilizzate il vostro voucher per prenotare facilmente il vostro viaggio <strong><a href=\"https:\/\/www.blablacar.com\" target=\"_blank\" rel=\"noopener\">BlaBlaCar.com<\/a><\/strong>allo sportello o tramite l'applicazione mobile.<\/p>\n<p>\ud83c\udf9f\ufe0f <strong>Importi disponibili<\/strong> 50 e 100 euro. \ud83d\udce9 <strong>Consegna immediata<\/strong> via e-mail, senza attese! \ud83d\ude8c <strong>300 destinazioni<\/strong> disponibile in Europa. \ud83d\udcb3 <strong>Per uso immediato<\/strong> e <strong>valido per 1 anno<\/strong> dopo l'acquisto.<\/p>\n<h3>\ud83c\udfaf Cos'\u00e8 un voucher BlaBlaCar?<\/h3>\n<p>A <strong>Buono BlaBlaCar<\/strong> \u00e8 un <strong>credito prepagato<\/strong> che potrete utilizzare come mezzo di pagamento al momento della prenotazione. Vi permette di <strong>viaggiare senza vincoli<\/strong>pagando tutto o parte del viaggio.<\/p>\n<ul>\n<li>\u2705 <strong>Pu\u00f2 essere utilizzato per uno o pi\u00f9 viaggi<\/strong> a seconda dell'equilibrio.<\/li>\n<li>\u2705 <strong>Pu\u00f2 essere combinato con altri <a href=\"https:\/\/digitalcoingifts.com\/it\/carta-regalo-per-lo-shopping\/carta-regalo-nike\/\" data-wpil-monitor-id=\"14\">carte regalo<\/a><\/strong>fino a quando <strong>1000 \u20ac<\/strong>.<\/li>\n<li>\u2705 <strong>Nessun costo aggiuntivo<\/strong>pagamento semplice e diretto.<\/li>\n<\/ul>\n<h3>\ud83d\udd27 Come si usa la carta regalo BlaBlaCar?<\/h3>\n<ol>\n<li><strong>Vai a<\/strong> <a href=\"https:\/\/www.blablacar.com\" target=\"_blank\" rel=\"noopener\">BlaBlaCar.com<\/a>presso una biglietteria o sull'applicazione BlaBlaCar.<\/li>\n<li><strong>Scegliere il percorso<\/strong> tra pi\u00f9 di <strong>300 destinazioni<\/strong>.<\/li>\n<li><strong>Selezionare \"Buono<\/strong> come metodo di pagamento.<\/li>\n<li><strong>Inserire il codice ricevuto via e-mail<\/strong>e il viaggio \u00e8 pagato!<\/li>\n<\/ol>\n<h3>\ud83d\ude80 Ricevete subito la vostra Carta regalo BlaBlaCar<\/h3>\n<p>Non appena il pagamento \u00e8 stato confermato, la vostra <strong>Carta regalo BlaBlaCar<\/strong> viene inviato automaticamente <strong>via e-mail<\/strong>. \u00c8 possibile utilizzarlo <strong>immediatamente<\/strong> per prenotare il vostro prossimo viaggio.<\/p>\n<h3>\ud83d\udcb0 Quali sono le quantit\u00e0 disponibili?<\/h3>\n<ul>\n<li><strong>50\u20ac<\/strong><\/li>\n<li><strong>100\u20ac<\/strong><\/li>\n<\/ul>\n<h3>\ud83d\udcb3 Pagare in cripto: veloce e sicuro!<\/h3>\n<p>Utilizzo <strong>Bitcoin, Ethereum, Dash, Bitcoin Cash, Dogecoin, Litecoin<\/strong> e altre criptovalute per acquistare il vostro <strong>Carta regalo BlaBlaCar<\/strong>.<\/p>\n<ul>\n<li>\u2705 <strong>Consegna immediata<\/strong> via e-mail.<\/li>\n<li>\u2705 <strong>Non \u00e8 richiesto alcun account<\/strong> per ordinare.<\/li>\n<li>\u2705 <strong>Transazioni rapide e sicure<\/strong>.<\/li>\n<\/ul>\n<h3>\ud83c\udf81 Scopri le altre carte regalo disponibili<\/h3>\n<p>Si consiglia inoltre il <strong><a href=\"https:\/\/digitalcoingifts.com\/it\/carta-regalo-per-lintrattenimento\/carta-regalo-google-play\/\">Carta regalo Google Play<\/a>il <a href=\"https:\/\/digitalcoingifts.com\/it\/carta-regalo-per-lo-shopping\/carta-regalo-amazon\/\">Carta regalo Amazon<\/a> e il <a href=\"https:\/\/digitalcoingifts.com\/it\/carta-regalo-per-lintrattenimento\/carta-regalo-itunes\/\">Carta regalo iTunes<\/a><\/strong> per una scelta ancora pi\u00f9 ampia!<\/p>\n<p>\n<!-- \u2705 Conteneur principal --><\/p>\n<div id=\"trust-section\" style=\"max-width: 100%;padding: 20px;text-align: center;background: #f9f9f9;border-radius: 10px\">\n<p>    <!-- \u2705 Badge Trustpilot centr\u00e9 --><\/p>\n<div style=\"margin-bottom: 15px;justify-content: center;align-items: center\">\n        <img decoding=\"async\" src=\"https:\/\/digitalcoingifts.com\/wp-content\/uploads\/2024\/12\/trustpilot_1600x.webp\" alt=\"Recensioni Trustpilot\" width=\"140\" style=\"max-width: 100%\" title=\"\">\n    <\/div>\n<p style=\"font-size: 14px;color: #333;font-weight: bold;margin-top: 5px\">\n        \u2705 Acquistate in tutta tranquillit\u00e0 grazie alla sicurezza infallibile della blockchain\n    <\/p>\n<p>    <!-- \u2705 Compteur de ventes dynamique (centr\u00e9 sur \u201csemaine\u201d) --><\/p>\n<div id=\"sales-counter\" style=\"text-align: center;font-size: 18px;font-weight: bold;color: #27ae60;margin-top: 10px;padding: 10px\">\n        \ud83d\udd25 <span id=\"sales-text\">Questa settimana<\/span> <span id=\"sales-number\">35<\/span><br \/>\n        <span id=\"sales-product\">carte regalo<\/span> <span id=\"sales-sold\">venduto<\/span> !\n    <\/div>\n<p>    <!-- \u2705 Bouton d'Appel \u00e0 l'Action (texte modifi\u00e9) --><br \/>\n    <button id=\"back-to-top\" style=\"margin-top: 15px;padding: 12px 25px;font-size: 16px;font-weight: bold;background: #FFA500;color: white;border: none;border-radius: 5px;cursor: pointer\"><br \/>\n        \ud83d\uded2 Ottieni subito la tua carta regalo<br \/>\n    <\/button><\/p>\n<p>    <!-- \u2705 Code Promo en bleu modernis\u00e9 --><\/p>\n<div id=\"promo-banner\" style=\"background: #007BFF;color: white;padding: 12px;font-size: 18px;font-weight: bold;margin-top: 15px;border-radius: 5px\">\n        \ud83c\udf81 **-10% sul primo ordine** con il codice **Promo10** !\n    <\/div>\n<p>    <!-- \u2705 Bloc FAQ re-r\u00e9dig\u00e9 --><\/p>\n<div id=\"faq-wrapper\" style=\"margin-top: 20px;padding: 15px;background: #E9F5E9;border-radius: 10px;text-align: center\">\n<h3 style=\"color: #228B22;font-size: 20px;font-weight: bold\">\u2753 Domande frequenti<\/h3>\n<div class=\"faq-item\">\n            <button class=\"faq-question\">\ud83d\udccc Come si acquisisce una carta regalo tramite criptovaluta?<\/button><\/p>\n<div class=\"faq-answer\">\n                Scegliete un importo, pagate in Bitcoin, Ethereum o USDT e ricevete la vostra carta immediatamente via e-mail.\n            <\/div>\n<\/p>\n<\/div>\n<div class=\"faq-item\">\n            <button class=\"faq-question\">\ud83d\udd12 I pagamenti in criptovaluta sono protetti?<\/button><\/p>\n<div class=\"faq-answer\">\n                S\u00ec, la blockchain aumenta la trasparenza e la sicurezza di ogni transazione, riducendo notevolmente il rischio di frode.\n            <\/div>\n<\/p>\n<\/div>\n<div class=\"faq-item\">\n            <button class=\"faq-question\">\ud83d\udcc5 Quanto tempo prima di ricevere la carta regalo?<\/button><\/p>\n<div class=\"faq-answer\">\n                Viene emesso <strong>senza indugio<\/strong> non appena il pagamento \u00e8 stato confermato. Lo troverete subito nella vostra casella di posta elettronica.\n            <\/div>\n<\/p>\n<\/div>\n<div class=\"faq-item\">\n            <button class=\"faq-question\">\ud83c\udf0d Pu\u00f2 essere utilizzato ovunque?<\/button><\/p>\n<div class=\"faq-answer\">\n                Le nostre carte sono accettate <strong>nel mondo<\/strong> \ud83c\udf0d !<br \/>\n                Une fois votre r\u00e8glement confirm\u00e9, vous recevez une carte adapt\u00e9e \u00e0 votre pays de r\u00e9sidence.\n            <\/div>\n<\/p>\n<\/div>\n<\/div>\n<\/div>\n<p><!-- \u2705 JavaScript pour le compteur et les interactions --><\/p>\n<p>    function getLang() {<br \/>\n        return document.documentElement.lang || navigator.language.split(&lsquo;-&lsquo;)[0] || &lsquo;fr&rsquo;;<br \/>\n    }<\/p>\n<p>    function updateSalesText() {<br \/>\n        let lang = getLang();<br \/>\n        let salesText = document.getElementById(&lsquo;sales-text&rsquo;);<br \/>\n        let salesProduct = document.getElementById(&lsquo;sales-product&rsquo;);<br \/>\n        let salesSold = document.getElementById(&lsquo;sales-sold&rsquo;);<\/p>\n<p>        let translations = {<br \/>\n            fr: { text: \u00ab\u00a0Cette semaine\u00a0\u00bb, product: \u00ab\u00a0cartes-cadeaux\u00a0\u00bb, sold: \u00ab\u00a0vendues\u00a0\u00bb },<br \/>\n            en: { text: \u00ab\u00a0This week\u00a0\u00bb, product: \u00ab\u00a0gift cards\u00a0\u00bb, sold: \u00ab\u00a0sold\u00a0\u00bb },<br \/>\n            es: { text: \u00ab\u00a0Esta semana\u00a0\u00bb, product: \u00ab\u00a0tarjetas de regalo\u00a0\u00bb, sold: \u00ab\u00a0vendidas\u00a0\u00bb },<br \/>\n            de: { text: \u00ab\u00a0Diese Woche\u00a0\u00bb, product: \u00ab\u00a0Geschenkkarten\u00a0\u00bb, sold: \u00ab\u00a0verkauft\u00a0\u00bb }<br \/>\n        };<\/p>\n<p>        if (translations[lang]) {<br \/>\n            salesText.textContent = translations[lang].text;<br \/>\n            salesProduct.textContent = translations[lang].product;<br \/>\n            salesSold.textContent = translations[lang].sold;<br \/>\n        }<br \/>\n    }<\/p>\n<p>    let baseSales = Math.floor(Math.random() * (48 &#8211; 23 + 1)) + 23; \/\/ Choix al\u00e9atoire entre 23 et 48<br \/>\n    document.getElementById(\u00ab\u00a0sales-number\u00a0\u00bb).textContent = baseSales;<\/p>\n<p>    function updateSales() {<br \/>\n        let salesNumber = document.getElementById(\u00ab\u00a0sales-number\u00a0\u00bb);<br \/>\n        let currentSales = parseInt(salesNumber.textContent);<br \/>\n        let increase = Math.floor(Math.random() * 3) + 1; \/\/ Ajout de 1 \u00e0 3 ventes<\/p>\n<p>        let newSales = currentSales + increase;<br \/>\n        if (newSales &gt; 48) {<br \/>\n            newSales = 48; \/\/ Limit\u00e9 \u00e0 48<br \/>\n        }<\/p>\n<p>        salesNumber.textContent = newSales;<br \/>\n    }<\/p>\n<p>    updateSalesText();<br \/>\n    setInterval(updateSales, Math.floor(Math.random() * 20000) + 10000); \/\/ Mise \u00e0 jour al\u00e9atoire entre 10 et 20 secondes<\/p>\n<p>    document.querySelectorAll(\u00ab\u00a0.faq-question\u00a0\u00bb).forEach(button =&gt; {<br \/>\n        button.addEventListener(\u00ab\u00a0click\u00a0\u00bb, function() {<br \/>\n            let answer = this.nextElementSibling;<br \/>\n            answer.style.display = (answer.style.display === \u00ab\u00a0block\u00a0\u00bb) ? \u00ab\u00a0none\u00a0\u00bb : \u00ab\u00a0block\u00a0\u00bb;<br \/>\n        });<br \/>\n    });<\/p>\n<p>    document.getElementById(\u00ab\u00a0back-to-top\u00a0\u00bb).addEventListener(\u00ab\u00a0click\u00a0\u00bb, function() {<br \/>\n        window.scrollTo({ top: 0, behavior: \u00ab\u00a0smooth\u00a0\u00bb });<br \/>\n    });\n<\/p>\n<p><!-- \u2705 Styles CSS --><\/p>\n<\/p>\n<p>    .faq-question:hover {<br \/>\n        background: #1D7A1D;<br \/>\n    }<\/p>\n<\/p>\n<p>    #back-to-top:hover {<br \/>\n        background: #E69500;<br \/>\n    }<\/p>\n<\/p>\n<p>\n}<\/p>","protected":false},"excerpt":{"rendered":"<p>Carte Cadeau BlaBlaCar payable en Bitcoin, USDT et plus de 20 cryptos. Livraison rapide du code par email et paiement s\u00e9curis\u00e9.<\/p>","protected":false},"featured_media":8347,"comment_status":"open","ping_status":"closed","template":"","meta":{"iawp_total_views":0},"product_brand":[],"product_cat":[606],"product_tag":[1086,304,1085,1084,1087,1088],"class_list":{"0":"post-6872","1":"product","2":"type-product","3":"status-publish","4":"has-post-thumbnail","6":"product_cat-carte-cadeau-divertissement","7":"product_tag-acheter-carte-cadeau-blablacar-en-bitcoin","8":"product_tag-carte-cadeau","9":"product_tag-carte-cadeau-blablacar","10":"product_tag-carte-cadeau-blablacar-bitcoin","11":"product_tag-carte-cadeau-blablacar-crypto","12":"product_tag-carte-cadeau-blablacar-paiement-crypto","14":"first","15":"instock","16":"shipping-taxable","17":"purchasable","18":"product-type-variable"},"_links":{"self":[{"href":"https:\/\/digitalcoingifts.com\/it\/wp-json\/wp\/v2\/product\/6872","targetHints":{"allow":["GET"]}}],"collection":[{"href":"https:\/\/digitalcoingifts.com\/it\/wp-json\/wp\/v2\/product"}],"about":[{"href":"https:\/\/digitalcoingifts.com\/it\/wp-json\/wp\/v2\/types\/product"}],"replies":[{"embeddable":true,"href":"https:\/\/digitalcoingifts.com\/it\/wp-json\/wp\/v2\/comments?post=6872"}],"wp:featuredmedia":[{"embeddable":true,"href":"https:\/\/digitalcoingifts.com\/it\/wp-json\/wp\/v2\/media\/8347"}],"wp:attachment":[{"href":"https:\/\/digitalcoingifts.com\/it\/wp-json\/wp\/v2\/media?parent=6872"}],"wp:term":[{"taxonomy":"product_brand","embeddable":true,"href":"https:\/\/digitalcoingifts.com\/it\/wp-json\/wp\/v2\/product_brand?post=6872"},{"taxonomy":"product_cat","embeddable":true,"href":"https:\/\/digitalcoingifts.com\/it\/wp-json\/wp\/v2\/product_cat?post=6872"},{"taxonomy":"product_tag","embeddable":true,"href":"https:\/\/digitalcoingifts.com\/it\/wp-json\/wp\/v2\/product_tag?post=6872"}],"curies":[{"name":"wp","href":"https:\/\/api.w.org\/{rel}","templated":true}]}}