{"id":6815,"date":"2020-05-03T07:36:22","date_gmt":"2020-05-03T05:36:22","guid":{"rendered":"https:\/\/digitalcoingifts.com\/?post_type=product&#038;p=6815"},"modified":"2026-02-14T18:19:35","modified_gmt":"2026-02-14T17:19:35","slug":"carte-cadeau-playstation-store","status":"publish","type":"product","link":"https:\/\/digitalcoingifts.com\/it\/carte-cadeau-gaming\/carte-cadeau-playstation-store\/","title":{"rendered":"Carte PSN Playstation Store Bitcoin | Gaming &amp; Abonnements"},"content":{"rendered":"<h2>Acquista la tua carta regalo PlayStation Store con Bitcoin e altre criptovalute!<\/h2>\n<h3>\ud83c\udfae <strong>Godetevi l'accesso illimitato al PlayStation Store con una carta prepagata!<\/strong><\/h3>\n<p>La <strong>Carta regalo PlayStation Store<\/strong> \u00e8 il modo ideale per acquistare giochi, contenuti aggiuntivi, film e persino abbonamenti a PlayStation Plus o PlayStation Now, <strong>senza usare la carta di credito<\/strong>. Sia che si giochi su <strong>PlayStation 5, PlayStation 4 o PlayStation 3<\/strong>Questa carta prepagata vi permette di accedere completamente alla <strong>PlayStation Store<\/strong> in totale sicurezza.<\/p>\n<p>\u2705 <strong>Compatibile con tutte le moderne console PlayStation.<\/strong><br \/>\u2705 <strong>Pagamento sicuro senza condividere le vostre coordinate bancarie.<\/strong><br \/>\u2705 <strong>Accesso immediato ai giochi e al download di contenuti dopo l'attivazione.<\/strong><br \/>\u2705 <strong>Ideale come regalo per un amico o un parente.<\/strong><\/p>\n<hr \/>\n<h3>\ud83d\udce9 <strong>Ricevi la tua carta regalo PlayStation Store immediatamente via e-mail<\/strong><\/h3>\n<p>Acquista il tuo <strong>Scheda PSN<\/strong> in Bitcoin o altre criptovalute e ottenere <strong>il vostro codice numerico immediatamente<\/strong> dopo il pagamento. Non c'\u00e8 bisogno di aspettare la consegna fisica, tutto avviene online per la massima velocit\u00e0 ed efficienza.<\/p>\n<p>\ud83d\udd25 <strong>Un modo rapido e affidabile per ricaricare il tuo account PlayStation!<\/strong><\/p>\n<hr \/>\n<h3>\ud83d\udd27 <strong>Come si utilizza la carta regalo del PlayStation Store?<\/strong><\/h3>\n<ol>\n<li><strong>Aggiungete la carta PSN di vostra scelta al carrello ed effettuate il pagamento sicuro.<\/strong><\/li>\n<li><strong>Ricevete il vostro codice via e-mail subito dopo la convalida.<\/strong><\/li>\n<li><strong>Accedete al vostro account PlayStation e al PlayStation Store.<\/strong><\/li>\n<li><strong>Selezionare \"Usa un codice\" e inserire il codice ricevuto.<\/strong><\/li>\n<li><strong>Il credito viene immediatamente aggiunto al vostro conto ed \u00e8 pronto per essere utilizzato!<\/strong><\/li>\n<\/ol>\n<p>\ud83d\udd25 <strong>Accedi rapidamente a migliaia di giochi e contenuti esclusivi con un solo clic sulla carta regalo del PlayStation Store!<\/strong><\/p>\n<hr \/>\n<h3>\ud83c\udf81 <strong>Regalare una PSN Card: il regalo perfetto per tutti i giocatori<\/strong><\/h3>\n<p>Cercate un'idea regalo originale per un giocatore di PlayStation? Offrite un <strong>Carta regalo PlayStation Store<\/strong> \u00e8 un'opzione eccellente!<\/p>\n<ul>\n<li>\ud83c\udf81 <strong>Libert\u00e0 di scelta<\/strong> il beneficiario potr\u00e0 acquistare <strong>il gioco o l'abbonamento di vostra scelta<\/strong>.<\/li>\n<li>\ud83c\udf81 <strong>Aggiungere un messaggio personalizzato<\/strong> per rendere unico il vostro regalo.<\/li>\n<li>\ud83c\udf81 <strong>Soluzione digitale 100%<\/strong> La carta viene consegnata immediatamente via e-mail.<\/li>\n<li>\ud83c\udf81 <strong>Ideale per tutte le occasioni<\/strong> Per compleanni, anniversari o semplicemente per regalare un amico giocatore!<\/li>\n<\/ul>\n<hr \/>\n<h3>\ud83d\udcb0 <strong>Quali sono gli importi disponibili?<\/strong><\/h3>\n<p>Il <strong>Carte regalo del PlayStation Store<\/strong> sono disponibili in un'ampia gamma di dimensioni per soddisfare tutte le esigenze:<\/p>\n<ul>\n<li><strong>50\u20ac<\/strong><\/li>\n<li><strong>100\u20ac<\/strong><\/li>\n<li><strong>150\u20ac<\/strong><\/li>\n<li><strong>250\u20ac<\/strong><\/li>\n<\/ul>\n<hr \/>\n<h3>\ud83d\udcb3 <strong>Acquistate la carta regalo del PlayStation Store in criptovaluta<\/strong><\/h3>\n<p>Approfittate di <strong>pagamento sicuro, veloce e anonimo<\/strong> con :<\/p>\n<ul>\n<li><strong>Bitcoin (BTC)<\/strong><\/li>\n<li><strong>Ethereum (ETH)<\/strong><\/li>\n<li><strong>Dash (DASH)<\/strong><\/li>\n<li><strong>Bitcoin Cash (BCH)<\/strong><\/li>\n<li><strong>Dogecoin (DOGE)<\/strong><\/li>\n<li><strong>Litecoin (LTC)<\/strong><\/li>\n<\/ul>\n<p>\u2705 <strong>Transazioni sicure 100% grazie alla blockchain.<\/strong><br \/>\u2705 <strong>Consegna immediata dopo la conferma del pagamento.<\/strong><br \/>\u2705 <strong>Non \u00e8 richiesta la carta di credito per completare l'acquisto.<\/strong><\/p>\n<hr \/>\n<h3>\ud83c\udfae <strong>Altre carte regalo per il gioco disponibili<\/strong><\/h3>\n<p>Raccomandiamo anche :<\/p>\n<ul>\n<li>\ud83c\udfae <strong><a href=\"https:\/\/digitalcoingifts.com\/it\/carta-regalo-playstation-plus\/\">Carta regalo PlayStation Plus<\/a><\/strong><\/li>\n<li>\ud83c\udfae <strong><a href=\"https:\/\/digitalcoingifts.com\/it\/carta-regalo-xbox\/\">Carta regalo Xbox<\/a><\/strong><\/li>\n<li>\ud83c\udfae <strong><a href=\"https:\/\/digitalcoingifts.com\/it\/carta-regalo-steam\/\">Carta regalo Steam<\/a><\/strong><\/li>\n<\/ul>\n<h3>\ud83d\udd17 <strong>Collegamento al PlayStation Store ufficiale<\/strong><\/h3>\n<p>Scoprite le ultime promozioni, i giochi e gli abbonamenti su <strong><a href=\"https:\/\/store.playstation.com\/\" target=\"_blank\" rel=\"noopener\">pagina ufficiale del PlayStation Store<\/a><\/strong>.<\/p>\n<hr \/>\n<p>\ud83d\udd25 <strong>Acquistate subito la vostra Gift Card del PlayStation Store e godetevi il mondo di PlayStation in pochi clic!<\/strong><\/p>\n<p>\n<!-- \u2705 Conteneur principal --><\/p>\n<div id=\"trust-section\" style=\"max-width: 100%;padding: 20px;text-align: center;background: #f9f9f9;border-radius: 10px\">\n<p>    <!-- \u2705 Badge Trustpilot centr\u00e9 --><\/p>\n<div style=\"margin-bottom: 15px;justify-content: center;align-items: center\">\n        <img decoding=\"async\" src=\"https:\/\/digitalcoingifts.com\/wp-content\/uploads\/2024\/12\/trustpilot_1600x.webp\" alt=\"Recensioni Trustpilot\" width=\"140\" style=\"max-width: 100%\" title=\"\">\n    <\/div>\n<p style=\"font-size: 14px;color: #333;font-weight: bold;margin-top: 5px\">\n        \u2705 Acquistate in tutta tranquillit\u00e0 grazie alla sicurezza infallibile della blockchain\n    <\/p>\n<p>    <!-- \u2705 Compteur de ventes dynamique (centr\u00e9 sur \u201csemaine\u201d) --><\/p>\n<div id=\"sales-counter\" style=\"text-align: center;font-size: 18px;font-weight: bold;color: #27ae60;margin-top: 10px;padding: 10px\">\n        \ud83d\udd25 <span id=\"sales-text\">Questa settimana<\/span> <span id=\"sales-number\">35<\/span><br \/>\n        <span id=\"sales-product\">carte regalo<\/span> <span id=\"sales-sold\">venduto<\/span> !\n    <\/div>\n<p>    <!-- \u2705 Bouton d'Appel \u00e0 l'Action (texte modifi\u00e9) --><br \/>\n    <button id=\"back-to-top\" style=\"margin-top: 15px;padding: 12px 25px;font-size: 16px;font-weight: bold;background: #FFA500;color: white;border: none;border-radius: 5px;cursor: pointer\"><br \/>\n        \ud83d\uded2 Ottieni subito la tua carta regalo<br \/>\n    <\/button><\/p>\n<p>    <!-- \u2705 Code Promo en bleu modernis\u00e9 --><\/p>\n<div id=\"promo-banner\" style=\"background: #007BFF;color: white;padding: 12px;font-size: 18px;font-weight: bold;margin-top: 15px;border-radius: 5px\">\n        \ud83c\udf81 **-10% sul primo ordine** con il codice **Promo10** !\n    <\/div>\n<p>    <!-- \u2705 Bloc FAQ re-r\u00e9dig\u00e9 --><\/p>\n<div id=\"faq-wrapper\" style=\"margin-top: 20px;padding: 15px;background: #E9F5E9;border-radius: 10px;text-align: center\">\n<h3 style=\"color: #228B22;font-size: 20px;font-weight: bold\">\u2753 Domande frequenti<\/h3>\n<div class=\"faq-item\">\n            <button class=\"faq-question\">\ud83d\udccc Come si acquisisce una carta regalo tramite criptovaluta?<\/button><\/p>\n<div class=\"faq-answer\">\n                Scegliete un importo, pagate in Bitcoin, Ethereum o USDT e ricevete la vostra carta immediatamente via e-mail.\n            <\/div>\n<\/p>\n<\/div>\n<div class=\"faq-item\">\n            <button class=\"faq-question\">\ud83d\udd12 I pagamenti in criptovaluta sono protetti?<\/button><\/p>\n<div class=\"faq-answer\">\n                S\u00ec, la blockchain aumenta la trasparenza e la sicurezza di ogni transazione, riducendo notevolmente il rischio di frode.\n            <\/div>\n<\/p>\n<\/div>\n<div class=\"faq-item\">\n            <button class=\"faq-question\">\ud83d\udcc5 Quanto tempo prima di ricevere la carta regalo?<\/button><\/p>\n<div class=\"faq-answer\">\n                Viene emesso <strong>senza indugio<\/strong> non appena il pagamento \u00e8 stato confermato. Lo troverete subito nella vostra casella di posta elettronica.\n            <\/div>\n<\/p>\n<\/div>\n<div class=\"faq-item\">\n            <button class=\"faq-question\">\ud83c\udf0d Pu\u00f2 essere utilizzato ovunque?<\/button><\/p>\n<div class=\"faq-answer\">\n                Le nostre carte sono accettate <strong>nel mondo<\/strong> \ud83c\udf0d !<br \/>\n                Une fois votre r\u00e8glement confirm\u00e9, vous recevez une carte adapt\u00e9e \u00e0 votre pays de r\u00e9sidence.\n            <\/div>\n<\/p>\n<\/div>\n<\/div>\n<\/div>\n<p><!-- \u2705 JavaScript pour le compteur et les interactions -->\n<\/p>\n<p><!-- \u2705 Styles CSS --><\/p>\n<\/p>\n<p>    .faq-question:hover {<br \/>\n        background: #1D7A1D;<br \/>\n    }<\/p>\n<\/p>\n<p>    #back-to-top:hover {<br \/>\n        background: #E69500;<br \/>\n    }<\/p>\n<h3>\ud83d\udd0d Vous aimerez aussi :<\/h3>\n<ul>\n<li><a href=\"https:\/\/digitalcoingifts.com\/it\/carta-regalo-per-il-gioco\/carta-regalo-steam\/\">Carte Cadeau Steam Avec Bitcoin | Jeux Pc &amp;Amp; Gaming En Crypto<\/a><\/li>\n<li><a href=\"https:\/\/digitalcoingifts.com\/it\/carta-regalo-per-il-gioco\/carta-regalo-xbox\/\">Carte Cadeau Xbox Live &amp;Amp; Game Pass Bitcoin | Code Digital 60S<\/a><\/li>\n<li><a href=\"https:\/\/digitalcoingifts.com\/it\/carta-regalo-per-il-gioco\/carta-regalo-nintendo\/\">Carte Cadeau Nintendo Eshop Bitcoin | Switch &amp;Amp; Jeux En Crypto<\/a><\/li>\n<\/ul>","protected":false},"excerpt":{"rendered":"<p>Carte Cadeau Playstation Store payable en Bitcoin, USDT et plus de 20 cryptos. Livraison rapide du code par email et paiement s\u00e9curis\u00e9.<\/p>","protected":false},"featured_media":6819,"comment_status":"open","ping_status":"closed","template":"","meta":{"iawp_total_views":7},"product_brand":[],"product_cat":[396],"product_tag":[1134,304,1133,1135,1136,1137],"class_list":{"0":"post-6815","1":"product","2":"type-product","3":"status-publish","4":"has-post-thumbnail","6":"product_cat-carte-cadeau-gaming","7":"product_tag-acheter-carte-psn-en-crypto","8":"product_tag-carte-cadeau","9":"product_tag-carte-cadeau-playstation-store","10":"product_tag-carte-psn-paiement-crypto","11":"product_tag-code-playstation-store-bitcoin","12":"product_tag-recharger-compte-playstation-avec-bitcoin","14":"first","15":"instock","16":"shipping-taxable","17":"purchasable","18":"product-type-variable"},"_links":{"self":[{"href":"https:\/\/digitalcoingifts.com\/it\/wp-json\/wp\/v2\/product\/6815","targetHints":{"allow":["GET"]}}],"collection":[{"href":"https:\/\/digitalcoingifts.com\/it\/wp-json\/wp\/v2\/product"}],"about":[{"href":"https:\/\/digitalcoingifts.com\/it\/wp-json\/wp\/v2\/types\/product"}],"replies":[{"embeddable":true,"href":"https:\/\/digitalcoingifts.com\/it\/wp-json\/wp\/v2\/comments?post=6815"}],"wp:featuredmedia":[{"embeddable":true,"href":"https:\/\/digitalcoingifts.com\/it\/wp-json\/wp\/v2\/media\/6819"}],"wp:attachment":[{"href":"https:\/\/digitalcoingifts.com\/it\/wp-json\/wp\/v2\/media?parent=6815"}],"wp:term":[{"taxonomy":"product_brand","embeddable":true,"href":"https:\/\/digitalcoingifts.com\/it\/wp-json\/wp\/v2\/product_brand?post=6815"},{"taxonomy":"product_cat","embeddable":true,"href":"https:\/\/digitalcoingifts.com\/it\/wp-json\/wp\/v2\/product_cat?post=6815"},{"taxonomy":"product_tag","embeddable":true,"href":"https:\/\/digitalcoingifts.com\/it\/wp-json\/wp\/v2\/product_tag?post=6815"}],"curies":[{"name":"wp","href":"https:\/\/api.w.org\/{rel}","templated":true}]}}