{"id":6810,"date":"2020-05-03T07:17:03","date_gmt":"2020-05-03T05:17:03","guid":{"rendered":"https:\/\/digitalcoingifts.com\/?post_type=product&#038;p=6810"},"modified":"2026-02-14T18:19:42","modified_gmt":"2026-02-14T17:19:42","slug":"carte-cadeau-xbox","status":"publish","type":"product","link":"https:\/\/digitalcoingifts.com\/it\/carte-cadeau-gaming\/carte-cadeau-xbox\/","title":{"rendered":"Carte Cadeau Xbox Live &amp; Game Pass Bitcoin | Code Digital 60s"},"content":{"rendered":"<h2 style=\"text-align: center\"><strong>Acquista la tua carta regalo Xbox con Bitcoin!<\/strong><\/h2>\n<p style=\"text-align: center\">Converti le tue criptovalute in una carta regalo Xbox e accedi ai contenuti dei nostri partner! Vi permetter\u00e0 di provare e scoprire giochi di nuova generazione.<\/p>\n<p style=\"text-align: center\">La\u00a0<a href=\"https:\/\/digitalcoingifts.com\/it\/categoria-di-prodotto\/carte-cadeau-shopping-en-ligne\/\"><strong>Carta regalo Xbox<\/strong><\/a> \u00e8 molto pratico se si desidera acquistare oggetti in bitcoin nella <a class=\"external-link\" href=\"https:\/\/marketplace.xbox.com\/\" target=\"_blank\" rel=\"noopener noreferrer\">Mercato dei giochi Xbox<\/a>. Qui troverete un'ampia gamma di DLC per i vostri giochi preferiti, accessori e persino film e musica. Con il\u00a0<strong>Carta prepagata Xbox<\/strong>\u00c8 possibile aggiungere credito al proprio portafoglio virtuale. In questo modo, \u00e8 possibile acquistare facilmente i prodotti nel negozio.<\/p>\n<p style=\"text-align: center\">Potete ricaricare il saldo del vostro conto in qualsiasi momento, scegliere la carta Xbox che preferite e utilizzarla subito. Con pochi clic, potete scaricare i vostri giochi preferiti dal Marketplace dei giochi Xbox.<\/p>\n<p style=\"text-align: center\">Una volta ricaricato il conto, potete iniziare immediatamente a fare acquisti nei negozi online di vostra scelta! Proprio come con il <a class=\"LinkSuggestion__Link-sc-1mdih4x-2 jZPuuT\" href=\"https:\/\/digitalcoingifts.com\/it\/negozio\/ricarica-della-carta-prepagata\/ricarica-neosurf\/\" rel=\"noopener noreferrer\">Ricarica Neosurf<\/a> il <a href=\"https:\/\/digitalcoingifts.com\/it\/negozio\/carta-regalo-per-il-gioco\/carta-regalo-steam\/\"><strong>Carta regalo Steam<\/strong><\/a><a class=\"internal-link\" title=\"Ricarica PCS\" href=\"https:\/\/digitalcoingifts.com\/it\/negozio\/ricarica-della-carta-prepagata\/ricarica-mastercard-pcs\/\">\u00a0<\/a>o il <strong><a href=\"https:\/\/digitalcoingifts.com\/it\/negozio\/carta-regalo-per-il-gioco\/carta-regalo-playstation-plus\/\">Carta regalo Playstation Plus<\/a>.<\/strong><\/p>\n<h3 style=\"text-align: center\">Ricevere il buono regalo <strong>via e-mail!<\/strong><\/h3>\n<p style=\"text-align: center\">Su digitalcoingifts offriamo carte Xbox in vari tagli.<strong><em>\u00a0<\/em><\/strong>per ogni esigenza. Se volete solo cambiare qualche aspetto del vostro avatar, optate per una carta regalo. Se invece volete acquistare un nuovo gioco per Xbox, scegliete una carta Xbox di valore superiore. Una volta fatta la scelta e selezionato il valore della carta, si pu\u00f2 procedere al pagamento.<\/p>\n<p style=\"text-align: center\">Una volta completata la transazione, il codice della carta verr\u00e0 visualizzato nell'ultima fase del pagamento. Questo codice verr\u00e0 inoltre inviato al vostro indirizzo e-mail insieme alla fattura, in modo da non perderlo. Visitare\u00a0<strong>Codice Xbox<\/strong>\u00a0pu\u00f2 essere utilizzato immediatamente. Non \u00e8 quindi necessario attendere l'attivazione del codice Xbox. Godetevi i giochi direttamente sulla vostra console Xbox o Xbox One.<\/p>\n<h4 style=\"text-align: center\"><strong>Regalate una carta regalo Xbox<\/strong><\/h4>\n<p style=\"text-align: center\">Avete amici che acquistano spesso prodotti dal Marketplace dei giochi Xbox? Regalate loro una carta regalo Xbox! Con questa carta, potranno acquistare tutto ci\u00f2 che desiderano dal negozio Xbox. Personalizzate il vostro regalo aggiungendo informazioni personali e scegliendo uno sfondo adatto all'occasione. Non c'\u00e8 bisogno di andare in negozio: il regalo arriver\u00e0 a casa immediatamente e la persona amata lo ricever\u00e0 sicuramente.<\/p>\n<h5 style=\"text-align: center\"><strong>Quali sono gli importi disponibili?<\/strong><\/h5>\n<p style=\"text-align: center\">Carte Xbox disponibili: 50\u20ac, 100\u20ac.<\/p>\n<p class=\"l-h1gvhq--4 eqn5xv82\" style=\"text-align: center\"><strong><em>Utilizzate i vostri Bitcoin o Altcoin per ricaricare la vostra Xbox Gift Card<\/em><\/strong><strong><em>. Pagate con Bitcoin, Dash, Bitcoin Cash, Dogecoin, Litecoin o Ethereum. Consegna immediata via e-mail. Nessun conto richiesto. Iniziate a vivere di criptovalute facilmente con digitalcoingifts!<\/em><\/strong><\/p>\n<p>\n<!-- \u2705 Conteneur principal --><\/p>\n<div id=\"trust-section\" style=\"max-width: 100%;padding: 20px;text-align: center;background: #f9f9f9;border-radius: 10px\">\n<p>    <!-- \u2705 Badge Trustpilot centr\u00e9 --><\/p>\n<div style=\"margin-bottom: 15px;justify-content: center;align-items: center\">\n        <img decoding=\"async\" src=\"https:\/\/digitalcoingifts.com\/wp-content\/uploads\/2024\/12\/trustpilot_1600x.webp\" alt=\"Recensioni Trustpilot\" width=\"140\" style=\"max-width: 100%\" title=\"\">\n    <\/div>\n<p style=\"font-size: 14px;color: #333;font-weight: bold;margin-top: 5px\">\n        \u2705 Acquistare in totale sicurezza grazie alla blockchain, che garantisce un'affidabilit\u00e0 ottimale\n    <\/p>\n<p>    <!-- \u2705 Compteur de ventes dynamique (centr\u00e9 sur \u201csemaine\u201d) --><\/p>\n<div id=\"sales-counter\" style=\"text-align: center;font-size: 18px;font-weight: bold;color: #27ae60;margin-top: 10px;padding: 10px\">\n        \ud83d\udd25 <span id=\"sales-text\">Questa settimana<\/span> <span id=\"sales-number\">35<\/span><br \/>\n        <span id=\"sales-product\">carte regalo<\/span> <span id=\"sales-sold\">venduto<\/span> !\n    <\/div>\n<p>    <!-- \u2705 Bouton d'Appel \u00e0 l'Action --><br \/>\n    <button id=\"back-to-top\" style=\"margin-top: 15px;padding: 12px 25px;font-size: 16px;font-weight: bold;background: #FFA500;color: white;border: none;border-radius: 5px;cursor: pointer\"><br \/>\n        \ud83d\uded2 Ottieni subito la tua carta regalo<br \/>\n    <\/button><\/p>\n<p>    <!-- \u2705 Code Promo en bleu modernis\u00e9 --><\/p>\n<div id=\"promo-banner\" style=\"background: #007BFF;color: white;padding: 12px;font-size: 18px;font-weight: bold;margin-top: 15px;border-radius: 5px\">\n        \ud83c\udf81 **Goditi uno sconto di 10%** sul tuo primo acquisto utilizzando il codice **Promo10**!\n    <\/div>\n<p>    <!-- \u2705 Bloc FAQ l\u00e9g\u00e8rement reformul\u00e9 --><\/p>\n<div id=\"faq-wrapper\" style=\"margin-top: 20px;padding: 15px;background: #E9F5E9;border-radius: 10px;text-align: center\">\n<h3 style=\"color: #228B22;font-size: 20px;font-weight: bold\">\u2753 Domande frequenti<\/h3>\n<div class=\"faq-item\">\n            <button class=\"faq-question\">\ud83d\udccc Come si acquista una carta regalo in criptovaluta?<\/button><\/p>\n<div class=\"faq-answer\">\n                Selezionate l'importo desiderato, pagate in Bitcoin, Ethereum o USDT e la carta vi verr\u00e0 inviata immediatamente via e-mail.\n            <\/div>\n<\/p>\n<\/div>\n<div class=\"faq-item\">\n            <button class=\"faq-question\">\ud83d\udd12 I pagamenti in criptovaluta sono sicuri?<\/button><\/p>\n<div class=\"faq-answer\">\n                Assolutamente s\u00ec. La blockchain offre un elevato livello di trasparenza e una maggiore protezione contro le frodi.\n            <\/div>\n<\/p>\n<\/div>\n<div class=\"faq-item\">\n            <button class=\"faq-question\">\ud83d\udcc5 Quando sar\u00e0 disponibile la mia carta regalo?<\/button><\/p>\n<div class=\"faq-answer\">\n                Viene inviato <strong>istantaneamente<\/strong> non appena il pagamento viene confermato. La riceverete direttamente nella vostra casella di posta elettronica.\n            <\/div>\n<\/p>\n<\/div>\n<div class=\"faq-item\">\n            <button class=\"faq-question\">\ud83c\udf0d Posso utilizzarlo al di fuori del mio paese?<\/button><\/p>\n<div class=\"faq-answer\">\n                Offriamo carte <strong>pu\u00f2 essere utilizzato ovunque nel mondo<\/strong> \ud83c\udf0d !<br \/>\n                Une fois la transaction valid\u00e9e, vous recevrez une carte adapt\u00e9e \u00e0 votre r\u00e9gion.\n            <\/div>\n<\/p>\n<\/div>\n<\/div>\n<\/div>\n<p><!-- \u2705 JavaScript pour le compteur et les interactions -->\n<\/p>\n<p><!-- \u2705 Styles CSS --><\/p>\n<\/p>\n<p>    .faq-question:hover {<br \/>\n        background: #1D7A1D;<br \/>\n    }<\/p>\n<\/p>\n<p>    #back-to-top:hover {<br \/>\n        background: #E69500;<br \/>\n    }<\/p>\n<h3>\ud83d\udd0d Vous aimerez aussi :<\/h3>\n<ul>\n<li><a href=\"https:\/\/digitalcoingifts.com\/it\/carta-regalo-per-il-gioco\/carta-regalo-steam\/\">Carte Cadeau Steam Avec Bitcoin | Jeux Pc &amp;Amp; Gaming En Crypto<\/a><\/li>\n<li><a href=\"https:\/\/digitalcoingifts.com\/it\/carta-regalo-per-il-gioco\/carta-regalo-playstation-plus\/\">Carte Psn Playstation Store Bitcoin | Gaming &amp;Amp; Abonnements<\/a><\/li>\n<li><a href=\"https:\/\/digitalcoingifts.com\/it\/carta-regalo-per-il-gioco\/carta-regalo-nintendo\/\">Carte Cadeau Nintendo Eshop Bitcoin | Switch &amp;Amp; Jeux En Crypto<\/a><\/li>\n<\/ul>","protected":false},"excerpt":{"rendered":"<p>Carte cadeau Xbox payable en Bitcoin, USDT et plus de 20 cryptos. Livraison rapide du code par email et paiement s\u00e9curis\u00e9.<\/p>","protected":false},"featured_media":6812,"comment_status":"open","ping_status":"closed","template":"","meta":{"iawp_total_views":0},"product_brand":[],"product_cat":[396],"product_tag":[1138,304,1140,1141,1139,1142],"class_list":{"0":"post-6810","1":"product","2":"type-product","3":"status-publish","4":"has-post-thumbnail","6":"product_cat-carte-cadeau-gaming","7":"product_tag-acheter-carte-xbox-en-crypto","8":"product_tag-carte-cadeau","9":"product_tag-carte-cadeau-xbox","10":"product_tag-carte-prepayee-xbox-paiement-crypto","11":"product_tag-code-xbox-live-bitcoin","12":"product_tag-recharger-compte-xbox-avec-bitcoin","14":"first","15":"instock","16":"shipping-taxable","17":"purchasable","18":"product-type-variable"},"_links":{"self":[{"href":"https:\/\/digitalcoingifts.com\/it\/wp-json\/wp\/v2\/product\/6810","targetHints":{"allow":["GET"]}}],"collection":[{"href":"https:\/\/digitalcoingifts.com\/it\/wp-json\/wp\/v2\/product"}],"about":[{"href":"https:\/\/digitalcoingifts.com\/it\/wp-json\/wp\/v2\/types\/product"}],"replies":[{"embeddable":true,"href":"https:\/\/digitalcoingifts.com\/it\/wp-json\/wp\/v2\/comments?post=6810"}],"wp:featuredmedia":[{"embeddable":true,"href":"https:\/\/digitalcoingifts.com\/it\/wp-json\/wp\/v2\/media\/6812"}],"wp:attachment":[{"href":"https:\/\/digitalcoingifts.com\/it\/wp-json\/wp\/v2\/media?parent=6810"}],"wp:term":[{"taxonomy":"product_brand","embeddable":true,"href":"https:\/\/digitalcoingifts.com\/it\/wp-json\/wp\/v2\/product_brand?post=6810"},{"taxonomy":"product_cat","embeddable":true,"href":"https:\/\/digitalcoingifts.com\/it\/wp-json\/wp\/v2\/product_cat?post=6810"},{"taxonomy":"product_tag","embeddable":true,"href":"https:\/\/digitalcoingifts.com\/it\/wp-json\/wp\/v2\/product_tag?post=6810"}],"curies":[{"name":"wp","href":"https:\/\/api.w.org\/{rel}","templated":true}]}}