{"id":6800,"date":"2020-05-02T15:18:54","date_gmt":"2020-05-02T13:18:54","guid":{"rendered":"https:\/\/digitalcoingifts.com\/?post_type=product&#038;p=6800"},"modified":"2026-02-14T18:19:52","modified_gmt":"2026-02-14T17:19:52","slug":"carte-cadeau-playstation-plus","status":"publish","type":"product","link":"https:\/\/digitalcoingifts.com\/it\/carte-cadeau-gaming\/carte-cadeau-playstation-plus\/","title":{"rendered":"Carte PSN Playstation Store Bitcoin | Gaming &amp; Abonnements"},"content":{"rendered":"<h2>Acquista la tua carta regalo PlayStation Plus con Bitcoin!<\/h2>\n<h3>\ud83c\udfae <strong>\u00c8 facile estendere l'abbonamento a PlayStation Plus!<\/strong><\/h3>\n<p>Con un <strong>Carta regalo PlayStation Plus<\/strong>Ottenere l'accesso ai migliori benefit del settore <strong>multiplayer online<\/strong>scaricare <strong>giochi gratuiti ogni mese<\/strong> e godere <strong>sconti esclusivi su PlayStation Store<\/strong>. Questa carta consente di rinnovare l'abbonamento senza dover fornire le proprie coordinate bancarie.<\/p>\n<p>\u2705 <strong>Accesso al multiplayer online per PlayStation 5 e PlayStation 4.<\/strong><br \/>\u2705 <strong>Scaricate ogni mese nuovi giochi per PS4 e PS5.<\/strong><br \/>\u2705 <strong>Sconti esclusivi su giochi e DLC del PlayStation Store.<\/strong><br \/>\u2705 <strong>Attivazione immediata dopo l'acquisto, senza attese!<\/strong><\/p>\n<hr \/>\n<h3>\ud83d\udce9 <strong>Ricevere l'abbonamento a PlayStation Plus immediatamente via e-mail<\/strong><\/h3>\n<p>Acquista il tuo <strong>Carta PlayStation Plus<\/strong> in Bitcoin o altre criptovalute e ottenere <strong>il vostro codice numerico immediatamente<\/strong> dopo la convalida del pagamento.<\/p>\n<p>\ud83d\udd25 <strong>Abbonati subito e immergiti nel mondo di PlayStation!<\/strong><\/p>\n<hr \/>\n<h3>\ud83d\udd27 <strong>Come si attiva la carta regalo PlayStation Plus?<\/strong><\/h3>\n<ol>\n<li><strong>Aggiungere la carta PlayStation Plus al carrello e procedere al pagamento sicuro.<\/strong><\/li>\n<li><strong>Ricevete il vostro codice via e-mail subito dopo la convalida.<\/strong><\/li>\n<li><strong>Andate su PlayStation Store e selezionate \"Usa codice\".<\/strong><\/li>\n<li><strong>Inserire il codice ricevuto e fare clic su \"Convalida\".<\/strong><\/li>\n<li><strong>L'abbonamento viene prolungato immediatamente!<\/strong><\/li>\n<\/ol>\n<p>\ud83d\udd25 <strong>Gioca online con i tuoi amici e goditi i migliori giochi PlayStation gratis ogni mese!<\/strong><\/p>\n<hr \/>\n<h3>\ud83c\udf81 <strong>Regala una carta PlayStation Plus: il regalo perfetto per i giocatori<\/strong><\/h3>\n<p>Conoscete un giocatore di PlayStation? Regalategli un <strong>Carta regalo PlayStation Plus<\/strong> in modo che possano continuare a divertirsi con i loro giochi online preferiti e beneficiare di sconti esclusivi!<\/p>\n<p>\ud83c\udf81 <strong>Personalizzate il vostro regalo<\/strong> con un messaggio speciale e un'immagine unica.<br \/>\ud83c\udf81 <strong>Acquista 100% digitale<\/strong> Non \u00e8 necessario recarsi in negozio, la carta viene consegnata immediatamente via e-mail.<br \/>\ud83c\udf81 <strong>Ideale per un compleanno, una festa o semplicemente per regalare un amico giocatore!<\/strong><\/p>\n<hr \/>\n<h3>\ud83d\udcb0 <strong>Quali sono gli importi disponibili per la Carta regalo PlayStation Plus?<\/strong><\/h3>\n<p>Il <strong>Carte regalo PlayStation Plus<\/strong> sono disponibili in diversi formati:<\/p>\n<ul>\n<li><strong>50 per 12 mesi<\/strong><\/li>\n<li><strong>100 per 24 mesi<\/strong><\/li>\n<\/ul>\n<hr \/>\n<h3>\ud83d\udcb3 <strong>Acquistare la carta PlayStation Plus in criptovalute<\/strong><\/h3>\n<p>Effettuare il pagamento <strong>in modo rapido e sicuro<\/strong> con :<\/p>\n<ul>\n<li><strong>Bitcoin (BTC)<\/strong><\/li>\n<li><strong>Ethereum (ETH)<\/strong><\/li>\n<li><strong>Dash (DASH)<\/strong><\/li>\n<li><strong>Bitcoin Cash (BCH)<\/strong><\/li>\n<li><strong>Dogecoin (DOGE)<\/strong><\/li>\n<li><strong>Litecoin (LTC)<\/strong><\/li>\n<\/ul>\n<p>\u2705 <strong>Pagamento sicuro tramite blockchain.<\/strong><br \/>\u2705 <strong>Consegna immediata dopo la convalida.<\/strong><br \/>\u2705 <strong>Non \u00e8 richiesta la carta di credito.<\/strong><\/p>\n<hr \/>\n<h3>\ud83c\udfae <strong>Altre carte regalo per il gioco disponibili<\/strong><\/h3>\n<p>Raccomandiamo anche :<\/p>\n<ul>\n<li>\ud83c\udfae <strong><a href=\"https:\/\/digitalcoingifts.com\/it\/carta-regalo-playstation-store\/\">Carta regalo PlayStation Store<\/a><\/strong><\/li>\n<li>\ud83c\udfae <strong><a href=\"https:\/\/digitalcoingifts.com\/it\/ricarica-neosurf\/\">Ricarica Neosurf<\/a><\/strong><\/li>\n<li>\ud83c\udfae <strong><a href=\"https:\/\/digitalcoingifts.com\/it\/ricarica-del-biglietto-premium\/\">Ricarica Ticket Premium<\/a><\/strong><\/li>\n<\/ul>\n<h3>\ud83d\udd17 <strong>Collegamento ufficiale a PlayStation Plus<\/strong><\/h3>\n<p>Scoprite tutti i vantaggi di\u00a0 <strong>Carta regalo PlayStation Plus <\/strong>abbonamento sul sito <strong><a href=\"https:\/\/www.playstation.com\/fr-fr\/ps-plus\/\" target=\"_blank\" rel=\"noopener\">pagina ufficiale di PlayStation Plus<\/a><\/strong>.<\/p>\n<hr \/>\n<p>\ud83d\udd25 <strong>Acquista subito la tua carta regalo PlayStation Plus e approfitta di multiplayer, giochi gratuiti e sconti esclusivi!<\/strong><\/p>\n<p>\n<!-- \u2705 Conteneur principal --><\/p>\n<div id=\"trust-section\" style=\"max-width: 100%;padding: 20px;text-align: center;background: #f9f9f9;border-radius: 10px\">\n<p>    <!-- \u2705 Badge Trustpilot centr\u00e9 --><\/p>\n<div style=\"margin-bottom: 15px;justify-content: center;align-items: center\">\n        <img decoding=\"async\" src=\"https:\/\/digitalcoingifts.com\/wp-content\/uploads\/2024\/12\/trustpilot_1600x.webp\" alt=\"Recensioni Trustpilot\" width=\"140\" style=\"max-width: 100%\" title=\"\">\n    <\/div>\n<p style=\"font-size: 14px;color: #333;font-weight: bold;margin-top: 5px\">\n        Acquistate con fiducia grazie alla sicurezza offerta dalla blockchain.\n    <\/p>\n<p>    <!-- \u2705 Compteur de ventes dynamique (ax\u00e9 sur \u201csemaine\u201d) --><\/p>\n<div id=\"sales-counter\" style=\"text-align: center;font-size: 18px;font-weight: bold;color: #27ae60;margin-top: 10px;padding: 10px\">\n        \ud83d\udd25 <span id=\"sales-text\">Questa settimana<\/span> <span id=\"sales-number\">35<\/span><br \/>\n        <span id=\"sales-product\">carte regalo<\/span> <span id=\"sales-sold\">venduto<\/span> !\n    <\/div>\n<p>    <!-- \u2705 Bouton d'Appel \u00e0 l'Action --><br \/>\n    <button id=\"back-to-top\" style=\"margin-top: 15px;padding: 12px 25px;font-size: 16px;font-weight: bold;background: #FFA500;color: white;border: none;border-radius: 5px;cursor: pointer\"><br \/>\n        \ud83d\uded2 Ottieni subito la tua carta regalo<br \/>\n    <\/button><\/p>\n<p>    <!-- \u2705 Code Promo en bleu modernis\u00e9 --><\/p>\n<div id=\"promo-banner\" style=\"background: #007BFF;color: white;padding: 12px;font-size: 18px;font-weight: bold;margin-top: 15px;border-radius: 5px\">\n        \ud83c\udf81 **Beneficiate di -10%** sul vostro primo ordine utilizzando il codice **Promo10**!\n    <\/div>\n<p>    <!-- \u2705 Bloc FAQ avec des r\u00e9ponses reformul\u00e9es --><\/p>\n<div id=\"faq-wrapper\" style=\"margin-top: 20px;padding: 15px;background: #E9F5E9;border-radius: 10px;text-align: center\">\n<h3 style=\"color: #228B22;font-size: 20px;font-weight: bold\">\u2753 Domande frequenti<\/h3>\n<div class=\"faq-item\">\n            <button class=\"faq-question\">\ud83d\udccc Come si acquisisce una carta regalo in criptovaluta?<\/button><\/p>\n<div class=\"faq-answer\">\n                S\u00e9lectionnez le montant souhait\u00e9 et finalisez le paiement avec Bitcoin, Ethereum ou USDT.<br \/>\n                Une fois la transaction valid\u00e9e, vous recevrez aussit\u00f4t la carte-cadeau par e-mail, sans formalit\u00e9s bancaires.\n            <\/div>\n<\/p>\n<\/div>\n<div class=\"faq-item\">\n            <button class=\"faq-question\">\ud83d\udd12 Gli insediamenti di criptovalute sono sicuri?<\/button><\/p>\n<div class=\"faq-answer\">\n                La blockchain assure une validation collective de chaque transaction, rendant la fraude quasiment impossible.<br \/>\n                Chaque op\u00e9ration est trac\u00e9e de mani\u00e8re transparente, offrant ainsi un tr\u00e8s haut niveau de s\u00e9curit\u00e9.\n            <\/div>\n<\/p>\n<\/div>\n<div class=\"faq-item\">\n            <button class=\"faq-question\">\ud83d\udcc5 Quanto tempo ci vuole per ricevere la mia carta regalo?<\/button><\/p>\n<div class=\"faq-answer\">\n                La carta viene emessa <strong>quasi istantaneo<\/strong> une fois le paiement confirm\u00e9, et vous la recevez dans votre bo\u00eete mail en quelques minutes.<br \/>\n                Vous pouvez ainsi l\u2019utiliser imm\u00e9diatement ou l\u2019offrir sans attendre.\n            <\/div>\n<\/p>\n<\/div>\n<div class=\"faq-item\">\n            <button class=\"faq-question\">\ud83c\udf0d Pu\u00f2 essere utilizzato in tutto il mondo?<\/button><\/p>\n<div class=\"faq-answer\">\n                Le nostre carte regalo sono accettate <strong>a livello internazionale<\/strong> \ud83c\udf0d et couvrent la majorit\u00e9 des pays.<br \/>\n                Vous pouvez donc les employer chez de nombreux commer\u00e7ants locaux ou en ligne, peu importe votre localisation.\n            <\/div>\n<\/p>\n<\/div>\n<\/div>\n<\/div>\n<p><!-- \u2705 JavaScript pour le compteur et les interactions -->\n<\/p>\n<p><!-- \u2705 Styles CSS --><\/p>\n<\/p>\n<p>    .faq-question:hover {<br \/>\n        background: #1D7A1D;<br \/>\n    }<\/p>\n<\/p>\n<p>    #back-to-top:hover {<br \/>\n        background: #E69500;<br \/>\n    }<\/p>\n<h3>\ud83d\udd0d Vous aimerez aussi :<\/h3>\n<ul>\n<li><a href=\"https:\/\/digitalcoingifts.com\/it\/carta-regalo-per-il-gioco\/carta-regalo-steam\/\">Carte Cadeau Steam Avec Bitcoin | Jeux Pc &amp;Amp; Gaming En Crypto<\/a><\/li>\n<li><a href=\"https:\/\/digitalcoingifts.com\/it\/carta-regalo-per-il-gioco\/carta-regalo-xbox\/\">Carte Cadeau Xbox Live &amp;Amp; Game Pass Bitcoin | Code Digital 60S<\/a><\/li>\n<li><a href=\"https:\/\/digitalcoingifts.com\/it\/carta-regalo-per-il-gioco\/carta-regalo-nintendo\/\">Carte Cadeau Nintendo Eshop Bitcoin | Switch &amp;Amp; Jeux En Crypto<\/a><\/li>\n<\/ul>","protected":false},"excerpt":{"rendered":"<p>Carte Cadeau Playstation Plus payable en Bitcoin, USDT et plus de 20 cryptos. Livraison rapide du code par email et paiement s\u00e9curis\u00e9.<\/p>","protected":false},"featured_media":6803,"comment_status":"open","ping_status":"closed","template":"","meta":{"iawp_total_views":3},"product_brand":[],"product_cat":[396],"product_tag":[1150,1149,304,1151,1148,1152],"class_list":{"0":"post-6800","1":"product","2":"type-product","3":"status-publish","4":"has-post-thumbnail","6":"product_cat-carte-cadeau-gaming","7":"product_tag-abonnement-ps-plus-paiement-crypto","8":"product_tag-acheter-ps-plus-en-crypto","9":"product_tag-carte-cadeau","10":"product_tag-carte-cadeau-playstation-plus","11":"product_tag-code-playstation-plus-bitcoin","12":"product_tag-recharger-ps-plus-avec-bitcoin","14":"first","15":"instock","16":"shipping-taxable","17":"purchasable","18":"product-type-variable"},"_links":{"self":[{"href":"https:\/\/digitalcoingifts.com\/it\/wp-json\/wp\/v2\/product\/6800","targetHints":{"allow":["GET"]}}],"collection":[{"href":"https:\/\/digitalcoingifts.com\/it\/wp-json\/wp\/v2\/product"}],"about":[{"href":"https:\/\/digitalcoingifts.com\/it\/wp-json\/wp\/v2\/types\/product"}],"replies":[{"embeddable":true,"href":"https:\/\/digitalcoingifts.com\/it\/wp-json\/wp\/v2\/comments?post=6800"}],"wp:featuredmedia":[{"embeddable":true,"href":"https:\/\/digitalcoingifts.com\/it\/wp-json\/wp\/v2\/media\/6803"}],"wp:attachment":[{"href":"https:\/\/digitalcoingifts.com\/it\/wp-json\/wp\/v2\/media?parent=6800"}],"wp:term":[{"taxonomy":"product_brand","embeddable":true,"href":"https:\/\/digitalcoingifts.com\/it\/wp-json\/wp\/v2\/product_brand?post=6800"},{"taxonomy":"product_cat","embeddable":true,"href":"https:\/\/digitalcoingifts.com\/it\/wp-json\/wp\/v2\/product_cat?post=6800"},{"taxonomy":"product_tag","embeddable":true,"href":"https:\/\/digitalcoingifts.com\/it\/wp-json\/wp\/v2\/product_tag?post=6800"}],"curies":[{"name":"wp","href":"https:\/\/api.w.org\/{rel}","templated":true}]}}