{"id":6745,"date":"2020-04-28T09:54:01","date_gmt":"2020-04-28T07:54:01","guid":{"rendered":"https:\/\/digitalcoingifts.com\/?post_type=product&#038;p=6745"},"modified":"2026-02-14T12:15:17","modified_gmt":"2026-02-14T11:15:17","slug":"recharge-toneo-first","status":"publish","type":"product","link":"https:\/\/digitalcoingifts.com\/it\/recharge-carte-prepayee\/recharge-toneo-first\/","title":{"rendered":"Toneo Prima ricarica"},"content":{"rendered":"<h2 data-pm-slice=\"1 1 []\">\ud83d\udcb3 Acquista una ricarica prepagata Toneo First con le tue criptovalute!<\/h2>\n<h3>\ud83d\ude80 <strong>Aggiungete credito alla vostra carta Toneo First in pochi clic<\/strong><\/h3>\n<p>Avete bisogno di un modo semplice e sicuro per ricaricare la vostra carta prepagata? DigitalCoinGifts vi permette di acquistare un <strong>Toneo Prima ricarica con Bitcoin e altre criptovalute<\/strong> con facilit\u00e0. In pochi minuti, il vostro saldo \u00e8 aggiornato e pronto all'uso!<\/p>\n<p>\u2705 <strong>Ricarica immediata dopo il pagamento<\/strong><br \/>\u2705 <strong>Non \u00e8 necessario un conto bancario<\/strong><br \/>\u2705 <strong>Compatibile con tutte le carte prepagate Toneo First<\/strong><br \/>\u2705 <strong>Transazioni sicure e riservate<\/strong><br \/>\u2705 <strong>Utilizzo 24\/7 su migliaia di siti<\/strong><\/p>\n<div>\n<hr \/>\n<\/div>\n<h3>\ud83d\udd39 <strong>Perch\u00e9 scegliere una ricarica Toneo First?<\/strong><\/h3>\n<p>Toneo First \u00e8 la soluzione di pagamento ideale per chi cerca :<\/p>\n<p>\ud83d\udcb0 <strong>Un metodo di pagamento prepagato sicuro senza passare per una banca<\/strong><br \/>\ud83c\udf0d <strong>Una soluzione accettata da migliaia di siti online<\/strong><br \/>\ud83d\udd10 <strong>Un'alternativa anonima per gestire le spese senza vincoli<\/strong><br \/>\ud83c\udf81 <strong>Un regalo pratico e utile per dare credito immediato<\/strong><\/p>\n<p>\ud83d\udca1 <strong>Cercate altre ricariche prepagate?<\/strong> Vedi anche :<\/p>\n<ul data-spread=\"false\">\n<li>\n<p>\ud83d\udcb3 <a href=\"https:\/\/digitalcoingifts.com\/it\/ricarica-transcash\/\"><strong>Ricarica Transcash<\/strong><\/a><\/p>\n<\/li>\n<li>\n<p>\ud83d\udcb3 <a href=\"https:\/\/digitalcoingifts.com\/it\/pezzi-di-ricarica\/\"><strong>Ricarica PCS<\/strong><\/a><\/p>\n<\/li>\n<li>\n<p>\ud83d\udcb3 <a href=\"https:\/\/digitalcoingifts.com\/it\/ricarica-del-biglietto-premium\/\"><strong>Ricarica Ticket Premium<\/strong><\/a><\/p>\n<\/li>\n<\/ul>\n<div>\n<hr \/>\n<\/div>\n<h3>\ud83d\udd27 <strong>Come si usa una ricarica Toneo First?<\/strong><\/h3>\n<ol start=\"1\" data-spread=\"false\">\n<li>\n<p><strong>Acquistate la vostra ricarica con Bitcoin, Ethereum o altre criptovalute.<\/strong><\/p>\n<\/li>\n<li>\n<p><strong>Ricevete subito un codice via e-mail.<\/strong><\/p>\n<\/li>\n<li>\n<p><strong>Accedere al proprio account Toneo First.<\/strong><\/p>\n<\/li>\n<li>\n<p><strong>Fare clic su \"Ricarica\", quindi selezionare \"Per Toneo prima ricarica\".<\/strong><\/p>\n<\/li>\n<li>\n<p><strong>Inserire il codice ricevuto e confermare.<\/strong><\/p>\n<\/li>\n<li>\n<p><strong>L'importo viene accreditato immediatamente sulla carta.<\/strong><\/p>\n<\/li>\n<\/ol>\n<p>\ud83d\udca1 <strong>Consigli :<\/strong> Potete utilizzare la vostra ricarica Toneo First per effettuare pagamenti online o inviare rapidamente denaro!<\/p>\n<div>\n<hr \/>\n<\/div>\n<h3>\ud83c\udf81 <strong>Offrite una prima ricarica Toneo<\/strong><\/h3>\n<p>Cercate un regalo utile e flessibile? <strong>Regalare una ricarica prepagata Toneo First<\/strong> ! Ideale per chi vuole gestire i propri pagamenti in modo autonomo.<\/p>\n<p>\ud83c\udfaf <strong>Una soluzione semplice per un credito senza problemi!<\/strong><\/p>\n<div>\n<hr \/>\n<\/div>\n<h3>\ud83d\udcb0 <strong>Importi disponibili<\/strong><\/h3>\n<p>Il <strong>Ricariche Toneo First<\/strong> sono disponibili in diverse quantit\u00e0 per soddisfare le vostre esigenze:<\/p>\n<ul data-spread=\"false\">\n<li>\n<p><strong>50\u20ac<\/strong><\/p>\n<\/li>\n<li>\n<p><strong>100\u20ac<\/strong><\/p>\n<\/li>\n<li>\n<p><strong>150\u20ac<\/strong><\/p>\n<\/li>\n<li>\n<p><strong>250\u20ac<\/strong><\/p>\n<\/li>\n<\/ul>\n<div>\n<hr \/>\n<\/div>\n<h3>\ud83d\udcb3 <strong>Acquistate la vostra prima ricarica Toneo con le vostre criptovalute<\/strong><\/h3>\n<p>Effettuare il pagamento <strong>in modo semplice e sicuro<\/strong> con :<\/p>\n<ul data-spread=\"false\">\n<li>\n<p><strong>Bitcoin (BTC)<\/strong><\/p>\n<\/li>\n<li>\n<p><strong>Ethereum (ETH)<\/strong><\/p>\n<\/li>\n<li>\n<p><strong>Litecoin (LTC)<\/strong><\/p>\n<\/li>\n<li>\n<p><strong>Dash (DASH)<\/strong><\/p>\n<\/li>\n<li>\n<p><strong>Dogecoin (DOGE)<\/strong><\/p>\n<\/li>\n<li>\n<p><strong>Bitcoin Cash (BCH)<\/strong><\/p>\n<\/li>\n<\/ul>\n<p>\u2705 <strong>Transazioni sicure tramite blockchain.<\/strong><br \/>\u2705 <strong>Consegna immediata alla conferma del pagamento.<\/strong><br \/>\u2705 <strong>Non \u00e8 richiesta la carta di credito.<\/strong><\/p>\n<div>\n<hr \/>\n<\/div>\n<h3>\ud83d\udd17 <strong>Primo link ufficiale di Toneo<\/strong><\/h3>\n<p>Per ulteriori informazioni, vedere <a href=\"https:\/\/www.toneofirst.com\/\" target=\"_blank\" rel=\"noopener\"><strong>Toneo First pagina ufficiale<\/strong><\/a>.<\/p>\n<p>\u00a0<\/p>\n<p>\n<!-- \u2705 Conteneur principal --><\/p>\n<div id=\"trust-section\" style=\"max-width: 100%;padding: 20px;text-align: center;background: #f9f9f9;border-radius: 10px\">\n<p>    <!-- \u2705 Badge Trustpilot centr\u00e9 --><\/p>\n<div style=\"margin-bottom: 15px;justify-content: center;align-items: center\">\n        <img decoding=\"async\" src=\"https:\/\/digitalcoingifts.com\/wp-content\/uploads\/2024\/12\/trustpilot_1600x.webp\" alt=\"Recensioni Trustpilot\" width=\"140\" style=\"max-width: 100%\" title=\"\">\n    <\/div>\n<p style=\"font-size: 14px;color: #333;font-weight: bold;margin-top: 5px\">\n        \u2705 Beneficiare di una sicurezza senza pari grazie alla blockchain\n    <\/p>\n<p>    <!-- \u2705 Compteur de ventes dynamique (ax\u00e9 sur \u201csemaine\u201d) --><\/p>\n<div id=\"sales-counter\" style=\"text-align: center;font-size: 18px;font-weight: bold;color: #27ae60;margin-top: 10px;padding: 10px\">\n        \ud83d\udd25 <span id=\"sales-text\">Questa settimana<\/span> <span id=\"sales-number\">35<\/span><br \/>\n        <span id=\"sales-product\">carte regalo<\/span> <span id=\"sales-sold\">venduto<\/span> !\n    <\/div>\n<p>    <!-- \u2705 Bouton d'Appel \u00e0 l'Action --><br \/>\n    <button id=\"back-to-top\" style=\"margin-top: 15px;padding: 12px 25px;font-size: 16px;font-weight: bold;background: #FFA500;color: white;border: none;border-radius: 5px;cursor: pointer\"><br \/>\n        \ud83d\uded2 Ottieni subito la tua carta regalo<br \/>\n    <\/button><\/p>\n<p>    <!-- \u2705 Code Promo en bleu modernis\u00e9 --><\/p>\n<div id=\"promo-banner\" style=\"background: #007BFF;color: white;padding: 12px;font-size: 18px;font-weight: bold;margin-top: 15px;border-radius: 5px\">\n        \ud83c\udf81 **Beneficiate di -10%** sul vostro primo ordine utilizzando il codice **Promo10**!\n    <\/div>\n<p>    <!-- \u2705 Bloc FAQ avec des r\u00e9ponses reformul\u00e9es --><\/p>\n<div id=\"faq-wrapper\" style=\"margin-top: 20px;padding: 15px;background: #E9F5E9;border-radius: 10px;text-align: center\">\n<h3 style=\"color: #228B22;font-size: 20px;font-weight: bold\">\u2753 Domande frequenti<\/h3>\n<div class=\"faq-item\">\n            <button class=\"faq-question\">\ud83d\udccc Come si acquista una carta regalo in criptovaluta?<\/button><\/p>\n<div class=\"faq-answer\">\n                D\u00e9finissez le montant voulu, puis payez en Bitcoin, Ethereum ou USDT.<br \/>\n                Apr\u00e8s confirmation, la carte-cadeau est imm\u00e9diatement cr\u00e9\u00e9e et vous est transmise par e-mail.<br \/>\n                Aucune information bancaire traditionnelle n\u2019est requise pour finaliser l\u2019achat.\n            <\/div>\n<\/p>\n<\/div>\n<div class=\"faq-item\">\n            <button class=\"faq-question\">\ud83d\udd12 Le transazioni in criptovaluta sono sicure?<\/button><\/p>\n<div class=\"faq-answer\">\n                La blockchain inscrit chaque \u00e9change de mani\u00e8re d\u00e9centralis\u00e9e et infalsifiable, rendant la fraude quasi impossible.<br \/>\n                Le r\u00e9seau valide collectivement toutes les op\u00e9rations, ce qui renforce la fiabilit\u00e9 du syst\u00e8me.<br \/>\n                Vos paiements profitent ainsi d\u2019une protection accrue.\n            <\/div>\n<\/p>\n<\/div>\n<div class=\"faq-item\">\n            <button class=\"faq-question\">\ud83d\udcc5 Quanto tempo ci vuole per ricevere la mia carta regalo?<\/button><\/p>\n<div class=\"faq-answer\">\n                Una volta che la blockchain ha convalidato il pagamento, viene prodotta la carta. <strong>quasi istantaneamente<\/strong>.<br \/>\n                Un e-mail vous parvient avec tous les d\u00e9tails pour l\u2019utiliser imm\u00e9diatement.<br \/>\n                La proc\u00e9dure compl\u00e8te ne prend g\u00e9n\u00e9ralement que quelques minutes.\n            <\/div>\n<\/p>\n<\/div>\n<div class=\"faq-item\">\n            <button class=\"faq-question\">\ud83c\udf0d Questa carta pu\u00f2 essere utilizzata in tutto il mondo?<\/button><\/p>\n<div class=\"faq-answer\">\n                Le nostre carte regalo sono progettate per funzionare <strong>a livello internazionale<\/strong> \ud83c\udf0d et couvrent un large \u00e9ventail de pays.<br \/>\n                Vous pouvez les employer en ligne ou chez des marchands physiques, selon les conditions de chacun.<br \/>\n                Cette flexibilit\u00e9 en fait une excellente option pour les personnes voyageant \u00e0 l\u2019\u00e9tranger ou souhaitant offrir un cadeau global.\n            <\/div>\n<\/p>\n<\/div>\n<\/div>\n<\/div>\n<p><!-- \u2705 JavaScript pour le compteur et les interactions -->\n<\/p>\n<p><!-- \u2705 Styles CSS --><\/p>\n<\/p>\n<p>    .faq-question:hover {<br \/>\n        background: #1D7A1D;<br \/>\n    }<\/p>\n<\/p>\n<p>    #back-to-top:hover {<br \/>\n        background: #E69500;<br \/>\n    }<\/p>","protected":false},"excerpt":{"rendered":"<p>Recharge Toneo First payable en Bitcoin, USDT et plus de 20 cryptos. Livraison rapide du code par email et paiement s\u00e9curis\u00e9.<\/p>","protected":false},"featured_media":6746,"comment_status":"open","ping_status":"closed","template":"","meta":{"iawp_total_views":1},"product_brand":[],"product_cat":[138],"product_tag":[1185,304,244,1188,1184,1187,1186],"class_list":{"0":"post-6745","1":"product","2":"type-product","3":"status-publish","4":"has-post-thumbnail","6":"product_cat-recharge-carte-prepayee","7":"product_tag-achat-toneo-first-avec-bitcoin","8":"product_tag-carte-cadeau","9":"product_tag-carte-prepayee","10":"product_tag-carte-rechargeable-toneo-first","11":"product_tag-code-toneo-first-crypto","12":"product_tag-paiement-securise-en-cryptomonnaie","13":"product_tag-recharge-prepayee-toneo-first","15":"first","16":"instock","17":"shipping-taxable","18":"purchasable","19":"product-type-variable"},"_links":{"self":[{"href":"https:\/\/digitalcoingifts.com\/it\/wp-json\/wp\/v2\/product\/6745","targetHints":{"allow":["GET"]}}],"collection":[{"href":"https:\/\/digitalcoingifts.com\/it\/wp-json\/wp\/v2\/product"}],"about":[{"href":"https:\/\/digitalcoingifts.com\/it\/wp-json\/wp\/v2\/types\/product"}],"replies":[{"embeddable":true,"href":"https:\/\/digitalcoingifts.com\/it\/wp-json\/wp\/v2\/comments?post=6745"}],"wp:featuredmedia":[{"embeddable":true,"href":"https:\/\/digitalcoingifts.com\/it\/wp-json\/wp\/v2\/media\/6746"}],"wp:attachment":[{"href":"https:\/\/digitalcoingifts.com\/it\/wp-json\/wp\/v2\/media?parent=6745"}],"wp:term":[{"taxonomy":"product_brand","embeddable":true,"href":"https:\/\/digitalcoingifts.com\/it\/wp-json\/wp\/v2\/product_brand?post=6745"},{"taxonomy":"product_cat","embeddable":true,"href":"https:\/\/digitalcoingifts.com\/it\/wp-json\/wp\/v2\/product_cat?post=6745"},{"taxonomy":"product_tag","embeddable":true,"href":"https:\/\/digitalcoingifts.com\/it\/wp-json\/wp\/v2\/product_tag?post=6745"}],"curies":[{"name":"wp","href":"https:\/\/api.w.org\/{rel}","templated":true}]}}