{"id":6723,"date":"2020-04-22T22:00:46","date_gmt":"2020-04-22T20:00:46","guid":{"rendered":"https:\/\/digitalcoingifts.com\/?post_type=product&#038;p=6723"},"modified":"2026-02-14T18:20:17","modified_gmt":"2026-02-14T17:20:17","slug":"recharge-ticket-premium","status":"publish","type":"product","link":"https:\/\/digitalcoingifts.com\/it\/recharge-carte-prepayee\/recharge-ticket-premium\/","title":{"rendered":"Ricarica Ticket Premium"},"content":{"rendered":"<h2 data-pm-slice=\"1 1 []\">\ud83d\udcb3 Acquistate la vostra ricarica Ticket Premium con Bitcoin e criptovalute<\/h2>\n<h3>\ud83d\ude80 <strong>Pagamenti online sicuri e anonimi, senza carta di credito!<\/strong><\/h3>\n<p>Avete bisogno di un modo veloce e affidabile per pagare i vostri acquisti online? <strong>Optare per una ricarica del Ticket Premium in Bitcoin e altre criptovalute<\/strong> e godere di una soluzione ideale per il gioco online, le scommesse e molto altro ancora.<\/p>\n<p>\u2705 <strong>Ricarica immediata dopo la convalida del pagamento<\/strong><br \/>\u2705 <strong>Ideale per i giochi, le scommesse sportive e lo shopping online<\/strong><br \/>\u2705 <strong>Nessuna carta di credito richiesta, anonimato garantito<\/strong><br \/>\u2705 <strong>Pu\u00f2 essere utilizzato su oltre 400 siti partner<\/strong><br \/>\u2705 <strong>Disponibile 24 ore su 24, 7 giorni su 7<\/strong><\/p>\n<div>\n<hr \/>\n<\/div>\n<h3>\ud83c\udfaf <strong>Perch\u00e9 scegliere una ricarica Ticket Premium?<\/strong><\/h3>\n<p>Ticket Premium \u00e8 una popolare soluzione di pagamento prepagato che consente di <strong>pagare online in modo sicuro senza rivelare le proprie coordinate bancarie<\/strong>. Ecco alcuni dei suoi vantaggi:<\/p>\n<p>\ud83c\udfae <strong>Accesso sicuro alle piattaforme di gioco, alle scommesse sportive e agli e-casin\u00f2.<\/strong><br \/>\ud83d\udecd\ufe0f <strong>Ideale per l'acquisto di prodotti digitali e contenuti multimediali.<\/strong><br \/>\ud83c\udf0d <strong>Utilizzato in tutto il mondo su migliaia di siti partner.<\/strong><br \/>\ud83c\udf81 <strong>Perfetto per fare un regalo flessibile e sicuro.<\/strong><\/p>\n<p>\ud83d\udccc <strong>Una soluzione flessibile per tutti i vostri pagamenti online<\/strong> Grazie alla sua ampia accettazione, <strong>Biglietto Premium<\/strong> \u00e8 un metodo di pagamento versatile che pu\u00f2 essere adattato a tutte le vostre esigenze. Se volete fare acquisti discreti, fare un regalo originale o finanziare le vostre attivit\u00e0 online, questa carta \u00e8 l'ideale.<\/p>\n<p>\ud83d\udd0e <strong>Scoprite altre soluzioni prepagate:<\/strong><\/p>\n<ul data-spread=\"false\">\n<li>\n<p>\ud83d\udcb3 <a href=\"https:\/\/digitalcoingifts.com\/it\/ricarica-neosurf\/\"><strong>Ricarica Neosurf<\/strong><\/a><\/p>\n<\/li>\n<li>\n<p>\ud83d\udcb3 <a href=\"https:\/\/digitalcoingifts.com\/it\/pezzi-di-ricarica\/\"><strong>Ricarica PCS<\/strong><\/a><\/p>\n<\/li>\n<li>\n<p>\ud83d\udcb3 <a href=\"https:\/\/digitalcoingifts.com\/it\/carta-prepagata-visa\/\"><strong>Carta prepagata Visa<\/strong><\/a><\/p>\n<\/li>\n<\/ul>\n<div>\n<hr \/>\n<\/div>\n<h3>\ud83d\udcb3 <strong>Come si utilizza la ricarica Ticket Premium?<\/strong><\/h3>\n<p>1\ufe0f\u20e3 <strong>Acquistate il vostro codice di ricarica con Bitcoin, Ethereum o altre criptovalute.<\/strong><br \/>2\ufe0f\u20e3 <strong>Riceverete il vostro codice Ticket Premium immediatamente via e-mail.<\/strong><br \/>3\ufe0f\u20e3 <strong>Utilizzatelo su un sito che accetta Ticket Premium come mezzo di pagamento.<\/strong><br \/>4\ufe0f\u20e3 <strong>Gli acquisti vengono addebitati direttamente sul saldo disponibile.<\/strong><\/p>\n<p>\ud83d\udca1 <strong>Suggerimento:<\/strong> \u00c8 possibile utilizzare una parte del codice e conservare il saldo per un acquisto futuro!<\/p>\n<p>\ud83d\udcac <strong>Assistenza clienti disponibile per aiutarvi<\/strong> Se avete bisogno di aiuto, il nostro servizio clienti \u00e8 a disposizione per guidarvi e rispondere a qualsiasi domanda sull'attivazione e l'utilizzo della vostra ricarica Ticket Premium.<\/p>\n<div>\n<hr \/>\n<\/div>\n<h3>\ud83c\udf81 <strong>Regalate una ricarica Ticket Premium!<\/strong><\/h3>\n<p>\ud83c\udfaf <strong>Una soluzione perfetta per controllare le spese senza carta di credito.<\/strong><\/p>\n<p>Che sia per un compleanno, un anniversario o semplicemente per fare un regalo a qualcuno, una ricarica di Ticket Premium \u00e8 un ottimo modo per fare la differenza. <strong>un regalo ideale<\/strong>. Personalizzate il vostro biglietto aggiungendo uno sfondo adatto all'occasione e un messaggio personalizzato.<\/p>\n<p>\ud83d\udd39 <strong>Un regalo digitale immediato<\/strong><br \/>\ud83d\udd39 <strong>Non \u00e8 richiesta alcuna registrazione o conto bancario<\/strong><br \/>\ud83d\udd39 <strong>Disponibile immediatamente dopo l'acquisto<\/strong><\/p>\n<div>\n<hr \/>\n<\/div>\n<h3>\ud83d\udcc6 <strong>Controllate il vostro saldo in pochi secondi<\/strong><\/h3>\n<p>Volete sapere quanto \u00e8 rimasto sulla vostra carta? Vai a <a href=\"https:\/\/www.myemoneypurse.com\/\" target=\"_blank\" rel=\"noopener\"><strong>myemoneypurse.com<\/strong><\/a> e inserire il codice ricevuto per e-mail. Il saldo verr\u00e0 visualizzato immediatamente.<\/p>\n<div>\n<hr \/>\n<\/div>\n<h3>\ud83d\udcb0 <strong>Quali sono gli importi disponibili?<\/strong><\/h3>\n<p>Il <strong>Ricariche Ticket Premium<\/strong> sono disponibili in una gamma di valori:<\/p>\n<ul data-spread=\"false\">\n<li>\n<p><strong>50\u20ac<\/strong><\/p>\n<\/li>\n<li>\n<p><strong>100\u20ac<\/strong><\/p>\n<\/li>\n<li>\n<p><strong>150\u20ac<\/strong><\/p>\n<\/li>\n<li>\n<p><strong>250\u20ac<\/strong><\/p>\n<\/li>\n<\/ul>\n<p>\ud83d\udccc <strong>Suggerimento:<\/strong> \u00c8 possibile combinare pi\u00f9 ricariche per raggiungere un importo maggiore in base alle proprie esigenze!<\/p>\n<div>\n<hr \/>\n<\/div>\n<h3>\ud83d\udcb5 <strong>Acquistate la vostra ricarica di Ticket Premium con le criptovalute<\/strong><\/h3>\n<p>\ud83d\udc8e Optare per il pagamento <strong>100% sicuro, veloce e anonimo<\/strong> via :<\/p>\n<ul data-spread=\"false\">\n<li>\n<p><strong>Bitcoin (BTC)<\/strong><\/p>\n<\/li>\n<li>\n<p><strong>Ethereum (ETH)<\/strong><\/p>\n<\/li>\n<li>\n<p><strong>Litecoin (LTC)<\/strong><\/p>\n<\/li>\n<li>\n<p><strong>Dash (DASH)<\/strong><\/p>\n<\/li>\n<li>\n<p><strong>Dogecoin (DOGE)<\/strong><\/p>\n<\/li>\n<li>\n<p><strong>Bitcoin Cash (BCH)<\/strong><\/p>\n<\/li>\n<\/ul>\n<p>\u2705 <strong>Non \u00e8 richiesta la carta di credito<\/strong><br \/>\u2705 <strong>Transazioni rapide e sicure tramite blockchain<\/strong><br \/>\u2705 <strong>Consegna immediata dopo la conferma del pagamento<\/strong><\/p>\n<p>\u00a0<\/p>\n<p>\u00a0<\/p>\n<p>\n<!-- \u2705 Conteneur principal --><\/p>\n<div id=\"trust-section\" style=\"max-width: 100%;padding: 20px;text-align: center;background: #f9f9f9;border-radius: 10px\">\n<p>    <!-- \u2705 Badge Trustpilot centr\u00e9 --><\/p>\n<div style=\"margin-bottom: 15px;justify-content: center;align-items: center\">\n        <img decoding=\"async\" src=\"https:\/\/digitalcoingifts.com\/wp-content\/uploads\/2024\/12\/trustpilot_1600x.webp\" alt=\"Recensioni Trustpilot\" width=\"140\" style=\"max-width: 100%\" title=\"\">\n    <\/div>\n<p style=\"font-size: 14px;color: #333;font-weight: bold;margin-top: 5px\">\n        \u2705 Acquisti sicuri grazie alla blockchain\n    <\/p>\n<p>    <!-- \u2705 Compteur de ventes dynamique (ax\u00e9 sur \u201csemaine\u201d) --><\/p>\n<div id=\"sales-counter\" style=\"text-align: center;font-size: 18px;font-weight: bold;color: #27ae60;margin-top: 10px;padding: 10px\">\n        \ud83d\udd25 <span id=\"sales-text\">Questa settimana<\/span> <span id=\"sales-number\">35<\/span><br \/>\n        <span id=\"sales-product\">carte regalo<\/span> <span id=\"sales-sold\">venduto<\/span> !\n    <\/div>\n<p>    <!-- \u2705 Bouton d'Appel \u00e0 l'Action --><br \/>\n    <button id=\"back-to-top\" style=\"margin-top: 15px;padding: 12px 25px;font-size: 16px;font-weight: bold;background: #FFA500;color: white;border: none;border-radius: 5px;cursor: pointer\"><br \/>\n        \ud83d\uded2 Ottieni subito la tua carta regalo<br \/>\n    <\/button><\/p>\n<p>    <!-- \u2705 Code Promo en bleu modernis\u00e9 --><\/p>\n<div id=\"promo-banner\" style=\"background: #007BFF;color: white;padding: 12px;font-size: 18px;font-weight: bold;margin-top: 15px;border-radius: 5px\">\n        \ud83c\udf81 **Beneficiate di -10%** sul vostro primo ordine utilizzando il codice **Promo10**!\n    <\/div>\n<p>    <!-- \u2705 Bloc FAQ avec des r\u00e9ponses reformul\u00e9es --><\/p>\n<div id=\"faq-wrapper\" style=\"margin-top: 20px;padding: 15px;background: #E9F5E9;border-radius: 10px;text-align: center\">\n<h3 style=\"color: #228B22;font-size: 20px;font-weight: bold\">\u2753 Domande frequenti<\/h3>\n<div class=\"faq-item\">\n            <button class=\"faq-question\">\ud83d\udccc Come si acquisisce una carta regalo in criptovaluta?<\/button><\/p>\n<div class=\"faq-answer\">\n                S\u00e9lectionnez la valeur souhait\u00e9e, puis payez en Bitcoin, Ethereum ou USDT.<br \/>\n                D\u00e8s que la transaction est confirm\u00e9e, la carte-cadeau vous est envoy\u00e9e rapidement par e-mail.<br \/>\n                Vous n&rsquo;avez pas besoin de compte bancaire traditionnel, ce qui simplifie la proc\u00e9dure.\n            <\/div>\n<\/p>\n<\/div>\n<div class=\"faq-item\">\n            <button class=\"faq-question\">\ud83d\udd12 Le transazioni in criptovaluta sono davvero sicure?<\/button><\/p>\n<div class=\"faq-answer\">\n                Oui, chaque paiement est enregistr\u00e9 dans la blockchain, un registre d\u00e9centralis\u00e9 qui emp\u00eache toute falsification.<br \/>\n                Cette architecture limite les risques de fraude ou de double-paiement.<br \/>\n                Vos informations financi\u00e8res demeurent \u00e9galement confidentielles.\n            <\/div>\n<\/p>\n<\/div>\n<div class=\"faq-item\">\n            <button class=\"faq-question\">\ud83d\udcc5 Quanto tempo ci vuole per ricevere la carta regalo?<\/button><\/p>\n<div class=\"faq-answer\">\n                La spedizione \u00e8 <strong>quasi istantaneo<\/strong> apr\u00e8s validation du paiement, vous recevez donc la carte par e-mail en quelques minutes.<br \/>\n                Un message vous guidera pour l\u2019activer et l&rsquo;utiliser aussit\u00f4t.<br \/>\n                Cette rapidit\u00e9 d\u2019ex\u00e9cution vous permet de profiter rapidement du solde.\n            <\/div>\n<\/p>\n<\/div>\n<div class=\"faq-item\">\n            <button class=\"faq-question\">\ud83c\udf0d Pu\u00f2 essere utilizzato in tutto il mondo?<\/button><\/p>\n<div class=\"faq-answer\">\n                Le nostre carte regalo sono riconosciute <strong>a livello internazionale<\/strong> \ud83c\udf0d et sont accept\u00e9es dans de nombreux pays.<br \/>\n                Elles peuvent servir pour des achats en ligne ou en magasin, selon le r\u00e9seau du commer\u00e7ant.<br \/>\n                C\u2019est un choix pratique pour ceux qui voyagent ou souhaitent offrir un cadeau universel.\n            <\/div>\n<\/p>\n<\/div>\n<\/div>\n<\/div>\n<p><!-- \u2705 JavaScript pour le compteur et les interactions -->\n<\/p>\n<p><!-- \u2705 Styles CSS --><\/p>\n<\/p>\n<p>    .faq-question:hover {<br \/>\n        background: #1D7A1D;<br \/>\n    }<\/p>\n<\/p>\n<p>    #back-to-top:hover {<br \/>\n        background: #E69500;<br \/>\n    }<\/p>\n<h3>\ud83d\udd0d Vous aimerez aussi :<\/h3>\n<ul>\n<li><a href=\"https:\/\/digitalcoingifts.com\/it\/ricarica-della-carta-prepagata\/ricarica-mastercard-pcs\/\">Ricarica della carta Pcs Mastercard<\/a><\/li>\n<li><a href=\"https:\/\/digitalcoingifts.com\/it\/ricarica-della-carta-prepagata\/ricarica-neosurf\/\">Ricarica Neosurf<\/a><\/li>\n<li><a href=\"https:\/\/digitalcoingifts.com\/it\/ricarica-della-carta-prepagata\/ricarica-transcash\/\">Recharge Transcash Bitcoin | Code Imm\u00e9diat | Sans Compte Bancaire<\/a><\/li>\n<\/ul>","protected":false},"excerpt":{"rendered":"<p>Recharge Ticket Premium payable en Bitcoin, USDT et plus de 20 cryptos. Livraison rapide du code par email et paiement s\u00e9curis\u00e9.<\/p>","protected":false},"featured_media":6724,"comment_status":"open","ping_status":"closed","template":"","meta":{"iawp_total_views":3},"product_brand":[],"product_cat":[138],"product_tag":[1208,1204,304,244,1206,1207,1202,1205,1203],"class_list":{"0":"post-6723","1":"product","2":"type-product","3":"status-publish","4":"has-post-thumbnail","6":"product_cat-recharge-carte-prepayee","7":"product_tag-acheter-ticket-premium-avec-bitcoin","8":"product_tag-acheter-ticket-premium-en-crypto","9":"product_tag-carte-cadeau","10":"product_tag-carte-prepayee","11":"product_tag-carte-ticket-premium-bitcoin","12":"product_tag-paiement-anonyme-en-ligne","13":"product_tag-paiement-securise-en-ligne","14":"product_tag-recharge-prepayee-anonyme","15":"product_tag-recharge-ticket-premium","17":"first","18":"instock","19":"shipping-taxable","20":"purchasable","21":"product-type-variable"},"_links":{"self":[{"href":"https:\/\/digitalcoingifts.com\/it\/wp-json\/wp\/v2\/product\/6723","targetHints":{"allow":["GET"]}}],"collection":[{"href":"https:\/\/digitalcoingifts.com\/it\/wp-json\/wp\/v2\/product"}],"about":[{"href":"https:\/\/digitalcoingifts.com\/it\/wp-json\/wp\/v2\/types\/product"}],"replies":[{"embeddable":true,"href":"https:\/\/digitalcoingifts.com\/it\/wp-json\/wp\/v2\/comments?post=6723"}],"wp:featuredmedia":[{"embeddable":true,"href":"https:\/\/digitalcoingifts.com\/it\/wp-json\/wp\/v2\/media\/6724"}],"wp:attachment":[{"href":"https:\/\/digitalcoingifts.com\/it\/wp-json\/wp\/v2\/media?parent=6723"}],"wp:term":[{"taxonomy":"product_brand","embeddable":true,"href":"https:\/\/digitalcoingifts.com\/it\/wp-json\/wp\/v2\/product_brand?post=6723"},{"taxonomy":"product_cat","embeddable":true,"href":"https:\/\/digitalcoingifts.com\/it\/wp-json\/wp\/v2\/product_cat?post=6723"},{"taxonomy":"product_tag","embeddable":true,"href":"https:\/\/digitalcoingifts.com\/it\/wp-json\/wp\/v2\/product_tag?post=6723"}],"curies":[{"name":"wp","href":"https:\/\/api.w.org\/{rel}","templated":true}]}}