{"id":6716,"date":"2020-04-22T19:32:04","date_gmt":"2020-04-22T17:32:04","guid":{"rendered":"https:\/\/digitalcoingifts.com\/?post_type=product&#038;p=6716"},"modified":"2026-02-14T18:20:20","modified_gmt":"2026-02-14T17:20:20","slug":"recharge-neosurf","status":"publish","type":"product","link":"https:\/\/digitalcoingifts.com\/it\/recharge-carte-prepayee\/recharge-neosurf\/","title":{"rendered":"Recharge Neosurf avec Bitcoin | Paiement Anonyme Sans Carte"},"content":{"rendered":"<h2 data-pm-slice=\"1 1 []\">\ud83d\udcb3 Acquistate la vostra ricarica Neosurf con Bitcoin e criptovalute<\/h2>\n<h3>\ud83d\ude80 <strong>Pagate online senza carta di credito o conto corrente!<\/strong><\/h3>\n<p>Siete alla ricerca di un modo veloce, semplice e sicuro per pagare i vostri acquisti online? <strong>La ricarica Neosurf \u00e8 una soluzione ideale per pagare in modo sicuro senza condividere i propri dati personali.<\/strong><\/p>\n<p>\u2705 <strong>Nessuna carta di credito richiesta, anonimato garantito<\/strong><br \/>\u2705 <strong>Ricarica immediata dopo la convalida del pagamento<\/strong><br \/>\u2705 <strong>Pu\u00f2 essere utilizzato su migliaia di siti online<\/strong><br \/>\u2705 <strong>Disponibile 24 ore su 24, 7 giorni su 7<\/strong><br \/>\u2705 <strong>Compatibile con piattaforme di gioco, scommesse sportive e servizi digitali<\/strong><\/p>\n<div>\n<hr \/>\n<\/div>\n<h3>\ud83c\udfaf <strong>Perch\u00e9 scegliere una ricarica Neosurf?<\/strong><\/h3>\n<p>Neosurf \u00e8 un'alternativa alle carte bancarie che consente di <strong>pagare in modo sicuro senza rivelare le proprie coordinate bancarie.<\/strong> Offre una flessibilit\u00e0 totale per i vostri acquisti online.<\/p>\n<p>\ud83d\udcb3 <strong>Controllo totale delle spese senza rischio di eccedere.<\/strong><br \/>\ud83c\udfae <strong>Ideale per acquistare giochi, contenuti multimediali e abbonamenti.<\/strong><br \/>\ud83c\udf0d <strong>Pu\u00f2 essere utilizzato su oltre 20.000 siti partner in tutto il mondo.<\/strong><br \/>\ud83d\udecd\ufe0f <strong>Perfetto per chi preferisce un pagamento discreto e sicuro.<\/strong><\/p>\n<p>\ud83d\udd0e <strong>Scoprite altre soluzioni prepagate:<\/strong><\/p>\n<ul data-spread=\"false\">\n<li>\n<p>\ud83d\udcb3 <a href=\"https:\/\/digitalcoingifts.com\/it\/pezzi-di-ricarica\/\"><strong>Ricarica PCS<\/strong><\/a><\/p>\n<\/li>\n<li>\n<p>\ud83d\udcb3 <a href=\"https:\/\/digitalcoingifts.com\/it\/ricarica-cashlib\/\"><strong>Ricarica CASHlib<\/strong><\/a><\/p>\n<\/li>\n<li>\n<p>\ud83d\udcb3 <a href=\"https:\/\/digitalcoingifts.com\/it\/carta-prepagata-visa\/\"><strong>Carta prepagata Visa<\/strong><\/a><\/p>\n<\/li>\n<\/ul>\n<div>\n<hr \/>\n<\/div>\n<h3>\ud83d\udcb3 <strong>Come funziona la ricarica di Neosurf?<\/strong><\/h3>\n<p>1\ufe0f\u20e3 <strong>Acquistate la vostra ricarica Neosurf con Bitcoin, Ethereum o altre criptovalute.<\/strong><br \/>2\ufe0f\u20e3 <strong>Ricevi il tuo codice Neosurf istantaneamente via e-mail.<\/strong><br \/>3\ufe0f\u20e3 <strong>Utilizzatelo su un sito che accetta Neosurf come metodo di pagamento.<\/strong><br \/>4\ufe0f\u20e3 <strong>Gli acquisti vengono addebitati direttamente sul saldo disponibile.<\/strong><\/p>\n<p>\ud83d\udca1 <strong>Suggerimento:<\/strong> \u00c8 possibile utilizzare una parte del codice e conservare il saldo per un acquisto futuro!<\/p>\n<div>\n<hr \/>\n<\/div>\n<h3>\ud83d\udcca <strong>Controllare il saldo del coupon Neosurf<\/strong><\/h3>\n<p>Se volete conoscere il saldo residuo della vostra carta regalo Neosurf, andate su <a href=\"https:\/\/www.neosurf.com\" target=\"_blank\" rel=\"noopener\"><strong>neosurf.com<\/strong><\/a> e inserire il codice di ricarica. In pochi secondi avrete accesso al vostro saldo e alla cronologia delle transazioni.<\/p>\n<div>\n<hr \/>\n<\/div>\n<h3>\ud83c\udf81 <strong>Offrire una ricarica Neosurf<\/strong><\/h3>\n<p>\ud83c\udfaf <strong>Il regalo perfetto per tenere sotto controllo il budget e pagare online con facilit\u00e0.<\/strong><\/p>\n<p>Sia per una persona cara che per uso personale, <strong>Neosurf \u00e8 un'ottima alternativa ai pagamenti tradizionali<\/strong>. \u00c8 sufficiente inviare il codice via e-mail alla persona prescelta, che potr\u00e0 utilizzarlo subito.<\/p>\n<p>\ud83d\udd39 <strong>Ideale per gli appassionati di giochi, scommesse online e shopping digitale.<\/strong><br \/>\ud83d\udd39 <strong>Non \u00e8 richiesta alcuna registrazione o carta di credito.<\/strong><br \/>\ud83d\udd39 <strong>Disponibile immediatamente dopo l'acquisto.<\/strong><\/p>\n<div>\n<hr \/>\n<\/div>\n<h3>\ud83d\udcb0 <strong>Quali sono gli importi disponibili?<\/strong><\/h3>\n<p>Il <strong>Ricariche Neosurf<\/strong> sono disponibili in una gamma di valori:<\/p>\n<ul data-spread=\"false\">\n<li>\n<p><strong>50\u20ac<\/strong><\/p>\n<\/li>\n<li>\n<p><strong>100\u20ac<\/strong><\/p>\n<\/li>\n<li>\n<p><strong>150\u20ac<\/strong><\/p>\n<\/li>\n<li>\n<p><strong>250\u20ac<\/strong><\/p>\n<\/li>\n<\/ul>\n<p>\ud83d\udccc <strong>Suggerimento:<\/strong> \u00c8 possibile accumulare diverse ricariche per raggiungere un importo pi\u00f9 elevato in base alle proprie esigenze!<\/p>\n<div>\n<hr \/>\n<\/div>\n<h3>\ud83d\udcb5 <strong>Acquistate la vostra ricarica Neosurf con le criptovalute<\/strong><\/h3>\n<p>\ud83d\udc8e Optare per il pagamento <strong>100% sicuro, veloce e anonimo<\/strong> via :<\/p>\n<ul data-spread=\"false\">\n<li>\n<p><strong>Bitcoin (BTC)<\/strong><\/p>\n<\/li>\n<li>\n<p><strong>Ethereum (ETH)<\/strong><\/p>\n<\/li>\n<li>\n<p><strong>Litecoin (LTC)<\/strong><\/p>\n<\/li>\n<li>\n<p><strong>Dash (DASH)<\/strong><\/p>\n<\/li>\n<li>\n<p><strong>Dogecoin (DOGE)<\/strong><\/p>\n<\/li>\n<li>\n<p><strong>Bitcoin Cash (BCH)<\/strong><\/p>\n<\/li>\n<\/ul>\n<p>\u2705 <strong>Non \u00e8 richiesta la carta di credito<\/strong><br \/>\u2705 <strong>Transazioni rapide e sicure tramite blockchain<\/strong><br \/>\u2705 <strong>Consegna immediata dopo la conferma del pagamento<\/strong><\/p>\n<p>\n<!-- \u2705 Conteneur principal --><\/p>\n<div id=\"trust-section\" style=\"max-width: 100%;padding: 20px;text-align: center;background: #f9f9f9;border-radius: 10px\">\n<p>    <!-- \u2705 Badge Trustpilot centr\u00e9 --><\/p>\n<div style=\"margin-bottom: 15px;justify-content: center;align-items: center\">\n        <img decoding=\"async\" src=\"https:\/\/digitalcoingifts.com\/wp-content\/uploads\/2024\/12\/trustpilot_1600x.webp\" alt=\"Recensioni Trustpilot\" width=\"140\" style=\"max-width: 100%\" title=\"\">\n    <\/div>\n<p style=\"font-size: 14px;color: #333;font-weight: bold;margin-top: 5px\">\n        \u2705 Effettuate i vostri ordini in tutta tranquillit\u00e0 grazie alla solidit\u00e0 della blockchain\n    <\/p>\n<p>    <!-- \u2705 Compteur de ventes dynamique (focus sur la \u201csemaine\u201d) --><\/p>\n<div id=\"sales-counter\" style=\"text-align: center;font-size: 18px;font-weight: bold;color: #27ae60;margin-top: 10px;padding: 10px\">\n        \ud83d\udd25 <span id=\"sales-text\">Questa settimana<\/span> <span id=\"sales-number\">35<\/span><br \/>\n        <span id=\"sales-product\">carte regalo<\/span> <span id=\"sales-sold\">venduto<\/span> !\n    <\/div>\n<p>    <!-- \u2705 Bouton d'Appel \u00e0 l'Action --><br \/>\n    <button id=\"back-to-top\" style=\"margin-top: 15px;padding: 12px 25px;font-size: 16px;font-weight: bold;background: #FFA500;color: white;border: none;border-radius: 5px;cursor: pointer\"><br \/>\n        \ud83d\uded2 Ottieni subito la tua carta regalo<br \/>\n    <\/button><\/p>\n<p>    <!-- \u2705 Code Promo en bleu modernis\u00e9 --><\/p>\n<div id=\"promo-banner\" style=\"background: #007BFF;color: white;padding: 12px;font-size: 18px;font-weight: bold;margin-top: 15px;border-radius: 5px\">\n        \ud83c\udf81 **Beneficiate di -10%** sul vostro primo ordine utilizzando il codice **Promo10**!\n    <\/div>\n<p>    <!-- \u2705 Bloc FAQ avec des r\u00e9ponses reformul\u00e9es --><\/p>\n<div id=\"faq-wrapper\" style=\"margin-top: 20px;padding: 15px;background: #E9F5E9;border-radius: 10px;text-align: center\">\n<h3 style=\"color: #228B22;font-size: 20px;font-weight: bold\">\u2753 Domande frequenti<\/h3>\n<div class=\"faq-item\">\n            <button class=\"faq-question\">\ud83d\udccc Come si acquista una carta regalo in criptovaluta?<\/button><\/p>\n<div class=\"faq-answer\">\n                Pour d\u00e9buter, s\u00e9lectionnez le montant d\u00e9sir\u00e9, puis proc\u00e9dez au paiement en Bitcoin, Ethereum ou USDT.<br \/>\n                D\u00e8s que la blockchain confirme la transaction, nous \u00e9mettons la carte-cadeau et vous l\u2019envoyons par e-mail.<br \/>\n                Le tout se fait sans formalit\u00e9s bancaires, ce qui rend l\u2019op\u00e9ration plus rapide.\n            <\/div>\n<\/p>\n<\/div>\n<div class=\"faq-item\">\n            <button class=\"faq-question\">\ud83d\udd12 Gli insediamenti di criptovalute sono davvero sicuri?<\/button><\/p>\n<div class=\"faq-answer\">\n                Oui, chaque op\u00e9ration est valid\u00e9e par un r\u00e9seau d\u00e9centralis\u00e9, r\u00e9duisant consid\u00e9rablement les risques de fraude.<br \/>\n                La blockchain assure une tra\u00e7abilit\u00e9 compl\u00e8te, et les informations restent confidentielles.<br \/>\n                Les probl\u00e8mes de double-paiement ou de manipulation sont quasi inexistants.\n            <\/div>\n<\/p>\n<\/div>\n<div class=\"faq-item\">\n            <button class=\"faq-question\">\ud83d\udcc5 Quanto tempo ci vuole per ricevere la mia carta regalo?<\/button><\/p>\n<div class=\"faq-answer\">\n                La spedizione \u00e8 <strong>quasi immediato<\/strong> apr\u00e8s la confirmation du paiement, vous recevez donc la carte en quelques instants par e-mail.<br \/>\n                Un message explicatif vous guide pour l\u2019utiliser ou l\u2019offrir sans attendre.<br \/>\n                En g\u00e9n\u00e9ral, la proc\u00e9dure ne prend que quelques minutes.\n            <\/div>\n<\/p>\n<\/div>\n<div class=\"faq-item\">\n            <button class=\"faq-question\">\ud83c\udf0d Pu\u00f2 essere utilizzato in tutto il mondo?<\/button><\/p>\n<div class=\"faq-answer\">\n                Le nostre carte regalo sono riconosciute <strong>a livello internazionale<\/strong> \ud83c\udf0d et couvrent un grand nombre de r\u00e9gions.<br \/>\n                Vous pouvez en profiter lors de vos achats en ligne ou en boutique, selon la compatibilit\u00e9 des enseignes.<br \/>\n                C\u2019est id\u00e9al si vous voyagez ou souhaitez l\u2019offrir \u00e0 quelqu\u2019un hors de votre pays.\n            <\/div>\n<\/p>\n<\/div>\n<\/div>\n<\/div>\n<p><!-- \u2705 JavaScript pour le compteur et les interactions -->\n<\/p>\n<p><!-- \u2705 Styles CSS --><\/p>\n<\/p>\n<p>    .faq-question:hover {<br \/>\n        background: #1D7A1D;<br \/>\n    }<\/p>\n<\/p>\n<p>    #back-to-top:hover {<br \/>\n        background: #E69500;<br \/>\n    }<\/p>\n<h3>\ud83d\udd0d Vous aimerez aussi :<\/h3>\n<ul>\n<li><a href=\"https:\/\/digitalcoingifts.com\/it\/ricarica-della-carta-prepagata\/ricarica-mastercard-pcs\/\">Ricarica della carta Pcs Mastercard<\/a><\/li>\n<li><a href=\"https:\/\/digitalcoingifts.com\/it\/ricarica-della-carta-prepagata\/ricarica-transcash\/\">Recharge Transcash Bitcoin | Code Imm\u00e9diat | Sans Compte Bancaire<\/a><\/li>\n<li><a href=\"https:\/\/digitalcoingifts.com\/it\/ricarica-della-carta-prepagata\/ricarica-cashlib\/\">Recharge Cashlib Avec Bitcoin | Paiement En Ligne Ultra-S\u00e9curis\u00e9<\/a><\/li>\n<\/ul>","protected":false},"excerpt":{"rendered":"<p>Recharge Neosurf payable en Bitcoin, USDT et plus de 20 cryptos. Livraison rapide du code par email et paiement s\u00e9curis\u00e9.<\/p>","protected":false},"featured_media":6717,"comment_status":"open","ping_status":"closed","template":"","meta":{"iawp_total_views":55},"product_brand":[],"product_cat":[138],"product_tag":[1210,304,244,1211,1212,1202,1209],"class_list":{"0":"post-6716","1":"product","2":"type-product","3":"status-publish","4":"has-post-thumbnail","6":"product_cat-recharge-carte-prepayee","7":"product_tag-acheter-neosurf-en-crypto","8":"product_tag-carte-cadeau","9":"product_tag-carte-prepayee","10":"product_tag-carte-prepayee-neosurf","11":"product_tag-neosurf-bitcoin","12":"product_tag-paiement-securise-en-ligne","13":"product_tag-recharge-neosurf","15":"first","16":"instock","17":"shipping-taxable","18":"purchasable","19":"product-type-variable"},"_links":{"self":[{"href":"https:\/\/digitalcoingifts.com\/it\/wp-json\/wp\/v2\/product\/6716","targetHints":{"allow":["GET"]}}],"collection":[{"href":"https:\/\/digitalcoingifts.com\/it\/wp-json\/wp\/v2\/product"}],"about":[{"href":"https:\/\/digitalcoingifts.com\/it\/wp-json\/wp\/v2\/types\/product"}],"replies":[{"embeddable":true,"href":"https:\/\/digitalcoingifts.com\/it\/wp-json\/wp\/v2\/comments?post=6716"}],"wp:featuredmedia":[{"embeddable":true,"href":"https:\/\/digitalcoingifts.com\/it\/wp-json\/wp\/v2\/media\/6717"}],"wp:attachment":[{"href":"https:\/\/digitalcoingifts.com\/it\/wp-json\/wp\/v2\/media?parent=6716"}],"wp:term":[{"taxonomy":"product_brand","embeddable":true,"href":"https:\/\/digitalcoingifts.com\/it\/wp-json\/wp\/v2\/product_brand?post=6716"},{"taxonomy":"product_cat","embeddable":true,"href":"https:\/\/digitalcoingifts.com\/it\/wp-json\/wp\/v2\/product_cat?post=6716"},{"taxonomy":"product_tag","embeddable":true,"href":"https:\/\/digitalcoingifts.com\/it\/wp-json\/wp\/v2\/product_tag?post=6716"}],"curies":[{"name":"wp","href":"https:\/\/api.w.org\/{rel}","templated":true}]}}