{"id":6688,"date":"2020-04-21T18:06:54","date_gmt":"2020-04-21T16:06:54","guid":{"rendered":"https:\/\/digitalcoingifts.com\/?post_type=product&#038;p=6688"},"modified":"2026-02-14T18:18:21","modified_gmt":"2026-02-14T17:18:21","slug":"carte-cadeau-spotify","status":"publish","type":"product","link":"https:\/\/digitalcoingifts.com\/it\/carte-cadeau-divertissement\/carte-cadeau-spotify\/","title":{"rendered":"Abonnement Spotify avec Bitcoin | Musique Illimit\u00e9e en Crypto"},"content":{"rendered":"<div data-v-02c27e66=\"\">\n<h2 data-pm-slice=\"1 1 []\">\ud83c\udfb5 Acquistate la vostra Gift Card Spotify con Bitcoin e criptovalute<\/h2>\n<h3>\ud83c\udfb6 <strong>Ottieni Spotify Premium senza carta di credito!<\/strong><\/h3>\n<p>Volete approfittare di <strong>Spotify Premium<\/strong> in tutta semplicit\u00e0? <strong>Optate per una Gift Card di Spotify pagata in criptovalute<\/strong> e ascoltare i vostri brani preferiti senza pubblicit\u00e0 e in alta qualit\u00e0. Con un abbonamento <strong>1 mese, 3 mesi o 6 mesi<\/strong>la tua musica ti segue ovunque, anche offline!<\/p>\n<p>\u2705 <strong>Musica ininterrotta e senza pubblicit\u00e0<\/strong><br \/>\u2705 <strong>Qualit\u00e0 audio superiore e download offline<\/strong><br \/>\u2705 <strong>Non \u00e8 richiesto alcun conto bancario, pagamento anonimo<\/strong><br \/>\u2705 <strong>Compatibile su tutti i dispositivi: cellulare, tablet, PC e TV<\/strong><br \/>\u2705 <strong>Consegna immediata via e-mail<\/strong><\/p>\n<div>\n<hr \/>\n<\/div>\n<h3>\ud83c\udfaf <strong>Perch\u00e9 scegliere una Gift Card Spotify?<\/strong><\/h3>\n<p>\ud83d\udd39 <strong>Godetevi Spotify Premium subito dopo l'attivazione.<\/strong><br \/>\ud83d\udd39 <strong>Ideale per offrire un abbonamento musicale non vincolante.<\/strong><br \/>\ud83d\udd39 <strong>Pu\u00f2 essere utilizzato senza carta di credito, per un pagamento sicuro e discreto.<\/strong><br \/>\ud83d\udd39 <strong>Perfetto per evitare abbonamenti ricorrenti.<\/strong><\/p>\n<p>\ud83d\udca1 <strong>Date un'occhiata anche a queste popolari carte prepagate:<\/strong><\/p>\n<ul data-spread=\"false\">\n<li>\n<p>\ud83c\udfac <a><strong>Carta regalo Netflix<\/strong><\/a><\/p>\n<\/li>\n<li>\n<p>\ud83c\udfae <a><strong>Carta regalo Battle.net<\/strong><\/a><\/p>\n<\/li>\n<li>\n<p>\ud83d\udcb3 <a href=\"https:\/\/digitalcoingifts.com\/it\/carta-regalo-paypal\/\"><strong>Carta regalo PayPal<\/strong><\/a><\/p>\n<\/li>\n<\/ul>\n<div>\n<hr \/>\n<\/div>\n<h3>\ud83c\udfb5 <strong>Come posso utilizzare la mia Gift Card Spotify?<\/strong><\/h3>\n<p>1\ufe0f\u20e3 <strong>Acquistate la vostra carta Spotify con Bitcoin, Ethereum o altre criptovalute.<\/strong><br \/>2\ufe0f\u20e3 <strong>Ricevete il vostro codice Spotify immediatamente via e-mail.<\/strong><br \/>3\ufe0f\u20e3 <strong>Passate al vostro account Spotify Premium.<\/strong><br \/>4\ufe0f\u20e3 <strong>Godetevi l'accesso illimitato alla musica per tutto il tempo che volete.<\/strong><\/p>\n<p>\ud83d\udccc <strong>Istruzioni dettagliate :<\/strong><\/p>\n<ul data-spread=\"false\">\n<li>\n<p><strong>Accedere a<\/strong> o creare un account su <strong>Spotify.com<\/strong>.<\/p>\n<\/li>\n<li>\n<p><strong>Vai alla pagina di scambio<\/strong> e inserire il codice.<\/p>\n<\/li>\n<li>\n<p><strong>Accettare le condizioni di utilizzo<\/strong> e confermare.<\/p>\n<\/li>\n<li>\n<p><strong>L'abbonamento Premium viene attivato immediatamente!<\/strong><\/p>\n<\/li>\n<\/ul>\n<p>\ud83d\udca1 <strong>Suggerimento:<\/strong> \u00c8 possibile combinare pi\u00f9 carte per estendere l'abbonamento in base alle proprie esigenze!<\/p>\n<div>\n<hr \/>\n<\/div>\n<h3>\ud83c\udf81 <strong>Regalate una carta regalo Spotify e fate felici gli amanti della musica!<\/strong><\/h3>\n<p>\ud83c\udfaf <strong>Il regalo perfetto per tutti gli appassionati di musica!<\/strong><\/p>\n<p>Che sia per un compleanno, un anniversario o semplicemente per rendere felice qualcuno, una Gift Card Spotify \u00e8 il modo perfetto per fare un regalo. <strong>un'ottima idea regalo<\/strong>. Personalizzatelo con un messaggio e inviatelo immediatamente per e-mail.<\/p>\n<p>\ud83d\udd39 <strong>Un regalo istantaneo dematerializzato<\/strong><br \/>\ud83d\udd39 <strong>Non \u00e8 richiesto alcun impegno o carta bancaria<\/strong><br \/>\ud83d\udd39 <strong>Consegna immediata 24 ore su 24, 7 giorni su 7<\/strong><\/p>\n<div>\n<hr \/>\n<\/div>\n<h3>\ud83d\udcc6 <strong>Quali sono gli importi disponibili?<\/strong><\/h3>\n<p>Il <strong>Carte regalo Spotify<\/strong> sono disponibili in una gamma di valori:<\/p>\n<ul data-spread=\"false\">\n<li>\n<p><strong>50\u20ac<\/strong><\/p>\n<\/li>\n<li>\n<p><strong>100\u20ac<\/strong><\/p>\n<\/li>\n<\/ul>\n<p>\ud83d\udccc <strong>Suggerimento:<\/strong> \u00c8 possibile combinare pi\u00f9 carte per estendere l'abbonamento senza utilizzare una carta bancaria.<\/p>\n<div>\n<hr \/>\n<\/div>\n<h3>\ud83d\udcb3 <strong>Acquistate la vostra Gift Card Spotify con Bitcoin e altre criptovalute<\/strong><\/h3>\n<p>\ud83d\udc8e Optate per un <strong>pagamento sicuro, veloce e anonimo 100%<\/strong> via :<\/p>\n<ul data-spread=\"false\">\n<li>\n<p><strong>Bitcoin (BTC)<\/strong><\/p>\n<\/li>\n<li>\n<p><strong>Ethereum (ETH)<\/strong><\/p>\n<\/li>\n<li>\n<p><strong>Litecoin (LTC)<\/strong><\/p>\n<\/li>\n<li>\n<p><strong>Dash (DASH)<\/strong><\/p>\n<\/li>\n<li>\n<p><strong>Dogecoin (DOGE)<\/strong><\/p>\n<\/li>\n<li>\n<p><strong>Bitcoin Cash (BCH)<\/strong><\/p>\n<\/li>\n<\/ul>\n<p>\u2705 <strong>Non \u00e8 richiesta la carta di credito<\/strong><br \/>\u2705 <strong>Transazioni rapide e sicure tramite blockchain<\/strong><br \/>\u2705 <strong>Consegna immediata dopo la conferma del pagamento<\/strong><\/p>\n<\/div>\n<p>\n<!-- \u2705 Conteneur principal --><\/p>\n<div id=\"trust-section\" style=\"max-width: 100%;padding: 20px;text-align: center;background: #f9f9f9;border-radius: 10px\">\n<p>    <!-- \u2705 Badge Trustpilot centr\u00e9 --><\/p>\n<div style=\"margin-bottom: 15px;justify-content: center;align-items: center\">\n        <img decoding=\"async\" src=\"https:\/\/digitalcoingifts.com\/wp-content\/uploads\/2024\/12\/trustpilot_1600x.webp\" alt=\"Recensioni Trustpilot\" width=\"140\" style=\"max-width: 100%\" title=\"\">\n    <\/div>\n<p style=\"font-size: 14px;color: #333;font-weight: bold;margin-top: 5px\">\n        Ordinare in tutta tranquillit\u00e0 grazie alla sicurezza della blockchain\n    <\/p>\n<p>    <!-- \u2705 Compteur de ventes dynamique (ax\u00e9 sur \u201csemaine\u201d) --><\/p>\n<div id=\"sales-counter\" style=\"text-align: center;font-size: 18px;font-weight: bold;color: #27ae60;margin-top: 10px;padding: 10px\">\n        \ud83d\udd25 <span id=\"sales-text\">Questa settimana<\/span> <span id=\"sales-number\">35<\/span><br \/>\n        <span id=\"sales-product\">carte regalo<\/span> <span id=\"sales-sold\">venduto<\/span> !\n    <\/div>\n<p>    <!-- \u2705 Bouton d'Appel \u00e0 l'Action --><br \/>\n    <button id=\"back-to-top\" style=\"margin-top: 15px;padding: 12px 25px;font-size: 16px;font-weight: bold;background: #FFA500;color: white;border: none;border-radius: 5px;cursor: pointer\"><br \/>\n        \ud83d\uded2 Ottieni subito la tua carta regalo<br \/>\n    <\/button><\/p>\n<p>    <!-- \u2705 Code Promo en bleu modernis\u00e9 --><\/p>\n<div id=\"promo-banner\" style=\"background: #007BFF;color: white;padding: 12px;font-size: 18px;font-weight: bold;margin-top: 15px;border-radius: 5px\">\n        \ud83c\udf81 **Beneficiate di -10%** sul vostro primo ordine utilizzando il codice **Promo10**!\n    <\/div>\n<p>    <!-- \u2705 Bloc FAQ avec des r\u00e9ponses reformul\u00e9es --><\/p>\n<div id=\"faq-wrapper\" style=\"margin-top: 20px;padding: 15px;background: #E9F5E9;border-radius: 10px;text-align: center\">\n<h3 style=\"color: #228B22;font-size: 20px;font-weight: bold\">\u2753 Domande frequenti<\/h3>\n<div class=\"faq-item\">\n            <button class=\"faq-question\">\ud83d\udccc Come si ottiene una carta regalo tramite criptovaluta?<\/button><\/p>\n<div class=\"faq-answer\">\n                S\u00e9lectionnez le montant \u00e0 cr\u00e9diter, puis finalisez votre r\u00e8glement en Bitcoin, Ethereum ou USDT.<br \/>\n                D\u00e8s que la transaction est valid\u00e9e, votre carte-cadeau vous est exp\u00e9di\u00e9e par e-mail.<br \/>\n                Ce proc\u00e9d\u00e9 \u00e9vite toute formalit\u00e9 bancaire, ce qui le rend plus rapide.\n            <\/div>\n<\/p>\n<\/div>\n<div class=\"faq-item\">\n            <button class=\"faq-question\">\ud83d\udd12 I pagamenti in criptovaluta sono totalmente sicuri?<\/button><\/p>\n<div class=\"faq-answer\">\n                La blockchain enregistre et certifie chaque op\u00e9ration, emp\u00eachant les fraudes ou les falsifications.<br \/>\n                Chaque transaction est valid\u00e9e par un r\u00e9seau d\u00e9centralis\u00e9, garantissant une tr\u00e8s haute fiabilit\u00e9.<br \/>\n                Vos informations restent \u00e9galement confidentielles, car aucun interm\u00e9diaire financier classique n\u2019intervient.\n            <\/div>\n<\/p>\n<\/div>\n<div class=\"faq-item\">\n            <button class=\"faq-question\">\ud83d\udcc5 Quanto tempo ci vuole per ricevere la carta regalo?<\/button><\/p>\n<div class=\"faq-answer\">\n                Non appena il pagamento viene confermato sulla blockchain, la carta viene generata. <strong>quasi istantaneamente<\/strong>.<br \/>\n                Vous recevez un e-mail comprenant toutes les informations n\u00e9cessaires pour l\u2019utiliser.<br \/>\n                De cette mani\u00e8re, vous pouvez en profiter ou l\u2019offrir en quelques minutes \u00e0 peine.\n            <\/div>\n<\/p>\n<\/div>\n<div class=\"faq-item\">\n            <button class=\"faq-question\">\ud83c\udf0d Posso utilizzarlo ovunque nel mondo?<\/button><\/p>\n<div class=\"faq-answer\">\n                Le nostre carte regalo sono valide <strong>a livello internazionale<\/strong> \ud83c\udf0d, couvrant la plupart des zones g\u00e9ographiques.<br \/>\n                Elles peuvent \u00eatre utilis\u00e9es pour des achats en ligne comme en magasin, selon la compatibilit\u00e9 du commer\u00e7ant.<br \/>\n                C\u2019est une excellente option pour ceux qui voyagent ou souhaitent envoyer un cadeau \u00e0 l\u2019\u00e9tranger.\n            <\/div>\n<\/p>\n<\/div>\n<\/div>\n<\/div>\n<p><!-- \u2705 JavaScript pour le compteur et les interactions -->\n<\/p>\n<p><!-- \u2705 Styles CSS --><\/p>\n<\/p>\n<p>    .faq-question:hover {<br \/>\n        background: #1D7A1D;<br \/>\n    }<\/p>\n<\/p>\n<p>    #back-to-top:hover {<br \/>\n        background: #E69500;<br \/>\n    }<\/p>","protected":false},"excerpt":{"rendered":"<p>Carte Cadeau Spotify payable en Bitcoin, USDT et plus de 20 cryptos. Livraison rapide du code par email et paiement s\u00e9curis\u00e9.<\/p>","protected":false},"featured_media":6696,"comment_status":"open","ping_status":"closed","template":"","meta":{"iawp_total_views":18},"product_brand":[],"product_cat":[606],"product_tag":[1216,304,1215,1214,1213],"class_list":{"0":"post-6688","1":"product","2":"type-product","3":"status-publish","4":"has-post-thumbnail","6":"product_cat-carte-cadeau-divertissement","7":"product_tag-acheter-abonnement-spotify-en-crypto","8":"product_tag-carte-cadeau","9":"product_tag-carte-cadeau-spotify","10":"product_tag-carte-prepayee-spotify","11":"product_tag-payer-spotify-avec-bitcoin","13":"first","14":"instock","15":"shipping-taxable","16":"purchasable","17":"product-type-variable"},"_links":{"self":[{"href":"https:\/\/digitalcoingifts.com\/it\/wp-json\/wp\/v2\/product\/6688","targetHints":{"allow":["GET"]}}],"collection":[{"href":"https:\/\/digitalcoingifts.com\/it\/wp-json\/wp\/v2\/product"}],"about":[{"href":"https:\/\/digitalcoingifts.com\/it\/wp-json\/wp\/v2\/types\/product"}],"replies":[{"embeddable":true,"href":"https:\/\/digitalcoingifts.com\/it\/wp-json\/wp\/v2\/comments?post=6688"}],"wp:featuredmedia":[{"embeddable":true,"href":"https:\/\/digitalcoingifts.com\/it\/wp-json\/wp\/v2\/media\/6696"}],"wp:attachment":[{"href":"https:\/\/digitalcoingifts.com\/it\/wp-json\/wp\/v2\/media?parent=6688"}],"wp:term":[{"taxonomy":"product_brand","embeddable":true,"href":"https:\/\/digitalcoingifts.com\/it\/wp-json\/wp\/v2\/product_brand?post=6688"},{"taxonomy":"product_cat","embeddable":true,"href":"https:\/\/digitalcoingifts.com\/it\/wp-json\/wp\/v2\/product_cat?post=6688"},{"taxonomy":"product_tag","embeddable":true,"href":"https:\/\/digitalcoingifts.com\/it\/wp-json\/wp\/v2\/product_tag?post=6688"}],"curies":[{"name":"wp","href":"https:\/\/api.w.org\/{rel}","templated":true}]}}