{"id":6914,"date":"2020-05-08T15:56:39","date_gmt":"2020-05-08T13:56:39","guid":{"rendered":"https:\/\/digitalcoingifts.com\/?post_type=product&#038;p=6914"},"modified":"2026-02-20T22:50:36","modified_gmt":"2026-02-20T21:50:36","slug":"carte-cadeau-ebay","status":"publish","type":"product","link":"https:\/\/digitalcoingifts.com\/es\/carte-cadeau-shopping\/carte-cadeau-ebay\/","title":{"rendered":"Carte Cadeau Ebay | Achat Crypto sans KYC"},"content":{"rendered":"<p style=\"text-align: center\"><span style=\"color: #111111;font-family: Inter;font-size: 42px;font-weight: 600;letter-spacing: -1.1px\">Tarjeta regalo eBay - Comprar con criptomonedas<\/span><\/p>\n<div class=\"container\">\n<p style=\"text-align: left\">\u00bfTe apasionan las compras en l\u00ednea y quieres utilizar tu <strong>criptomonedas<\/strong> para desenterrar tesoros en <strong>eBay<\/strong> ? Con el <strong>Tarjeta regalo eBay<\/strong>Con esta tarjeta, puedes explorar una amplia gama de productos, desde art\u00edculos raros hasta las \u00faltimas tendencias, sin las limitaciones de los m\u00e9todos de pago tradicionales. Tanto si prefiere Bitcoin, Ethereum, USDT, USDC, Solana, Polygon, Dogecoin u otras criptomonedas, esta tarjeta le ofrece la m\u00e1xima libertad para comprar. Dese un capricho o sorprenda a un ser querido con un vale v\u00e1lido inmediatamente en <a href=\"https:\/\/www.ebay.com\/\" target=\"_blank\" rel=\"noopener\">eBay.es<\/a>. Es sencillo, seguro e instant\u00e1neo. Una vez confirmado el pago, reciba su c\u00f3digo por correo electr\u00f3nico y empiece a comprar inmediatamente.<\/p>\n<h2 style=\"text-align: left\">\u00bfPor qu\u00e9 elegir una tarjeta regalo de eBay?<\/h2>\n<p style=\"text-align: left\">La tarjeta regalo de eBay le permite pagar sus compras en el sitio web de eBay. <strong>eBay<\/strong> sin utilizar una tarjeta bancaria. Es ideal para los compradores en l\u00ednea que desean comprar con sus criptomonedas.<\/p>\n<ul>\n<li style=\"text-align: left\">\ud83c\udf81 Disponible en valores de 50, 100, 150 y 250 euros.<\/li>\n<li style=\"text-align: left\">\ud83d\udcb3 Pago seguro en Bitcoin (BTC), Ethereum (ETH), USDT, USDC, Solana (SOL), Polygon (MATIC), Dogecoin (DOGE), Litecoin (LTC), DAI y m\u00e1s.<\/li>\n<li style=\"text-align: left\">\ud83d\udce9 Recepci\u00f3n inmediata de su c\u00f3digo por correo electr\u00f3nico tras el pago.<\/li>\n<li style=\"text-align: left\">\ud83d\udecd\ufe0f Puede utilizarse directamente en <a href=\"https:\/\/www.ebay.com\/\" target=\"_blank\" rel=\"noopener\">eBay.es<\/a>.<\/li>\n<\/ul>\n<h2 style=\"text-align: left\">\u00bfC\u00f3mo puedo utilizar mi tarjeta regalo de eBay?<\/h2>\n<ol>\n<li style=\"text-align: left\">Inicia sesi\u00f3n en tu cuenta de eBay.<\/li>\n<li style=\"text-align: left\">A\u00f1ada los art\u00edculos que desee a su cesta.<\/li>\n<li style=\"text-align: left\">En la caja, seleccione \"C\u00f3digo promocional y tarjeta regalo\".<\/li>\n<li style=\"text-align: left\">Introduzca su c\u00f3digo y haga clic en \"Aceptar\".<\/li>\n<li style=\"text-align: left\">El importe se deducir\u00e1 autom\u00e1ticamente de su pedido.<\/li>\n<\/ol>\n<h2 style=\"text-align: left\">\u00bfPor qu\u00e9 pagar con criptomonedas?<\/h2>\n<p style=\"text-align: left\">Utilizar tus criptomonedas para comprar una tarjeta regalo de eBay ofrece varias ventajas:<\/p>\n<ul>\n<li style=\"text-align: left\">\u2705 <strong>Transacciones r\u00e1pidas y seguras<\/strong> No se necesita tarjeta de cr\u00e9dito.<\/li>\n<li style=\"text-align: left\">\u2705 <strong>Protecci\u00f3n de la intimidad<\/strong> Pago sin revelar datos personales.<\/li>\n<li style=\"text-align: left\">\u2705 <strong>Amplia gama de criptomonedas<\/strong> Bitcoin, Ethereum, USDT, USDC y m\u00e1s.<\/li>\n<li style=\"text-align: left\">\u2705 <strong>Acceso inmediato<\/strong> Reciba su c\u00f3digo en cuanto se confirme su pago.<\/li>\n<\/ul>\n<h2 style=\"text-align: left\">Reciba su tarjeta inmediatamente<\/h2>\n<p style=\"text-align: left\">En cuanto se valide su pago, su <strong>Tarjeta regalo eBay<\/strong> se env\u00eda inmediatamente por correo electr\u00f3nico con todas las instrucciones necesarias.<\/p>\n<h2 style=\"text-align: left\">Otras tarjetas regalo disponibles<\/h2>\n<ul>\n<li style=\"text-align: left\"><a href=\"https:\/\/digitalcoingifts.com\/es\/tienda\/carte-cadeau-shopping-en-ligne\/tarjeta-regalo-amazon\/\">Tarjeta regalo Amazon<\/a><\/li>\n<li style=\"text-align: left\"><a href=\"https:\/\/digitalcoingifts.com\/es\/tienda\/carte-cadeau-shopping-en-ligne\/carte-cadeau-hm\/\">Tarjeta regalo H&amp;M<\/a><\/li>\n<\/ul>\n<\/div>\n<p>\n<!-- \u2705 Conteneur principal --><\/p>\n<div id=\"trust-section\" style=\"max-width: 100%;padding: 20px;text-align: center;background: #f9f9f9;border-radius: 10px\">\n<p>    <!-- \u2705 Badge Trustpilot centr\u00e9 --><\/p>\n<div style=\"margin-bottom: 15px;justify-content: center;align-items: center\">\n        <img decoding=\"async\" src=\"https:\/\/digitalcoingifts.com\/wp-content\/uploads\/2024\/12\/trustpilot_1600x.webp\" alt=\"Rese\u00f1as de Trustpilot\" width=\"140\" style=\"max-width: 100%\" title=\"\">\n    <\/div>\n<p style=\"font-size: 14px;color: #333;font-weight: bold;margin-top: 5px\">\n        \u2705 Haz tu pedido con tranquilidad: pagos garantizados gracias a la seguridad de blockchain\n    <\/p>\n<p>    <!-- \u2705 Compteur de ventes dynamique (corrig\u00e9) --><\/p>\n<div id=\"sales-counter\" style=\"text-align: center;font-size: 18px;font-weight: bold;color: #27ae60;margin-top: 10px;padding: 10px\">\n        \ud83d\udd25 <span id=\"sales-text\">Hasta la fecha<\/span> <span id=\"sales-number\">35<\/span><br \/>\n        <span id=\"sales-product\">tarjetas regalo<\/span> <span id=\"sales-sold\">comprado en este d\u00eda<\/span> !\n    <\/div>\n<p>    <!-- \u2705 Bouton d'Appel \u00e0 l'Action --><br \/>\n    <button id=\"back-to-top\" style=\"margin-top: 15px;padding: 12px 25px;font-size: 16px;font-weight: bold;background: #FFA500;color: white;border: none;border-radius: 5px;cursor: pointer\"><br \/>\n        \ud83d\uded2 Completar mi compra<br \/>\n    <\/button><\/p>\n<p>    <!-- \u2705 Code Promo en bleu modernis\u00e9 --><\/p>\n<div id=\"promo-banner\" style=\"background: #007BFF;color: white;padding: 12px;font-size: 18px;font-weight: bold;margin-top: 15px;border-radius: 5px\">\n        \ud83c\udf81 **\u00a1Benef\u00edciate de -10%** en tu primer pedido con el c\u00f3digo **Promo10** !\n    <\/div>\n<p>    <!-- \u2705 Bloc FAQ Restaur\u00e9 --><\/p>\n<div id=\"faq-wrapper\" style=\"margin-top: 20px;padding: 15px;background: #E9F5E9;border-radius: 10px;text-align: center\">\n<h3 style=\"color: #228B22;font-size: 20px;font-weight: bold\">\u2753 Preguntas frecuentes<\/h3>\n<div class=\"faq-item\">\n            <button class=\"faq-question\">\ud83d\udccc \u00bfC\u00f3mo consigo una tarjeta regalo a trav\u00e9s de Bitcoin o Ethereum?<\/button><\/p>\n<div class=\"faq-answer\">\n                El proceso es r\u00e1pido: elija el importe, pague en Bitcoin, Ethereum o USDT y reciba su tarjeta virtual directamente por correo electr\u00f3nico.\n            <\/div>\n<\/p>\n<\/div>\n<div class=\"faq-item\">\n            <button class=\"faq-question\">\ud83d\udd12 \u00bfSon realmente seguros los pagos con criptodivisas?<\/button><\/p>\n<div class=\"faq-answer\">\n                S\u00ed, la tecnolog\u00eda blockchain es altamente fiable. Tanto si pagas en Bitcoin como en Ethereum, te beneficias de un alto nivel de protecci\u00f3n contra el fraude.\n            <\/div>\n<\/p>\n<\/div>\n<div class=\"faq-item\">\n            <button class=\"faq-question\">\ud83d\udcc5 \u00bfCu\u00e1ndo recibir\u00e9 mi tarjeta regalo?<\/button><\/p>\n<div class=\"faq-answer\">\n                Se env\u00eda su tarjeta <strong>instant\u00e1neamente<\/strong> una vez validado el pago. Lo recibir\u00e1s inmediatamente en tu buz\u00f3n, listo para usar.\n            <\/div>\n<\/p>\n<\/div>\n<div class=\"faq-item\">\n            <button class=\"faq-question\">\ud83c\udf0d \u00bfD\u00f3nde puedo utilizar esta tarjeta?<\/button><\/p>\n<div class=\"faq-answer\">\n                Nuestras tarjetas regalo funcionan <strong>en todo el mundo<\/strong> \ud83c\udf0d !<br \/>\n                Quel que soit votre pays de r\u00e9sidence, vous recevrez une carte adapt\u00e9e \u00e0 votre r\u00e9gion d\u00e8s que le paiement est confirm\u00e9.\n            <\/div>\n<\/p>\n<\/div>\n<\/div>\n<\/div>\n<p><!-- \u2705 JavaScript pour le compteur et les interactions --><\/p>\n<p>    function getLang() {<br \/>\n        return document.documentElement.lang || navigator.language.split(&lsquo;-&lsquo;)[0] || &lsquo;fr&rsquo;;<br \/>\n    }<\/p>\n<p>    function updateSalesText() {<br \/>\n        let lang = getLang();<br \/>\n        let salesText = document.getElementById(&lsquo;sales-text&rsquo;);<br \/>\n        let salesProduct = document.getElementById(&lsquo;sales-product&rsquo;);<br \/>\n        let salesSold = document.getElementById(&lsquo;sales-sold&rsquo;);<\/p>\n<p>        let translations = {<br \/>\n            fr: { text: \u00ab\u00a0\u00c0 ce jour\u00a0\u00bb, product: \u00ab\u00a0cartes-cadeaux\u00a0\u00bb, sold: \u00ab\u00a0achet\u00e9es en ce jour\u00a0\u00bb },<br \/>\n            en: { text: \u00ab\u00a0Already\u00a0\u00bb, product: \u00ab\u00a0gift cards\u00a0\u00bb, sold: \u00ab\u00a0sold today\u00a0\u00bb },<br \/>\n            es: { text: \u00ab\u00a0Ya\u00a0\u00bb, product: \u00ab\u00a0tarjetas de regalo\u00a0\u00bb, sold: \u00ab\u00a0vendidas hoy\u00a0\u00bb },<br \/>\n            de: { text: \u00ab\u00a0Bereits\u00a0\u00bb, product: \u00ab\u00a0Geschenkkarten\u00a0\u00bb, sold: \u00ab\u00a0heute verkauft\u00a0\u00bb }<br \/>\n        };<\/p>\n<p>        if (translations[lang]) {<br \/>\n            salesText.textContent = translations[lang].text;<br \/>\n            salesProduct.textContent = translations[lang].product;<br \/>\n            salesSold.textContent = translations[lang].sold;<br \/>\n        }<br \/>\n    }<\/p>\n<p>    let baseSales = Math.floor(Math.random() * (48 &#8211; 23 + 1)) + 23; \/\/ D\u00e9part entre 23 et 48<br \/>\n    document.getElementById(\u00ab\u00a0sales-number\u00a0\u00bb).textContent = baseSales;<\/p>\n<p>    function updateSales() {<br \/>\n        let salesNumber = document.getElementById(\u00ab\u00a0sales-number\u00a0\u00bb);<br \/>\n        let currentSales = parseInt(salesNumber.textContent);<br \/>\n        let increase = Math.floor(Math.random() * 3) + 1; \/\/ Augmente de 1 \u00e0 3 ventes<\/p>\n<p>        let newSales = currentSales + increase;<br \/>\n        if (newSales &gt; 48) {<br \/>\n            newSales = 48; \/\/ Ne d\u00e9passe jamais 48<br \/>\n        }<\/p>\n<p>        salesNumber.textContent = newSales;<br \/>\n    }<\/p>\n<p>    updateSalesText();<br \/>\n    setInterval(updateSales, Math.floor(Math.random() * 20000) + 10000); \/\/ Mise \u00e0 jour toutes les 10 \u00e0 20 sec<\/p>\n<p>    document.querySelectorAll(\u00ab\u00a0.faq-question\u00a0\u00bb).forEach(button =&gt; {<br \/>\n        button.addEventListener(\u00ab\u00a0click\u00a0\u00bb, function() {<br \/>\n            let answer = this.nextElementSibling;<br \/>\n            answer.style.display = (answer.style.display === \u00ab\u00a0block\u00a0\u00bb) ? \u00ab\u00a0none\u00a0\u00bb : \u00ab\u00a0block\u00a0\u00bb;<br \/>\n        });<br \/>\n    });<\/p>\n<p>    document.getElementById(\u00ab\u00a0back-to-top\u00a0\u00bb).addEventListener(\u00ab\u00a0click\u00a0\u00bb, function() {<br \/>\n        window.scrollTo({ top: 0, behavior: \u00ab\u00a0smooth\u00a0\u00bb });<br \/>\n    });\n<\/p>\n<p><!-- \u2705 Styles CSS --><\/p>\n<\/p>\n<p>    .faq-question:hover {<br \/>\n        background: #1D7A1D;<br \/>\n    }<\/p>\n<\/p>\n<p>    #back-to-top:hover {<br \/>\n        background: #E69500;<br \/>\n    }<\/p>\n<\/p>\n<p>\n}<\/p>\n<h3>\ud83d\udd0d Vous aimerez aussi :<\/h3>\n<ul>\n<li><a href=\"https:\/\/digitalcoingifts.com\/es\/tarjeta-regalo-para-compras\/tarjeta-regalo-amazon\/\">Acheter Carte Amazon Avec Bitcoin &amp;Amp; Crypto | Livraison Instantan\u00e9e 60S<\/a><\/li>\n<li><a href=\"https:\/\/digitalcoingifts.com\/es\/tarjeta-regalo-para-compras\/tarjeta-regalo-ikea\/\">Carte Cadeau Ikea Avec Bitcoin | Maison &amp;Amp; D\u00e9co En Crypto | Imm\u00e9diat<\/a><\/li>\n<li><a href=\"https:\/\/digitalcoingifts.com\/es\/tarjeta-regalo-para-compras\/tarjeta-regalo-zalando\/\">Acheter Carte Zalando Avec Bitcoin | Mode &amp;Amp; Luxe En Crypto | 24\/7<\/a><\/li>\n<\/ul>\n<div class=\"seo-boost-box\" style=\"margin-top:20px;padding:15px;border:1px solid #eee;border-radius:8px\"><strong>\ud83d\udca1 Vous pourriez aussi aimer :<\/strong> <a href=\"https:\/\/digitalcoingifts.com\/es\/tarjeta-regalo-nintendo\/\">Tarjeta regalo nintendo con cripto<\/a><\/div>\n<div class=\"seo-boost-box\" style=\"margin-top:20px;padding:15px;border:1px solid #eee;border-radius:8px\"><strong>\ud83d\udca1 Vous pourriez aussi aimer :<\/strong> <a href=\"https:\/\/digitalcoingifts.com\/en\/buy-neosurf-in-bitcoin\/\">Buy crypto with neosurf<\/a><\/div>\n<div class=\"seo-boost-box\" style=\"margin-top:20px;padding:15px;border:1px solid #eee;border-radius:8px\"><strong>\ud83d\udca1 Vous pourriez aussi aimer :<\/strong> <a href=\"https:\/\/digitalcoingifts.com\/en\/prepaid-card-refill\/paypal-gift-card\/\">Buy paypal gift card with crypto<\/a><\/div>\n<div class=\"seo-boost-box\" style=\"margin-top:20px;padding:15px;border:1px solid #eee;border-radius:8px\"><strong>\ud83d\udca1 Vous pourriez aussi aimer :<\/strong> <a href=\"https:\/\/digitalcoingifts.com\/es\/tr\/amazonda-bitcoin-ile-odeme\/\">Amazon bitcoin<\/a><\/div>\n<p style=\"background:#e3f2fd;padding:15px;border-radius:8px;border-left: 5px solid #2196f3\">\ud83d\udcda <strong>Nouveau Guide :<\/strong> Comment acheter vos cartes cadeaux sans v\u00e9rification KYC ? <a href=\"https:\/\/digitalcoingifts.com\/es\/acheter-vos-cartes-cadeaux-avec-crypto-sans-kyc-pourquoi-cest-le-futur-du-shopping-en-2026\/\">Lire la suite ici<\/a>.<\/p>\n<div class=\"sf-faq-section\" style=\"margin-top: 40px;border-top: 2px solid #eee;padding-top: 20px\">\n<h3 style=\"color: #1a237e\">\ud83d\udee1\ufe0f Questions Fr\u00e9quentes (FAQ)<\/h3>\n<div class=\"faq-item\" style=\"margin-bottom: 15px\">\n<p><strong>Comment vais-je recevoir mon code ?<\/strong><br \/>\n            Votre code est envoy\u00e9 instantan\u00e9ment par email apr\u00e8s la confirmation de votre paiement sur la blockchain.<\/p>\n<\/p>\n<\/div>\n<div class=\"faq-item\" style=\"margin-bottom: 15px\">\n<p><strong>Quelles cryptomonnaies sont accept\u00e9es ?<\/strong><br \/>\n            Nous acceptons Bitcoin (BTC), Ethereum (ETH), USDT (TRC20\/ERC20), Litecoin (LTC) et plus de 50 autres altcoins via notre passerelle s\u00e9curis\u00e9e.<\/p>\n<\/p>\n<\/div>\n<div class=\"faq-item\" style=\"margin-bottom: 15px\">\n<p><strong>Le paiement est-il s\u00e9curis\u00e9 ?<\/strong><br \/>\n            Oui, le paiement s&rsquo;effectue directement de votre wallet vers notre processeur de paiement r\u00e9gul\u00e9. Nous ne stockons jamais vos cl\u00e9s priv\u00e9es.<\/p>\n<\/p>\n<\/div>\n<div style=\"background: #e8f5e9;padding: 10px;border-radius: 5px;font-size: 0.9rem;color: #2e7d32\">\n            \u2705 <strong>Garantie DigitalCoinGifts<\/strong> : Code 100% valide et fonctionnel test\u00e9 avant l&rsquo;envoi.\n        <\/div>\n<\/p>\n<\/div>\n<div class=\"trust-conversion-booster\" style=\"margin-top: 40px;padding: 25px;background: #fcfcfc;border: 2px solid #1a237e;border-radius: 12px;font-family: sans-serif\">\n<h3 style=\"color: #1a237e;margin-top: 0;align-items: center;gap: 10px\">\n            \ud83d\udee1\ufe0f Pourquoi commander sur DigitalCoinGifts ?<br \/>\n        <\/h3>\n<div style=\"grid-template-columns: repeat(auto-fit, minmax(200px, 1fr));gap: 20px;margin: 20px 0\">\n<div style=\"padding: 10px;border-left: 3px solid #4caf50\">\n                <strong>\u26a1 Livraison Flash<\/strong><br \/>\n                <span style=\"font-size: 0.9rem;color: #666\">Code envoy\u00e9 par email imm\u00e9diatement apr\u00e8s confirmation.<\/span>\n            <\/div>\n<div style=\"padding: 10px;border-left: 3px solid #2196f3\">\n                <strong>\ud83d\udd12 100% Anonyme<\/strong><br \/>\n                <span style=\"font-size: 0.9rem;color: #666\">Aucune pi\u00e8ce d&rsquo;identit\u00e9 requise pour les achats standards.<\/span>\n            <\/div>\n<div style=\"padding: 10px;border-left: 3px solid #ff9800\">\n                <strong>\ud83d\udc8e Support Expert<\/strong><br \/>\n                <span style=\"font-size: 0.9rem;color: #666\">Une question ? Notre \u00e9quipe r\u00e9pond en moins de 2h.<\/span>\n            <\/div>\n<\/p><\/div>\n<div style=\"background: #1a237e;color: white;padding: 15px;border-radius: 8px;text-align: center;margin-top: 10px\">\n            <strong>\ud83d\udd25 ASTUCE PRO :<\/strong> Payez en <strong>USDT (TRC20)<\/strong> o <strong>Lightning Network<\/strong> pour des frais de transaction quasi nuls !\n        <\/div>\n<div style=\"margin-top: 25px;font-size: 0.85rem;color: #888;text-align: center\">\n            \u2b50\ufe0f \u00c9valu\u00e9 4.9\/5 par notre communaut\u00e9 de crypto-acheteurs.\n        <\/div>\n<\/p><\/div>","protected":false},"excerpt":{"rendered":"<p>Carte Cadeau Ebay payable en Bitcoin, USDT et plus de 20 cryptos. Livraison rapide du code par email et paiement s\u00e9curis\u00e9.<\/p>","protected":false},"featured_media":6919,"comment_status":"open","ping_status":"closed","template":"","meta":{"iawp_total_views":3},"product_brand":[],"product_cat":[803],"product_tag":[1038,1045,304,1037,1039,1044,1046,1041,1042,1043,1040],"class_list":{"0":"post-6914","1":"product","2":"type-product","3":"status-publish","4":"has-post-thumbnail","6":"product_cat-carte-cadeau-shopping","7":"product_tag-acheter-carte-cadeau-ebay","8":"product_tag-acheter-carte-cadeau-ebay-en-ligne","9":"product_tag-carte-cadeau","10":"product_tag-carte-cadeau-ebay","11":"product_tag-carte-cadeau-ebay-en-ligne","12":"product_tag-carte-cadeau-ebay-livraison-instantanee","13":"product_tag-carte-cadeau-ebay-numerique","14":"product_tag-carte-cadeau-ebay-pas-cher","15":"product_tag-code-promo-carte-cadeau-ebay","16":"product_tag-comment-utiliser-carte-cadeau-ebay","17":"product_tag-offrir-carte-cadeau-ebay","19":"first","20":"instock","21":"shipping-taxable","22":"purchasable","23":"product-type-variable"},"_links":{"self":[{"href":"https:\/\/digitalcoingifts.com\/es\/wp-json\/wp\/v2\/product\/6914","targetHints":{"allow":["GET"]}}],"collection":[{"href":"https:\/\/digitalcoingifts.com\/es\/wp-json\/wp\/v2\/product"}],"about":[{"href":"https:\/\/digitalcoingifts.com\/es\/wp-json\/wp\/v2\/types\/product"}],"replies":[{"embeddable":true,"href":"https:\/\/digitalcoingifts.com\/es\/wp-json\/wp\/v2\/comments?post=6914"}],"wp:featuredmedia":[{"embeddable":true,"href":"https:\/\/digitalcoingifts.com\/es\/wp-json\/wp\/v2\/media\/6919"}],"wp:attachment":[{"href":"https:\/\/digitalcoingifts.com\/es\/wp-json\/wp\/v2\/media?parent=6914"}],"wp:term":[{"taxonomy":"product_brand","embeddable":true,"href":"https:\/\/digitalcoingifts.com\/es\/wp-json\/wp\/v2\/product_brand?post=6914"},{"taxonomy":"product_cat","embeddable":true,"href":"https:\/\/digitalcoingifts.com\/es\/wp-json\/wp\/v2\/product_cat?post=6914"},{"taxonomy":"product_tag","embeddable":true,"href":"https:\/\/digitalcoingifts.com\/es\/wp-json\/wp\/v2\/product_tag?post=6914"}],"curies":[{"name":"wp","href":"https:\/\/api.w.org\/{rel}","templated":true}]}}