{"id":6896,"date":"2020-05-08T01:52:02","date_gmt":"2020-05-07T23:52:02","guid":{"rendered":"https:\/\/digitalcoingifts.com\/?post_type=product&#038;p=6896"},"modified":"2026-02-14T18:18:47","modified_gmt":"2026-02-14T17:18:47","slug":"carte-cadeau-decathlon","status":"publish","type":"product","link":"https:\/\/digitalcoingifts.com\/es\/carte-cadeau-shopping\/carte-cadeau-decathlon\/","title":{"rendered":"Carte Cadeau Decathlon Bitcoin | Sport &amp; \u00c9quipement en Crypto"},"content":{"rendered":"<p><\/p>\n<h2 class=\"wp-block-heading\">Tarjeta regalo Decathlon: su pasaporte al deporte<\/h2>\n<p><\/p>\n<p><\/p>\n<h3 class=\"wp-block-heading\">\ud83c\udfaf \u00bfPor qu\u00e9 elegir la tarjeta regalo de Decathlon?<\/h3>\n<p><\/p>\n<p>Ideal para los amantes del deporte, el <strong>Tarjeta regalo Decathlon<\/strong> ofrece total libertad para equipar tanto a aficionados como a profesionales. Descubra sus ventajas:<\/p>\n<p><\/p>\n<h3 class=\"wp-block-heading\">Principales ventajas<\/h3>\n<p><\/p>\n<p><\/p>\n<ul class=\"wp-block-list\"><\/p>\n<li>\ud83d\uded2 <strong>Universalidad<\/strong> Puede utilizarse en m\u00e1s de <strong>5.500 productos deportivos<\/strong>en l\u00ednea y en las tiendas.<\/li>\n<p><\/p>\n<p><\/p>\n<li>\u23f1\ufe0f <strong>Instant\u00e1nea<\/strong> Reciba su c\u00f3digo <strong>correo electr\u00f3nico en s\u00f3lo 2 minutos<\/strong> despu\u00e9s de su compra.<\/li>\n<p><\/p>\n<p><\/p>\n<li>\ud83c\udf81 <strong>Flexibilidad<\/strong> Cantidad personalizable de <strong>10\u20ac \u00e0 500\u20ac<\/strong>seg\u00fan sus necesidades.<\/li>\n<p><\/p>\n<p><\/p>\n<li>\ud83d\udd12 <strong>Seguridad<\/strong> A <strong>c\u00f3digo \u00fanico<\/strong> protegidos contra el fraude, para que pueda pagar con total tranquilidad.<\/li>\n<p><\/ul>\n<p><\/p>\n<p><\/p>\n<h3 class=\"wp-block-heading\">\u2696\ufe0f Tarjeta regalo Decathlon vs Regalo Physique: el partido<\/h3>\n<p><\/p>\n<p><\/p>\n<figure class=\"wp-block-table\">\n<table class=\"has-fixed-layout\">\n<thead>\n<tr>\n<th><strong>Criterios<\/strong><\/th>\n<th><strong>Tarjeta Decathlon<\/strong><\/th>\n<th><strong>Regalo cl\u00e1sico<\/strong><\/th>\n<\/tr>\n<\/thead>\n<tbody>\n<tr>\n<td>\ud83c\udfaf <strong>Elecci\u00f3n del beneficiario<\/strong><\/td>\n<td>\u2714\ufe0f Sin l\u00edmites<\/td>\n<td>\u274c Restringido<\/td>\n<\/tr>\n<tr>\n<td>\ud83d\ude80 <strong>Entrega<\/strong><\/td>\n<td>\u26a1 Instant\u00e1neo<\/td>\n<td>\ud83d\udcc5 En un plazo de 3 a 5 d\u00edas<\/td>\n<\/tr>\n<tr>\n<td>\ud83d\udd04 <strong>Intercambio<\/strong><\/td>\n<td>Facilidad de uso<\/td>\n<td>\u26a0\ufe0f Complejo<\/td>\n<\/tr>\n<\/tbody>\n<\/table>\n<\/figure>\n<p><\/p>\n<p><\/p>\n<h3 class=\"wp-block-heading\">\ud83d\udd27 \u00bfC\u00f3mo utilizas tu tarjeta regalo de Decathlon?<\/h3>\n<p><\/p>\n<p>\ud83d\udcf2 <strong>3 sencillos pasos<\/strong> :<\/p>\n<p><\/p>\n<ol class=\"wp-block-list\"><\/p>\n<li><strong>Comprar la tarjeta<\/strong> en nuestro <strong>plataforma segura<\/strong>.<\/li>\n<p><\/p>\n<p><\/p>\n<li><strong>Enviar el c\u00f3digo<\/strong> por correo electr\u00f3nico, SMS o impreso.<\/li>\n<p><\/p>\n<p><\/p>\n<li><strong>F\u00e1cil de usar<\/strong> en l\u00ednea o en la tienda, en funci\u00f3n de lo que desee el cliente.<\/li>\n<p><\/ol>\n<p><\/p>\n<p><\/p>\n<h3 class=\"wp-block-heading\">\u2753 FAQ Tarjeta regalo Decathlon<\/h3>\n<p><\/p>\n<p><\/p>\n<h4 class=\"wp-block-heading\">\ud83d\udcb3 \u00bfPuedo combinar varias tarjetas?<\/h4>\n<p><\/p>\n<p>\u2714\ufe0f \u00a1S\u00ed! Puede utilizar <strong>hasta 5 tarjetas por pedido<\/strong> en l\u00ednea.<\/p>\n<p><\/p>\n<h4 class=\"wp-block-heading\">\u23f3 \u00bfCu\u00e1l es el periodo de validez?<\/h4>\n<p><\/p>\n<p>\ud83d\udd5b <strong>12 meses<\/strong> para una flexibilidad total y <strong>sin presi\u00f3n de funcionamiento<\/strong>.<\/p>\n<p><\/p>\n<h4 class=\"wp-block-heading\">\ud83d\udcf1 \u00bfC\u00f3mo puedo consultar el saldo de mi tarjeta?<\/h4>\n<p><\/p>\n<p>\ud83d\udda5\ufe0f Consulta tu saldo en <strong>unos segundos<\/strong> a trav\u00e9s de nuestro <strong>herramienta en l\u00ednea espec\u00edfica<\/strong>.<\/p>\n<p><\/p>\n<h3 class=\"wp-block-heading\">\ud83d\ude80 \u00a1Regala emoci\u00f3n deportiva ahora!<\/h3>\n<p><\/p>\n<p>Disfrute de un <strong>Tarjeta regalo Decathlon<\/strong> para complacer a todos los aficionados al deporte. Una soluci\u00f3n r\u00e1pida, flexible y segura para disfrutar de la m\u00e1xima libertad.<\/p>\n<p>\n<!-- \u2705 Conteneur principal --><\/p>\n<div id=\"trust-section\" style=\"max-width: 100%;padding: 20px;text-align: center;background: #f9f9f9;border-radius: 10px\">\n<p>    <!-- \u2705 Badge Trustpilot centr\u00e9 --><\/p>\n<div style=\"margin-bottom: 15px;justify-content: center;align-items: center\">\n        <img decoding=\"async\" src=\"https:\/\/digitalcoingifts.com\/wp-content\/uploads\/2024\/12\/trustpilot_1600x.webp\" alt=\"Rese\u00f1as de Trustpilot\" width=\"140\" style=\"max-width: 100%\" title=\"\">\n    <\/div>\n<p style=\"font-size: 14px;color: #333;font-weight: bold;margin-top: 5px\">\n        \u2705 Realiza tus compras con facilidad gracias a la fiabilidad de blockchain\n    <\/p>\n<p>    <!-- \u2705 Compteur de ventes dynamique (ax\u00e9 sur \u201csemaine\u201d) --><\/p>\n<div id=\"sales-counter\" style=\"text-align: center;font-size: 18px;font-weight: bold;color: #27ae60;margin-top: 10px;padding: 10px\">\n        \ud83d\udd25 <span id=\"sales-text\">Esta semana<\/span> <span id=\"sales-number\">35<\/span><br \/>\n        <span id=\"sales-product\">tarjetas regalo<\/span> <span id=\"sales-sold\">vendido<\/span> !\n    <\/div>\n<p>    <!-- \u2705 Bouton d'Appel \u00e0 l'Action --><br \/>\n    <button id=\"back-to-top\" style=\"margin-top: 15px;padding: 12px 25px;font-size: 16px;font-weight: bold;background: #FFA500;color: white;border: none;border-radius: 5px;cursor: pointer\"><br \/>\n        \ud83d\uded2 Completar mi compra<br \/>\n    <\/button><\/p>\n<p>    <!-- \u2705 Code Promo en bleu modernis\u00e9 --><\/p>\n<div id=\"promo-banner\" style=\"background: #007BFF;color: white;padding: 12px;font-size: 18px;font-weight: bold;margin-top: 15px;border-radius: 5px\">\n        \ud83c\udf81 **\u00a1Obt\u00e9n 10% de descuento** en tu primer pedido con el c\u00f3digo **Promo10**!\n    <\/div>\n<p>    <!-- \u2705 Bloc FAQ remis \u00e0 jour --><\/p>\n<div id=\"faq-wrapper\" style=\"margin-top: 20px;padding: 15px;background: #E9F5E9;border-radius: 10px;text-align: center\">\n<h3 style=\"color: #228B22;font-size: 20px;font-weight: bold\">\u2753 Preguntas recurrentes<\/h3>\n<div class=\"faq-item\">\n            <button class=\"faq-question\">\ud83d\udccc C\u00f3mo adquirir una <a href=\"https:\/\/digitalcoingifts.com\/es\/preguntas-mas-frecuentes\/\" data-wpil-monitor-id=\"19\">tarjeta regalo criptogr\u00e1fica<\/a> ?<\/button><\/p>\n<div class=\"faq-answer\">\n                Elija el valor de la tarjeta, realice el pago en Bitcoin, Ethereum o USDT y rec\u00edbalo inmediatamente por correo electr\u00f3nico.\n            <\/div>\n<\/p>\n<\/div>\n<div class=\"faq-item\">\n            <button class=\"faq-question\">\ud83d\udd12 \u00bfSon seguras las transacciones con criptomonedas?<\/button><\/p>\n<div class=\"faq-answer\">\n                S\u00ed, gracias a blockchain, cada pago se valida de forma transparente, limitando el riesgo de fraude.\n            <\/div>\n<\/p>\n<\/div>\n<div class=\"faq-item\">\n            <button class=\"faq-question\">\ud83d\udcc5 \u00bfEn cu\u00e1nto tiempo se enviar\u00e1 la tarjeta?<\/button><\/p>\n<div class=\"faq-answer\">\n                Se genera su tarjeta regalo <strong>instant\u00e1neamente<\/strong> una vez recibido el pago. Llegar\u00e1 a su buz\u00f3n, listo para usar.\n            <\/div>\n<\/p>\n<\/div>\n<div class=\"faq-item\">\n            <button class=\"faq-question\">\ud83c\udf0d \u00bfSe puede utilizar en mi pa\u00eds?<\/button><\/p>\n<div class=\"faq-answer\">\n                Nuestras tarjetas funcionan <strong>en todo el mundo<\/strong> \ud83c\udf0d !<br \/>\n                Apr\u00e8s confirmation de votre achat, vous recevrez une carte adapt\u00e9e \u00e0 votre pays de r\u00e9sidence.\n            <\/div>\n<\/p>\n<\/div>\n<\/div>\n<\/div>\n<p><!-- \u2705 JavaScript pour le compteur et les interactions --><\/p>\n<p>    function getLang() {<br \/>\n        return document.documentElement.lang || navigator.language.split(&lsquo;-&lsquo;)[0] || &lsquo;fr&rsquo;;<br \/>\n    }<\/p>\n<p>    function updateSalesText() {<br \/>\n        let lang = getLang();<br \/>\n        let salesText = document.getElementById(&lsquo;sales-text&rsquo;);<br \/>\n        let salesProduct = document.getElementById(&lsquo;sales-product&rsquo;);<br \/>\n        let salesSold = document.getElementById(&lsquo;sales-sold&rsquo;);<\/p>\n<p>        let translations = {<br \/>\n            fr: { text: \u00ab\u00a0Cette semaine\u00a0\u00bb, product: \u00ab\u00a0cartes-cadeaux\u00a0\u00bb, sold: \u00ab\u00a0vendues\u00a0\u00bb },<br \/>\n            en: { text: \u00ab\u00a0This week\u00a0\u00bb, product: \u00ab\u00a0gift cards\u00a0\u00bb, sold: \u00ab\u00a0sold\u00a0\u00bb },<br \/>\n            es: { text: \u00ab\u00a0Esta semana\u00a0\u00bb, product: \u00ab\u00a0tarjetas de regalo\u00a0\u00bb, sold: \u00ab\u00a0vendidas\u00a0\u00bb },<br \/>\n            de: { text: \u00ab\u00a0Diese Woche\u00a0\u00bb, product: \u00ab\u00a0Geschenkkarten\u00a0\u00bb, sold: \u00ab\u00a0verkauft\u00a0\u00bb }<br \/>\n        };<\/p>\n<p>        if (translations[lang]) {<br \/>\n            salesText.textContent = translations[lang].text;<br \/>\n            salesProduct.textContent = translations[lang].product;<br \/>\n            salesSold.textContent = translations[lang].sold;<br \/>\n        }<br \/>\n    }<\/p>\n<p>    let baseSales = Math.floor(Math.random() * (48 &#8211; 23 + 1)) + 23; \/\/ D\u00e9part al\u00e9atoire entre 23 et 48<br \/>\n    document.getElementById(\u00ab\u00a0sales-number\u00a0\u00bb).textContent = baseSales;<\/p>\n<p>    function updateSales() {<br \/>\n        let salesNumber = document.getElementById(\u00ab\u00a0sales-number\u00a0\u00bb);<br \/>\n        let currentSales = parseInt(salesNumber.textContent);<br \/>\n        let increase = Math.floor(Math.random() * 3) + 1; \/\/ Incr\u00e9mente de 1 \u00e0 3<\/p>\n<p>        let newSales = currentSales + increase;<br \/>\n        if (newSales &gt; 48) {<br \/>\n            newSales = 48; \/\/ Ne d\u00e9passe jamais 48<br \/>\n        }<\/p>\n<p>        salesNumber.textContent = newSales;<br \/>\n    }<\/p>\n<p>    updateSalesText();<br \/>\n    setInterval(updateSales, Math.floor(Math.random() * 20000) + 10000); \/\/ Mise \u00e0 jour al\u00e9atoire entre 10 et 20 sec<\/p>\n<p>    document.querySelectorAll(\u00ab\u00a0.faq-question\u00a0\u00bb).forEach(button =&gt; {<br \/>\n        button.addEventListener(\u00ab\u00a0click\u00a0\u00bb, function() {<br \/>\n            let answer = this.nextElementSibling;<br \/>\n            answer.style.display = (answer.style.display === \u00ab\u00a0block\u00a0\u00bb) ? \u00ab\u00a0none\u00a0\u00bb : \u00ab\u00a0block\u00a0\u00bb;<br \/>\n        });<br \/>\n    });<\/p>\n<p>    document.getElementById(\u00ab\u00a0back-to-top\u00a0\u00bb).addEventListener(\u00ab\u00a0click\u00a0\u00bb, function() {<br \/>\n        window.scrollTo({ top: 0, behavior: \u00ab\u00a0smooth\u00a0\u00bb });<br \/>\n    });\n<\/p>\n<p><!-- \u2705 Styles CSS --><\/p>\n<\/p>\n<p>    .faq-question:hover {<br \/>\n        background: #1D7A1D;<br \/>\n    }<\/p>\n<\/p>\n<p>    #back-to-top:hover {<br \/>\n        background: #E69500;<br \/>\n    }<\/p>\n<\/p>\n<p>\n}<\/p>\n\n<h3>\ud83d\udd0d Vous aimerez aussi :<\/h3>\n<ul><li><a href=\"https:\/\/digitalcoingifts.com\/es\/tarjeta-regalo-para-compras\/tarjeta-regalo-amazon\/\">Acheter Carte Amazon Avec Bitcoin &amp;Amp; Crypto | Livraison Instantan\u00e9e 60S<\/a><\/li><li><a href=\"https:\/\/digitalcoingifts.com\/es\/tarjeta-regalo-para-compras\/tarjeta-regalo-ebay\/\">Tarjeta regalo Ebay<\/a><\/li><li><a href=\"https:\/\/digitalcoingifts.com\/es\/tarjeta-regalo-para-compras\/tarjeta-regalo-ikea\/\">Carte Cadeau Ikea Avec Bitcoin | Maison &amp;Amp; D\u00e9co En Crypto | Imm\u00e9diat<\/a><\/li><\/ul>","protected":false},"excerpt":{"rendered":"<p>Ofrezca la libertad del deporte con <strong>Tarjeta regalo Decathlon<\/strong>. Importe personalizable, v\u00e1lido todo el a\u00f1o en 1000 productos deportivos. Ideal para los entusiastas, adecuado para cualquier ocasi\u00f3n. Descubra la opci\u00f3n pr\u00e1ctica para regalar placer sin equivocarse.<\/p>","protected":false},"featured_media":6901,"comment_status":"open","ping_status":"closed","template":"","meta":{"iawp_total_views":1},"product_brand":[],"product_cat":[803],"product_tag":[1066,304,1065,1064,1068,1067],"class_list":{"0":"post-6896","1":"product","2":"type-product","3":"status-publish","4":"has-post-thumbnail","6":"product_cat-carte-cadeau-shopping","7":"product_tag-acheter-carte-cadeau-decathlon-en-bitcoin","8":"product_tag-carte-cadeau","9":"product_tag-carte-cadeau-decathlon","10":"product_tag-carte-cadeau-decathlon-bitcoin","11":"product_tag-carte-cadeau-decathlon-paiement-crypto","12":"product_tag-carte-decathlon-crypto","14":"first","15":"instock","16":"shipping-taxable","17":"purchasable","18":"product-type-variable"},"_links":{"self":[{"href":"https:\/\/digitalcoingifts.com\/es\/wp-json\/wp\/v2\/product\/6896","targetHints":{"allow":["GET"]}}],"collection":[{"href":"https:\/\/digitalcoingifts.com\/es\/wp-json\/wp\/v2\/product"}],"about":[{"href":"https:\/\/digitalcoingifts.com\/es\/wp-json\/wp\/v2\/types\/product"}],"replies":[{"embeddable":true,"href":"https:\/\/digitalcoingifts.com\/es\/wp-json\/wp\/v2\/comments?post=6896"}],"wp:featuredmedia":[{"embeddable":true,"href":"https:\/\/digitalcoingifts.com\/es\/wp-json\/wp\/v2\/media\/6901"}],"wp:attachment":[{"href":"https:\/\/digitalcoingifts.com\/es\/wp-json\/wp\/v2\/media?parent=6896"}],"wp:term":[{"taxonomy":"product_brand","embeddable":true,"href":"https:\/\/digitalcoingifts.com\/es\/wp-json\/wp\/v2\/product_brand?post=6896"},{"taxonomy":"product_cat","embeddable":true,"href":"https:\/\/digitalcoingifts.com\/es\/wp-json\/wp\/v2\/product_cat?post=6896"},{"taxonomy":"product_tag","embeddable":true,"href":"https:\/\/digitalcoingifts.com\/es\/wp-json\/wp\/v2\/product_tag?post=6896"}],"curies":[{"name":"wp","href":"https:\/\/api.w.org\/{rel}","templated":true}]}}