{"id":6883,"date":"2020-05-08T00:32:01","date_gmt":"2020-05-07T22:32:01","guid":{"rendered":"https:\/\/digitalcoingifts.com\/?post_type=product&#038;p=6883"},"modified":"2026-02-14T12:13:19","modified_gmt":"2026-02-14T11:13:19","slug":"carte-cadeau-bol-com","status":"publish","type":"product","link":"https:\/\/digitalcoingifts.com\/es\/carte-cadeau-shopping\/carte-cadeau-bol-com\/","title":{"rendered":"Tarjeta regalo Bol.com"},"content":{"rendered":"<h2>Tarjeta regalo Bol.com - Compra con tus criptomonedas<\/h2>\n<h3>\u00bfQuieres comprar en Bol.com utilizando tus criptomonedas?<\/h3>\n<p>Gracias a la <strong>Tarjeta regalo Bol.com<\/strong>pague sus pedidos con criptomonedas como <strong>Bitcoin, Ethereum, USDT, USDC, Solana, Polygon<\/strong>y muchos m\u00e1s. Reciba su c\u00f3digo <strong>inmediatamente despu\u00e9s del pago<\/strong> y utilizarlo en <strong><a href=\"https:\/\/www.bol.com\/\" target=\"_blank\" rel=\"noopener\">Bol.com<\/a><\/strong> para comprar sus productos favoritos.<\/p>\n<h3>\ud83c\udfaf Ventajas de la tarjeta regalo de Bol.com<\/h3>\n<p>La <strong>Tarjeta regalo Bol.com<\/strong> ofrece <strong>m\u00e1xima flexibilidad<\/strong> para sus compras en l\u00ednea :<\/p>\n<ul>\n<li>\ud83c\udf81 <strong>Importes disponibles<\/strong> 50, 100, 150 y 250 euros.<\/li>\n<li>\ud83d\udcb3 <strong>Pago seguro<\/strong> con varios <strong>criptomonedas<\/strong>incluyendo <strong>Bitcoin, Ethereum, USDT, USDC, Solana, Polygon, Dogecoin, Litecoin, DAI, y m\u00e1s<\/strong>.<\/li>\n<li>\ud83d\udce9 <strong>Recepci\u00f3n instant\u00e1nea<\/strong> del c\u00f3digo <strong>por correo electr\u00f3nico<\/strong> tras la validaci\u00f3n del pago.<\/li>\n<li>\ud83d\udecd\ufe0f <strong>Puede utilizarse directamente<\/strong> en <strong><a href=\"https:\/\/www.bol.com\/\" target=\"_blank\" rel=\"noopener\">Bol.com<\/a><\/strong> para una amplia gama de productos.<\/li>\n<\/ul>\n<h3>\ud83d\udd27 Instrucciones para utilizar tu tarjeta regalo de Bol.com<\/h3>\n<ol>\n<li><strong>Ir a<\/strong> <a href=\"https:\/\/www.bol.com\/\" target=\"_blank\" rel=\"noopener\">Bol.com<\/a> y seleccione los art\u00edculos que desea comprar.<\/li>\n<li>En el momento del pago, elija la opci\u00f3n <strong>\"Cheques regalo<\/strong>.<\/li>\n<li><strong>Introduzca el c\u00f3digo que ha recibido<\/strong> por correo electr\u00f3nico y haga clic en <strong>\"A\u00f1adir\"<\/strong>.<\/li>\n<li>El importe ser\u00e1 <strong>deducido autom\u00e1ticamente<\/strong> de su pedido.<\/li>\n<\/ol>\n<h3>\u2753 \u00bfPor qu\u00e9 optar por una tarjeta regalo Bol.com pagada en criptomonedas?<\/h3>\n<p>Utiliza tu <strong>criptomonedas<\/strong> para adquirir un <strong><a href=\"https:\/\/digitalcoingifts.com\/es\/preguntas-mas-frecuentes\/\" data-wpil-monitor-id=\"22\">Tarjeta regalo<\/a> Bol.com<\/strong> tiene una serie de ventajas:<\/p>\n<ul>\n<li>\u2705 <strong>Transacciones r\u00e1pidas y seguras<\/strong>No se requiere tarjeta de cr\u00e9dito.<\/li>\n<li>\u2705 <strong>Protecci\u00f3n de la intimidad<\/strong>Evite compartir datos personales.<\/li>\n<li>\u2705 <strong>Amplia gama de criptomonedas aceptadas<\/strong> Bitcoin, Ethereum, USDT y muchos otros.<\/li>\n<li>\u2705 <strong>Recepci\u00f3n inmediata<\/strong> del c\u00f3digo tras la confirmaci\u00f3n del pago.<\/li>\n<\/ul>\n<h3>\ud83d\ude80 Recibe tu tarjeta regalo de Bol.com al instante<\/h3>\n<p>Una vez que su pago <strong>confirmado<\/strong>su <strong>Tarjeta regalo Bol.com<\/strong> se env\u00eda <strong>inmediatamente por correo electr\u00f3nico<\/strong> con todas las instrucciones necesarias para utilizarlo.<\/p>\n<h3>\ud83c\udf81 Descubre nuestras otras tarjetas regalo disponibles<\/h3>\n<p>Adem\u00e1s del <strong>Tarjeta regalo Bol.com<\/strong>explore nuestra selecci\u00f3n de <strong>tarjetas regalo compatibles con Bitcoin y criptopagos<\/strong> para toda una serie de marcas.<\/p>\n<ul>\n<li><a href=\"https:\/\/digitalcoingifts.com\/es\/tienda\/carte-cadeau-shopping-en-ligne\/tarjeta-regalo-amazon\/\">Tarjeta regalo Amazon<\/a><\/li>\n<li><a href=\"https:\/\/digitalcoingifts.com\/es\/tienda\/carte-cadeau-shopping-en-ligne\/tarjeta-regalo-ebay\/\">Tarjeta regalo eBay<\/a><\/li>\n<li><a href=\"https:\/\/digitalcoingifts.com\/es\/tienda\/carte-cadeau-shopping-en-ligne\/tarjeta-regalo-ikea\/\">Tarjeta regalo Ikea<\/a><\/li>\n<\/ul>\n<p>\n<!-- \u2705 Conteneur principal --><\/p>\n<div id=\"trust-section\" style=\"max-width: 100%;padding: 20px;text-align: center;background: #f9f9f9;border-radius: 10px\">\n<p>    <!-- \u2705 Badge Trustpilot centr\u00e9 --><\/p>\n<div style=\"margin-bottom: 15px;justify-content: center;align-items: center\">\n        <img decoding=\"async\" src=\"https:\/\/digitalcoingifts.com\/wp-content\/uploads\/2024\/12\/trustpilot_1600x.webp\" alt=\"Rese\u00f1as de Trustpilot\" width=\"140\" style=\"max-width: 100%\" title=\"\">\n    <\/div>\n<p style=\"font-size: 14px;color: #333;font-weight: bold;margin-top: 5px\">\n        \u2705 Compra con tranquilidad gracias a la seguridad que proporciona blockchain\n    <\/p>\n<p>    <!-- \u2705 Compteur de ventes dynamique (bas\u00e9 sur \u201csemaine\u201d) --><\/p>\n<div id=\"sales-counter\" style=\"text-align: center;font-size: 18px;font-weight: bold;color: #27ae60;margin-top: 10px;padding: 10px\">\n        \ud83d\udd25 <span id=\"sales-text\">Esta semana<\/span> <span id=\"sales-number\">35<\/span><br \/>\n        <span id=\"sales-product\">tarjetas regalo<\/span> <span id=\"sales-sold\">vendido<\/span> !\n    <\/div>\n<p>    <!-- \u2705 Bouton d'Appel \u00e0 l'Action --><br \/>\n    <button id=\"back-to-top\" style=\"margin-top: 15px;padding: 12px 25px;font-size: 16px;font-weight: bold;background: #FFA500;color: white;border: none;border-radius: 5px;cursor: pointer\"><br \/>\n        \ud83d\uded2 Completar mi compra<br \/>\n    <\/button><\/p>\n<p>    <!-- \u2705 Code Promo en bleu modernis\u00e9 --><\/p>\n<div id=\"promo-banner\" style=\"background: #007BFF;color: white;padding: 12px;font-size: 18px;font-weight: bold;margin-top: 15px;border-radius: 5px\">\n        \ud83c\udf81 **\u00a1Obt\u00e9n -10%** en tu primer pedido con el c\u00f3digo **Promo10**!\n    <\/div>\n<p>    <!-- \u2705 Bloc FAQ reformul\u00e9 --><\/p>\n<div id=\"faq-wrapper\" style=\"margin-top: 20px;padding: 15px;background: #E9F5E9;border-radius: 10px;text-align: center\">\n<h3 style=\"color: #228B22;font-size: 20px;font-weight: bold\">\u2753 Preguntas frecuentes<\/h3>\n<div class=\"faq-item\">\n            <button class=\"faq-question\">\ud83d\udccc \u00bfC\u00f3mo compro una tarjeta regalo con criptodivisas?<\/button><\/p>\n<div class=\"faq-answer\">\n                Todo lo que tiene que hacer es elegir una cantidad, pagar en Bitcoin, Ethereum o USDT, y la tarjeta le ser\u00e1 enviada por correo electr\u00f3nico inmediatamente.\n            <\/div>\n<\/p>\n<\/div>\n<div class=\"faq-item\">\n            <button class=\"faq-question\">\ud83d\udd12 \u00bfSon seguras las criptotransacciones?<\/button><\/p>\n<div class=\"faq-answer\">\n                Absolutamente. Blockchain proporciona una mayor trazabilidad y fiabilidad, reduciendo considerablemente el riesgo de fraude.\n            <\/div>\n<\/p>\n<\/div>\n<div class=\"faq-item\">\n            <button class=\"faq-question\">\ud83d\udcc5 \u00bfCu\u00e1ndo recibir\u00e9 mi tarjeta regalo?<\/button><\/p>\n<div class=\"faq-answer\">\n                Su tarjeta es <strong>generado instant\u00e1neamente<\/strong> se le enviar\u00e1 directamente por correo electr\u00f3nico.\n            <\/div>\n<\/p>\n<\/div>\n<div class=\"faq-item\">\n            <button class=\"faq-question\">\ud83c\udf0d \u00bfD\u00f3nde puedo utilizar esta tarjeta regalo?<\/button><\/p>\n<div class=\"faq-answer\">\n                Nuestras tarjetas son v\u00e1lidas <strong>a escala internacional<\/strong> \ud83c\udf0d !<br \/>\n                D\u00e8s que votre achat est valid\u00e9, vous obtenez une carte compatible avec votre pays.\n            <\/div>\n<\/p>\n<\/div>\n<\/div>\n<\/div>\n<p><!-- \u2705 JavaScript pour le compteur et les interactions --><\/p>\n<p>    function getLang() {<br \/>\n        return document.documentElement.lang || navigator.language.split(&lsquo;-&lsquo;)[0] || &lsquo;fr&rsquo;;<br \/>\n    }<\/p>\n<p>    function updateSalesText() {<br \/>\n        let lang = getLang();<br \/>\n        let salesText = document.getElementById(&lsquo;sales-text&rsquo;);<br \/>\n        let salesProduct = document.getElementById(&lsquo;sales-product&rsquo;);<br \/>\n        let salesSold = document.getElementById(&lsquo;sales-sold&rsquo;);<\/p>\n<p>        let translations = {<br \/>\n            fr: { text: \u00ab\u00a0Cette semaine\u00a0\u00bb, product: \u00ab\u00a0cartes-cadeaux\u00a0\u00bb, sold: \u00ab\u00a0vendues\u00a0\u00bb },<br \/>\n            en: { text: \u00ab\u00a0This week\u00a0\u00bb, product: \u00ab\u00a0gift cards\u00a0\u00bb, sold: \u00ab\u00a0sold\u00a0\u00bb },<br \/>\n            es: { text: \u00ab\u00a0Esta semana\u00a0\u00bb, product: \u00ab\u00a0tarjetas de regalo\u00a0\u00bb, sold: \u00ab\u00a0vendidas\u00a0\u00bb },<br \/>\n            de: { text: \u00ab\u00a0Diese Woche\u00a0\u00bb, product: \u00ab\u00a0Geschenkkarten\u00a0\u00bb, sold: \u00ab\u00a0verkauft\u00a0\u00bb }<br \/>\n        };<\/p>\n<p>        if (translations[lang]) {<br \/>\n            salesText.textContent = translations[lang].text;<br \/>\n            salesProduct.textContent = translations[lang].product;<br \/>\n            salesSold.textContent = translations[lang].sold;<br \/>\n        }<br \/>\n    }<\/p>\n<p>    let baseSales = Math.floor(Math.random() * (48 &#8211; 23 + 1)) + 23; \/\/ D\u00e9part al\u00e9atoire entre 23 et 48<br \/>\n    document.getElementById(\u00ab\u00a0sales-number\u00a0\u00bb).textContent = baseSales;<\/p>\n<p>    function updateSales() {<br \/>\n        let salesNumber = document.getElementById(\u00ab\u00a0sales-number\u00a0\u00bb);<br \/>\n        let currentSales = parseInt(salesNumber.textContent);<br \/>\n        let increase = Math.floor(Math.random() * 3) + 1; \/\/ Ajout de 1 \u00e0 3 ventes<\/p>\n<p>        let newSales = currentSales + increase;<br \/>\n        if (newSales &gt; 48) {<br \/>\n            newSales = 48; \/\/ Limiter \u00e0 48<br \/>\n        }<\/p>\n<p>        salesNumber.textContent = newSales;<br \/>\n    }<\/p>\n<p>    updateSalesText();<br \/>\n    setInterval(updateSales, Math.floor(Math.random() * 20000) + 10000); \/\/ Mise \u00e0 jour al\u00e9atoire entre 10 et 20 sec<\/p>\n<p>    document.querySelectorAll(\u00ab\u00a0.faq-question\u00a0\u00bb).forEach(button =&gt; {<br \/>\n        button.addEventListener(\u00ab\u00a0click\u00a0\u00bb, function() {<br \/>\n            let answer = this.nextElementSibling;<br \/>\n            answer.style.display = (answer.style.display === \u00ab\u00a0block\u00a0\u00bb) ? \u00ab\u00a0none\u00a0\u00bb : \u00ab\u00a0block\u00a0\u00bb;<br \/>\n        });<br \/>\n    });<\/p>\n<p>    document.getElementById(\u00ab\u00a0back-to-top\u00a0\u00bb).addEventListener(\u00ab\u00a0click\u00a0\u00bb, function() {<br \/>\n        window.scrollTo({ top: 0, behavior: \u00ab\u00a0smooth\u00a0\u00bb });<br \/>\n    });\n<\/p>\n<p><!-- \u2705 Styles CSS --><\/p>\n<\/p>\n<p>    .faq-question:hover {<br \/>\n        background: #1D7A1D;<br \/>\n    }<\/p>\n<\/p>\n<p>    #back-to-top:hover {<br \/>\n        background: #E69500;<br \/>\n    }<\/p>\n<\/p>\n<p>\n}<\/p>","protected":false},"excerpt":{"rendered":"<p>Carte Cadeau Bol.com payable en Bitcoin, USDT et plus de 20 cryptos. Livraison rapide du code par email et paiement s\u00e9curis\u00e9.<\/p>","protected":false},"featured_media":6884,"comment_status":"open","ping_status":"closed","template":"","meta":{"iawp_total_views":0},"product_brand":[],"product_cat":[803],"product_tag":[1077,304,1075,1074,1076,1078],"class_list":{"0":"post-6883","1":"product","2":"type-product","3":"status-publish","4":"has-post-thumbnail","6":"product_cat-carte-cadeau-shopping","7":"product_tag-acheter-carte-cadeau-bol-com-en-bitcoin","8":"product_tag-carte-cadeau","9":"product_tag-carte-cadeau-bol-com","10":"product_tag-carte-cadeau-bol-com-bitcoin","11":"product_tag-carte-cadeau-bol-com-crypto","12":"product_tag-carte-cadeau-bol-com-paiement-crypto","14":"first","15":"instock","16":"shipping-taxable","17":"purchasable","18":"product-type-variable"},"_links":{"self":[{"href":"https:\/\/digitalcoingifts.com\/es\/wp-json\/wp\/v2\/product\/6883","targetHints":{"allow":["GET"]}}],"collection":[{"href":"https:\/\/digitalcoingifts.com\/es\/wp-json\/wp\/v2\/product"}],"about":[{"href":"https:\/\/digitalcoingifts.com\/es\/wp-json\/wp\/v2\/types\/product"}],"replies":[{"embeddable":true,"href":"https:\/\/digitalcoingifts.com\/es\/wp-json\/wp\/v2\/comments?post=6883"}],"wp:featuredmedia":[{"embeddable":true,"href":"https:\/\/digitalcoingifts.com\/es\/wp-json\/wp\/v2\/media\/6884"}],"wp:attachment":[{"href":"https:\/\/digitalcoingifts.com\/es\/wp-json\/wp\/v2\/media?parent=6883"}],"wp:term":[{"taxonomy":"product_brand","embeddable":true,"href":"https:\/\/digitalcoingifts.com\/es\/wp-json\/wp\/v2\/product_brand?post=6883"},{"taxonomy":"product_cat","embeddable":true,"href":"https:\/\/digitalcoingifts.com\/es\/wp-json\/wp\/v2\/product_cat?post=6883"},{"taxonomy":"product_tag","embeddable":true,"href":"https:\/\/digitalcoingifts.com\/es\/wp-json\/wp\/v2\/product_tag?post=6883"}],"curies":[{"name":"wp","href":"https:\/\/api.w.org\/{rel}","templated":true}]}}