{"id":6872,"date":"2020-05-07T15:58:48","date_gmt":"2020-05-07T13:58:48","guid":{"rendered":"https:\/\/digitalcoingifts.com\/?post_type=product&#038;p=6872"},"modified":"2026-02-14T12:13:25","modified_gmt":"2026-02-14T11:13:25","slug":"carte-cadeau-blablacar","status":"publish","type":"product","link":"https:\/\/digitalcoingifts.com\/es\/carte-cadeau-divertissement\/carte-cadeau-blablacar\/","title":{"rendered":"Tarjeta regalo BlaBlaCar"},"content":{"rendered":"<h2>\u00a1Compra tu Tarjeta Regalo BlaBlaCar en Criptomonedas!<\/h2>\n<h3>\ud83d\ude8d Viaja c\u00f3modamente a bajo precio con la Tarjeta Regalo BlaBlaCar<\/h3>\n<p>\u00bfLe gustar\u00eda viajar por toda Europa a bajo precio? Gracias a la <strong>Tarjeta regalo BlaBlaCar<\/strong>Aproveche los viajes en autocar desde <strong>5 \u20ac<\/strong> con un <strong>confort premium<\/strong>. Utilice su vale para reservar f\u00e1cilmente su viaje por <strong><a href=\"https:\/\/www.blablacar.com\" target=\"_blank\" rel=\"noopener\">BlaBlaCar.com<\/a><\/strong>en ventanilla o a trav\u00e9s de la aplicaci\u00f3n m\u00f3vil.<\/p>\n<p>\ud83c\udf9f\ufe0f <strong>Importes disponibles<\/strong> 50 y 100 euros. \ud83d\udce9 <strong>Entrega inmediata<\/strong> por correo electr\u00f3nico, \u00a1sin esperas! \ud83d\ude8c <strong>300 destinos<\/strong> disponible en Europa. \ud83d\udcb3 <strong>Para uso inmediato<\/strong> y <strong>v\u00e1lido durante 1 a\u00f1o<\/strong> despu\u00e9s de la compra.<\/p>\n<h3>\ud83c\udfaf \u00bfQu\u00e9 es un bono BlaBlaCar?<\/h3>\n<p>A <strong>Bono BlaBlaCar<\/strong> es un <strong>cr\u00e9dito prepagado<\/strong> que puede utilizar como medio de pago al reservar. Le permite <strong>viajar sin limitaciones<\/strong>pagando la totalidad o parte de su viaje.<\/p>\n<ul>\n<li>\u2705 <strong>Puede utilizarse para uno o varios viajes<\/strong> en funci\u00f3n de su saldo.<\/li>\n<li>\u2705 <strong>Puede combinarse con otros <a href=\"https:\/\/digitalcoingifts.com\/es\/tarjeta-regalo-para-compras\/tarjeta-regalo-nike\/\" data-wpil-monitor-id=\"14\">tarjetas regalo<\/a><\/strong>hasta <strong>1000 \u20ac<\/strong>.<\/li>\n<li>\u2705 <strong>Sin coste adicional<\/strong>pago simple y directo.<\/li>\n<\/ul>\n<h3>\ud83d\udd27 \u00bfC\u00f3mo utilizas tu tarjeta regalo BlaBlaCar?<\/h3>\n<ol>\n<li><strong>Ir a<\/strong> <a href=\"https:\/\/www.blablacar.com\" target=\"_blank\" rel=\"noopener\">BlaBlaCar.com<\/a>en una taquilla o en la aplicaci\u00f3n BlaBlaCar.<\/li>\n<li><strong>Elige tu ruta<\/strong> entre m\u00e1s de <strong>300 destinos<\/strong>.<\/li>\n<li><strong>Seleccione \"Vale<\/strong> como m\u00e9todo de pago.<\/li>\n<li><strong>Introduzca el c\u00f3digo recibido por correo electr\u00f3nico<\/strong>\u00a1y su viaje est\u00e1 pagado!<\/li>\n<\/ol>\n<h3>\ud83d\ude80 Recibe tu tarjeta regalo BlaBlaCar de forma inmediata<\/h3>\n<p>En cuanto se haya confirmado su pago, su <strong>Tarjeta regalo BlaBlaCar<\/strong> se env\u00eda autom\u00e1ticamente <strong>por correo electr\u00f3nico<\/strong>. Puede utilizarlo <strong>inmediatamente<\/strong> para reservar su pr\u00f3ximo viaje.<\/p>\n<h3>\ud83d\udcb0 \u00bfQu\u00e9 cantidades hay disponibles?<\/h3>\n<ul>\n<li><strong>50\u20ac<\/strong><\/li>\n<li><strong>100\u20ac<\/strong><\/li>\n<\/ul>\n<h3>\ud83d\udcb3 Paga en Crypto: \u00a1r\u00e1pido y seguro!<\/h3>\n<p>Utilice <strong>Bitcoin, Ethereum, Dash, Bitcoin Cash, Dogecoin, Litecoin<\/strong> y otras criptomonedas para comprar su <strong>Tarjeta regalo BlaBlaCar<\/strong>.<\/p>\n<ul>\n<li>\u2705 <strong>Entrega inmediata<\/strong> por correo electr\u00f3nico.<\/li>\n<li>\u2705 <strong>No se necesita cuenta<\/strong> a la orden.<\/li>\n<li>\u2705 <strong>Transacciones r\u00e1pidas y seguras<\/strong>.<\/li>\n<\/ul>\n<h3>\ud83c\udf81 Descubre nuestras otras tarjetas regalo disponibles<\/h3>\n<p>Tambi\u00e9n recomendamos el <strong><a href=\"https:\/\/digitalcoingifts.com\/es\/tarjeta-regalo-de-ocio\/tarjeta-regalo-google-play\/\">Tarjeta regalo Google Play<\/a>el <a href=\"https:\/\/digitalcoingifts.com\/es\/tarjeta-regalo-para-compras\/tarjeta-regalo-amazon\/\">Tarjeta regalo Amazon<\/a> y el <a href=\"https:\/\/digitalcoingifts.com\/es\/tarjeta-regalo-de-ocio\/tarjeta-regalo-itunes\/\">Tarjeta regalo iTunes<\/a><\/strong> para tener a\u00fan m\u00e1s donde elegir.<\/p>\n<p>\n<!-- \u2705 Conteneur principal --><\/p>\n<div id=\"trust-section\" style=\"max-width: 100%;padding: 20px;text-align: center;background: #f9f9f9;border-radius: 10px\">\n<p>    <!-- \u2705 Badge Trustpilot centr\u00e9 --><\/p>\n<div style=\"margin-bottom: 15px;justify-content: center;align-items: center\">\n        <img decoding=\"async\" src=\"https:\/\/digitalcoingifts.com\/wp-content\/uploads\/2024\/12\/trustpilot_1600x.webp\" alt=\"Rese\u00f1as de Trustpilot\" width=\"140\" style=\"max-width: 100%\" title=\"\">\n    <\/div>\n<p style=\"font-size: 14px;color: #333;font-weight: bold;margin-top: 5px\">\n        \u2705 Compra con tranquilidad gracias a la seguridad infalible de blockchain\n    <\/p>\n<p>    <!-- \u2705 Compteur de ventes dynamique (centr\u00e9 sur \u201csemaine\u201d) --><\/p>\n<div id=\"sales-counter\" style=\"text-align: center;font-size: 18px;font-weight: bold;color: #27ae60;margin-top: 10px;padding: 10px\">\n        \ud83d\udd25 <span id=\"sales-text\">Esta semana<\/span> <span id=\"sales-number\">35<\/span><br \/>\n        <span id=\"sales-product\">tarjetas regalo<\/span> <span id=\"sales-sold\">vendido<\/span> !\n    <\/div>\n<p>    <!-- \u2705 Bouton d'Appel \u00e0 l'Action (texte modifi\u00e9) --><br \/>\n    <button id=\"back-to-top\" style=\"margin-top: 15px;padding: 12px 25px;font-size: 16px;font-weight: bold;background: #FFA500;color: white;border: none;border-radius: 5px;cursor: pointer\"><br \/>\n        \ud83d\uded2 Consigue tu tarjeta regalo ahora<br \/>\n    <\/button><\/p>\n<p>    <!-- \u2705 Code Promo en bleu modernis\u00e9 --><\/p>\n<div id=\"promo-banner\" style=\"background: #007BFF;color: white;padding: 12px;font-size: 18px;font-weight: bold;margin-top: 15px;border-radius: 5px\">\n        \u00a1\ud83c\udf81 **-10% en tu primer pedido** con el c\u00f3digo **Promo10** !\n    <\/div>\n<p>    <!-- \u2705 Bloc FAQ re-r\u00e9dig\u00e9 --><\/p>\n<div id=\"faq-wrapper\" style=\"margin-top: 20px;padding: 15px;background: #E9F5E9;border-radius: 10px;text-align: center\">\n<h3 style=\"color: #228B22;font-size: 20px;font-weight: bold\">\u2753 Preguntas frecuentes<\/h3>\n<div class=\"faq-item\">\n            <button class=\"faq-question\">\ud83d\udccc \u00bfC\u00f3mo se adquiere una tarjeta regalo a trav\u00e9s de criptomoneda?<\/button><\/p>\n<div class=\"faq-answer\">\n                Elija un importe, pague en Bitcoin, Ethereum o USDT y reciba su tarjeta al instante por correo electr\u00f3nico.\n            <\/div>\n<\/p>\n<\/div>\n<div class=\"faq-item\">\n            <button class=\"faq-question\">\ud83d\udd12 \u00bfEst\u00e1n protegidos los pagos con criptomonedas?<\/button><\/p>\n<div class=\"faq-answer\">\n                S\u00ed, blockchain aumenta la transparencia y la seguridad de cada transacci\u00f3n, reduciendo enormemente el riesgo de fraude.\n            <\/div>\n<\/p>\n<\/div>\n<div class=\"faq-item\">\n            <button class=\"faq-question\">\ud83d\udcc5 \u00bfCu\u00e1nto tardar\u00e9 en recibir mi tarjeta regalo?<\/button><\/p>\n<div class=\"faq-answer\">\n                Se expide <strong>sin demora<\/strong> en cuanto se confirme el pago. Lo encontrar\u00e1s inmediatamente en tu bandeja de entrada.\n            <\/div>\n<\/p>\n<\/div>\n<div class=\"faq-item\">\n            <button class=\"faq-question\">\ud83c\udf0d \u00bfSe puede utilizar en cualquier sitio?<\/button><\/p>\n<div class=\"faq-answer\">\n                Se aceptan nuestras tarjetas <strong>en todo el mundo<\/strong> \ud83c\udf0d !<br \/>\n                Une fois votre r\u00e8glement confirm\u00e9, vous recevez une carte adapt\u00e9e \u00e0 votre pays de r\u00e9sidence.\n            <\/div>\n<\/p>\n<\/div>\n<\/div>\n<\/div>\n<p><!-- \u2705 JavaScript pour le compteur et les interactions --><\/p>\n<p>    function getLang() {<br \/>\n        return document.documentElement.lang || navigator.language.split(&lsquo;-&lsquo;)[0] || &lsquo;fr&rsquo;;<br \/>\n    }<\/p>\n<p>    function updateSalesText() {<br \/>\n        let lang = getLang();<br \/>\n        let salesText = document.getElementById(&lsquo;sales-text&rsquo;);<br \/>\n        let salesProduct = document.getElementById(&lsquo;sales-product&rsquo;);<br \/>\n        let salesSold = document.getElementById(&lsquo;sales-sold&rsquo;);<\/p>\n<p>        let translations = {<br \/>\n            fr: { text: \u00ab\u00a0Cette semaine\u00a0\u00bb, product: \u00ab\u00a0cartes-cadeaux\u00a0\u00bb, sold: \u00ab\u00a0vendues\u00a0\u00bb },<br \/>\n            en: { text: \u00ab\u00a0This week\u00a0\u00bb, product: \u00ab\u00a0gift cards\u00a0\u00bb, sold: \u00ab\u00a0sold\u00a0\u00bb },<br \/>\n            es: { text: \u00ab\u00a0Esta semana\u00a0\u00bb, product: \u00ab\u00a0tarjetas de regalo\u00a0\u00bb, sold: \u00ab\u00a0vendidas\u00a0\u00bb },<br \/>\n            de: { text: \u00ab\u00a0Diese Woche\u00a0\u00bb, product: \u00ab\u00a0Geschenkkarten\u00a0\u00bb, sold: \u00ab\u00a0verkauft\u00a0\u00bb }<br \/>\n        };<\/p>\n<p>        if (translations[lang]) {<br \/>\n            salesText.textContent = translations[lang].text;<br \/>\n            salesProduct.textContent = translations[lang].product;<br \/>\n            salesSold.textContent = translations[lang].sold;<br \/>\n        }<br \/>\n    }<\/p>\n<p>    let baseSales = Math.floor(Math.random() * (48 &#8211; 23 + 1)) + 23; \/\/ Choix al\u00e9atoire entre 23 et 48<br \/>\n    document.getElementById(\u00ab\u00a0sales-number\u00a0\u00bb).textContent = baseSales;<\/p>\n<p>    function updateSales() {<br \/>\n        let salesNumber = document.getElementById(\u00ab\u00a0sales-number\u00a0\u00bb);<br \/>\n        let currentSales = parseInt(salesNumber.textContent);<br \/>\n        let increase = Math.floor(Math.random() * 3) + 1; \/\/ Ajout de 1 \u00e0 3 ventes<\/p>\n<p>        let newSales = currentSales + increase;<br \/>\n        if (newSales &gt; 48) {<br \/>\n            newSales = 48; \/\/ Limit\u00e9 \u00e0 48<br \/>\n        }<\/p>\n<p>        salesNumber.textContent = newSales;<br \/>\n    }<\/p>\n<p>    updateSalesText();<br \/>\n    setInterval(updateSales, Math.floor(Math.random() * 20000) + 10000); \/\/ Mise \u00e0 jour al\u00e9atoire entre 10 et 20 secondes<\/p>\n<p>    document.querySelectorAll(\u00ab\u00a0.faq-question\u00a0\u00bb).forEach(button =&gt; {<br \/>\n        button.addEventListener(\u00ab\u00a0click\u00a0\u00bb, function() {<br \/>\n            let answer = this.nextElementSibling;<br \/>\n            answer.style.display = (answer.style.display === \u00ab\u00a0block\u00a0\u00bb) ? \u00ab\u00a0none\u00a0\u00bb : \u00ab\u00a0block\u00a0\u00bb;<br \/>\n        });<br \/>\n    });<\/p>\n<p>    document.getElementById(\u00ab\u00a0back-to-top\u00a0\u00bb).addEventListener(\u00ab\u00a0click\u00a0\u00bb, function() {<br \/>\n        window.scrollTo({ top: 0, behavior: \u00ab\u00a0smooth\u00a0\u00bb });<br \/>\n    });\n<\/p>\n<p><!-- \u2705 Styles CSS --><\/p>\n<\/p>\n<p>    .faq-question:hover {<br \/>\n        background: #1D7A1D;<br \/>\n    }<\/p>\n<\/p>\n<p>    #back-to-top:hover {<br \/>\n        background: #E69500;<br \/>\n    }<\/p>\n<\/p>\n<p>\n}<\/p>","protected":false},"excerpt":{"rendered":"<p>Carte Cadeau BlaBlaCar payable en Bitcoin, USDT et plus de 20 cryptos. Livraison rapide du code par email et paiement s\u00e9curis\u00e9.<\/p>","protected":false},"featured_media":8347,"comment_status":"open","ping_status":"closed","template":"","meta":{"iawp_total_views":0},"product_brand":[],"product_cat":[606],"product_tag":[1086,304,1085,1084,1087,1088],"class_list":{"0":"post-6872","1":"product","2":"type-product","3":"status-publish","4":"has-post-thumbnail","6":"product_cat-carte-cadeau-divertissement","7":"product_tag-acheter-carte-cadeau-blablacar-en-bitcoin","8":"product_tag-carte-cadeau","9":"product_tag-carte-cadeau-blablacar","10":"product_tag-carte-cadeau-blablacar-bitcoin","11":"product_tag-carte-cadeau-blablacar-crypto","12":"product_tag-carte-cadeau-blablacar-paiement-crypto","14":"first","15":"instock","16":"shipping-taxable","17":"purchasable","18":"product-type-variable"},"_links":{"self":[{"href":"https:\/\/digitalcoingifts.com\/es\/wp-json\/wp\/v2\/product\/6872","targetHints":{"allow":["GET"]}}],"collection":[{"href":"https:\/\/digitalcoingifts.com\/es\/wp-json\/wp\/v2\/product"}],"about":[{"href":"https:\/\/digitalcoingifts.com\/es\/wp-json\/wp\/v2\/types\/product"}],"replies":[{"embeddable":true,"href":"https:\/\/digitalcoingifts.com\/es\/wp-json\/wp\/v2\/comments?post=6872"}],"wp:featuredmedia":[{"embeddable":true,"href":"https:\/\/digitalcoingifts.com\/es\/wp-json\/wp\/v2\/media\/8347"}],"wp:attachment":[{"href":"https:\/\/digitalcoingifts.com\/es\/wp-json\/wp\/v2\/media?parent=6872"}],"wp:term":[{"taxonomy":"product_brand","embeddable":true,"href":"https:\/\/digitalcoingifts.com\/es\/wp-json\/wp\/v2\/product_brand?post=6872"},{"taxonomy":"product_cat","embeddable":true,"href":"https:\/\/digitalcoingifts.com\/es\/wp-json\/wp\/v2\/product_cat?post=6872"},{"taxonomy":"product_tag","embeddable":true,"href":"https:\/\/digitalcoingifts.com\/es\/wp-json\/wp\/v2\/product_tag?post=6872"}],"curies":[{"name":"wp","href":"https:\/\/api.w.org\/{rel}","templated":true}]}}