{"id":6825,"date":"2020-05-03T08:37:11","date_gmt":"2020-05-03T06:37:11","guid":{"rendered":"https:\/\/digitalcoingifts.com\/?post_type=product&#038;p=6825"},"modified":"2026-02-14T18:19:27","modified_gmt":"2026-02-14T17:19:27","slug":"carte-cadeau-xbox-live-gold","status":"publish","type":"product","link":"https:\/\/digitalcoingifts.com\/es\/carte-cadeau-gaming\/carte-cadeau-xbox-live-gold\/","title":{"rendered":"Carte Cadeau Xbox Live &amp; Game Pass Bitcoin | Code Digital 60s"},"content":{"rendered":"<h2>\u00a1Compra tu tarjeta regalo Xbox Live Gold en Bitcoin y criptomoneda!<\/h2>\n<h3>\ud83c\udfae <strong>Disfruta de una suscripci\u00f3n a Xbox Live Gold con una tarjeta regalo<\/strong><\/h3>\n<p>La <strong>Tarjeta regalo Xbox Live Gold<\/strong> te da acceso a todas las funciones premium del servicio <strong>Xbox Live Gold<\/strong>incluyendo <strong>modo multijugador en l\u00ednea<\/strong>juegos gratis cada mes y <strong>descuentos exclusivos<\/strong> en Microsoft Store. Compatible con <strong>Xbox 360, Xbox One y Xbox Series X\/S<\/strong>Esta tarjeta es ideal para ampliar su abono sin tarjeta bancaria.<\/p>\n<p>\ud83d\udd39 <strong>Juega con tus amigos en la red multijugador m\u00e1s avanzada<\/strong>.<br \/>\ud83d\udd39 <strong>Disfruta de juegos gratis todos los meses con el programa Xbox Live Gold<\/strong>.<br \/>\ud83d\udd39 <strong>Benef\u00edciate de descuentos exclusivos de hasta -50% en cientos de juegos<\/strong>.<br \/>\ud83d\udd39 <strong>Tarjeta disponible en versiones de 12 o 24 meses<\/strong>.<\/p>\n<hr \/>\n<h3>\ud83d\udce9 <strong>Recibe tu tarjeta Xbox Live Gold inmediatamente por correo electr\u00f3nico<\/strong><\/h3>\n<p>Compre su <strong>Tarjeta regalo Xbox Live Gold<\/strong> en Bitcoin u otras criptomonedas y reciba su <strong>C\u00f3digo Xbox<\/strong> instant\u00e1neamente por <strong>correo electr\u00f3nico<\/strong> tras la validaci\u00f3n del pago.<\/p>\n<p>\u2705 <strong>Para uso inmediato<\/strong>sin tiempo de espera.<br \/>\u2705 <strong>Evite las suscripciones peri\u00f3dicas<\/strong>pague una vez y juegue con total tranquilidad.<br \/>\u2705 <strong>Compatible con todas las consolas Xbox modernas<\/strong>.<\/p>\n<hr \/>\n<h3>\ud83d\udd27 <strong>\u00bfC\u00f3mo utilizo mi Tarjeta regalo Xbox Live Gold?<\/strong><\/h3>\n<ol>\n<li><strong>Visite el sitio web oficial de Microsoft<\/strong> e inicia sesi\u00f3n en tu cuenta Xbox.<\/li>\n<li><strong>Haga clic en \"Opciones de pago<\/strong> bajo el <strong>Facturaci\u00f3n<\/strong>.<\/li>\n<li><strong>Seleccione \"Cuenta Microsoft<\/strong>a continuaci\u00f3n, haga clic en <strong>\"Intercambiar un c\u00f3digo<\/strong>.<\/li>\n<li><strong>Introduce el c\u00f3digo Xbox Live Gold<\/strong> recibido por correo electr\u00f3nico y haga clic en <strong>\"Continue<\/strong>.<\/li>\n<li><strong>Su suscripci\u00f3n se activa o ampl\u00eda autom\u00e1ticamente<\/strong>.<\/li>\n<\/ol>\n<p>\ud83d\udd25 <strong>Juega sin interrupciones y disfruta inmediatamente de todas las ventajas de Xbox Live Gold.<\/strong><\/p>\n<hr \/>\n<h3>\ud83d\udcb0 <strong>\u00bfDe qu\u00e9 importes se dispone?<\/strong><\/h3>\n<p>En <strong>Tarjetas regalo Xbox Live Gold<\/strong> est\u00e1n disponibles en varios tama\u00f1os:<\/p>\n<ul>\n<li><strong>50\u20ac<\/strong><\/li>\n<li><strong>100\u20ac<\/strong><\/li>\n<\/ul>\n<hr \/>\n<h3>\ud83d\udcb3 <strong>Compra tu tarjeta Xbox Live Gold en criptomonedas<\/strong><\/h3>\n<p>Aproveche las ventajas del pago <strong>r\u00e1pido, seguro y an\u00f3nimo<\/strong> con tus criptomonedas favoritas :<\/p>\n<ul>\n<li><strong>Bitcoin (BTC)<\/strong><\/li>\n<li><strong>Ethereum (ETH)<\/strong><\/li>\n<li><strong>Dash (DASH)<\/strong><\/li>\n<li><strong>Bitcoin Efectivo (BCH)<\/strong><\/li>\n<li><strong>Dogecoin (DOGE)<\/strong><\/li>\n<li><strong>Litecoin (LTC)<\/strong><\/li>\n<\/ul>\n<p>\u2705 <strong>Transacciones seguras a trav\u00e9s de blockchain<\/strong>.<br \/>\u2705 <strong>Entrega inmediata<\/strong> despu\u00e9s del pago.<br \/>\u2705 <strong>No necesita cuenta bancaria<\/strong>.<\/p>\n<hr \/>\n<h3>\ud83c\udf81 <strong>Otras tarjetas regalo para juegos disponibles<\/strong><\/h3>\n<p>Tambi\u00e9n recomendamos :<\/p>\n<ul>\n<li>\ud83c\udfae <strong><a href=\"https:\/\/digitalcoingifts.com\/es\/tarjeta-regalo-playstation-store\/\">Tarjeta regalo PlayStation Store<\/a><\/strong><\/li>\n<li>\ud83c\udfae <strong><a href=\"https:\/\/digitalcoingifts.com\/es\/tarjeta-regalo-nintendo\/\">Tarjeta regalo Nintendo<\/a><\/strong><\/li>\n<li>\ud83c\udfae <strong><a href=\"https:\/\/digitalcoingifts.com\/es\/tarjeta-regalo-steam\/\">Tarjeta regalo Steam<\/a><\/strong><\/li>\n<\/ul>\n<h3>\ud83d\udd17 <strong>Enlace oficial a Xbox Live Gold<\/strong><\/h3>\n<p>Para obtener m\u00e1s informaci\u00f3n sobre las ventajas y los \u00faltimos juegos de Xbox Live Gold, visita la p\u00e1gina <strong><a href=\"https:\/\/www.xbox.com\/fr-FR\/live\/gold\" target=\"_blank\" rel=\"noopener\">P\u00e1gina oficial de Xbox<\/a><\/strong>.<\/p>\n<hr \/>\n<p>\ud83d\udd25 <strong>Ampl\u00eda ahora tu suscripci\u00f3n a Xbox Live Gold y disfruta de multijugador, juegos gratis y descuentos exclusivos.<\/strong><\/p>\n<p>\n<!-- \u2705 Conteneur principal --><\/p>\n<div id=\"trust-section\" style=\"max-width: 100%;padding: 20px;text-align: center;background: #f9f9f9;border-radius: 10px\">\n<p>    <!-- \u2705 Badge Trustpilot centr\u00e9 --><\/p>\n<div style=\"margin-bottom: 15px;justify-content: center;align-items: center\">\n        <img decoding=\"async\" src=\"https:\/\/digitalcoingifts.com\/wp-content\/uploads\/2024\/12\/trustpilot_1600x.webp\" alt=\"Rese\u00f1as de Trustpilot\" width=\"140\" style=\"max-width: 100%\" title=\"\">\n    <\/div>\n<p style=\"font-size: 14px;color: #333;font-weight: bold;margin-top: 5px\">\n        \u2705 Realiza tu compra con total tranquilidad, blockchain garantiza una protecci\u00f3n \u00f3ptima\n    <\/p>\n<p>    <!-- \u2705 Compteur de ventes dynamique (bas\u00e9 sur \u201csemaine\u201d) --><\/p>\n<div id=\"sales-counter\" style=\"text-align: center;font-size: 18px;font-weight: bold;color: #27ae60;margin-top: 10px;padding: 10px\">\n        \ud83d\udd25 <span id=\"sales-text\">Esta semana<\/span> <span id=\"sales-number\">35<\/span><br \/>\n        <span id=\"sales-product\">tarjetas regalo<\/span> <span id=\"sales-sold\">vendido<\/span> !\n    <\/div>\n<p>    <!-- \u2705 Bouton d'Appel \u00e0 l'Action --><br \/>\n    <button id=\"back-to-top\" style=\"margin-top: 15px;padding: 12px 25px;font-size: 16px;font-weight: bold;background: #FFA500;color: white;border: none;border-radius: 5px;cursor: pointer\"><br \/>\n        \ud83d\uded2 Consigue tu tarjeta regalo ahora<br \/>\n    <\/button><\/p>\n<p>    <!-- \u2705 Code Promo en bleu modernis\u00e9 --><\/p>\n<div id=\"promo-banner\" style=\"background: #007BFF;color: white;padding: 12px;font-size: 18px;font-weight: bold;margin-top: 15px;border-radius: 5px\">\n        \ud83c\udf81 **\u00a1Benef\u00edciate de -10%** en tu primer pedido usando el c\u00f3digo **Promo10**!\n    <\/div>\n<p>    <!-- \u2705 Bloc FAQ avec des r\u00e9ponses reformul\u00e9es --><\/p>\n<div id=\"faq-wrapper\" style=\"margin-top: 20px;padding: 15px;background: #E9F5E9;border-radius: 10px;text-align: center\">\n<h3 style=\"color: #228B22;font-size: 20px;font-weight: bold\">\u2753 Preguntas frecuentes<\/h3>\n<div class=\"faq-item\">\n            <button class=\"faq-question\">\ud83d\udccc \u00bfC\u00f3mo adquiero una tarjeta cripto regalo?<\/button><\/p>\n<div class=\"faq-answer\">\n                Establezca el importe que desee y pague en Bitcoin, Ethereum o USDT. En cuanto se valida la transacci\u00f3n, se le env\u00eda la tarjeta por correo electr\u00f3nico, sin tr\u00e1mites bancarios adicionales.\n            <\/div>\n<\/p>\n<\/div>\n<div class=\"faq-item\">\n            <button class=\"faq-question\">\ud83d\udd12 \u00bfSon seguras las liquidaciones de criptodivisas?<\/button><\/p>\n<div class=\"faq-answer\">\n                S\u00ed, la cadena de bloques descentraliza cada transacci\u00f3n, lo que limita enormemente el riesgo de fraude. Los datos son inmutables y verificados por una gran red, lo que garantiza un alto nivel de seguridad.\n            <\/div>\n<\/p>\n<\/div>\n<div class=\"faq-item\">\n            <button class=\"faq-question\">\ud83d\udcc5 \u00bfCu\u00e1nto tardar\u00e9 en recibir mi tarjeta regalo?<\/button><\/p>\n<div class=\"faq-answer\">\n                Su tarjeta se genera inmediatamente despu\u00e9s de la validaci\u00f3n del pago, por lo que la recibir\u00e1 muy r\u00e1pidamente. En unos minutos recibir\u00e1 un correo electr\u00f3nico con toda la informaci\u00f3n.\n            <\/div>\n<\/p>\n<\/div>\n<div class=\"faq-item\">\n            <button class=\"faq-question\">\ud83c\udf0d \u00bfEs v\u00e1lida en todo el mundo?<\/button><\/p>\n<div class=\"faq-answer\">\n                Por lo general, nuestras tarjetas regalo pueden utilizarse internacionalmente y son aptas para la mayor\u00eda de las regiones. Puedes hacer compras online o en tiendas, dependiendo de los establecimientos que las acepten.\n            <\/div>\n<\/p>\n<\/div>\n<\/div>\n<\/div>\n<p><!-- \u2705 JavaScript pour le compteur et les interactions -->\n<\/p>\n<p><!-- \u2705 Styles CSS --><\/p>\n<\/p>\n<p>    .faq-question:hover {<br \/>\n        background: #1D7A1D;<br \/>\n    }<\/p>\n<\/p>\n<p>    #back-to-top:hover {<br \/>\n        background: #E69500;<br \/>\n    }<\/p>\n<h3>\ud83d\udd0d Vous aimerez aussi :<\/h3>\n<ul>\n<li><a href=\"https:\/\/digitalcoingifts.com\/es\/tarjeta-regalo-para-juegos\/tarjeta-regalo-steam\/\">Carte Cadeau Steam Avec Bitcoin | Jeux Pc &amp;Amp; Gaming En Crypto<\/a><\/li>\n<li><a href=\"https:\/\/digitalcoingifts.com\/es\/tarjeta-regalo-para-juegos\/tarjeta-regalo-playstation-plus\/\">Carte Psn Playstation Store Bitcoin | Gaming &amp;Amp; Abonnements<\/a><\/li>\n<li><a href=\"https:\/\/digitalcoingifts.com\/es\/tarjeta-regalo-para-juegos\/tarjeta-regalo-nintendo\/\">Carte Cadeau Nintendo Eshop Bitcoin | Switch &amp;Amp; Jeux En Crypto<\/a><\/li>\n<\/ul>","protected":false},"excerpt":{"rendered":"<p>Carte Cadeau Xbox Live Gold payable en Bitcoin, USDT et plus de 20 cryptos. Livraison rapide du code par email et paiement s\u00e9curis\u00e9.<\/p>","protected":false},"featured_media":6826,"comment_status":"open","ping_status":"closed","template":"","meta":{"iawp_total_views":1},"product_brand":[],"product_cat":[396],"product_tag":[304],"class_list":{"0":"post-6825","1":"product","2":"type-product","3":"status-publish","4":"has-post-thumbnail","6":"product_cat-carte-cadeau-gaming","7":"product_tag-carte-cadeau","9":"first","10":"instock","11":"shipping-taxable","12":"purchasable","13":"product-type-variable"},"_links":{"self":[{"href":"https:\/\/digitalcoingifts.com\/es\/wp-json\/wp\/v2\/product\/6825","targetHints":{"allow":["GET"]}}],"collection":[{"href":"https:\/\/digitalcoingifts.com\/es\/wp-json\/wp\/v2\/product"}],"about":[{"href":"https:\/\/digitalcoingifts.com\/es\/wp-json\/wp\/v2\/types\/product"}],"replies":[{"embeddable":true,"href":"https:\/\/digitalcoingifts.com\/es\/wp-json\/wp\/v2\/comments?post=6825"}],"wp:featuredmedia":[{"embeddable":true,"href":"https:\/\/digitalcoingifts.com\/es\/wp-json\/wp\/v2\/media\/6826"}],"wp:attachment":[{"href":"https:\/\/digitalcoingifts.com\/es\/wp-json\/wp\/v2\/media?parent=6825"}],"wp:term":[{"taxonomy":"product_brand","embeddable":true,"href":"https:\/\/digitalcoingifts.com\/es\/wp-json\/wp\/v2\/product_brand?post=6825"},{"taxonomy":"product_cat","embeddable":true,"href":"https:\/\/digitalcoingifts.com\/es\/wp-json\/wp\/v2\/product_cat?post=6825"},{"taxonomy":"product_tag","embeddable":true,"href":"https:\/\/digitalcoingifts.com\/es\/wp-json\/wp\/v2\/product_tag?post=6825"}],"curies":[{"name":"wp","href":"https:\/\/api.w.org\/{rel}","templated":true}]}}