{"id":6771,"date":"2020-05-01T08:55:38","date_gmt":"2020-05-01T06:55:38","guid":{"rendered":"https:\/\/digitalcoingifts.com\/?post_type=product&#038;p=6771"},"modified":"2026-02-14T12:14:46","modified_gmt":"2026-02-14T11:14:46","slug":"carte-prepayee-visa","status":"publish","type":"product","link":"https:\/\/digitalcoingifts.com\/es\/recharge-carte-prepayee\/carte-prepayee-visa\/","title":{"rendered":"Tarjeta virtual Visa de prepago"},"content":{"rendered":"<p><\/p>\n<h2 class=\"wp-block-heading\">\ud83d\udcb3 Tarjeta Visa Virtual Prepago: Compra con tus Criptodivisas<\/h2>\n<p><\/p>\n<p><\/p>\n<h3 class=\"wp-block-heading\">\ud83d\ude80 <strong>Una tarjeta Visa virtual, sin banco, \u00a1directamente en cripto!<\/strong><\/h3>\n<p><\/p>\n\n<p>Con este <strong>Tarjeta virtual Visa de prepago<\/strong>realice todas sus compras en l\u00ednea de forma sencilla. <strong>sencillo, r\u00e1pido y seguro<\/strong>. No necesita una cuenta bancaria: recargue su tarjeta por <strong>Bitcoin, Ethereum, Litecoin, Dash, Dogecoin o Bitcoin Cash<\/strong> y gastar libremente en <strong>todos los sitios que aceptan Visa<\/strong>.<\/p>\n\n\n<p>\u2705 <strong>Compatible con todos los sitios comerciales que aceptan Visa.<\/strong><br \/>\u2705 <strong>Recargable en Bitcoin y Altcoins.<\/strong><br \/>\u2705 <strong>Entrega instant\u00e1nea por correo electr\u00f3nico.<\/strong><br \/>\u2705 <strong>Uso inmediato tras la activaci\u00f3n.<\/strong><\/p>\n\n<p><\/p>\n<hr class=\"wp-block-separator has-alpha-channel-opacity\" \/><\/p>\n<p><\/p>\n<h3 class=\"wp-block-heading\">\ud83d\udcb0 <strong>Importes disponibles<\/strong><\/h3>\n<p><\/p>\n\n<p>En <strong>Tarjetas Visa virtuales de prepago<\/strong> est\u00e1n disponibles en una gama de valores:<\/p>\n\n<p><\/p>\n<ul class=\"wp-block-list\"><\/p>\n<li><strong>50\u20ac<\/strong><\/li>\n<p><\/p>\n<p><\/p>\n<li><strong>100\u20ac<\/strong><\/li>\n<p><\/p>\n<p><\/p>\n<li><strong>150\u20ac<\/strong><\/li>\n<p><\/p>\n<p><\/p>\n<li><strong>250\u20ac<\/strong><\/li>\n<p><\/ul>\n<p><\/p>\n\n<p>\ud83d\udca1 <strong>Ideal para pagos seguros en l\u00ednea sin necesidad de una cuenta bancaria.<\/strong><\/p>\n\n<p><\/p>\n<hr class=\"wp-block-separator has-alpha-channel-opacity\" \/><\/p>\n<p><\/p>\n<h3 class=\"wp-block-heading\">\ud83d\udd27 <strong>\u00bfC\u00f3mo utilizo mi Tarjeta Visa Virtual de Prepago?<\/strong><\/h3>\n<p><\/p>\n<p><\/p>\n<ol start=\"1\" class=\"wp-block-list\"><\/p>\n<li><strong>Compre su tarjeta con Bitcoin u otras criptomonedas.<\/strong><\/li>\n<p><\/p>\n<p><\/p>\n<li><strong>Reciba su c\u00f3digo exclusivo por correo electr\u00f3nico inmediatamente despu\u00e9s del pago.<\/strong><\/li>\n<p><\/p>\n<p><\/p>\n<li><strong>Ir a <\/strong><a href=\"https:\/\/www.prepaiddigitalsolutions.com\/\" target=\"_blank\" rel=\"noopener\"><strong>Soluciones digitales de prepago<\/strong><\/a><strong>.<\/strong><\/li>\n<p><\/p>\n<p><\/p>\n<li><strong>Introduzca su c\u00f3digo y haga clic en \"Continuar\".<\/strong><\/li>\n<p><\/p>\n<p><\/p>\n<li><strong>A\u00f1ada una nueva tarjeta e introduzca sus datos personales.<\/strong><\/li>\n<p><\/p>\n<p><\/p>\n<li><strong>Utilice su tarjeta inmediatamente en todos los sitios que acepten Visa.<\/strong><\/li>\n<p><\/ol>\n<p><\/p>\n\n<p>\ud83d\udca1 <strong>Consulte su saldo y el historial de transacciones a trav\u00e9s de su monedero digital.<\/strong><\/p>\n\n<p><\/p>\n<hr class=\"wp-block-separator has-alpha-channel-opacity\" \/><\/p>\n<p><\/p>\n<h3 class=\"wp-block-heading\">\ud83c\udf81 <strong>Otras tarjetas de prepago disponibles<\/strong><\/h3>\n<p><\/p>\n\n<p>Si busca una alternativa, eche un vistazo a :<\/p>\n\n<p><\/p>\n<ul class=\"wp-block-list\"><\/p>\n<li>\ud83d\udcb3 <a><strong>Recarga CASHlib<\/strong><\/a> Ideal para pagos m\u00e1s an\u00f3nimos.<\/li>\n<p><\/p>\n<p><\/p>\n<li>\ud83d\udcb3 <a><strong>Tarjeta PCS<\/strong><\/a> Una alternativa a las tarjetas bancarias tradicionales.<\/li>\n<p><\/p>\n<p><\/p>\n<li>\ud83d\udcb3 <a><strong>Billete Premium<\/strong><\/a> Perfecto para transacciones an\u00f3nimas 100%.<\/li>\n<p><\/ul>\n<p><\/p>\n<p><\/p>\n<hr class=\"wp-block-separator has-alpha-channel-opacity\" \/><\/p>\n<p><\/p>\n<h3 class=\"wp-block-heading\">\ud83d\udcb3 <strong>Compre su tarjeta virtual Visa de prepago en criptomonedas<\/strong><\/h3>\n<p><\/p>\n\n<p>Realizar el pago <strong>de forma f\u00e1cil y segura<\/strong> con :<\/p>\n\n<p><\/p>\n<ul class=\"wp-block-list\"><\/p>\n<li><strong>Bitcoin (BTC)<\/strong><\/li>\n<p><\/p>\n<p><\/p>\n<li><strong>Ethereum (ETH)<\/strong><\/li>\n<p><\/p>\n<p><\/p>\n<li><strong>Litecoin (LTC)<\/strong><\/li>\n<p><\/p>\n<p><\/p>\n<li><strong>Dash (DASH)<\/strong><\/li>\n<p><\/p>\n<p><\/p>\n<li><strong>Dogecoin (DOGE)<\/strong><\/li>\n<p><\/p>\n<p><\/p>\n<li><strong>Bitcoin Efectivo (BCH)<\/strong><\/li>\n<p><\/ul>\n<p><\/p>\n\n<p>\u2705 <strong>Pago seguro 100% a trav\u00e9s de blockchain.<\/strong><br \/>\u2705 <strong>Entrega inmediata tras la validaci\u00f3n.<\/strong><br \/>\u2705 <strong>No se necesita tarjeta de cr\u00e9dito.<\/strong><\/p>\n\n<p><\/p>\n<hr class=\"wp-block-separator has-alpha-channel-opacity\" \/><\/p>\n<p><\/p>\n<h3 class=\"wp-block-heading\">\ud83d\udd17 <strong>Enlace oficial al visado<\/strong><\/h3>\n<p><\/p>\n\n<p>Para m\u00e1s informaci\u00f3n sobre el uso de tarjetas de prepago, visite la p\u00e1gina <a href=\"https:\/\/www.visa.com\/\" target=\"_blank\" rel=\"noopener\"><strong>P\u00e1gina oficial del visado<\/strong><\/a>.<\/p>\n\n<p><\/p>\n<hr class=\"wp-block-separator has-alpha-channel-opacity\" \/><\/p>\n<p><br \/>\n<!-- \u2705 Conteneur principal --><\/p>\n<div id=\"trust-section\" style=\"max-width: 100%;padding: 20px;text-align: center;background: #f9f9f9;border-radius: 10px\">\n<p>    <!-- \u2705 Badge Trustpilot centr\u00e9 --><\/p>\n<div style=\"margin-bottom: 15px;justify-content: center;align-items: center\">\n        <img decoding=\"async\" src=\"https:\/\/digitalcoingifts.com\/wp-content\/uploads\/2024\/12\/trustpilot_1600x.webp\" alt=\"Rese\u00f1as de Trustpilot\" width=\"140\" style=\"max-width: 100%\" title=\"\">\n    <\/div>\n<p style=\"font-size: 14px;color: #333;font-weight: bold;margin-top: 5px\">\n        \u2705 Compra con tranquilidad gracias a la fiabilidad de blockchain\n    <\/p>\n<p>    <!-- \u2705 Compteur de ventes dynamique (bas\u00e9 sur \u201csemaine\u201d) --><\/p>\n<div id=\"sales-counter\" style=\"text-align: center;font-size: 18px;font-weight: bold;color: #27ae60;margin-top: 10px;padding: 10px\">\n        \ud83d\udd25 <span id=\"sales-text\">Esta semana<\/span> <span id=\"sales-number\">35<\/span><br \/>\n        <span id=\"sales-product\">tarjetas regalo<\/span> <span id=\"sales-sold\">vendido<\/span> !\n    <\/div>\n<p>    <!-- \u2705 Bouton d'Appel \u00e0 l'Action --><br \/>\n    <button id=\"back-to-top\" style=\"margin-top: 15px;padding: 12px 25px;font-size: 16px;font-weight: bold;background: #FFA500;color: white;border: none;border-radius: 5px;cursor: pointer\"><br \/>\n        \ud83d\uded2 Consigue tu tarjeta regalo ahora<br \/>\n    <\/button><\/p>\n<p>    <!-- \u2705 Code Promo en bleu modernis\u00e9 --><\/p>\n<div id=\"promo-banner\" style=\"background: #007BFF;color: white;padding: 12px;font-size: 18px;font-weight: bold;margin-top: 15px;border-radius: 5px\">\n        \ud83c\udf81 **\u00a1Benef\u00edciate de -10%** en tu primer pedido usando el c\u00f3digo **Promo10**!\n    <\/div>\n<p>    <!-- \u2705 Bloc FAQ avec des r\u00e9ponses reformul\u00e9es --><\/p>\n<div id=\"faq-wrapper\" style=\"margin-top: 20px;padding: 15px;background: #E9F5E9;border-radius: 10px;text-align: center\">\n<h3 style=\"color: #228B22;font-size: 20px;font-weight: bold\">\u2753 Preguntas frecuentes<\/h3>\n<div class=\"faq-item\">\n            <button class=\"faq-question\">\ud83d\udccc \u00bfC\u00f3mo adquiero una tarjeta cripto regalo?<\/button><\/p>\n<div class=\"faq-answer\">\n                D\u00e9finissez d\u2019abord le montant que vous souhaitez cr\u00e9diter, puis r\u00e9glez en Bitcoin, Ethereum ou USDT.<br \/>\n                Une fois la transaction valid\u00e9e, la carte-cadeau vous est envoy\u00e9e par e-mail.<br \/>\n                Vous n\u2019avez besoin d\u2019aucune formalit\u00e9 bancaire pour finaliser la commande.\n            <\/div>\n<\/p>\n<\/div>\n<div class=\"faq-item\">\n            <button class=\"faq-question\">\ud83d\udd12 \u00bfSon realmente seguras las liquidaciones de criptodivisas?<\/button><\/p>\n<div class=\"faq-answer\">\n                Oui, la blockchain est une technologie d\u00e9centralis\u00e9e qui enregistre chaque op\u00e9ration de fa\u00e7on infalsifiable.<br \/>\n                Les transactions sont valid\u00e9es par un r\u00e9seau de n\u0153uds, minimisant consid\u00e9rablement tout risque de fraude.<br \/>\n                Cette m\u00e9thode vous apporte un degr\u00e9 de confiance tr\u00e8s \u00e9lev\u00e9.\n            <\/div>\n<\/p>\n<\/div>\n<div class=\"faq-item\">\n            <button class=\"faq-question\">\ud83d\udcc5 \u00bfCu\u00e1nto tardar\u00e9 en recibir mi tarjeta?<\/button><\/p>\n<div class=\"faq-answer\">\n                La tarjeta se expide <strong>casi inmediata<\/strong> d\u00e8s que le paiement est confirm\u00e9.<br \/>\n                Vous recevez un e-mail avec toutes les informations pour commencer \u00e0 l\u2019utiliser sans d\u00e9lai.<br \/>\n                Vous gagnez ainsi du temps compar\u00e9 aux proc\u00e9dures bancaires classiques.\n            <\/div>\n<\/p>\n<\/div>\n<div class=\"faq-item\">\n            <button class=\"faq-question\">\ud83c\udf0d \u00bfEsta tarjeta se acepta internacionalmente?<\/button><\/p>\n<div class=\"faq-answer\">\n                Nuestras tarjetas regalo son v\u00e1lidas <strong>en la mayor\u00eda de los pa\u00edses<\/strong> \ud83c\udf0d et peuvent \u00eatre utilis\u00e9es pour des achats en ligne ou en magasin.<br \/>\n                Vous b\u00e9n\u00e9ficiez ainsi d\u2019une grande libert\u00e9, que vous soyez chez vous ou \u00e0 l\u2019\u00e9tranger.<br \/>\n                C\u2019est un moyen simple de r\u00e9gler vos d\u00e9penses sans contraintes g\u00e9ographiques.\n            <\/div>\n<\/p>\n<\/div>\n<\/div>\n<\/div>\n<p><!-- \u2705 JavaScript pour le compteur et les interactions -->\n<\/p>\n<p><!-- \u2705 Styles CSS --><\/p>\n<p>    <\/p>\n<p>    <\/p>\n<p>    .faq-question:hover {<br \/>\n        background: #1D7A1D;<br \/>\n    }<\/p>\n<p>    <\/p>\n<p>    #back-to-top:hover {<br \/>\n        background: #E69500;<br \/>\n    }<\/p>","protected":false},"excerpt":{"rendered":"<p>Carte Prepayee Visa Virtuelle payable en Bitcoin, USDT et plus de 20 cryptos. Livraison rapide du code par email et paiement s\u00e9curis\u00e9.<\/p>","protected":false},"featured_media":6773,"comment_status":"open","ping_status":"closed","template":"","meta":{"iawp_total_views":75},"product_brand":[],"product_cat":[138],"product_tag":[1169,244,1171,1167,1170,1168],"class_list":{"0":"post-6771","1":"product","2":"type-product","3":"status-publish","4":"has-post-thumbnail","6":"product_cat-recharge-carte-prepayee","7":"product_tag-acheter-visa-en-bitcoin","8":"product_tag-carte-prepayee","9":"product_tag-carte-prepayee-en-cryptomonnaie","10":"product_tag-carte-prepayee-visa","11":"product_tag-carte-visa-en-crypto","12":"product_tag-carte-visa-virtuelle","14":"first","15":"instock","16":"shipping-taxable","17":"purchasable","18":"product-type-variable"},"_links":{"self":[{"href":"https:\/\/digitalcoingifts.com\/es\/wp-json\/wp\/v2\/product\/6771","targetHints":{"allow":["GET"]}}],"collection":[{"href":"https:\/\/digitalcoingifts.com\/es\/wp-json\/wp\/v2\/product"}],"about":[{"href":"https:\/\/digitalcoingifts.com\/es\/wp-json\/wp\/v2\/types\/product"}],"replies":[{"embeddable":true,"href":"https:\/\/digitalcoingifts.com\/es\/wp-json\/wp\/v2\/comments?post=6771"}],"wp:featuredmedia":[{"embeddable":true,"href":"https:\/\/digitalcoingifts.com\/es\/wp-json\/wp\/v2\/media\/6773"}],"wp:attachment":[{"href":"https:\/\/digitalcoingifts.com\/es\/wp-json\/wp\/v2\/media?parent=6771"}],"wp:term":[{"taxonomy":"product_brand","embeddable":true,"href":"https:\/\/digitalcoingifts.com\/es\/wp-json\/wp\/v2\/product_brand?post=6771"},{"taxonomy":"product_cat","embeddable":true,"href":"https:\/\/digitalcoingifts.com\/es\/wp-json\/wp\/v2\/product_cat?post=6771"},{"taxonomy":"product_tag","embeddable":true,"href":"https:\/\/digitalcoingifts.com\/es\/wp-json\/wp\/v2\/product_tag?post=6771"}],"curies":[{"name":"wp","href":"https:\/\/api.w.org\/{rel}","templated":true}]}}