{"id":6745,"date":"2020-04-28T09:54:01","date_gmt":"2020-04-28T07:54:01","guid":{"rendered":"https:\/\/digitalcoingifts.com\/?post_type=product&#038;p=6745"},"modified":"2026-02-14T12:15:17","modified_gmt":"2026-02-14T11:15:17","slug":"recharge-toneo-first","status":"publish","type":"product","link":"https:\/\/digitalcoingifts.com\/es\/recharge-carte-prepayee\/recharge-toneo-first\/","title":{"rendered":"Toneo Primer recambio"},"content":{"rendered":"<h2 data-pm-slice=\"1 1 []\">\ud83d\udcb3 \u00a1Compra una recarga prepago Toneo First con tus criptomonedas!<\/h2>\n<h3>\ud83d\ude80 <strong>A\u00f1ada cr\u00e9dito a su tarjeta Toneo First en unos pocos clics<\/strong><\/h3>\n<p>\u00bfNecesita una forma sencilla y segura de recargar su tarjeta prepago? DigitalCoinGifts le permite comprar una <strong>Toneo Primera recarga con Bitcoin y otras criptomonedas<\/strong> con facilidad. En s\u00f3lo unos minutos, tu saldo estar\u00e1 actualizado y listo para usar.<\/p>\n<p>\u2705 <strong>Recarga instant\u00e1nea tras el pago<\/strong><br \/>\u2705 <strong>No necesita cuenta bancaria<\/strong><br \/>\u2705 <strong>Compatible con todas las tarjetas prepago Toneo First<\/strong><br \/>\u2705 <strong>Transacciones seguras y confidenciales<\/strong><br \/>\u2705 <strong>Uso ininterrumpido en miles de sitios<\/strong><\/p>\n<div>\n<hr \/>\n<\/div>\n<h3>\ud83d\udd39 <strong>\u00bfPor qu\u00e9 elegir un recambio Toneo First?<\/strong><\/h3>\n<p>Toneo First es la soluci\u00f3n de pago ideal para quienes buscan :<\/p>\n<p>\ud83d\udcb0 <strong>Un m\u00e9todo seguro de pago por adelantado sin pasar por el banco<\/strong><br \/>\ud83c\udf0d <strong>Una soluci\u00f3n aceptada por miles de sitios web<\/strong><br \/>\ud83d\udd10 <strong>Una alternativa an\u00f3nima para gestionar los gastos sin restricciones<\/strong><br \/>\ud83c\udf81 <strong>Un regalo pr\u00e1ctico y \u00fatil para dar cr\u00e9dito al instante<\/strong><\/p>\n<p>\ud83d\udca1 <strong>\u00bfBuscas otras recargas de prepago?<\/strong> V\u00e9ase tambi\u00e9n :<\/p>\n<ul data-spread=\"false\">\n<li>\n<p>\ud83d\udcb3 <a href=\"https:\/\/digitalcoingifts.com\/es\/recarga-transcash\/\"><strong>Recarga Transcash<\/strong><\/a><\/p>\n<\/li>\n<li>\n<p>\ud83d\udcb3 <a href=\"https:\/\/digitalcoingifts.com\/es\/piezas-de-recambio\/\"><strong>Recarga PCS<\/strong><\/a><\/p>\n<\/li>\n<li>\n<p>\ud83d\udcb3 <a href=\"https:\/\/digitalcoingifts.com\/es\/recarga-de-billetes-premium\/\"><strong>Recarga Ticket Premium<\/strong><\/a><\/p>\n<\/li>\n<\/ul>\n<div>\n<hr \/>\n<\/div>\n<h3>\ud83d\udd27 <strong>\u00bfC\u00f3mo se utiliza un recambio Toneo First?<\/strong><\/h3>\n<ol start=\"1\" data-spread=\"false\">\n<li>\n<p><strong>Compre su recarga con Bitcoin, Ethereum u otras criptomonedas.<\/strong><\/p>\n<\/li>\n<li>\n<p><strong>Reciba inmediatamente un c\u00f3digo por correo electr\u00f3nico.<\/strong><\/p>\n<\/li>\n<li>\n<p><strong>Inicie sesi\u00f3n en su cuenta de Toneo First.<\/strong><\/p>\n<\/li>\n<li>\n<p><strong>Haga clic en \"Recargar\" y seleccione \"Por Toneo Primera recarga\".<\/strong><\/p>\n<\/li>\n<li>\n<p><strong>Introduzca el c\u00f3digo que ha recibido y confirme.<\/strong><\/p>\n<\/li>\n<li>\n<p><strong>El importe se abonar\u00e1 inmediatamente en su tarjeta.<\/strong><\/p>\n<\/li>\n<\/ol>\n<p>\ud83d\udca1 <strong>Consejos :<\/strong> Puede utilizar su recarga Toneo First para realizar pagos en l\u00ednea o enviar dinero r\u00e1pidamente.<\/p>\n<div>\n<hr \/>\n<\/div>\n<h3>\ud83c\udf81 <strong>Ofrezca una primera recarga de Toneo<\/strong><\/h3>\n<p>\u00bfBusca un regalo \u00fatil y flexible? <strong>Regala una recarga de prepago Toneo First<\/strong> \u00a1! Ideal para aquellos que quieren gestionar sus pagos de forma independiente.<\/p>\n<p>\ud83c\udfaf <strong>Una soluci\u00f3n sencilla para un cr\u00e9dito sin complicaciones.<\/strong><\/p>\n<div>\n<hr \/>\n<\/div>\n<h3>\ud83d\udcb0 <strong>Importes disponibles<\/strong><\/h3>\n<p>En <strong>Toneo Primeros recambios<\/strong> est\u00e1n disponibles en distintas cantidades para adaptarse a sus necesidades:<\/p>\n<ul data-spread=\"false\">\n<li>\n<p><strong>50\u20ac<\/strong><\/p>\n<\/li>\n<li>\n<p><strong>100\u20ac<\/strong><\/p>\n<\/li>\n<li>\n<p><strong>150\u20ac<\/strong><\/p>\n<\/li>\n<li>\n<p><strong>250\u20ac<\/strong><\/p>\n<\/li>\n<\/ul>\n<div>\n<hr \/>\n<\/div>\n<h3>\ud83d\udcb3 <strong>Compra tu Toneo First Refill con tus criptomonedas<\/strong><\/h3>\n<p>Realizar el pago <strong>de forma f\u00e1cil y segura<\/strong> con :<\/p>\n<ul data-spread=\"false\">\n<li>\n<p><strong>Bitcoin (BTC)<\/strong><\/p>\n<\/li>\n<li>\n<p><strong>Ethereum (ETH)<\/strong><\/p>\n<\/li>\n<li>\n<p><strong>Litecoin (LTC)<\/strong><\/p>\n<\/li>\n<li>\n<p><strong>Dash (DASH)<\/strong><\/p>\n<\/li>\n<li>\n<p><strong>Dogecoin (DOGE)<\/strong><\/p>\n<\/li>\n<li>\n<p><strong>Bitcoin Efectivo (BCH)<\/strong><\/p>\n<\/li>\n<\/ul>\n<p>\u2705 <strong>Transacciones seguras a trav\u00e9s de blockchain.<\/strong><br \/>\u2705 <strong>Entrega inmediata tras la confirmaci\u00f3n del pago.<\/strong><br \/>\u2705 <strong>No se necesita tarjeta de cr\u00e9dito.<\/strong><\/p>\n<div>\n<hr \/>\n<\/div>\n<h3>\ud83d\udd17 <strong>Enlace oficial Toneo First<\/strong><\/h3>\n<p>Para m\u00e1s informaci\u00f3n, consulte el <a href=\"https:\/\/www.toneofirst.com\/\" target=\"_blank\" rel=\"noopener\"><strong>P\u00e1gina oficial de Toneo First<\/strong><\/a>.<\/p>\n<p>\u00a0<\/p>\n<p>\n<!-- \u2705 Conteneur principal --><\/p>\n<div id=\"trust-section\" style=\"max-width: 100%;padding: 20px;text-align: center;background: #f9f9f9;border-radius: 10px\">\n<p>    <!-- \u2705 Badge Trustpilot centr\u00e9 --><\/p>\n<div style=\"margin-bottom: 15px;justify-content: center;align-items: center\">\n        <img decoding=\"async\" src=\"https:\/\/digitalcoingifts.com\/wp-content\/uploads\/2024\/12\/trustpilot_1600x.webp\" alt=\"Rese\u00f1as de Trustpilot\" width=\"140\" style=\"max-width: 100%\" title=\"\">\n    <\/div>\n<p style=\"font-size: 14px;color: #333;font-weight: bold;margin-top: 5px\">\n        \u2705 Benef\u00edciate de una seguridad inigualable a trav\u00e9s de blockchain\n    <\/p>\n<p>    <!-- \u2705 Compteur de ventes dynamique (ax\u00e9 sur \u201csemaine\u201d) --><\/p>\n<div id=\"sales-counter\" style=\"text-align: center;font-size: 18px;font-weight: bold;color: #27ae60;margin-top: 10px;padding: 10px\">\n        \ud83d\udd25 <span id=\"sales-text\">Esta semana<\/span> <span id=\"sales-number\">35<\/span><br \/>\n        <span id=\"sales-product\">tarjetas regalo<\/span> <span id=\"sales-sold\">vendido<\/span> !\n    <\/div>\n<p>    <!-- \u2705 Bouton d'Appel \u00e0 l'Action --><br \/>\n    <button id=\"back-to-top\" style=\"margin-top: 15px;padding: 12px 25px;font-size: 16px;font-weight: bold;background: #FFA500;color: white;border: none;border-radius: 5px;cursor: pointer\"><br \/>\n        \ud83d\uded2 Consigue tu tarjeta regalo ahora<br \/>\n    <\/button><\/p>\n<p>    <!-- \u2705 Code Promo en bleu modernis\u00e9 --><\/p>\n<div id=\"promo-banner\" style=\"background: #007BFF;color: white;padding: 12px;font-size: 18px;font-weight: bold;margin-top: 15px;border-radius: 5px\">\n        \ud83c\udf81 **\u00a1Benef\u00edciate de -10%** en tu primer pedido usando el c\u00f3digo **Promo10**!\n    <\/div>\n<p>    <!-- \u2705 Bloc FAQ avec des r\u00e9ponses reformul\u00e9es --><\/p>\n<div id=\"faq-wrapper\" style=\"margin-top: 20px;padding: 15px;background: #E9F5E9;border-radius: 10px;text-align: center\">\n<h3 style=\"color: #228B22;font-size: 20px;font-weight: bold\">\u2753 Preguntas frecuentes<\/h3>\n<div class=\"faq-item\">\n            <button class=\"faq-question\">\ud83d\udccc \u00bfC\u00f3mo puedo comprar una tarjeta de regalo cripto?<\/button><\/p>\n<div class=\"faq-answer\">\n                D\u00e9finissez le montant voulu, puis payez en Bitcoin, Ethereum ou USDT.<br \/>\n                Apr\u00e8s confirmation, la carte-cadeau est imm\u00e9diatement cr\u00e9\u00e9e et vous est transmise par e-mail.<br \/>\n                Aucune information bancaire traditionnelle n\u2019est requise pour finaliser l\u2019achat.\n            <\/div>\n<\/p>\n<\/div>\n<div class=\"faq-item\">\n            <button class=\"faq-question\">\ud83d\udd12 \u00bfSon seguras las transacciones con criptomonedas?<\/button><\/p>\n<div class=\"faq-answer\">\n                La blockchain inscrit chaque \u00e9change de mani\u00e8re d\u00e9centralis\u00e9e et infalsifiable, rendant la fraude quasi impossible.<br \/>\n                Le r\u00e9seau valide collectivement toutes les op\u00e9rations, ce qui renforce la fiabilit\u00e9 du syst\u00e8me.<br \/>\n                Vos paiements profitent ainsi d\u2019une protection accrue.\n            <\/div>\n<\/p>\n<\/div>\n<div class=\"faq-item\">\n            <button class=\"faq-question\">\ud83d\udcc5 \u00bfCu\u00e1nto tardar\u00e9 en recibir mi tarjeta regalo?<\/button><\/p>\n<div class=\"faq-answer\">\n                Una vez que la cadena de bloques ha validado el pago, se produce su tarjeta <strong>casi instant\u00e1neamente<\/strong>.<br \/>\n                Un e-mail vous parvient avec tous les d\u00e9tails pour l\u2019utiliser imm\u00e9diatement.<br \/>\n                La proc\u00e9dure compl\u00e8te ne prend g\u00e9n\u00e9ralement que quelques minutes.\n            <\/div>\n<\/p>\n<\/div>\n<div class=\"faq-item\">\n            <button class=\"faq-question\">\ud83c\udf0d \u00bfSe puede utilizar esta tarjeta en todo el mundo?<\/button><\/p>\n<div class=\"faq-answer\">\n                Nuestras tarjetas regalo est\u00e1n dise\u00f1adas para funcionar <strong>a escala internacional<\/strong> \ud83c\udf0d et couvrent un large \u00e9ventail de pays.<br \/>\n                Vous pouvez les employer en ligne ou chez des marchands physiques, selon les conditions de chacun.<br \/>\n                Cette flexibilit\u00e9 en fait une excellente option pour les personnes voyageant \u00e0 l\u2019\u00e9tranger ou souhaitant offrir un cadeau global.\n            <\/div>\n<\/p>\n<\/div>\n<\/div>\n<\/div>\n<p><!-- \u2705 JavaScript pour le compteur et les interactions -->\n<\/p>\n<p><!-- \u2705 Styles CSS --><\/p>\n<\/p>\n<p>    .faq-question:hover {<br \/>\n        background: #1D7A1D;<br \/>\n    }<\/p>\n<\/p>\n<p>    #back-to-top:hover {<br \/>\n        background: #E69500;<br \/>\n    }<\/p>","protected":false},"excerpt":{"rendered":"<p>Recharge Toneo First payable en Bitcoin, USDT et plus de 20 cryptos. Livraison rapide du code par email et paiement s\u00e9curis\u00e9.<\/p>","protected":false},"featured_media":6746,"comment_status":"open","ping_status":"closed","template":"","meta":{"iawp_total_views":1},"product_brand":[],"product_cat":[138],"product_tag":[1185,304,244,1188,1184,1187,1186],"class_list":{"0":"post-6745","1":"product","2":"type-product","3":"status-publish","4":"has-post-thumbnail","6":"product_cat-recharge-carte-prepayee","7":"product_tag-achat-toneo-first-avec-bitcoin","8":"product_tag-carte-cadeau","9":"product_tag-carte-prepayee","10":"product_tag-carte-rechargeable-toneo-first","11":"product_tag-code-toneo-first-crypto","12":"product_tag-paiement-securise-en-cryptomonnaie","13":"product_tag-recharge-prepayee-toneo-first","15":"first","16":"instock","17":"shipping-taxable","18":"purchasable","19":"product-type-variable"},"_links":{"self":[{"href":"https:\/\/digitalcoingifts.com\/es\/wp-json\/wp\/v2\/product\/6745","targetHints":{"allow":["GET"]}}],"collection":[{"href":"https:\/\/digitalcoingifts.com\/es\/wp-json\/wp\/v2\/product"}],"about":[{"href":"https:\/\/digitalcoingifts.com\/es\/wp-json\/wp\/v2\/types\/product"}],"replies":[{"embeddable":true,"href":"https:\/\/digitalcoingifts.com\/es\/wp-json\/wp\/v2\/comments?post=6745"}],"wp:featuredmedia":[{"embeddable":true,"href":"https:\/\/digitalcoingifts.com\/es\/wp-json\/wp\/v2\/media\/6746"}],"wp:attachment":[{"href":"https:\/\/digitalcoingifts.com\/es\/wp-json\/wp\/v2\/media?parent=6745"}],"wp:term":[{"taxonomy":"product_brand","embeddable":true,"href":"https:\/\/digitalcoingifts.com\/es\/wp-json\/wp\/v2\/product_brand?post=6745"},{"taxonomy":"product_cat","embeddable":true,"href":"https:\/\/digitalcoingifts.com\/es\/wp-json\/wp\/v2\/product_cat?post=6745"},{"taxonomy":"product_tag","embeddable":true,"href":"https:\/\/digitalcoingifts.com\/es\/wp-json\/wp\/v2\/product_tag?post=6745"}],"curies":[{"name":"wp","href":"https:\/\/api.w.org\/{rel}","templated":true}]}}