{"id":6716,"date":"2020-04-22T19:32:04","date_gmt":"2020-04-22T17:32:04","guid":{"rendered":"https:\/\/digitalcoingifts.com\/?post_type=product&#038;p=6716"},"modified":"2026-02-14T18:20:20","modified_gmt":"2026-02-14T17:20:20","slug":"recharge-neosurf","status":"publish","type":"product","link":"https:\/\/digitalcoingifts.com\/es\/recharge-carte-prepayee\/recharge-neosurf\/","title":{"rendered":"Recharge Neosurf avec Bitcoin | Paiement Anonyme Sans Carte"},"content":{"rendered":"<h2 data-pm-slice=\"1 1 []\">\ud83d\udcb3 Compra tu recarga Neosurf con Bitcoin y criptomonedas.<\/h2>\n<h3>\ud83d\ude80 <strong>Pague en l\u00ednea sin tarjeta ni cuenta bancaria<\/strong><\/h3>\n<p>\u00bfBusca una forma segura, sencilla y r\u00e1pida de pagar sus compras por Internet? <strong>La recarga Neosurf es una soluci\u00f3n ideal para pagar de forma segura sin compartir su informaci\u00f3n personal.<\/strong><\/p>\n<p>\u2705 <strong>Sin tarjeta bancaria, anonimato garantizado<\/strong><br \/>\u2705 <strong>Recarga instant\u00e1nea tras la validaci\u00f3n del pago<\/strong><br \/>\u2705 <strong>Puede utilizarse en miles de sitios web<\/strong><br \/>\u2705 <strong>Disponible 24 horas al d\u00eda, 7 d\u00edas a la semana<\/strong><br \/>\u2705 <strong>Compatible con plataformas de juego, apuestas deportivas y servicios digitales<\/strong><\/p>\n<div>\n<hr \/>\n<\/div>\n<h3>\ud83c\udfaf <strong>\u00bfPor qu\u00e9 elegir una recarga Neosurf?<\/strong><\/h3>\n<p>Neosurf es una alternativa a las tarjetas bancarias que te permite <strong>pague de forma segura sin revelar sus datos bancarios.<\/strong> Ofrece total flexibilidad para sus compras en l\u00ednea.<\/p>\n<p>\ud83d\udcb3 <strong>Control total de sus gastos sin riesgo de excederse.<\/strong><br \/>\ud83c\udfae <strong>Ideal para comprar juegos, contenidos multimedia y suscripciones.<\/strong><br \/>\ud83c\udf0d <strong>Puede utilizarse en m\u00e1s de 20.000 sitios asociados de todo el mundo.<\/strong><br \/>\ud83d\udecd\ufe0f <strong>Perfecto para quienes prefieren un pago discreto y seguro.<\/strong><\/p>\n<p>\ud83d\udd0e <strong>Descubra otras soluciones de prepago:<\/strong><\/p>\n<ul data-spread=\"false\">\n<li>\n<p>\ud83d\udcb3 <a href=\"https:\/\/digitalcoingifts.com\/es\/piezas-de-recambio\/\"><strong>Recarga PCS<\/strong><\/a><\/p>\n<\/li>\n<li>\n<p>\ud83d\udcb3 <a href=\"https:\/\/digitalcoingifts.com\/es\/recarga-cashlib\/\"><strong>Recarga CASHlib<\/strong><\/a><\/p>\n<\/li>\n<li>\n<p>\ud83d\udcb3 <a href=\"https:\/\/digitalcoingifts.com\/es\/tarjeta-visa-de-prepago\/\"><strong>Tarjeta Visa de prepago<\/strong><\/a><\/p>\n<\/li>\n<\/ul>\n<div>\n<hr \/>\n<\/div>\n<h3>\ud83d\udcb3 <strong>\u00bfC\u00f3mo funciona la recarga Neosurf?<\/strong><\/h3>\n<p>1\ufe0f\u20e3 <strong>Compra tu recarga Neosurf con Bitcoin, Ethereum u otras criptomonedas.<\/strong><br \/>2\ufe0f\u20e3 <strong>Recibe tu c\u00f3digo Neosurf al instante por e-mail.<\/strong><br \/>3\ufe0f\u20e3 <strong>Util\u00edcelo en un sitio que acepte Neosurf como m\u00e9todo de pago.<\/strong><br \/>4\ufe0f\u20e3 <strong>Sus compras se cargan directamente en el saldo disponible.<\/strong><\/p>\n<p>\ud83d\udca1 <strong>Consejo:<\/strong> Puedes utilizar parte de tu c\u00f3digo y conservar el resto para una futura compra.<\/p>\n<div>\n<hr \/>\n<\/div>\n<h3>\ud83d\udcca <strong>Comprueba el saldo de tu cup\u00f3n Neosurf<\/strong><\/h3>\n<p>Si desea conocer el saldo restante de su tarjeta regalo Neosurf, vaya a <a href=\"https:\/\/www.neosurf.com\" target=\"_blank\" rel=\"noopener\"><strong>neosurf.com<\/strong><\/a> e introduzca su c\u00f3digo de recarga. Tendr\u00e1s acceso a tu saldo y al historial de transacciones en solo unos segundos.<\/p>\n<div>\n<hr \/>\n<\/div>\n<h3>\ud83c\udf81 <strong>Ofrezca una recarga Neosurf<\/strong><\/h3>\n<p>\ud83c\udfaf <strong>El regalo perfecto para mantener su presupuesto bajo control y pagar en l\u00ednea con facilidad.<\/strong><\/p>\n<p>Ya sea para un ser querido o para uso personal, <strong>Neosurf es una excelente alternativa a los pagos tradicionales<\/strong>. S\u00f3lo tiene que enviar el c\u00f3digo por correo electr\u00f3nico a la persona que elija y podr\u00e1 utilizarlo inmediatamente.<\/p>\n<p>\ud83d\udd39 <strong>Ideal para los aficionados a los juegos, las apuestas en l\u00ednea y las compras digitales.<\/strong><br \/>\ud83d\udd39 <strong>No se requiere inscripci\u00f3n ni tarjeta de cr\u00e9dito.<\/strong><br \/>\ud83d\udd39 <strong>Disponible inmediatamente despu\u00e9s de la compra.<\/strong><\/p>\n<div>\n<hr \/>\n<\/div>\n<h3>\ud83d\udcb0 <strong>\u00bfDe qu\u00e9 importes se dispone?<\/strong><\/h3>\n<p>En <strong>Recambios Neosurf<\/strong> est\u00e1n disponibles en una gama de valores:<\/p>\n<ul data-spread=\"false\">\n<li>\n<p><strong>50\u20ac<\/strong><\/p>\n<\/li>\n<li>\n<p><strong>100\u20ac<\/strong><\/p>\n<\/li>\n<li>\n<p><strong>150\u20ac<\/strong><\/p>\n<\/li>\n<li>\n<p><strong>250\u20ac<\/strong><\/p>\n<\/li>\n<\/ul>\n<p>\ud83d\udccc <strong>Consejo:<\/strong> Puedes acumular varias recargas para alcanzar un importe superior en funci\u00f3n de tus necesidades.<\/p>\n<div>\n<hr \/>\n<\/div>\n<h3>\ud83d\udcb5 <strong>Compre su recarga Neosurf con criptomonedas<\/strong><\/h3>\n<p>\ud83d\udc8e Optar por el pago <strong>100% seguro, r\u00e1pido y an\u00f3nimo<\/strong> v\u00eda :<\/p>\n<ul data-spread=\"false\">\n<li>\n<p><strong>Bitcoin (BTC)<\/strong><\/p>\n<\/li>\n<li>\n<p><strong>Ethereum (ETH)<\/strong><\/p>\n<\/li>\n<li>\n<p><strong>Litecoin (LTC)<\/strong><\/p>\n<\/li>\n<li>\n<p><strong>Dash (DASH)<\/strong><\/p>\n<\/li>\n<li>\n<p><strong>Dogecoin (DOGE)<\/strong><\/p>\n<\/li>\n<li>\n<p><strong>Bitcoin Efectivo (BCH)<\/strong><\/p>\n<\/li>\n<\/ul>\n<p>\u2705 <strong>No se necesita tarjeta de cr\u00e9dito<\/strong><br \/>\u2705 <strong>Transacciones r\u00e1pidas y seguras a trav\u00e9s de blockchain<\/strong><br \/>\u2705 <strong>Entrega inmediata tras la confirmaci\u00f3n del pago<\/strong><\/p>\n<p>\n<!-- \u2705 Conteneur principal --><\/p>\n<div id=\"trust-section\" style=\"max-width: 100%;padding: 20px;text-align: center;background: #f9f9f9;border-radius: 10px\">\n<p>    <!-- \u2705 Badge Trustpilot centr\u00e9 --><\/p>\n<div style=\"margin-bottom: 15px;justify-content: center;align-items: center\">\n        <img decoding=\"async\" src=\"https:\/\/digitalcoingifts.com\/wp-content\/uploads\/2024\/12\/trustpilot_1600x.webp\" alt=\"Rese\u00f1as de Trustpilot\" width=\"140\" style=\"max-width: 100%\" title=\"\">\n    <\/div>\n<p style=\"font-size: 14px;color: #333;font-weight: bold;margin-top: 5px\">\n        \u2705 Haz tus pedidos con tranquilidad gracias a la solidez de blockchain\n    <\/p>\n<p>    <!-- \u2705 Compteur de ventes dynamique (focus sur la \u201csemaine\u201d) --><\/p>\n<div id=\"sales-counter\" style=\"text-align: center;font-size: 18px;font-weight: bold;color: #27ae60;margin-top: 10px;padding: 10px\">\n        \ud83d\udd25 <span id=\"sales-text\">Esta semana<\/span> <span id=\"sales-number\">35<\/span><br \/>\n        <span id=\"sales-product\">tarjetas regalo<\/span> <span id=\"sales-sold\">vendido<\/span> !\n    <\/div>\n<p>    <!-- \u2705 Bouton d'Appel \u00e0 l'Action --><br \/>\n    <button id=\"back-to-top\" style=\"margin-top: 15px;padding: 12px 25px;font-size: 16px;font-weight: bold;background: #FFA500;color: white;border: none;border-radius: 5px;cursor: pointer\"><br \/>\n        \ud83d\uded2 Consigue tu tarjeta regalo ahora<br \/>\n    <\/button><\/p>\n<p>    <!-- \u2705 Code Promo en bleu modernis\u00e9 --><\/p>\n<div id=\"promo-banner\" style=\"background: #007BFF;color: white;padding: 12px;font-size: 18px;font-weight: bold;margin-top: 15px;border-radius: 5px\">\n        \ud83c\udf81 **\u00a1Benef\u00edciate de -10%** en tu primer pedido usando el c\u00f3digo **Promo10**!\n    <\/div>\n<p>    <!-- \u2705 Bloc FAQ avec des r\u00e9ponses reformul\u00e9es --><\/p>\n<div id=\"faq-wrapper\" style=\"margin-top: 20px;padding: 15px;background: #E9F5E9;border-radius: 10px;text-align: center\">\n<h3 style=\"color: #228B22;font-size: 20px;font-weight: bold\">\u2753 Preguntas frecuentes<\/h3>\n<div class=\"faq-item\">\n            <button class=\"faq-question\">\ud83d\udccc \u00bfC\u00f3mo puedo comprar una tarjeta de regalo cripto?<\/button><\/p>\n<div class=\"faq-answer\">\n                Pour d\u00e9buter, s\u00e9lectionnez le montant d\u00e9sir\u00e9, puis proc\u00e9dez au paiement en Bitcoin, Ethereum ou USDT.<br \/>\n                D\u00e8s que la blockchain confirme la transaction, nous \u00e9mettons la carte-cadeau et vous l\u2019envoyons par e-mail.<br \/>\n                Le tout se fait sans formalit\u00e9s bancaires, ce qui rend l\u2019op\u00e9ration plus rapide.\n            <\/div>\n<\/p>\n<\/div>\n<div class=\"faq-item\">\n            <button class=\"faq-question\">\ud83d\udd12 \u00bfSon realmente seguras las liquidaciones de criptodivisas?<\/button><\/p>\n<div class=\"faq-answer\">\n                Oui, chaque op\u00e9ration est valid\u00e9e par un r\u00e9seau d\u00e9centralis\u00e9, r\u00e9duisant consid\u00e9rablement les risques de fraude.<br \/>\n                La blockchain assure une tra\u00e7abilit\u00e9 compl\u00e8te, et les informations restent confidentielles.<br \/>\n                Les probl\u00e8mes de double-paiement ou de manipulation sont quasi inexistants.\n            <\/div>\n<\/p>\n<\/div>\n<div class=\"faq-item\">\n            <button class=\"faq-question\">\ud83d\udcc5 \u00bfCu\u00e1nto tardar\u00e9 en recibir mi tarjeta regalo?<\/button><\/p>\n<div class=\"faq-answer\">\n                El env\u00edo es <strong>casi inmediata<\/strong> apr\u00e8s la confirmation du paiement, vous recevez donc la carte en quelques instants par e-mail.<br \/>\n                Un message explicatif vous guide pour l\u2019utiliser ou l\u2019offrir sans attendre.<br \/>\n                En g\u00e9n\u00e9ral, la proc\u00e9dure ne prend que quelques minutes.\n            <\/div>\n<\/p>\n<\/div>\n<div class=\"faq-item\">\n            <button class=\"faq-question\">\ud83c\udf0d \u00bfSe puede utilizar en cualquier parte del mundo?<\/button><\/p>\n<div class=\"faq-answer\">\n                Nuestras tarjetas regalo son reconocidas <strong>a escala internacional<\/strong> \ud83c\udf0d et couvrent un grand nombre de r\u00e9gions.<br \/>\n                Vous pouvez en profiter lors de vos achats en ligne ou en boutique, selon la compatibilit\u00e9 des enseignes.<br \/>\n                C\u2019est id\u00e9al si vous voyagez ou souhaitez l\u2019offrir \u00e0 quelqu\u2019un hors de votre pays.\n            <\/div>\n<\/p>\n<\/div>\n<\/div>\n<\/div>\n<p><!-- \u2705 JavaScript pour le compteur et les interactions -->\n<\/p>\n<p><!-- \u2705 Styles CSS --><\/p>\n<\/p>\n<p>    .faq-question:hover {<br \/>\n        background: #1D7A1D;<br \/>\n    }<\/p>\n<\/p>\n<p>    #back-to-top:hover {<br \/>\n        background: #E69500;<br \/>\n    }<\/p>\n<h3>\ud83d\udd0d Vous aimerez aussi :<\/h3>\n<ul>\n<li><a href=\"https:\/\/digitalcoingifts.com\/es\/recarga-de-tarjetas-prepago\/recarga-mastercard-pcs\/\">Recarga Pcs Mastercard<\/a><\/li>\n<li><a href=\"https:\/\/digitalcoingifts.com\/es\/recarga-de-tarjetas-prepago\/recarga-transcash\/\">Recharge Transcash Bitcoin | Code Imm\u00e9diat | Sans Compte Bancaire<\/a><\/li>\n<li><a href=\"https:\/\/digitalcoingifts.com\/es\/recarga-de-tarjetas-prepago\/recarga-cashlib\/\">Recharge Cashlib Avec Bitcoin | Paiement En Ligne Ultra-S\u00e9curis\u00e9<\/a><\/li>\n<\/ul>","protected":false},"excerpt":{"rendered":"<p>Recharge Neosurf payable en Bitcoin, USDT et plus de 20 cryptos. Livraison rapide du code par email et paiement s\u00e9curis\u00e9.<\/p>","protected":false},"featured_media":6717,"comment_status":"open","ping_status":"closed","template":"","meta":{"iawp_total_views":55},"product_brand":[],"product_cat":[138],"product_tag":[1210,304,244,1211,1212,1202,1209],"class_list":{"0":"post-6716","1":"product","2":"type-product","3":"status-publish","4":"has-post-thumbnail","6":"product_cat-recharge-carte-prepayee","7":"product_tag-acheter-neosurf-en-crypto","8":"product_tag-carte-cadeau","9":"product_tag-carte-prepayee","10":"product_tag-carte-prepayee-neosurf","11":"product_tag-neosurf-bitcoin","12":"product_tag-paiement-securise-en-ligne","13":"product_tag-recharge-neosurf","15":"first","16":"instock","17":"shipping-taxable","18":"purchasable","19":"product-type-variable"},"_links":{"self":[{"href":"https:\/\/digitalcoingifts.com\/es\/wp-json\/wp\/v2\/product\/6716","targetHints":{"allow":["GET"]}}],"collection":[{"href":"https:\/\/digitalcoingifts.com\/es\/wp-json\/wp\/v2\/product"}],"about":[{"href":"https:\/\/digitalcoingifts.com\/es\/wp-json\/wp\/v2\/types\/product"}],"replies":[{"embeddable":true,"href":"https:\/\/digitalcoingifts.com\/es\/wp-json\/wp\/v2\/comments?post=6716"}],"wp:featuredmedia":[{"embeddable":true,"href":"https:\/\/digitalcoingifts.com\/es\/wp-json\/wp\/v2\/media\/6717"}],"wp:attachment":[{"href":"https:\/\/digitalcoingifts.com\/es\/wp-json\/wp\/v2\/media?parent=6716"}],"wp:term":[{"taxonomy":"product_brand","embeddable":true,"href":"https:\/\/digitalcoingifts.com\/es\/wp-json\/wp\/v2\/product_brand?post=6716"},{"taxonomy":"product_cat","embeddable":true,"href":"https:\/\/digitalcoingifts.com\/es\/wp-json\/wp\/v2\/product_cat?post=6716"},{"taxonomy":"product_tag","embeddable":true,"href":"https:\/\/digitalcoingifts.com\/es\/wp-json\/wp\/v2\/product_tag?post=6716"}],"curies":[{"name":"wp","href":"https:\/\/api.w.org\/{rel}","templated":true}]}}