{"id":6677,"date":"2020-04-16T06:58:05","date_gmt":"2020-04-16T04:58:05","guid":{"rendered":"https:\/\/digitalcoingifts.com\/?post_type=product&#038;p=6677"},"modified":"2026-02-14T18:20:24","modified_gmt":"2026-02-14T17:20:24","slug":"recharge-pcs-mastercard","status":"publish","type":"product","link":"https:\/\/digitalcoingifts.com\/es\/recharge-carte-prepayee\/recharge-pcs-mastercard\/","title":{"rendered":"Recharge PCS Mastercard Bitcoin | Pas de KYC | Livraison Instantan\u00e9e"},"content":{"rendered":"<p><\/p>\n<h2 class=\"wp-block-heading\">\ud83d\udcb3 <strong>\u00a1Recarga la tarjeta PCS Mastercard con Bitcoin y criptomonedas!<\/strong><\/h2>\n<p><\/p>\n<p>Usted desea <strong>Recarga tu tarjeta PCS Mastercard<\/strong> con nuestra Mastercard Pcs Reload de <strong>Bitcoin (BTC), Ethereum (ETH), USDT<\/strong> u otros <strong>criptomonedas<\/strong> ? Con <strong>Regalos DigitalCoin<\/strong>convierte instant\u00e1neamente tus criptomonedas en <strong>Saldo PCS<\/strong> y utilice su tarjeta para <strong>pagar por Internet, comprar en tiendas o retirar dinero de cajeros autom\u00e1ticos.<\/strong><\/p>\n<p>\u2705 <strong>Compre ahora su recarga PCS en Bitcoin y reciba su c\u00f3digo al instante por correo electr\u00f3nico.<\/strong><\/p>\n<p><\/p>\n<hr class=\"wp-block-separator has-alpha-channel-opacity\" \/><\/p>\n<p><\/p>\n<h3 class=\"wp-block-heading\">\u2705 <strong>\u00bfPor qu\u00e9 comprar una recarga de PCS Mastercard con Bitcoin?<\/strong><\/h3>\n<p><\/p>\n<p>\u2714 <strong>100% pago seguro<\/strong> a trav\u00e9s de la cadena de bloques, sin intermediarios bancarios.<br \/>\u2714 <strong>Entrega inmediata<\/strong> tras la validaci\u00f3n de la transacci\u00f3n.<br \/>\u2714 <strong>No se requiere comprobaci\u00f3n KYC<\/strong>para proteger su intimidad.<br \/>\u2714 <strong>Para uso inmediato<\/strong> para <a href=\"https:\/\/digitalcoingifts.com\/es\/recarga-de-tarjetas-prepago\/recarga-de-billetes-premium\/\" data-wpil-monitor-id=\"2\">compras en l\u00ednea<\/a> y reintegros en cajeros autom\u00e1ticos.<br \/>\u2714 <strong>Compatible con miles de sitios y tiendas que aceptan Mastercard.<\/strong><\/p>\n<p>\ud83c\udfaf <strong>Disfrute de las ventajas de recargar su tarjeta Pcs Mastercard sin limitaciones bancarias.<\/strong><\/p>\n<p><\/p>\n<hr class=\"wp-block-separator has-alpha-channel-opacity\" \/><\/p>\n<p><\/p>\n<h3 class=\"wp-block-heading\">\ud83d\udd25 <strong>\u00bfC\u00f3mo puedo recargar una tarjeta PCS Mastercard con Bitcoin y criptomonedas?<\/strong><\/h3>\n<p><\/p>\n<p>1\ufe0f\u20e3 <strong>Seleccione el importe de su recarga PCS<\/strong> (50\u20ac, 100\u20ac, 150\u20ac, 250\u20ac).<br \/>2\ufe0f\u20e3 <strong>Pague con Bitcoin, Ethereum, USDT u otras criptomonedas<\/strong> en nuestra plataforma ultrasegura.<br \/>3\ufe0f\u20e3 <strong>Reciba inmediatamente su c\u00f3digo PCS por correo electr\u00f3nico<\/strong> tras la confirmaci\u00f3n del pago.<br \/>4\ufe0f\u20e3 <strong>Activar la recarga de su tarjeta Pcs Mastercard<\/strong> en el <strong><a href=\"https:\/\/www.mypcs.com\/\" target=\"_blank\" rel=\"noopener\">Sitio web oficial de PCS Mastercard<\/a><\/strong> y utiliza tu saldo al instante.<\/p>\n<p>\ud83d\udca1 <strong>\u00bfNecesita m\u00e1s cr\u00e9dito?<\/strong> \u00a1Acumula varias recargas de PCS sin l\u00edmite!<\/p>\n<p><\/p>\n<hr class=\"wp-block-separator has-alpha-channel-opacity\" \/><\/p>\n<p><\/p>\n<h3 class=\"wp-block-heading\">\ud83d\udcb3 <strong>\u00bfD\u00f3nde puedo utilizar una tarjeta PCS Mastercard despu\u00e9s de recargarla?<\/strong><\/h3>\n<p><\/p>\n<p>\ud83d\udd39 <strong>Pagos seguros en l\u00ednea<\/strong> en miles de sitios que aceptan Mastercard.<br \/>\ud83d\udd39 <strong>Compras en tienda<\/strong> con pago sin contacto.<br \/>\ud83d\udd39 <strong>Retiradas de efectivo en cajeros autom\u00e1ticos compatibles con Mastercard.<\/strong><br \/>\ud83d\udd39 <strong>Suscripciones digitales<\/strong> (Netflix, Spotify, Amazon, etc.).<\/p>\n<p>\ud83d\ude80 <strong><a href=\"https:\/\/digitalcoingifts.com\/es\/recarga-pcs-online\/\" data-wpil-monitor-id=\"4\">Recarga tu tarjeta PCS Mastercard con Bitcoin<\/a> y util\u00edcelo en todas partes sin restricciones.<\/strong><\/p>\n<p><\/p>\n<hr class=\"wp-block-separator has-alpha-channel-opacity\" \/><\/p>\n<p><\/p>\n<h3 class=\"wp-block-heading\">\ud83d\udccc <strong>\u00bfCu\u00e1les son los importes disponibles para una recarga PCS?<\/strong><\/h3>\n<p><\/p>\n<p>Nuestra <a href=\"https:\/\/digitalcoingifts.com\/es\/recarga-de-tarjetas-prepago\/\" data-wpil-monitor-id=\"3\">tarjetas PCS Mastercard recargables<\/a> est\u00e1n disponibles en distintas cantidades para adaptarse a sus necesidades:<\/p>\n<p>\ud83d\udcb0 <strong>50, 100, 150 y 250 euros.<\/strong><\/p>\n<p>\ud83d\udca1 <strong>Puedes combinar varias Recargas Mastercard Pcs para obtener un saldo mayor.<\/strong><\/p>\n<p><\/p>\n<hr class=\"wp-block-separator has-alpha-channel-opacity\" \/><\/p>\n<p><\/p>\n<h3 class=\"wp-block-heading\">\ud83d\udd0d <strong>\u00bfC\u00f3mo puedo consultar el saldo de mi tarjeta PCS Mastercard?<\/strong><\/h3>\n<p><\/p>\n<p>\ud83d\udcf1 <strong>A trav\u00e9s de la aplicaci\u00f3n PCS<\/strong> en iOS y Android.<br \/>\ud83d\udcac <strong>Por SMS<\/strong>enviando \"SALDO\" seguido de las 4 \u00faltimas cifras de su tarjeta.<br \/>\ud83c\udf0d <strong>En el sitio web oficial del PCS<\/strong>accediendo a su \u00e1rea de cliente.<\/p>\n<p>\ud83d\udce2 <strong>No pierdas nunca el control de tu saldo PCS<\/strong><\/p>\n<p><\/p>\n<hr class=\"wp-block-separator has-alpha-channel-opacity\" \/><\/p>\n<p><\/p>\n<h3 class=\"wp-block-heading\">\ud83d\ude80 <strong>\u00bfPor qu\u00e9 elegir DigitalCoinGifts para comprar Recarga Pcs Mastercard?<\/strong><\/h3>\n<p><\/p>\n<p>\u2705 <strong>Velocidad :<\/strong> transacciones confirmadas en pocos minutos.<br \/>\u2705 <strong>Seguridad :<\/strong> pagos totalmente encriptados a trav\u00e9s de blockchain.<br \/>\u2705 <strong>Anonimato:<\/strong> no se requiere verificaci\u00f3n KYC.<br \/>\u2705 <strong>Atenci\u00f3n al cliente 24 horas al d\u00eda, 7 d\u00edas a la semana<\/strong> de asistencia.<\/p>\n<p><strong>No pierdas m\u00e1s tiempo, recarga ahora tu tarjeta PCS Mastercard con tus criptomonedas.<\/strong> \ud83d\udd25<\/p>\n<p><\/p>\n<hr class=\"wp-block-separator has-alpha-channel-opacity\" \/><\/p>\n<p><\/p>\n<h3 class=\"wp-block-heading\">\ud83d\udd17 <strong>Otras tarjetas de prepago disponibles:<\/strong><\/h3>\n<p><\/p>\n<p>\ud83d\udcb3 <strong><a href=\"https:\/\/digitalcoingifts.com\/es\/tarjeta-visa-de-prepago\/\">Tarjeta Visa de prepago<\/a><\/strong><\/p>\n<p>\ud83d\udcb3 <strong><a href=\"https:\/\/digitalcoingifts.com\/es\/recarga-neosurf\/\">Recambio Neosurf<\/a><\/strong><\/p>\n<p>\ud83d\udcb3 <strong><a href=\"https:\/\/digitalcoingifts.com\/es\/recarga-transcash\/\">Recarga Transcash<\/a><\/strong><\/p>\n<p><\/p>\n<hr class=\"wp-block-separator has-alpha-channel-opacity\" \/><\/p>\n<p>\n<!-- \u2705 Conteneur principal --><\/p>\n<div id=\"trust-section\" style=\"max-width: 100%;padding: 20px;text-align: center;background: #f9f9f9;border-radius: 10px\">\n<p>    <!-- \u2705 Badge Trustpilot centr\u00e9 --><\/p>\n<div style=\"margin-bottom: 15px;justify-content: center;align-items: center\">\n        <img decoding=\"async\" src=\"https:\/\/digitalcoingifts.com\/wp-content\/uploads\/2024\/12\/trustpilot_1600x.webp\" alt=\"Rese\u00f1as de Trustpilot\" width=\"140\" style=\"max-width: 100%\" title=\"\">\n    <\/div>\n<p style=\"font-size: 14px;color: #333;font-weight: bold;margin-top: 5px\">\n        \u2705 Asegura tus compras con el poder de blockchain\n    <\/p>\n<p>    <!-- \u2705 Compteur de ventes dynamique (bas\u00e9 sur \u201csemaine\u201d) --><\/p>\n<div id=\"sales-counter\" style=\"text-align: center;font-size: 18px;font-weight: bold;color: #27ae60;margin-top: 10px;padding: 10px\">\n        \ud83d\udd25 <span id=\"sales-text\">Esta semana<\/span> <span id=\"sales-number\">35<\/span><br \/>\n        <span id=\"sales-product\">tarjetas regalo<\/span> <span id=\"sales-sold\">vendido<\/span> !\n    <\/div>\n<p>    <!-- \u2705 Bouton d'Appel \u00e0 l'Action --><br \/>\n    <button id=\"back-to-top\" style=\"margin-top: 15px;padding: 12px 25px;font-size: 16px;font-weight: bold;background: #FFA500;color: white;border: none;border-radius: 5px;cursor: pointer\"><br \/>\n        \ud83d\uded2 Consigue tu tarjeta regalo ahora<br \/>\n    <\/button><\/p>\n<p>    <!-- \u2705 Code Promo en bleu modernis\u00e9 --><\/p>\n<div id=\"promo-banner\" style=\"background: #007BFF;color: white;padding: 12px;font-size: 18px;font-weight: bold;margin-top: 15px;border-radius: 5px\">\n        \ud83c\udf81 **\u00a1Benef\u00edciate de -10%** en tu primer pedido usando el c\u00f3digo **Promo10**!\n    <\/div>\n<p>    <!-- \u2705 Bloc FAQ avec des r\u00e9ponses reformul\u00e9es --><\/p>\n<div id=\"faq-wrapper\" style=\"margin-top: 20px;padding: 15px;background: #E9F5E9;border-radius: 10px;text-align: center\">\n<h3 style=\"color: #228B22;font-size: 20px;font-weight: bold\">\u2753 Preguntas frecuentes<\/h3>\n<div class=\"faq-item\">\n            <button class=\"faq-question\">\ud83d\udccc \u00bfC\u00f3mo compro una tarjeta regalo con criptodivisas?<\/button><\/p>\n<div class=\"faq-answer\">\n                Choisissez d\u2019abord la valeur que vous souhaitez cr\u00e9diter, puis payez en Bitcoin, Ethereum ou USDT.<br \/>\n                D\u00e8s que la transaction est valid\u00e9e sur la blockchain, la carte-cadeau vous est envoy\u00e9e par e-mail.<br \/>\n                Aucun compte bancaire n\u2019est requis, ce qui rend l\u2019op\u00e9ration rapide et sans complications.\n            <\/div>\n<\/p>\n<\/div>\n<div class=\"faq-item\">\n            <button class=\"faq-question\">\ud83d\udd12 \u00bfSon fiables los pagos con criptodivisas?<\/button><\/p>\n<div class=\"faq-answer\">\n                Oui, la blockchain enregistre chaque op\u00e9ration de mani\u00e8re irr\u00e9versible et d\u00e9centralis\u00e9e, limitant ainsi la fraude.<br \/>\n                Les transactions sont valid\u00e9es par un r\u00e9seau distribu\u00e9, offrant une transparence et une s\u00e9curit\u00e9 optimales.<br \/>\n                Vos coordonn\u00e9es financi\u00e8res ne sont jamais partag\u00e9es avec des tiers non autoris\u00e9s.\n            <\/div>\n<\/p>\n<\/div>\n<div class=\"faq-item\">\n            <button class=\"faq-question\">\ud83d\udcc5 \u00bfEn cu\u00e1nto tiempo puedo recibir mi tarjeta regalo?<\/button><\/p>\n<div class=\"faq-answer\">\n                Se env\u00eda <strong>casi instant\u00e1neamente<\/strong> apr\u00e8s validation du paiement, vous la recevez en quelques minutes par e-mail.<br \/>\n                Vous pouvez ainsi l\u2019utiliser ou l\u2019offrir aussit\u00f4t, sans p\u00e9riode d\u2019attente prolong\u00e9e.<br \/>\n                C\u2019est id\u00e9al pour un <a href=\"https:\/\/digitalcoingifts.com\/es\/pagar-con-bitcoin-en-amazon\/\" data-wpil-monitor-id=\"1\">regalo o compra de \u00faltima hora<\/a> r\u00e1pido.\n            <\/div>\n<\/p>\n<\/div>\n<div class=\"faq-item\">\n            <button class=\"faq-question\">\ud83c\udf0d \u00bfSe puede utilizar esta tarjeta en el extranjero?<\/button><\/p>\n<div class=\"faq-answer\">\n                Nuestras tarjetas regalo son v\u00e1lidas <strong>a escala internacional<\/strong> \ud83c\udf0d, adapt\u00e9es \u00e0 la plupart des r\u00e9gions du globe.<br \/>\n                Elles peuvent \u00eatre d\u00e9pens\u00e9es aussi bien dans les boutiques en ligne que chez des commer\u00e7ants physiques, selon leur compatibilit\u00e9.<br \/>\n                Vous pouvez donc voyager ou envoyer un cadeau \u00e0 l\u2019\u00e9tranger sans contrainte majeure.\n            <\/div>\n<\/p>\n<\/div>\n<\/div>\n<\/div>\n<p><!-- \u2705 JavaScript pour le compteur et les interactions -->\n<\/p>\n<p><!-- \u2705 Styles CSS --><\/p>\n<\/p>\n<p>    .faq-question:hover {<br \/>\n        background: #1D7A1D;<br \/>\n    }<\/p>\n<\/p>\n<p>    #back-to-top:hover {<br \/>\n        background: #E69500;<br \/>\n    }<\/p>\n\n<h3>\ud83d\udd0d Vous aimerez aussi :<\/h3>\n<ul><li><a href=\"https:\/\/digitalcoingifts.com\/es\/recarga-de-tarjetas-prepago\/recarga-neosurf\/\">Recambio Neosurf<\/a><\/li><li><a href=\"https:\/\/digitalcoingifts.com\/es\/recarga-de-tarjetas-prepago\/recarga-transcash\/\">Recharge Transcash Bitcoin | Code Imm\u00e9diat | Sans Compte Bancaire<\/a><\/li><li><a href=\"https:\/\/digitalcoingifts.com\/es\/recarga-de-tarjetas-prepago\/recarga-cashlib\/\">Recharge Cashlib Avec Bitcoin | Paiement En Ligne Ultra-S\u00e9curis\u00e9<\/a><\/li><\/ul>","protected":false},"excerpt":{"rendered":"<p>Recharge PCS Mastercard payable en Bitcoin, USDT et plus de 20 cryptos. Livraison rapide du code par email et paiement s\u00e9curis\u00e9.<\/p>","protected":false},"featured_media":6693,"comment_status":"open","ping_status":"closed","template":"","meta":{"iawp_total_views":28},"product_brand":[],"product_cat":[138],"product_tag":[1030,1034,1031,1033,1029,1036,1035,1032],"class_list":{"0":"post-6677","1":"product","2":"type-product","3":"status-publish","4":"has-post-thumbnail","6":"product_cat-recharge-carte-prepayee","7":"product_tag-acheter-recharge-pcs-mastercard","8":"product_tag-comment-recharger-pcs-mastercard","9":"product_tag-recharge-carte-mastercard-pcs","10":"product_tag-recharge-mastercard-pcs-pas-cher","11":"product_tag-recharge-pcs-mastercard","12":"product_tag-recharge-pcs-mastercard-instantanee","13":"product_tag-recharge-pcs-mastercard-securisee","14":"product_tag-recharger-pcs-mastercard-en-ligne","16":"first","17":"instock","18":"shipping-taxable","19":"purchasable","20":"product-type-variable"},"_links":{"self":[{"href":"https:\/\/digitalcoingifts.com\/es\/wp-json\/wp\/v2\/product\/6677","targetHints":{"allow":["GET"]}}],"collection":[{"href":"https:\/\/digitalcoingifts.com\/es\/wp-json\/wp\/v2\/product"}],"about":[{"href":"https:\/\/digitalcoingifts.com\/es\/wp-json\/wp\/v2\/types\/product"}],"replies":[{"embeddable":true,"href":"https:\/\/digitalcoingifts.com\/es\/wp-json\/wp\/v2\/comments?post=6677"}],"wp:featuredmedia":[{"embeddable":true,"href":"https:\/\/digitalcoingifts.com\/es\/wp-json\/wp\/v2\/media\/6693"}],"wp:attachment":[{"href":"https:\/\/digitalcoingifts.com\/es\/wp-json\/wp\/v2\/media?parent=6677"}],"wp:term":[{"taxonomy":"product_brand","embeddable":true,"href":"https:\/\/digitalcoingifts.com\/es\/wp-json\/wp\/v2\/product_brand?post=6677"},{"taxonomy":"product_cat","embeddable":true,"href":"https:\/\/digitalcoingifts.com\/es\/wp-json\/wp\/v2\/product_cat?post=6677"},{"taxonomy":"product_tag","embeddable":true,"href":"https:\/\/digitalcoingifts.com\/es\/wp-json\/wp\/v2\/product_tag?post=6677"}],"curies":[{"name":"wp","href":"https:\/\/api.w.org\/{rel}","templated":true}]}}