{"id":6876,"date":"2020-05-07T16:51:03","date_gmt":"2020-05-07T14:51:03","guid":{"rendered":"https:\/\/digitalcoingifts.com\/?post_type=product&#038;p=6876"},"modified":"2026-02-14T18:18:57","modified_gmt":"2026-02-14T17:18:57","slug":"carte-cadeau-zalando","status":"publish","type":"product","link":"https:\/\/digitalcoingifts.com\/de\/carte-cadeau-shopping\/carte-cadeau-zalando\/","title":{"rendered":"Acheter Carte Zalando avec Bitcoin | Mode &amp; Luxe en Crypto | 24\/7"},"content":{"rendered":"<h2>Kaufen Sie Ihre Zalando-Geschenkkarte in Bitcoin!<\/h2>\n<h3>M\u00f6chten Sie eine Zalando-Geschenkkarte kaufen, um online zu shoppen?<\/h3>\n<p>Dann sind Sie hier genau richtig! Mit der <strong>Zalando-Geschenkkarte<\/strong>Wenn Sie auf der Suche nach einem sicheren und einfachen Weg sind, Ihre Eink\u00e4ufe auf <strong><a href=\"https:\/\/www.zalando.com\/\" target=\"_blank\" rel=\"noopener\">Zalando.com<\/a><\/strong>. W\u00e4hlen Sie den Wert Ihrer Karte zwischen <strong>50\u20ac und 250\u20ac<\/strong>und bezahlen Sie dann sicher mit Ihrer bevorzugten Kryptow\u00e4hrung. Nach der Zahlung erhalten Sie sofort Ihren Code <strong>per E-Mail<\/strong>Bitte senden Sie uns eine Kopie Ihrer Rechnung f\u00fcr mehr Sicherheit.<\/p>\n<h3>\ud83c\udf81 Was ist ein Zalando Gutschein?<\/h3>\n<p>Eine <strong>Zalando-Geschenkkarte<\/strong> ist ein Prepaid-Guthaben zur Verwendung auf <strong><a href=\"https:\/\/www.zalando.com\/\" target=\"_blank\" rel=\"noopener\">Zalando.com<\/a><\/strong>. Verwenden Sie Ihr Guthaben, indem Sie den <strong>eindeutiger Code<\/strong> bei der Bezahlung Ihrer Bestellung. Sie k\u00f6nnen Ihr <strong>Karte in einer oder mehreren Raten<\/strong>je nach Ihren Bed\u00fcrfnissen.<\/p>\n<p>\ud83d\udcb3 <strong>Bis zu 1.000 \u20ac kumulierbar<\/strong> \u2192 Bezahlen Sie eine einzelne Bestellung mit mehreren Geschenkkarten.<\/p>\n<h3>\ud83d\udd27 Wie k\u00f6nnen Sie Ihre Zalando-Geschenkkarte verwenden?<\/h3>\n<ol>\n<li><strong>Besuchen Sie auf<\/strong> <a href=\"https:\/\/www.zalando.com\/\" target=\"_blank\" rel=\"noopener\">Zalando.com<\/a> und f\u00fcgen Sie Ihre Artikel dem Warenkorb hinzu.<\/li>\n<li>W\u00e4hlen Sie beim Bezahlen <strong>\"Promo-Code &amp; Geschenkkarte\"<\/strong>.<\/li>\n<li><strong>Geben Sie den Code ein<\/strong> die Sie per E-Mail erhalten haben, und klicken Sie auf <strong>\"OK\"<\/strong>.<\/li>\n<li>Der Betrag wird <strong>automatisch abgezogen<\/strong> Ihrer Bestellung.<\/li>\n<\/ol>\n<h3>\ud83d\ude80 Erhalten Sie Ihre Zalando-Geschenkkarte sofort.<\/h3>\n<p>Sobald Ihre Zahlung best\u00e4tigt wurde, wird Ihr <strong>Zalando-Geschenkkarte<\/strong> wird automatisch gesendet <strong>per E-Mail<\/strong>. Verwenden Sie sie <strong>sofort<\/strong> um Ihre Online-Eink\u00e4ufe ohne Wartezeit zu genie\u00dfen.<\/p>\n<h3>\ud83d\udcb0 Welche Betr\u00e4ge stehen zur Verf\u00fcgung?<\/h3>\n<p>Die <strong>Zalando-Geschenkkarten<\/strong> sind in verschiedenen Werten erh\u00e4ltlich :<\/p>\n<ul>\n<li><strong>50\u20ac<\/strong><\/li>\n<li><strong>100\u20ac<\/strong><\/li>\n<li><strong>150\u20ac<\/strong><\/li>\n<li><strong>250\u20ac<\/strong><\/li>\n<\/ul>\n<h3>\ud83d\udcb3 Bezahlen Sie mit Krypto: schnell und sicher!<\/h3>\n<p>Verwenden Sie <strong>Bitcoin, Ethereum, Dash, Bitcoin Cash, Dogecoin, Litecoin<\/strong> und andere Kryptos, um Ihren <strong>Zalando-Geschenkkarte<\/strong>.<\/p>\n<ul>\n<li>\u2705 <strong>Sofortige Lieferung<\/strong> per E-Mail<\/li>\n<li>\u2705 <strong>Kein Konto erforderlich<\/strong> um zu bestellen<\/li>\n<li>\u2705 <strong>Schnelle und sichere Transaktion<\/strong><\/li>\n<\/ul>\n<h3>\ud83c\udf81 Entdecke unsere anderen verf\u00fcgbaren Geschenkkarten<\/h3>\n<p>Neben der <strong>Zalando-Geschenkkarte<\/strong>Erkunden Sie unsere Auswahl an <strong>Geschenkkarten, die mit Zahlungen in Bitcoin und Kryptos kompatibel sind<\/strong> f\u00fcr eine Vielzahl von Schildern!<\/p>\n<p>Wir empfehlen Ihnen auch die <a href=\"https:\/\/digitalcoingifts.com\/de\/shop\/carte-cadeau-divertissement-et-loisir\/carte-cadeau-ouibus\/\"><strong>Ouibus-Geschenkkarte<\/strong><\/a>Die <a class=\"LinkSuggestion__Link-sc-1mdih4x-2 jZPuuT\" href=\"https:\/\/digitalcoingifts.com\/de\/shop\/prepaid-kartenaufladung\/aufladung-premium-ticket\/\" rel=\"noopener noreferrer\">Ticket Premium Aufladung<\/a><strong><a href=\"https:\/\/digitalcoingifts.com\/de\/shop\/carte-cadeau-divertissement-et-loisir\/netflix-geschenkkarte\/\">\u00a0<\/a><\/strong>oder die <a class=\"LinkSuggestion__Link-sc-1mdih4x-2 jZPuuT\" href=\"https:\/\/digitalcoingifts.com\/de\/shop\/gaming-geschenkkarte\/playstation-store-geschenkkarte\/\" rel=\"noopener noreferrer\">Playstation Store-Geschenkkarte<\/a>.<\/p>\n<p>\n<!-- \u2705 Conteneur principal --><\/p>\n<div id=\"trust-section\" style=\"max-width: 100%;padding: 20px;text-align: center;background: #f9f9f9;border-radius: 10px\">\n<p>    <!-- \u2705 Badge Trustpilot centr\u00e9 --><\/p>\n<div style=\"margin-bottom: 15px;justify-content: center;align-items: center\">\n        <img decoding=\"async\" src=\"https:\/\/digitalcoingifts.com\/wp-content\/uploads\/2024\/12\/trustpilot_1600x.webp\" alt=\"Trustpilot-Bewertungen\" width=\"140\" style=\"max-width: 100%\" title=\"\">\n    <\/div>\n<p style=\"font-size: 14px;color: #333;font-weight: bold;margin-top: 5px\">\n        \u2705 Kaufen Sie unbesorgt mit der unfehlbaren Sicherheit der Blockchain.\n    <\/p>\n<p>    <!-- \u2705 Compteur de ventes dynamique (centr\u00e9 sur \u201csemaine\u201d) --><\/p>\n<div id=\"sales-counter\" style=\"text-align: center;font-size: 18px;font-weight: bold;color: #27ae60;margin-top: 10px;padding: 10px\">\n        \ud83d\udd25 <span id=\"sales-text\">Diese Woche<\/span> <span id=\"sales-number\">35<\/span><br \/>\n        <span id=\"sales-product\">Geschenkkarten<\/span> <span id=\"sales-sold\">verkauft<\/span> !\n    <\/div>\n<p>    <!-- \u2705 Bouton d'Appel \u00e0 l'Action --><br \/>\n    <button id=\"back-to-top\" style=\"margin-top: 15px;padding: 12px 25px;font-size: 16px;font-weight: bold;background: #FFA500;color: white;border: none;border-radius: 5px;cursor: pointer\"><br \/>\n        \ud83d\uded2 Meinen Kauf abschlie\u00dfen<br \/>\n    <\/button><\/p>\n<p>    <!-- \u2705 Code Promo en bleu modernis\u00e9 --><\/p>\n<div id=\"promo-banner\" style=\"background: #007BFF;color: white;padding: 12px;font-size: 18px;font-weight: bold;margin-top: 15px;border-radius: 5px\">\n        \ud83c\udf81 **-10% auf Ihre erste Bestellung** mit dem Code **Promo10**!\n    <\/div>\n<p>    <!-- \u2705 Bloc FAQ re-r\u00e9dig\u00e9 --><\/p>\n<div id=\"faq-wrapper\" style=\"margin-top: 20px;padding: 15px;background: #E9F5E9;border-radius: 10px;text-align: center\">\n<h3 style=\"color: #228B22;font-size: 20px;font-weight: bold\">\u2753 H\u00e4ufig gestellte Fragen<\/h3>\n<div class=\"faq-item\">\n            <button class=\"faq-question\">\ud83d\udccc Wie kann man eine Geschenkkarte \u00fcber Kryptow\u00e4hrung erwerben?<\/button><\/p>\n<div class=\"faq-answer\">\n                W\u00e4hlen Sie einen Betrag, zahlen Sie in Bitcoin, Ethereum oder USDT und erhalten Sie Ihre Karte sofort per E-Mail.\n            <\/div>\n<\/p>\n<\/div>\n<div class=\"faq-item\">\n            <button class=\"faq-question\">\ud83d\udd12 Sind Kryptozahlungen gesch\u00fctzt?<\/button><\/p>\n<div class=\"faq-answer\">\n                Ja, die Blockchain erh\u00f6ht die Transparenz und Sicherheit jeder einzelnen Transaktion und verringert das Betrugsrisiko erheblich.\n            <\/div>\n<\/p>\n<\/div>\n<div class=\"faq-item\">\n            <button class=\"faq-question\">\ud83d\udcc5 Wie lange dauert es, bis ich meine Geschenkkarte erhalte?<\/button><\/p>\n<div class=\"faq-answer\">\n                Sie wird ausgestellt <strong>ohne Verz\u00f6gerung<\/strong> sofort nach der Best\u00e4tigung der Zahlung. Sie finden sie sofort in Ihrer Mailbox.\n            <\/div>\n<\/p>\n<\/div>\n<div class=\"faq-item\">\n            <button class=\"faq-question\">\ud83c\udf0d Kann man es \u00fcberall verwenden?<\/button><\/p>\n<div class=\"faq-answer\">\n                Unsere Karten werden akzeptiert <strong>auf der ganzen Welt<\/strong> \ud83c\udf0d !<br \/>\n                Une fois votre r\u00e8glement confirm\u00e9, vous recevez une carte adapt\u00e9e \u00e0 votre pays de r\u00e9sidence.\n            <\/div>\n<\/p>\n<\/div>\n<\/div>\n<\/div>\n<p><!-- \u2705 JavaScript pour le compteur et les interactions --><\/p>\n<p>    function getLang() {<br \/>\n        return document.documentElement.lang || navigator.language.split(&lsquo;-&lsquo;)[0] || &lsquo;fr&rsquo;;<br \/>\n    }<\/p>\n<p>    function updateSalesText() {<br \/>\n        let lang = getLang();<br \/>\n        let salesText = document.getElementById(&lsquo;sales-text&rsquo;);<br \/>\n        let salesProduct = document.getElementById(&lsquo;sales-product&rsquo;);<br \/>\n        let salesSold = document.getElementById(&lsquo;sales-sold&rsquo;);<\/p>\n<p>        let translations = {<br \/>\n            fr: { text: \u00ab\u00a0Cette semaine\u00a0\u00bb, product: \u00ab\u00a0cartes-cadeaux\u00a0\u00bb, sold: \u00ab\u00a0vendues\u00a0\u00bb },<br \/>\n            en: { text: \u00ab\u00a0This week\u00a0\u00bb, product: \u00ab\u00a0gift cards\u00a0\u00bb, sold: \u00ab\u00a0sold\u00a0\u00bb },<br \/>\n            es: { text: \u00ab\u00a0Esta semana\u00a0\u00bb, product: \u00ab\u00a0tarjetas de regalo\u00a0\u00bb, sold: \u00ab\u00a0vendidas\u00a0\u00bb },<br \/>\n            de: { text: \u00ab\u00a0Diese Woche\u00a0\u00bb, product: \u00ab\u00a0Geschenkkarten\u00a0\u00bb, sold: \u00ab\u00a0verkauft\u00a0\u00bb }<br \/>\n        };<\/p>\n<p>        if (translations[lang]) {<br \/>\n            salesText.textContent = translations[lang].text;<br \/>\n            salesProduct.textContent = translations[lang].product;<br \/>\n            salesSold.textContent = translations[lang].sold;<br \/>\n        }<br \/>\n    }<\/p>\n<p>    let baseSales = Math.floor(Math.random() * (48 &#8211; 23 + 1)) + 23; \/\/ Choix al\u00e9atoire entre 23 et 48<br \/>\n    document.getElementById(\u00ab\u00a0sales-number\u00a0\u00bb).textContent = baseSales;<\/p>\n<p>    function updateSales() {<br \/>\n        let salesNumber = document.getElementById(\u00ab\u00a0sales-number\u00a0\u00bb);<br \/>\n        let currentSales = parseInt(salesNumber.textContent);<br \/>\n        let increase = Math.floor(Math.random() * 3) + 1; \/\/ Ajout de 1 \u00e0 3 ventes<\/p>\n<p>        let newSales = currentSales + increase;<br \/>\n        if (newSales &gt; 48) {<br \/>\n            newSales = 48; \/\/ Limit\u00e9 \u00e0 48<br \/>\n        }<\/p>\n<p>        salesNumber.textContent = newSales;<br \/>\n    }<\/p>\n<p>    updateSalesText();<br \/>\n    setInterval(updateSales, Math.floor(Math.random() * 20000) + 10000); \/\/ Mise \u00e0 jour al\u00e9atoire entre 10 et 20 secondes<\/p>\n<p>    document.querySelectorAll(\u00ab\u00a0.faq-question\u00a0\u00bb).forEach(button =&gt; {<br \/>\n        button.addEventListener(\u00ab\u00a0click\u00a0\u00bb, function() {<br \/>\n            let answer = this.nextElementSibling;<br \/>\n            answer.style.display = (answer.style.display === \u00ab\u00a0block\u00a0\u00bb) ? \u00ab\u00a0none\u00a0\u00bb : \u00ab\u00a0block\u00a0\u00bb;<br \/>\n        });<br \/>\n    });<\/p>\n<p>    document.getElementById(\u00ab\u00a0back-to-top\u00a0\u00bb).addEventListener(\u00ab\u00a0click\u00a0\u00bb, function() {<br \/>\n        window.scrollTo({ top: 0, behavior: \u00ab\u00a0smooth\u00a0\u00bb });<br \/>\n    });\n<\/p>\n<p><!-- \u2705 Styles CSS --><\/p>\n<\/p>\n<p>    .faq-question:hover {<br \/>\n        background: #1D7A1D;<br \/>\n    }<\/p>\n<\/p>\n<p>    #back-to-top:hover {<br \/>\n        background: #E69500;<br \/>\n    }<\/p>\n<\/p>\n<p>\n}<\/p>\n<h3>\ud83d\udd0d Vous aimerez aussi :<\/h3>\n<ul>\n<li><a href=\"https:\/\/digitalcoingifts.com\/de\/shopping-geschenkkarte\/amazon-geschenkkarte\/\">Acheter Carte Amazon Avec Bitcoin &amp;Amp; Crypto | Livraison Instantan\u00e9e 60S<\/a><\/li>\n<li><a href=\"https:\/\/digitalcoingifts.com\/de\/shopping-geschenkkarte\/ebay-geschenkkarte\/\">Ebay-Geschenkkarte<\/a><\/li>\n<li><a href=\"https:\/\/digitalcoingifts.com\/de\/shopping-geschenkkarte\/ikea-geschenkkarte\/\">Carte Cadeau Ikea Avec Bitcoin | Maison &amp;Amp; D\u00e9co En Crypto | Imm\u00e9diat<\/a><\/li>\n<\/ul>","protected":false},"excerpt":{"rendered":"<p>Carte Cadeau Zalando payable en Bitcoin, USDT et plus de 20 cryptos. Livraison rapide du code par email et paiement s\u00e9curis\u00e9.<\/p>","protected":false},"featured_media":6877,"comment_status":"open","ping_status":"closed","template":"","meta":{"iawp_total_views":2},"product_brand":[],"product_cat":[803],"product_tag":[1080,304,1079,1082,1081,1083],"class_list":{"0":"post-6876","1":"product","2":"type-product","3":"status-publish","4":"has-post-thumbnail","6":"product_cat-carte-cadeau-shopping","7":"product_tag-acheter-carte-cadeau-zalando-en-crypto","8":"product_tag-carte-cadeau","9":"product_tag-carte-cadeau-zalando","10":"product_tag-carte-cadeau-zalando-bitcoin","11":"product_tag-carte-cadeau-zalando-paiement-crypto","12":"product_tag-cheque-cadeau-zalando","14":"first","15":"instock","16":"shipping-taxable","17":"purchasable","18":"product-type-variable"},"_links":{"self":[{"href":"https:\/\/digitalcoingifts.com\/de\/wp-json\/wp\/v2\/product\/6876","targetHints":{"allow":["GET"]}}],"collection":[{"href":"https:\/\/digitalcoingifts.com\/de\/wp-json\/wp\/v2\/product"}],"about":[{"href":"https:\/\/digitalcoingifts.com\/de\/wp-json\/wp\/v2\/types\/product"}],"replies":[{"embeddable":true,"href":"https:\/\/digitalcoingifts.com\/de\/wp-json\/wp\/v2\/comments?post=6876"}],"wp:featuredmedia":[{"embeddable":true,"href":"https:\/\/digitalcoingifts.com\/de\/wp-json\/wp\/v2\/media\/6877"}],"wp:attachment":[{"href":"https:\/\/digitalcoingifts.com\/de\/wp-json\/wp\/v2\/media?parent=6876"}],"wp:term":[{"taxonomy":"product_brand","embeddable":true,"href":"https:\/\/digitalcoingifts.com\/de\/wp-json\/wp\/v2\/product_brand?post=6876"},{"taxonomy":"product_cat","embeddable":true,"href":"https:\/\/digitalcoingifts.com\/de\/wp-json\/wp\/v2\/product_cat?post=6876"},{"taxonomy":"product_tag","embeddable":true,"href":"https:\/\/digitalcoingifts.com\/de\/wp-json\/wp\/v2\/product_tag?post=6876"}],"curies":[{"name":"wp","href":"https:\/\/api.w.org\/{rel}","templated":true}]}}