{"id":6825,"date":"2020-05-03T08:37:11","date_gmt":"2020-05-03T06:37:11","guid":{"rendered":"https:\/\/digitalcoingifts.com\/?post_type=product&#038;p=6825"},"modified":"2026-02-14T18:19:27","modified_gmt":"2026-02-14T17:19:27","slug":"carte-cadeau-xbox-live-gold","status":"publish","type":"product","link":"https:\/\/digitalcoingifts.com\/de\/carte-cadeau-gaming\/carte-cadeau-xbox-live-gold\/","title":{"rendered":"Carte Cadeau Xbox Live &amp; Game Pass Bitcoin | Code Digital 60s"},"content":{"rendered":"<h2>Kaufen Sie Ihre Xbox Live Gold Geschenkkarte in Bitcoin und Kryptow\u00e4hrung!<\/h2>\n<h3>\ud83c\udfae <strong>Genie\u00dfen Sie eine Xbox Live Gold-Mitgliedschaft mit einer Geschenkkarte<\/strong><\/h3>\n<p>Die <strong>Xbox Live Gold Geschenkkarte<\/strong> erm\u00f6glicht Ihnen den Zugriff auf alle Premium-Funktionen des Dienstes <strong>Xbox Live Gold<\/strong>, einschlie\u00dflich <strong>der Online-Mehrspielermodus<\/strong>Jeden Monat gibt es kostenlose Spiele und <strong>exklusive Rabatte<\/strong> im Microsoft Store herunterladen. Kompatibel mit <strong>Xbox 360, Xbox One und Xbox Series X\/S<\/strong>Diese Karte ist ideal, um Ihr Abonnement ohne Bankkarte zu verl\u00e4ngern.<\/p>\n<p>\ud83d\udd39 <strong>Spiele mit deinen Freunden im fortschrittlichsten Multiplayer-Netzwerk<\/strong>.<br \/>\ud83d\udd39 <strong>Genie\u00dfen Sie jeden Monat kostenlose Spiele mit dem Xbox Live Gold-Programm.<\/strong>.<br \/>\ud83d\udd39 <strong>Erhalten Sie exklusive Rabatte von bis zu -50% auf hunderte von Spielen.<\/strong>.<br \/>\ud83d\udd39 <strong>Karte in 12- oder 24-monatiger Version erh\u00e4ltlich<\/strong>.<\/p>\n<hr \/>\n<h3>\ud83d\udce9 <strong>Erhalten Sie Ihre Xbox Live Gold-Karte sofort per E-Mail<\/strong><\/h3>\n<p>Kaufen Sie Ihr <strong>Xbox Live Gold Geschenkkarte<\/strong> in Bitcoin oder anderen Kryptos und erhalten Sie Ihren <strong>Xbox-Code<\/strong> sofort durch <strong>E-Mail<\/strong> nach der Best\u00e4tigung der Zahlung.<\/p>\n<p>\u2705 <strong>Sofortige Verwendung<\/strong>Die Sch\u00fclerinnen und Sch\u00fcler haben keine Wartezeit.<br \/>\u2705 <strong>Vermeiden Sie wiederkehrende Abonnements<\/strong>Sie m\u00fcssen nur einmal bezahlen und k\u00f6nnen dann ganz entspannt spielen.<br \/>\u2705 <strong>Kompatibel mit allen modernen Xbox-Konsolen<\/strong>.<\/p>\n<hr \/>\n<h3>\ud83d\udd27 <strong>Wie verwenden Sie Ihre Xbox Live Gold-Geschenkkarte?<\/strong><\/h3>\n<ol>\n<li><strong>Besuchen Sie die offizielle Microsoft-Website<\/strong> und loggen Sie sich in Ihr Xbox-Konto ein.<\/li>\n<li><strong>Klicken Sie auf \"Zahlungsoptionen\".<\/strong> unter der Registerkarte <strong>Rechnungsstellung<\/strong>.<\/li>\n<li><strong>W\u00e4hlen Sie \"Microsoft-Konto\".<\/strong>und klicken Sie dann auf <strong>\"Code einl\u00f6sen\"<\/strong>.<\/li>\n<li><strong>Geben Sie den Xbox Live Gold-Code ein<\/strong> die Sie per E-Mail erhalten haben, und klicken Sie auf <strong>\"Weiter\"<\/strong>.<\/li>\n<li><strong>Ihr Abonnement wird automatisch aktiviert oder verl\u00e4ngert<\/strong>.<\/li>\n<\/ol>\n<p>\ud83d\udd25 <strong>Spielen Sie ohne Unterbrechung und genie\u00dfen Sie sofort alle Vorteile von Xbox Live Gold!<\/strong><\/p>\n<hr \/>\n<h3>\ud83d\udcb0 <strong>Welche Betr\u00e4ge stehen zur Verf\u00fcgung?<\/strong><\/h3>\n<p>Die <strong>Xbox Live Gold Geschenkkarten<\/strong> sind in verschiedenen Betr\u00e4gen erh\u00e4ltlich :<\/p>\n<ul>\n<li><strong>50\u20ac<\/strong><\/li>\n<li><strong>100\u20ac<\/strong><\/li>\n<\/ul>\n<hr \/>\n<h3>\ud83d\udcb3 <strong>Kaufen Sie Ihre Xbox Live Goldkarte in Krypto<\/strong><\/h3>\n<p>Profitieren Sie von einer Zahlung <strong>schnell, sicher und anonym<\/strong> mit Ihren Lieblingskryptos :<\/p>\n<ul>\n<li><strong>Bitcoin (BTC)<\/strong><\/li>\n<li><strong>Ethereum (ETH)<\/strong><\/li>\n<li><strong>Dash (DASH)<\/strong><\/li>\n<li><strong>Bitcoin Cash (BCH)<\/strong><\/li>\n<li><strong>Dogecoin (DOGE)<\/strong><\/li>\n<li><strong>Litecoin (LTC)<\/strong><\/li>\n<\/ul>\n<p>\u2705 <strong>Sichere Transaktionen \u00fcber Blockchain<\/strong>.<br \/>\u2705 <strong>Sofortige Lieferung<\/strong> nach der Bezahlung.<br \/>\u2705 <strong>Kein Bankkonto erforderlich<\/strong>.<\/p>\n<hr \/>\n<h3>\ud83c\udf81 <strong>Andere verf\u00fcgbare Gaming-Geschenkkarten<\/strong><\/h3>\n<p>Wir empfehlen au\u00dferdem :<\/p>\n<ul>\n<li>\ud83c\udfae <strong><a href=\"https:\/\/digitalcoingifts.com\/de\/playstation-store-geschenkkarte\/\">PlayStation Store-Geschenkkarte<\/a><\/strong><\/li>\n<li>\ud83c\udfae <strong><a href=\"https:\/\/digitalcoingifts.com\/de\/nintendo-geschenkkarte\/\">Nintendo-Geschenkkarte<\/a><\/strong><\/li>\n<li>\ud83c\udfae <strong><a href=\"https:\/\/digitalcoingifts.com\/de\/steam-geschenkkarte\/\">Steam-Geschenkkarte<\/a><\/strong><\/li>\n<\/ul>\n<h3>\ud83d\udd17 <strong>Offizieller Link zu Xbox Live Gold<\/strong><\/h3>\n<p>Um mehr \u00fcber die Vorteile und die neuesten Xbox Live Gold-Spiele zu erfahren, besuchen Sie die <strong><a href=\"https:\/\/www.xbox.com\/fr-FR\/live\/gold\" target=\"_blank\" rel=\"noopener\">offizielle Xbox-Seite<\/a><\/strong>.<\/p>\n<hr \/>\n<p>\ud83d\udd25 <strong>Verl\u00e4ngern Sie jetzt Ihre Xbox Live Gold-Mitgliedschaft und genie\u00dfen Sie den Mehrspielermodus, kostenlose Spiele und exklusive Rabatte!<\/strong><\/p>\n<p>\n<!-- \u2705 Conteneur principal --><\/p>\n<div id=\"trust-section\" style=\"max-width: 100%;padding: 20px;text-align: center;background: #f9f9f9;border-radius: 10px\">\n<p>    <!-- \u2705 Badge Trustpilot centr\u00e9 --><\/p>\n<div style=\"margin-bottom: 15px;justify-content: center;align-items: center\">\n        <img decoding=\"async\" src=\"https:\/\/digitalcoingifts.com\/wp-content\/uploads\/2024\/12\/trustpilot_1600x.webp\" alt=\"Trustpilot-Bewertungen\" width=\"140\" style=\"max-width: 100%\" title=\"\">\n    <\/div>\n<p style=\"font-size: 14px;color: #333;font-weight: bold;margin-top: 5px\">\n        \u2705 T\u00e4tigen Sie Ihren Kauf in aller Ruhe, die Blockchain sorgt f\u00fcr optimalen Schutz.\n    <\/p>\n<p>    <!-- \u2705 Compteur de ventes dynamique (bas\u00e9 sur \u201csemaine\u201d) --><\/p>\n<div id=\"sales-counter\" style=\"text-align: center;font-size: 18px;font-weight: bold;color: #27ae60;margin-top: 10px;padding: 10px\">\n        \ud83d\udd25 <span id=\"sales-text\">Diese Woche<\/span> <span id=\"sales-number\">35<\/span><br \/>\n        <span id=\"sales-product\">Geschenkkarten<\/span> <span id=\"sales-sold\">verkauft<\/span> !\n    <\/div>\n<p>    <!-- \u2705 Bouton d'Appel \u00e0 l'Action --><br \/>\n    <button id=\"back-to-top\" style=\"margin-top: 15px;padding: 12px 25px;font-size: 16px;font-weight: bold;background: #FFA500;color: white;border: none;border-radius: 5px;cursor: pointer\"><br \/>\n        \ud83d\uded2 Holen Sie sich jetzt Ihre Geschenkkarte<br \/>\n    <\/button><\/p>\n<p>    <!-- \u2705 Code Promo en bleu modernis\u00e9 --><\/p>\n<div id=\"promo-banner\" style=\"background: #007BFF;color: white;padding: 12px;font-size: 18px;font-weight: bold;margin-top: 15px;border-radius: 5px\">\n        \ud83c\udf81 **Sichern Sie sich -10%** auf Ihre erste Bestellung mit dem Code **Promo10**!\n    <\/div>\n<p>    <!-- \u2705 Bloc FAQ avec des r\u00e9ponses reformul\u00e9es --><\/p>\n<div id=\"faq-wrapper\" style=\"margin-top: 20px;padding: 15px;background: #E9F5E9;border-radius: 10px;text-align: center\">\n<h3 style=\"color: #228B22;font-size: 20px;font-weight: bold\">\u2753 H\u00e4ufig gestellte Fragen<\/h3>\n<div class=\"faq-item\">\n            <button class=\"faq-question\">\ud83d\udccc Wie kann man eine Geschenkkarte in Krypto erwerben?<\/button><\/p>\n<div class=\"faq-answer\">\n                Legen Sie den gew\u00fcnschten Betrag fest und bezahlen Sie in Bitcoin, Ethereum oder USDT. Sobald die Transaktion best\u00e4tigt ist, wird Ihnen die Karte per E-Mail zugeschickt, ohne zus\u00e4tzliche Bankformalit\u00e4ten.\n            <\/div>\n<\/p>\n<\/div>\n<div class=\"faq-item\">\n            <button class=\"faq-question\">\ud83d\udd12 Sind Abrechnungen in Kryptow\u00e4hrungen sicher?<\/button><\/p>\n<div class=\"faq-answer\">\n                Ja, die Blockchain dezentralisiert jede Transaktion, wodurch das Betrugsrisiko stark eingeschr\u00e4nkt wird. Die Daten sind unver\u00e4nderlich und werden von einem gro\u00dfen Netzwerk verifiziert, wodurch eine hohe Sicherheit gew\u00e4hrleistet wird.\n            <\/div>\n<\/p>\n<\/div>\n<div class=\"faq-item\">\n            <button class=\"faq-question\">\ud83d\udcc5 Wie lange dauert es, bis ich meine Geschenkkarte erhalte?<\/button><\/p>\n<div class=\"faq-answer\">\n                Ihre Karte wird sofort nach Best\u00e4tigung der Zahlung generiert, sodass Sie sie sehr schnell erhalten. Innerhalb weniger Minuten erhalten Sie eine E-Mail mit allen Informationen.\n            <\/div>\n<\/p>\n<\/div>\n<div class=\"faq-item\">\n            <button class=\"faq-question\">\ud83c\udf0d Ist sie \u00fcberall auf der Welt g\u00fcltig?<\/button><\/p>\n<div class=\"faq-answer\">\n                Unsere Geschenkkarten sind in der Regel international einsetzbar und eignen sich f\u00fcr die meisten Regionen. Sie k\u00f6nnen damit online oder in Gesch\u00e4ften einkaufen, je nachdem, welche Einrichtungen sie akzeptieren.\n            <\/div>\n<\/p>\n<\/div>\n<\/div>\n<\/div>\n<p><!-- \u2705 JavaScript pour le compteur et les interactions -->\n<\/p>\n<p><!-- \u2705 Styles CSS --><\/p>\n<\/p>\n<p>    .faq-question:hover {<br \/>\n        background: #1D7A1D;<br \/>\n    }<\/p>\n<\/p>\n<p>    #back-to-top:hover {<br \/>\n        background: #E69500;<br \/>\n    }<\/p>\n<h3>\ud83d\udd0d Vous aimerez aussi :<\/h3>\n<ul>\n<li><a href=\"https:\/\/digitalcoingifts.com\/de\/gaming-geschenkkarte\/steam-geschenkkarte\/\">Carte Cadeau Steam Avec Bitcoin | Jeux Pc &amp;Amp; Gaming En Crypto<\/a><\/li>\n<li><a href=\"https:\/\/digitalcoingifts.com\/de\/gaming-geschenkkarte\/playstation-plus-geschenkkarte\/\">Carte Psn Playstation Store Bitcoin | Gaming &amp;Amp; Abonnements<\/a><\/li>\n<li><a href=\"https:\/\/digitalcoingifts.com\/de\/gaming-geschenkkarte\/nintendo-geschenkkarte\/\">Carte Cadeau Nintendo Eshop Bitcoin | Switch &amp;Amp; Jeux En Crypto<\/a><\/li>\n<\/ul>","protected":false},"excerpt":{"rendered":"<p>Carte Cadeau Xbox Live Gold payable en Bitcoin, USDT et plus de 20 cryptos. Livraison rapide du code par email et paiement s\u00e9curis\u00e9.<\/p>","protected":false},"featured_media":6826,"comment_status":"open","ping_status":"closed","template":"","meta":{"iawp_total_views":1},"product_brand":[],"product_cat":[396],"product_tag":[304],"class_list":{"0":"post-6825","1":"product","2":"type-product","3":"status-publish","4":"has-post-thumbnail","6":"product_cat-carte-cadeau-gaming","7":"product_tag-carte-cadeau","9":"first","10":"instock","11":"shipping-taxable","12":"purchasable","13":"product-type-variable"},"_links":{"self":[{"href":"https:\/\/digitalcoingifts.com\/de\/wp-json\/wp\/v2\/product\/6825","targetHints":{"allow":["GET"]}}],"collection":[{"href":"https:\/\/digitalcoingifts.com\/de\/wp-json\/wp\/v2\/product"}],"about":[{"href":"https:\/\/digitalcoingifts.com\/de\/wp-json\/wp\/v2\/types\/product"}],"replies":[{"embeddable":true,"href":"https:\/\/digitalcoingifts.com\/de\/wp-json\/wp\/v2\/comments?post=6825"}],"wp:featuredmedia":[{"embeddable":true,"href":"https:\/\/digitalcoingifts.com\/de\/wp-json\/wp\/v2\/media\/6826"}],"wp:attachment":[{"href":"https:\/\/digitalcoingifts.com\/de\/wp-json\/wp\/v2\/media?parent=6825"}],"wp:term":[{"taxonomy":"product_brand","embeddable":true,"href":"https:\/\/digitalcoingifts.com\/de\/wp-json\/wp\/v2\/product_brand?post=6825"},{"taxonomy":"product_cat","embeddable":true,"href":"https:\/\/digitalcoingifts.com\/de\/wp-json\/wp\/v2\/product_cat?post=6825"},{"taxonomy":"product_tag","embeddable":true,"href":"https:\/\/digitalcoingifts.com\/de\/wp-json\/wp\/v2\/product_tag?post=6825"}],"curies":[{"name":"wp","href":"https:\/\/api.w.org\/{rel}","templated":true}]}}