{"id":6730,"date":"2020-04-23T14:23:41","date_gmt":"2020-04-23T12:23:41","guid":{"rendered":"https:\/\/digitalcoingifts.com\/?post_type=product&#038;p=6730"},"modified":"2026-02-14T18:20:12","modified_gmt":"2026-02-14T17:20:12","slug":"recharge-paysafecard","status":"publish","type":"product","link":"https:\/\/digitalcoingifts.com\/de\/recharge-carte-prepayee\/recharge-paysafecard\/","title":{"rendered":"Acheter Paysafecard avec Bitcoin | S\u00e9curit\u00e9 &amp; Anonymat Total"},"content":{"rendered":"<h2 data-pm-slice=\"1 1 []\">\ud83d\udd25 Kaufen Sie Ihre Paysafecard-Aufladung mit Bitcoin und Kryptos.<\/h2>\n<h3>\ud83d\ude80 <strong>Eine schnelle, anonyme und ultra-sichere L\u00f6sung f\u00fcr Ihre Online-Zahlungen<\/strong><\/h3>\n<p>Sie suchen nach einer einfachen und sicheren M\u00f6glichkeit, Ihre Online-Eink\u00e4ufe ohne Kreditkarte zu bezahlen? <strong>Entscheiden Sie sich f\u00fcr eine Paysafecard-Aufladung in Bitcoin und anderen Kryptow\u00e4hrungen.<\/strong> und erhalten Sie sofortigen Zugang zu Tausenden von Partnerseiten.<\/p>\n<p>\u2705 <strong>Sofortiges Aufladen nach Best\u00e4tigung der Zahlung<\/strong><br \/>\u2705 <strong>Ideal f\u00fcr Spiele, Online-Shopping und Unterhaltungsdienste<\/strong><br \/>\u2705 <strong>Keine Kreditkarte erforderlich, Anonymit\u00e4t garantiert<\/strong><br \/>\u2705 <strong>Kompatibel mit \u00fcber 400 internationalen Plattformen<\/strong><br \/>\u2705 <strong>24 Stunden am Tag, 7 Tage die Woche verf\u00fcgbar<\/strong><\/p>\n<div>\n<hr \/>\n<\/div>\n<h3>\ud83c\udfaf <strong>Warum sollten Sie sich f\u00fcr eine Paysafecard-Aufladung entscheiden?<\/strong><\/h3>\n<p>Paysafecard ist eine der beliebtesten Prepaid-Zahlungsl\u00f6sungen der Welt. Sie ist einfach zu verwenden und erm\u00f6glicht <strong>sicher und ohne Bankkonto online bezahlen<\/strong>. Hier sind seine wichtigsten Vorteile :<\/p>\n<p>\ud83c\udfae <strong>Sichere Zahlungen auf Online-Gl\u00fccksspiel- und Wettplattformen.<\/strong><br \/>\ud83d\udecd\ufe0f <strong>Kauf von Filmen, Musik und digitalen Inhalten ohne Kreditkarte.<\/strong><br \/>\ud83c\udf0d <strong>Weltweite Nutzung auf Tausenden von Partnerseiten.<\/strong><br \/>\ud83c\udf81 <strong>Ideal, um ein flexibles und sicheres Geschenk zu machen.<\/strong><\/p>\n<p>\ud83d\udd0e <strong>Entdecken Sie weitere Prepaid-L\u00f6sungen :<\/strong><\/p>\n<ul data-spread=\"false\">\n<li>\n<p>\ud83d\udcb3 <a href=\"https:\/\/digitalcoingifts.com\/de\/aufladung-premium-ticket\/\"><strong>Ticket Premium Aufladung<\/strong><\/a><\/p>\n<\/li>\n<li>\n<p>\ud83d\udcb3 <a href=\"https:\/\/digitalcoingifts.com\/de\/nachfullen-pcs\/\"><strong>Nachf\u00fcllen PCS<\/strong><\/a><\/p>\n<\/li>\n<li>\n<p>\ud83d\udcb3 <a href=\"https:\/\/digitalcoingifts.com\/de\/prepaid-kartenaufladung\/\"><strong>Prepaid-Karte aufladen<\/strong><\/a><\/p>\n<\/li>\n<\/ul>\n<div>\n<hr \/>\n<\/div>\n<h3>\ud83d\udcb3 <strong>Wie verwenden Sie Ihre Paysafecard-Aufladung?<\/strong><\/h3>\n<p>1\ufe0f\u20e3 <strong>Kaufen Sie Ihren Aufladecode mit Bitcoin, Ethereum oder anderen Kryptos.<\/strong><br \/>2\ufe0f\u20e3 <strong>Erhalten Sie sofort Ihren Paysafecard-Code per E-Mail.<\/strong><br \/>3\ufe0f\u20e3 <strong>Verwenden Sie es auf einer Seite, die Paysafecard als Zahlungsmittel akzeptiert.<\/strong><br \/>4\ufe0f\u20e3 <strong>Ihre Eink\u00e4ufe werden direkt vom verf\u00fcgbaren Guthaben abgebucht.<\/strong><\/p>\n<p>\ud83d\udca1 <strong>Tipp :<\/strong> Sie sind nicht verpflichtet, den gesamten Kredit auf einmal zu nutzen. Das verbleibende Guthaben kann auch zu einem sp\u00e4teren Zeitpunkt verwendet werden!<\/p>\n<div>\n<hr \/>\n<\/div>\n<h3>\ud83c\udf81 <strong>Eine Paysafecard-Aufladung: das ideale Geschenk!<\/strong><\/h3>\n<p>\ud83c\udfaf <strong>Eine perfekte M\u00f6glichkeit, seine Ausgaben zu verwalten und die Verwendung einer Bankkarte zu vermeiden.<\/strong><\/p>\n<p>Ob f\u00fcr einen Geburtstag, eine Party oder einfach nur, um eine Freude zu machen, eine Paysafecard-Aufladung ist <strong>ein ideales Geschenk<\/strong>. Gestalten Sie Ihre Karte individuell, indem Sie einen zum Anlass passenden Hintergrund und eine pers\u00f6nliche Nachricht hinzuf\u00fcgen.<\/p>\n<p>\ud83d\udd39 <strong>Ein praktisches und sicheres digitales Geschenk<\/strong><br \/>\ud83d\udd39 <strong>Keine Anmeldung oder Bankkonto erforderlich<\/strong><br \/>\ud83d\udd39 <strong>Nach dem Kauf sofort verf\u00fcgbar<\/strong><\/p>\n<div>\n<hr \/>\n<\/div>\n<h3>\ud83d\udcc6 <strong>G\u00fcltigkeit Ihrer Paysafecard-Aufladung<\/strong><\/h3>\n<p>Im Gegensatz zu anderen Prepaid-Karten, <strong>Paysafecard-Aufladungen haben kein Ablaufdatum.<\/strong>. Sie k\u00f6nnen sie also verwenden <strong>zu jeder Zeit<\/strong>Sie k\u00f6nnen sich ohne jeglichen Zwang an die Arbeit machen.<\/p>\n<p>\u2139\ufe0f <strong>Brauchen Sie weitere Informationen? Sehen Sie sich die <\/strong><a href=\"https:\/\/www.paysafecard.com\/\" target=\"_blank\" rel=\"noopener\"><strong>offizielle Paysafecard-Seite<\/strong><\/a><strong>.<\/strong><\/p>\n<div>\n<hr \/>\n<\/div>\n<h3>\ud83d\udcb0 <strong>Welche Betr\u00e4ge stehen zur Verf\u00fcgung?<\/strong><\/h3>\n<p>Die <strong>Paysafecard-Aufladungen<\/strong> sind in verschiedenen Werten erh\u00e4ltlich :<\/p>\n<ul data-spread=\"false\">\n<li>\n<p><strong>50\u20ac<\/strong><\/p>\n<\/li>\n<li>\n<p><strong>100\u20ac<\/strong><\/p>\n<\/li>\n<li>\n<p><strong>150\u20ac<\/strong><\/p>\n<\/li>\n<li>\n<p><strong>250\u20ac<\/strong><\/p>\n<\/li>\n<\/ul>\n<p>\ud83d\udccc <strong>Tipp :<\/strong> Kombinieren Sie mehrere Karten, um einen h\u00f6heren Betrag zu erhalten und alle Ihre Online-Bed\u00fcrfnisse abzudecken!<\/p>\n<div>\n<hr \/>\n<\/div>\n<h3>\ud83d\udcb5 <strong>Kaufen Sie Ihre Paysafecard-Aufladung mit Ihren Kryptos<\/strong><\/h3>\n<p>\ud83d\udc8e Entscheiden Sie sich f\u00fcr eine Zahlung <strong>100% sicher, schnell und anonym<\/strong> via:<\/p>\n<ul data-spread=\"false\">\n<li>\n<p><strong>Bitcoin (BTC)<\/strong><\/p>\n<\/li>\n<li>\n<p><strong>Ethereum (ETH)<\/strong><\/p>\n<\/li>\n<li>\n<p><strong>Litecoin (LTC)<\/strong><\/p>\n<\/li>\n<li>\n<p><strong>Dash (DASH)<\/strong><\/p>\n<\/li>\n<li>\n<p><strong>Dogecoin (DOGE)<\/strong><\/p>\n<\/li>\n<li>\n<p><strong>Bitcoin Cash (BCH)<\/strong><\/p>\n<\/li>\n<\/ul>\n<p>\u2705 <strong>Keine Bankkarte erforderlich<\/strong><br \/>\u2705 <strong>Schnelle und sichere Transaktionen \u00fcber Blockchain<\/strong><br \/>\u2705 <strong>Sofortige Lieferung nach Best\u00e4tigung der Zahlung<\/strong><\/p>\n<div>\n<hr \/>\n<\/div>\n<h3>\ud83d\udd25 <strong>Warum sollten Sie Paysafecard f\u00fcr Ihre Online-Zahlungen verwenden?<\/strong><\/h3>\n<p>Mit Paysafecard k\u00f6nnen Sie bezahlen, ohne Ihre pers\u00f6nlichen Daten oder Bankdaten mitzuteilen, und bieten so v\u00f6llige Anonymit\u00e4t und optimalen Schutz vor Betrug. Au\u00dferdem k\u00f6nnen Sie im Gegensatz zu herk\u00f6mmlichen Kreditkarten, <strong>Sie nicht mehr als das verf\u00fcgbare Guthaben ausgeben k\u00f6nnen<\/strong>Das macht sie zu einer ausgezeichneten M\u00f6glichkeit, Ihr Budget zu verwalten.<\/p>\n<p>Mit mehr als <strong>4000 Partner-Onlineshops<\/strong>Die Paysafecard wird in verschiedenen Bereichen akzeptiert, z. B. bei Spielen, Streamingdiensten, sozialen Netzwerken und sogar bei einigen E-Commerce-Plattformen.<\/p>\n<p>\n<!-- \u2705 Conteneur principal --><\/p>\n<div id=\"trust-section\" style=\"max-width: 100%;padding: 20px;text-align: center;background: #f9f9f9;border-radius: 10px\">\n<p>    <!-- \u2705 Badge Trustpilot centr\u00e9 --><\/p>\n<div style=\"margin-bottom: 15px;justify-content: center;align-items: center\">\n        <img decoding=\"async\" src=\"https:\/\/digitalcoingifts.com\/wp-content\/uploads\/2024\/12\/trustpilot_1600x.webp\" alt=\"Trustpilot-Bewertungen\" width=\"140\" style=\"max-width: 100%\" title=\"\">\n    <\/div>\n<p style=\"font-size: 14px;color: #333;font-weight: bold;margin-top: 5px\">\n        \u2705 Profitieren Sie von fortschrittlicher Sicherheit durch die Macht der Blockchain.\n    <\/p>\n<p>    <!-- \u2705 Compteur de ventes dynamique (centr\u00e9 sur \"semaine\") --><\/p>\n<div id=\"sales-counter\" style=\"text-align: center;font-size: 18px;font-weight: bold;color: #27ae60;margin-top: 10px;padding: 10px\">\n        \ud83d\udd25 <span id=\"sales-text\">Diese Woche<\/span> <span id=\"sales-number\">35<\/span><br \/>\n        <span id=\"sales-product\">Geschenkkarten<\/span> <span id=\"sales-sold\">verkauft<\/span> !\n    <\/div>\n<p>    <!-- \u2705 Bouton d'Appel \u00e0 l'Action --><br \/>\n    <button id=\"back-to-top\" style=\"margin-top: 15px;padding: 12px 25px;font-size: 16px;font-weight: bold;background: #FFA500;color: white;border: none;border-radius: 5px;cursor: pointer\"><br \/>\n        \ud83d\uded2 Holen Sie sich jetzt Ihre Geschenkkarte<br \/>\n    <\/button><\/p>\n<p>    <!-- \u2705 Code Promo en bleu modernis\u00e9 --><\/p>\n<div id=\"promo-banner\" style=\"background: #007BFF;color: white;padding: 12px;font-size: 18px;font-weight: bold;margin-top: 15px;border-radius: 5px\">\n        \ud83c\udf81 **Sichern Sie sich -10%** auf Ihre erste Bestellung mit dem Code **Promo10**!\n    <\/div>\n<p>    <!-- \u2705 Bloc FAQ avec des r\u00e9ponses reformul\u00e9es --><\/p>\n<div id=\"faq-wrapper\" style=\"margin-top: 20px;padding: 15px;background: #E9F5E9;border-radius: 10px;text-align: center\">\n<h3 style=\"color: #228B22;font-size: 20px;font-weight: bold\">\u2753 H\u00e4ufig gestellte Fragen<\/h3>\n<div class=\"faq-item\">\n            <button class=\"faq-question\">\ud83d\udccc Wie erhalte ich eine Geschenkkarte in Krypto?<\/button><\/p>\n<div class=\"faq-answer\">\n                Vous s\u00e9lectionnez le montant \u00e0 charger et r\u00e9glez en Bitcoin, Ethereum ou USDT.<br \/>\n                Une fois le paiement valid\u00e9 via la blockchain, la carte vous est exp\u00e9di\u00e9e par e-mail.<br \/>\n                C\u2019est un moyen simple et rapide de proc\u00e9der sans recourir \u00e0 un compte bancaire.\n            <\/div>\n<\/p>\n<\/div>\n<div class=\"faq-item\">\n            <button class=\"faq-question\">\ud83d\udd12 Sind Abrechnungen in Kryptow\u00e4hrungen zuverl\u00e4ssig?<\/button><\/p>\n<div class=\"faq-answer\">\n                Oui, chaque op\u00e9ration est certifi\u00e9e par un r\u00e9seau d\u00e9centralis\u00e9, rendant la fraude presque impossible.<br \/>\n                La blockchain assure une tra\u00e7abilit\u00e9 et une transparence accrues, prot\u00e9geant vos donn\u00e9es sensibles.<br \/>\n                Les risques d\u2019erreurs ou de falsification s\u2019en trouvent nettement r\u00e9duits.\n            <\/div>\n<\/p>\n<\/div>\n<div class=\"faq-item\">\n            <button class=\"faq-question\">\ud83d\udcc5 Wie lange dauert es, bis ich meine Geschenkkarte erhalte?<\/button><\/p>\n<div class=\"faq-answer\">\n                Sobald die Transaktion best\u00e4tigt ist, wird die Karte generiert <strong>fast sofort<\/strong>.<br \/>\n                Un e-mail d\u00e9taill\u00e9 vous permet de l\u2019utiliser ou de l\u2019offrir dans la foul\u00e9e.<br \/>\n                Le tout ne prend g\u00e9n\u00e9ralement que quelques minutes.\n            <\/div>\n<\/p>\n<\/div>\n<div class=\"faq-item\">\n            <button class=\"faq-question\">\ud83c\udf0d Wo kann diese Geschenkkarte verwendet werden?<\/button><\/p>\n<div class=\"faq-answer\">\n                Unsere Karten sind g\u00fcltig <strong>auf internationaler Ebene<\/strong> \ud83c\udf0d et accept\u00e9es par de nombreux commer\u00e7ants, en ligne ou en magasin.<br \/>\n                Vous pouvez vous en servir o\u00f9 que vous soyez, tant que le marchand prend en charge ce type de paiement.<br \/>\n                C\u2019est id\u00e9al pour les voyageurs et les achats en devises \u00e9trang\u00e8res.\n            <\/div>\n<\/p>\n<\/div>\n<\/div>\n<\/div>\n<p><!-- \u2705 JavaScript pour le compteur et les interactions -->\n<\/p>\n<p><!-- \u2705 Styles CSS --><\/p>\n<\/p>\n<p>    .faq-question:hover {<br \/>\n        background: #1D7A1D;<br \/>\n    }<\/p>\n<\/p>\n<p>    #back-to-top:hover {<br \/>\n        background: #E69500;<br \/>\n    }<\/p>\n<h3>\ud83d\udd0d Vous aimerez aussi :<\/h3>\n<ul>\n<li><a href=\"https:\/\/digitalcoingifts.com\/de\/prepaid-kartenaufladung\/aufladung-pcs-mastercard\/\">Aufladen von Mastercard-Pcs<\/a><\/li>\n<li><a href=\"https:\/\/digitalcoingifts.com\/de\/prepaid-kartenaufladung\/neosurf-aufladen\/\">Neosurf Nachf\u00fcllpackung<\/a><\/li>\n<li><a href=\"https:\/\/digitalcoingifts.com\/de\/prepaid-kartenaufladung\/transcash-aufladen\/\">Recharge Transcash Bitcoin | Code Imm\u00e9diat | Sans Compte Bancaire<\/a><\/li>\n<\/ul>","protected":false},"excerpt":{"rendered":"<p>Recharge Paysafecard payable en Bitcoin, USDT et plus de 20 cryptos. Livraison rapide du code par email et paiement s\u00e9curis\u00e9.<\/p>","protected":false},"featured_media":6731,"comment_status":"open","ping_status":"closed","template":"","meta":{"iawp_total_views":9},"product_brand":[],"product_cat":[138],"product_tag":[1197,1201,304,244,1166,1199,1194,1198,1200,1195,1196],"class_list":{"0":"post-6730","1":"product","2":"type-product","3":"status-publish","4":"has-post-thumbnail","6":"product_cat-recharge-carte-prepayee","7":"product_tag-acheter-paysafecard-avec-cryptos","8":"product_tag-acheter-paysafecard-avec-ethereum","9":"product_tag-carte-cadeau","10":"product_tag-carte-prepayee","11":"product_tag-carte-prepayee-anonyme","12":"product_tag-carte-prepayee-paysafecard-cryptomonnaie","13":"product_tag-code-paysafecard-securise","14":"product_tag-paiement-en-ligne-anonyme","15":"product_tag-paysafecard-sans-carte-bancaire","16":"product_tag-recharge-paysafecard-bitcoin","17":"product_tag-recharge-paysafecard-instantanee","19":"first","20":"instock","21":"shipping-taxable","22":"purchasable","23":"product-type-variable"},"_links":{"self":[{"href":"https:\/\/digitalcoingifts.com\/de\/wp-json\/wp\/v2\/product\/6730","targetHints":{"allow":["GET"]}}],"collection":[{"href":"https:\/\/digitalcoingifts.com\/de\/wp-json\/wp\/v2\/product"}],"about":[{"href":"https:\/\/digitalcoingifts.com\/de\/wp-json\/wp\/v2\/types\/product"}],"replies":[{"embeddable":true,"href":"https:\/\/digitalcoingifts.com\/de\/wp-json\/wp\/v2\/comments?post=6730"}],"wp:featuredmedia":[{"embeddable":true,"href":"https:\/\/digitalcoingifts.com\/de\/wp-json\/wp\/v2\/media\/6731"}],"wp:attachment":[{"href":"https:\/\/digitalcoingifts.com\/de\/wp-json\/wp\/v2\/media?parent=6730"}],"wp:term":[{"taxonomy":"product_brand","embeddable":true,"href":"https:\/\/digitalcoingifts.com\/de\/wp-json\/wp\/v2\/product_brand?post=6730"},{"taxonomy":"product_cat","embeddable":true,"href":"https:\/\/digitalcoingifts.com\/de\/wp-json\/wp\/v2\/product_cat?post=6730"},{"taxonomy":"product_tag","embeddable":true,"href":"https:\/\/digitalcoingifts.com\/de\/wp-json\/wp\/v2\/product_tag?post=6730"}],"curies":[{"name":"wp","href":"https:\/\/api.w.org\/{rel}","templated":true}]}}