{"id":6688,"date":"2020-04-21T18:06:54","date_gmt":"2020-04-21T16:06:54","guid":{"rendered":"https:\/\/digitalcoingifts.com\/?post_type=product&#038;p=6688"},"modified":"2026-02-14T18:18:21","modified_gmt":"2026-02-14T17:18:21","slug":"carte-cadeau-spotify","status":"publish","type":"product","link":"https:\/\/digitalcoingifts.com\/de\/carte-cadeau-divertissement\/carte-cadeau-spotify\/","title":{"rendered":"Abonnement Spotify avec Bitcoin | Musique Illimit\u00e9e en Crypto"},"content":{"rendered":"<div data-v-02c27e66=\"\">\n<h2 data-pm-slice=\"1 1 []\">\ud83c\udfb5 Kaufe deine Spotify-Geschenkkarte mit Bitcoin und Kryptow\u00e4hrungen.<\/h2>\n<h3>\ud83c\udfb6 <strong>Erhalten Sie Zugang zu Spotify Premium ohne Kreditkarte!<\/strong><\/h3>\n<p>Sie m\u00f6chten von <strong>Spotify Premium<\/strong> in aller Einfachheit? <strong>Entscheiden Sie sich f\u00fcr eine Spotify-Geschenkkarte, die mit Kryptow\u00e4hrungen bezahlt wird.<\/strong> und h\u00f6ren Sie Ihre Lieblingsmusik ohne Werbung und in hoher Qualit\u00e4t. Mit einem Abonnement <strong>1 Monat, 3 Monate oder 6 Monate<\/strong>Wenn Sie Ihre Musik \u00fcberallhin mitnehmen, auch wenn Sie nicht online sind, k\u00f6nnen Sie sie auch in der Schule h\u00f6ren.<\/p>\n<p>\u2705 <strong>Musik ohne Unterbrechung, ohne Werbung<\/strong><br \/>\u2705 <strong>H\u00f6here Audioqualit\u00e4t und Offline-Download<\/strong><br \/>\u2705 <strong>Kein Bankkonto erforderlich, anonyme Zahlung<\/strong><br \/>\u2705 <strong>Kompatibel auf allen Ger\u00e4ten: Handy, Tablet, PC und TV<\/strong><br \/>\u2705 <strong>Sofortige Lieferung per E-Mail<\/strong><\/p>\n<div>\n<hr \/>\n<\/div>\n<h3>\ud83c\udfaf <strong>Warum eine Spotify-Geschenkkarte w\u00e4hlen?<\/strong><\/h3>\n<p>\ud83d\udd39 <strong>Nutzen Sie Spotify Premium sofort nach der Aktivierung.<\/strong><br \/>\ud83d\udd39 <strong>Ideal, um ein unverbindliches Musikabonnement zu verschenken.<\/strong><br \/>\ud83d\udd39 <strong>Kann ohne Kreditkarte verwendet werden, f\u00fcr eine sichere und diskrete Zahlung.<\/strong><br \/>\ud83d\udd39 <strong>Perfekt, um wiederkehrende Abonnements zu vermeiden.<\/strong><\/p>\n<p>\ud83d\udca1 <strong>Erkunden Sie auch diese beliebten Prepaid-Karten :<\/strong><\/p>\n<ul data-spread=\"false\">\n<li>\n<p>\ud83c\udfac <a><strong>Netflix-Geschenkkarte<\/strong><\/a><\/p>\n<\/li>\n<li>\n<p>\ud83c\udfae <a><strong>Battle.net-Geschenkkarte<\/strong><\/a><\/p>\n<\/li>\n<li>\n<p>\ud83d\udcb3 <a href=\"https:\/\/digitalcoingifts.com\/de\/paypal-geschenkkarte\/\"><strong>PayPal-Geschenkkarte<\/strong><\/a><\/p>\n<\/li>\n<\/ul>\n<div>\n<hr \/>\n<\/div>\n<h3>\ud83c\udfb5 <strong>Wie verwende ich meine Spotify-Geschenkkarte?<\/strong><\/h3>\n<p>1\ufe0f\u20e3 <strong>Kaufen Sie Ihre Spotify-Karte mit Bitcoin, Ethereum oder anderen Kryptos.<\/strong><br \/>2\ufe0f\u20e3 <strong>Erhalten Sie Ihren Spotify-Code sofort per E-Mail.<\/strong><br \/>3\ufe0f\u20e3 <strong>Tauschen Sie es gegen Ihr Spotify Premium-Konto ein.<\/strong><br \/>4\ufe0f\u20e3 <strong>Genie\u00dfen Sie f\u00fcr die gew\u00e4hlte Dauer unbegrenzten Zugang zu Musik.<\/strong><\/p>\n<p>\ud83d\udccc <strong>Detaillierte Anweisungen :<\/strong><\/p>\n<ul data-spread=\"false\">\n<li>\n<p><strong>Melden Sie sich an<\/strong> oder erstellen Sie ein Konto auf <strong>Spotify.com<\/strong>.<\/p>\n<\/li>\n<li>\n<p><strong>Zur Austauschseite gelangen<\/strong> und geben Sie Ihren Code ein.<\/p>\n<\/li>\n<li>\n<p><strong>Akzeptieren Sie die Nutzungsbedingungen<\/strong> und best\u00e4tigen Sie.<\/p>\n<\/li>\n<li>\n<p><strong>Ihre Premium-Mitgliedschaft wird sofort aktiviert!<\/strong><\/p>\n<\/li>\n<\/ul>\n<p>\ud83d\udca1 <strong>Tipp :<\/strong> Sie k\u00f6nnen mehrere Karten kumulieren, um Ihr Abonnement je nach Bedarf zu verl\u00e4ngern!<\/p>\n<div>\n<hr \/>\n<\/div>\n<h3>\ud83c\udf81 <strong>Verschenken Sie eine Spotify-Geschenkkarte und machen Sie Musikliebhabern eine Freude!<\/strong><\/h3>\n<p>\ud83c\udfaf <strong>Ein perfektes Geschenk f\u00fcr alle Musikliebhaber!<\/strong><\/p>\n<p>Ob zum Geburtstag, zu einer Party oder einfach nur, um Freude zu bereiten, eine Spotify-Geschenkkarte ist <strong>eine ausgezeichnete Geschenkidee<\/strong>. Gestalten Sie sie mit einer Nachricht und versenden Sie sie sofort per E-Mail.<\/p>\n<p>\ud83d\udd39 <strong>Ein sofortiges papierloses Geschenk<\/strong><br \/>\ud83d\udd39 <strong>Keine Verpflichtungen oder Bankkarten erforderlich<\/strong><br \/>\ud83d\udd39 <strong>Sofortige Lieferung 24 Stunden am Tag, 7 Tage die Woche<\/strong><\/p>\n<div>\n<hr \/>\n<\/div>\n<h3>\ud83d\udcc6 <strong>Welche Betr\u00e4ge stehen zur Verf\u00fcgung?<\/strong><\/h3>\n<p>Die <strong>Spotify-Geschenkkarten<\/strong> werden in verschiedenen Werten angeboten:<\/p>\n<ul data-spread=\"false\">\n<li>\n<p><strong>50\u20ac<\/strong><\/p>\n<\/li>\n<li>\n<p><strong>100\u20ac<\/strong><\/p>\n<\/li>\n<\/ul>\n<p>\ud83d\udccc <strong>Tipp :<\/strong> Sie k\u00f6nnen mehrere Karten kombinieren, um Ihr Abonnement ohne Verwendung einer Kreditkarte zu verl\u00e4ngern.<\/p>\n<div>\n<hr \/>\n<\/div>\n<h3>\ud83d\udcb3 <strong>Kaufen Sie Ihre Spotify-Geschenkkarte mit Bitcoin und anderen Kryptos<\/strong><\/h3>\n<p>\ud83d\udc8e Entscheiden Sie sich f\u00fcr einen <strong>sichere, schnelle und anonyme 100%-Zahlung<\/strong> via:<\/p>\n<ul data-spread=\"false\">\n<li>\n<p><strong>Bitcoin (BTC)<\/strong><\/p>\n<\/li>\n<li>\n<p><strong>Ethereum (ETH)<\/strong><\/p>\n<\/li>\n<li>\n<p><strong>Litecoin (LTC)<\/strong><\/p>\n<\/li>\n<li>\n<p><strong>Dash (DASH)<\/strong><\/p>\n<\/li>\n<li>\n<p><strong>Dogecoin (DOGE)<\/strong><\/p>\n<\/li>\n<li>\n<p><strong>Bitcoin Cash (BCH)<\/strong><\/p>\n<\/li>\n<\/ul>\n<p>\u2705 <strong>Keine Bankkarte erforderlich<\/strong><br \/>\u2705 <strong>Sichere und schnelle Transaktionen \u00fcber Blockchain<\/strong><br \/>\u2705 <strong>Sofortige Lieferung nach Best\u00e4tigung der Zahlung<\/strong><\/p>\n<\/div>\n<p>\n<!-- \u2705 Conteneur principal --><\/p>\n<div id=\"trust-section\" style=\"max-width: 100%;padding: 20px;text-align: center;background: #f9f9f9;border-radius: 10px\">\n<p>    <!-- \u2705 Badge Trustpilot centr\u00e9 --><\/p>\n<div style=\"margin-bottom: 15px;justify-content: center;align-items: center\">\n        <img decoding=\"async\" src=\"https:\/\/digitalcoingifts.com\/wp-content\/uploads\/2024\/12\/trustpilot_1600x.webp\" alt=\"Trustpilot-Bewertungen\" width=\"140\" style=\"max-width: 100%\" title=\"\">\n    <\/div>\n<p style=\"font-size: 14px;color: #333;font-weight: bold;margin-top: 5px\">\n        \u2705 Bestellen Sie beruhigt mit der Sicherheit der Blockchain.\n    <\/p>\n<p>    <!-- \u2705 Compteur de ventes dynamique (ax\u00e9 sur \u201csemaine\u201d) --><\/p>\n<div id=\"sales-counter\" style=\"text-align: center;font-size: 18px;font-weight: bold;color: #27ae60;margin-top: 10px;padding: 10px\">\n        \ud83d\udd25 <span id=\"sales-text\">Diese Woche<\/span> <span id=\"sales-number\">35<\/span><br \/>\n        <span id=\"sales-product\">Geschenkkarten<\/span> <span id=\"sales-sold\">verkauft<\/span> !\n    <\/div>\n<p>    <!-- \u2705 Bouton d'Appel \u00e0 l'Action --><br \/>\n    <button id=\"back-to-top\" style=\"margin-top: 15px;padding: 12px 25px;font-size: 16px;font-weight: bold;background: #FFA500;color: white;border: none;border-radius: 5px;cursor: pointer\"><br \/>\n        \ud83d\uded2 Holen Sie sich jetzt Ihre Geschenkkarte<br \/>\n    <\/button><\/p>\n<p>    <!-- \u2705 Code Promo en bleu modernis\u00e9 --><\/p>\n<div id=\"promo-banner\" style=\"background: #007BFF;color: white;padding: 12px;font-size: 18px;font-weight: bold;margin-top: 15px;border-radius: 5px\">\n        \ud83c\udf81 **Sichern Sie sich -10%** auf Ihre erste Bestellung mit dem Code **Promo10**!\n    <\/div>\n<p>    <!-- \u2705 Bloc FAQ avec des r\u00e9ponses reformul\u00e9es --><\/p>\n<div id=\"faq-wrapper\" style=\"margin-top: 20px;padding: 15px;background: #E9F5E9;border-radius: 10px;text-align: center\">\n<h3 style=\"color: #228B22;font-size: 20px;font-weight: bold\">\u2753 H\u00e4ufig gestellte Fragen<\/h3>\n<div class=\"faq-item\">\n            <button class=\"faq-question\">\ud83d\udccc Wie erhalte ich eine Geschenkkarte \u00fcber Kryptow\u00e4hrung?<\/button><\/p>\n<div class=\"faq-answer\">\n                S\u00e9lectionnez le montant \u00e0 cr\u00e9diter, puis finalisez votre r\u00e8glement en Bitcoin, Ethereum ou USDT.<br \/>\n                D\u00e8s que la transaction est valid\u00e9e, votre carte-cadeau vous est exp\u00e9di\u00e9e par e-mail.<br \/>\n                Ce proc\u00e9d\u00e9 \u00e9vite toute formalit\u00e9 bancaire, ce qui le rend plus rapide.\n            <\/div>\n<\/p>\n<\/div>\n<div class=\"faq-item\">\n            <button class=\"faq-question\">\ud83d\udd12 Sind Kryptozahlungen absolut sicher?<\/button><\/p>\n<div class=\"faq-answer\">\n                La blockchain enregistre et certifie chaque op\u00e9ration, emp\u00eachant les fraudes ou les falsifications.<br \/>\n                Chaque transaction est valid\u00e9e par un r\u00e9seau d\u00e9centralis\u00e9, garantissant une tr\u00e8s haute fiabilit\u00e9.<br \/>\n                Vos informations restent \u00e9galement confidentielles, car aucun interm\u00e9diaire financier classique n\u2019intervient.\n            <\/div>\n<\/p>\n<\/div>\n<div class=\"faq-item\">\n            <button class=\"faq-question\">\ud83d\udcc5 Wie lange dauert es, bis Sie die Geschenkkarte erhalten haben?<\/button><\/p>\n<div class=\"faq-answer\">\n                Sobald Ihre Zahlung in der Blockchain best\u00e4tigt wurde, wird die Karte generiert <strong>fast sofort<\/strong>.<br \/>\n                Vous recevez un e-mail comprenant toutes les informations n\u00e9cessaires pour l\u2019utiliser.<br \/>\n                De cette mani\u00e8re, vous pouvez en profiter ou l\u2019offrir en quelques minutes \u00e0 peine.\n            <\/div>\n<\/p>\n<\/div>\n<div class=\"faq-item\">\n            <button class=\"faq-question\">\ud83c\udf0d Kann ich es \u00fcberall auf der Welt verwenden?<\/button><\/p>\n<div class=\"faq-answer\">\n                Unsere Geschenkkarten sind g\u00fcltig <strong>auf internationaler Ebene<\/strong> \ud83c\udf0d, couvrant la plupart des zones g\u00e9ographiques.<br \/>\n                Elles peuvent \u00eatre utilis\u00e9es pour des achats en ligne comme en magasin, selon la compatibilit\u00e9 du commer\u00e7ant.<br \/>\n                C\u2019est une excellente option pour ceux qui voyagent ou souhaitent envoyer un cadeau \u00e0 l\u2019\u00e9tranger.\n            <\/div>\n<\/p>\n<\/div>\n<\/div>\n<\/div>\n<p><!-- \u2705 JavaScript pour le compteur et les interactions -->\n<\/p>\n<p><!-- \u2705 Styles CSS --><\/p>\n<\/p>\n<p>    .faq-question:hover {<br \/>\n        background: #1D7A1D;<br \/>\n    }<\/p>\n<\/p>\n<p>    #back-to-top:hover {<br \/>\n        background: #E69500;<br \/>\n    }<\/p>","protected":false},"excerpt":{"rendered":"<p>Carte Cadeau Spotify payable en Bitcoin, USDT et plus de 20 cryptos. Livraison rapide du code par email et paiement s\u00e9curis\u00e9.<\/p>","protected":false},"featured_media":6696,"comment_status":"open","ping_status":"closed","template":"","meta":{"iawp_total_views":18},"product_brand":[],"product_cat":[606],"product_tag":[1216,304,1215,1214,1213],"class_list":{"0":"post-6688","1":"product","2":"type-product","3":"status-publish","4":"has-post-thumbnail","6":"product_cat-carte-cadeau-divertissement","7":"product_tag-acheter-abonnement-spotify-en-crypto","8":"product_tag-carte-cadeau","9":"product_tag-carte-cadeau-spotify","10":"product_tag-carte-prepayee-spotify","11":"product_tag-payer-spotify-avec-bitcoin","13":"first","14":"instock","15":"shipping-taxable","16":"purchasable","17":"product-type-variable"},"_links":{"self":[{"href":"https:\/\/digitalcoingifts.com\/de\/wp-json\/wp\/v2\/product\/6688","targetHints":{"allow":["GET"]}}],"collection":[{"href":"https:\/\/digitalcoingifts.com\/de\/wp-json\/wp\/v2\/product"}],"about":[{"href":"https:\/\/digitalcoingifts.com\/de\/wp-json\/wp\/v2\/types\/product"}],"replies":[{"embeddable":true,"href":"https:\/\/digitalcoingifts.com\/de\/wp-json\/wp\/v2\/comments?post=6688"}],"wp:featuredmedia":[{"embeddable":true,"href":"https:\/\/digitalcoingifts.com\/de\/wp-json\/wp\/v2\/media\/6696"}],"wp:attachment":[{"href":"https:\/\/digitalcoingifts.com\/de\/wp-json\/wp\/v2\/media?parent=6688"}],"wp:term":[{"taxonomy":"product_brand","embeddable":true,"href":"https:\/\/digitalcoingifts.com\/de\/wp-json\/wp\/v2\/product_brand?post=6688"},{"taxonomy":"product_cat","embeddable":true,"href":"https:\/\/digitalcoingifts.com\/de\/wp-json\/wp\/v2\/product_cat?post=6688"},{"taxonomy":"product_tag","embeddable":true,"href":"https:\/\/digitalcoingifts.com\/de\/wp-json\/wp\/v2\/product_tag?post=6688"}],"curies":[{"name":"wp","href":"https:\/\/api.w.org\/{rel}","templated":true}]}}